{"id":900,"date":"2025-03-01T18:21:37","date_gmt":"2025-03-01T18:21:37","guid":{"rendered":"https:\/\/marketing-extender.com\/disciplinas\/seo-otimizacao-para-motores-de-busca\/"},"modified":"2025-03-02T15:43:47","modified_gmt":"2025-03-02T15:43:47","slug":"seo-otimizacao-para-motores-de-busca","status":"publish","type":"page","link":"https:\/\/marketing-extender.com\/pt-pt\/disciplinas\/seo-otimizacao-para-motores-de-busca\/","title":{"rendered":"SEO \/ Otimiza\u00e7\u00e3o para motores de busca"},"content":{"rendered":"<section class=\"l-section wpb_row height_auto color_secondary\"><div class=\"l-section-overlay\" style=\"background:#00423C\"><\/div><div class=\"l-section-h i-cf\"><div class=\"g-cols vc_row via_grid cols_1 laptops-cols_inherit tablets-cols_inherit mobiles-cols_1 valign_top type_default stacking_default\"><div class=\"wpb_column vc_column_container\"><div class=\"vc_column-inner\"><div class=\"w-separator size_small\"><\/div><nav class=\"g-breadcrumbs us_custom_107fbc5f has_text_color separator_icon align_left\" itemscope itemtype=\"http:\/\/schema.org\/BreadcrumbList\"><div class=\"g-breadcrumbs-item\" itemscope itemprop=\"itemListElement\" itemtype=\"http:\/\/schema.org\/ListItem\"><a itemprop=\"item\" href=\"https:\/\/marketing-extender.com\/pt-pt\/\"><span itemprop=\"name\">Casa<\/span><\/a><meta itemprop=\"position\" content=\"1\"\/><\/div><div class=\"g-breadcrumbs-separator\"><i class=\"far fa-angle-right\"><\/i><\/div><div class=\"g-breadcrumbs-item\">P\u00e1ginas<\/div><\/nav><div class=\"w-separator size_small\"><\/div><h1 class=\"w-text us_custom_eb849559\"><span class=\"w-text-h\"><span class=\"w-text-value\">SEO \/ Otimiza\u00e7\u00e3o para motores de busca<\/span><\/span><\/h1><div class=\"w-separator size_small\"><\/div><div class=\"w-iconbox us_custom_99682d72 iconpos_top style_default color_custom align_center no_text no_title\"><a href=\"#\" class=\"w-iconbox-link\" aria-label=\"fas|chevron-down\"><div class=\"w-iconbox-icon\" style=\"font-size:4rem;\"><i class=\"fas fa-chevron-down\"><\/i><\/div><\/a><div class=\"w-iconbox-meta\"><\/div><\/div><\/div><\/div><\/div><\/div><\/section><section class=\"l-section wpb_row height_small\"><div class=\"l-section-h i-cf\"><div class=\"g-cols vc_row via_grid cols_2 laptops-cols_inherit tablets-cols_inherit mobiles-cols_1 valign_top type_default stacking_default\" style=\"--columns-gap:4vw;\"><div class=\"wpb_column vc_column_container us_custom_33b9ee00\"><div class=\"vc_column-inner\"><h2 class=\"w-text\"><span class=\"w-text-h\"><span class=\"w-text-value\">O que \u00e9 SEO \/ Otimiza\u00e7\u00e3o para motores de busca?<\/span><\/span><\/h2><\/div><\/div><div class=\"wpb_column vc_column_container\"><div class=\"vc_column-inner\"><div class=\"wpb_text_column\"><div class=\"wpb_wrapper\"><p data-start=\"0\" data-end=\"199\">SEO significa Search Engine Optimization, a pr\u00e1tica de melhorar a visibilidade de um s\u00edtio Web nos motores de busca. Uma vez que o Google \u00e9 o ator dominante, muitos associam SEO a uma classifica\u00e7\u00e3o mais elevada no Google. <\/p>\n<p data-start=\"201\" data-end=\"457\">No entanto, a pesquisa est\u00e1 a evoluir com motores alimentados por IA e chatbots como o Claude.ai, o Microsoft Copilot e o ChatGPT. Estas ferramentas fornecem respostas diretas em vez de apenas mostrarem links, o que significa que a SEO agora tamb\u00e9m tem a ver com ser referenciada em resultados gerados por IA. <\/p>\n<p data-start=\"459\" data-end=\"754\">Motores de pesquisa alternativos como o DuckDuckGo e o Ecosia (que seguem as diretrizes de SEO do Bing) est\u00e3o a crescer, mas o Google continua a ser a plataforma mais influente. Est\u00e3o tamb\u00e9m a surgir op\u00e7\u00f5es centradas na privacidade, como o Brave Search e o Presearch, alguns com o objetivo de utilizar mecanismos de classifica\u00e7\u00e3o de c\u00f3digo aberto. <\/p>\n<p data-start=\"756\" data-end=\"981\" data-is-last-node=\"\" data-is-only-node=\"\">Nos EUA, a SEO da Amazon est\u00e1 a ganhar import\u00e2ncia, uma vez que s\u00e3o efectuadas mais pesquisas de produtos na Amazon do que no Google. No entanto, uma vez que o Google continua a dominar na maioria das regi\u00f5es, esta p\u00e1gina centra-se na SEO do Google e nas tend\u00eancias de pesquisa orientadas para a IA. <\/p>\n<\/div><\/div><\/div><\/div><\/div><\/div><\/section><section class=\"l-section wpb_row height_small\"><div class=\"l-section-h i-cf\"><div class=\"g-cols vc_row via_grid cols_1 laptops-cols_inherit tablets-cols_inherit mobiles-cols_1 valign_top type_default stacking_default\"><div class=\"wpb_column vc_column_container\"><div class=\"vc_column-inner\"><h2 class=\"w-text us_custom_b48a3196\"><span class=\"w-text-h\"><span class=\"w-text-value\">SEO = Experi\u00eancia do utilizador<\/span><\/span><\/h2><div class=\"w-text us_custom_eb849559\"><span class=\"w-text-h\"><span class=\"w-text-value\">Um dos maiores equ\u00edvocos na comunica\u00e7\u00e3o de marketing \u00e9 que a SEO e a experi\u00eancia do utilizador (UX) s\u00e3o opostas. Na realidade, as diretrizes de SEO actuais e futuras do Google est\u00e3o profundamente enraizadas na experi\u00eancia do utilizador. Se deres prioridade \u00e0 usabilidade, j\u00e1 est\u00e1s a melhorar o teu SEO em muitos casos. Agora, a pesquisa com IA acrescenta mais uma camada a isto. Os motores de busca e os modelos de IA d\u00e3o prioridade a conte\u00fados bem estruturados, claros e com autoridade, que sejam f\u00e1ceis de extrair e apresentar como resposta. Abaixo est\u00e3o alguns exemplos da sobreposi\u00e7\u00e3o entre as melhores pr\u00e1ticas de SEO, as melhores pr\u00e1ticas de UX e as melhores pr\u00e1ticas de IA.     <\/span><\/span><\/div><div class=\"w-separator size_small\"><\/div><div class=\"g-cols wpb_row via_grid cols_2 laptops-cols_2 tablets-cols_inherit mobiles-cols_1 valign_top type_default stacking_default\" style=\"--columns-gap:3rem;\"><div class=\"wpb_column vc_column_container\"><div class=\"vc_column-inner\"><div class=\"w-hwrapper valign_top align_none\"><div class=\"wpb_text_column\"><div class=\"wpb_wrapper\"><h3>Melhores pr\u00e1ticas de SEO<\/h3>\n<ol>\n<li data-start=\"2227\" data-end=\"2271\">Cada p\u00e1gina deve ter <strong data-start=\"2251\" data-end=\"2269\">um t\u00f3pico principal. <\/strong>O t\u00edtulo H1 deve refletir claramente este t\u00f3pico<\/li>\n<li data-start=\"2329\" data-end=\"2400\">O ideal \u00e9 que o t\u00f3pico principal apare\u00e7a <strong data-start=\"2368\" data-end=\"2388\">no in\u00edcio<\/strong> (\u00e0 esquerda) do H1<\/li>\n<li data-start=\"2401\" data-end=\"2456\">O H1 tamb\u00e9m deve ser inclu\u00eddo na <strong data-start=\"2441\" data-end=\"2454\">etiqueta de t\u00edtulo<\/strong><\/li>\n<\/ol>\n<\/div><\/div><\/div><\/div><\/div><div class=\"wpb_column vc_column_container\"><div class=\"vc_column-inner\"><div class=\"w-hwrapper valign_top align_none\"><div class=\"wpb_text_column\"><div class=\"wpb_wrapper\"><h3>Otimiza\u00e7\u00e3o de UX e IA<\/h3>\n<ol>\n<li data-start=\"2582\" data-end=\"2716\">Os utilizadores querem ver imediatamente se uma p\u00e1gina corresponde ao que est\u00e3o \u00e0 procura, por isso \u00e9 \u00fatil que o <strong data-start=\"2683\" data-end=\"2714\">H1 indique claramente o t\u00f3pico<\/strong><\/li>\n<li data-start=\"2717\" data-end=\"2826\">Os utilizadores ocidentais l\u00eaem <strong data-start=\"2848\" data-end=\"2870\">da esquerda para a direita<\/strong> e passam o texto \u00e0 frente em vez de lerem todas as palavras. Se o t\u00f3pico principal aparecer <strong data-start=\"2943\" data-end=\"2973\">no in\u00edcio do H1<\/strong>, melhora a legibilidade <\/li>\n<li data-start=\"3001\" data-end=\"3173\">Quando analisam os resultados da pesquisa, os utilizadores <strong data-start=\"3039\" data-end=\"3061\">concentram-se nos t\u00edtulos<\/strong>. Um <strong data-start=\"3078\" data-end=\"3098\">H1 e<\/strong> uma <strong data-start=\"3078\" data-end=\"3098\">etiqueta de t\u00edtulo<\/strong> bem combinados ajudam-nos a determinar rapidamente se uma p\u00e1gina cont\u00e9m a informa\u00e7\u00e3o de que necessitam <\/li>\n<\/ol>\n<\/div><\/div><\/div><\/div><\/div><\/div><\/div><\/div><\/div><\/div><\/section><section class=\"l-section wpb_row height_small width_custom\" style=\"--site-content-width:900px;\"><div class=\"l-section-h i-cf\"><div class=\"g-cols vc_row via_grid cols_1 laptops-cols_inherit tablets-cols_inherit mobiles-cols_1 valign_top type_default stacking_default\"><div class=\"wpb_column vc_column_container\"><div class=\"vc_column-inner\"><div class=\"wpb_text_column\"><div class=\"wpb_wrapper\"><h2 style=\"text-align: center;\">Como utilizar a SEO de forma eficaz?<\/h2>\n<\/div><\/div><\/div><\/div><\/div><\/div><\/section><section class=\"l-section wpb_row height_auto\"><div class=\"l-section-h i-cf\"><div class=\"g-cols vc_row via_grid cols_1 laptops-cols_inherit tablets-cols_inherit mobiles-cols_1 valign_top type_default stacking_default\"><div class=\"wpb_column vc_column_container\"><div class=\"vc_column-inner\"><div class=\"g-cols wpb_row via_grid cols_2 laptops-cols_inherit tablets-cols_1 mobiles-cols_1 valign_top type_default stacking_default\" style=\"--columns-gap:2.5rem;\"><div class=\"wpb_column vc_column_container us_custom_6f96f96d\"><div class=\"vc_column-inner\"><div class=\"w-hwrapper valign_baseline align_none\" style=\"--hwrapper-gap:1.5rem\"><div class=\"w-text us_custom_bf3b962c has_text_color\"><span class=\"w-text-h\"><span class=\"w-text-value\">01<\/span><\/span><\/div><h4 class=\"w-text\"><span class=\"w-text-h\"><span class=\"w-text-value\">Configura\u00e7\u00e3o t\u00e9cnica do s\u00edtio Web<\/span><\/span><\/h4><\/div><div class=\"w-separator size_small\"><\/div><div class=\"wpb_text_column\"><div class=\"wpb_wrapper\"><p>Certifica-te de que o teu Web site \u00e9 tecnicamente s\u00f3lido para n\u00e3o ser penalizado por problemas t\u00e9cnicos.<\/p>\n<\/div><\/div><\/div><\/div><div class=\"wpb_column vc_column_container us_custom_6f96f96d\"><div class=\"vc_column-inner\"><div class=\"w-hwrapper valign_baseline align_none\" style=\"--hwrapper-gap:1.5rem\"><div class=\"w-text us_custom_bf3b962c has_text_color\"><span class=\"w-text-h\"><span class=\"w-text-value\">02<\/span><\/span><\/div><h4 class=\"w-text\"><span class=\"w-text-h\"><span class=\"w-text-value\">Seguran\u00e7a do s\u00edtio Web<\/span><\/span><\/h4><\/div><div class=\"w-separator size_small\"><\/div><div class=\"wpb_text_column\"><div class=\"wpb_wrapper\"><p>Este tem sido um fator de classifica\u00e7\u00e3o desde 2014, por isso certifica-te de que o teu certificado SSL e os cabe\u00e7alhos de seguran\u00e7a est\u00e3o corretamente configurados.<\/p>\n<\/div><\/div><\/div><\/div><div class=\"wpb_column vc_column_container us_custom_6f96f96d\"><div class=\"vc_column-inner\"><div class=\"w-hwrapper valign_baseline align_none\" style=\"--hwrapper-gap:1.5rem\"><div class=\"w-text us_custom_bf3b962c has_text_color\"><span class=\"w-text-h\"><span class=\"w-text-value\">03<\/span><\/span><\/div><h4 class=\"w-text\"><span class=\"w-text-h\"><span class=\"w-text-value\">Sa\u00fade no s\u00edtio Web<\/span><\/span><\/h4><\/div><div class=\"w-separator size_small\"><\/div><div class=\"wpb_text_column\"><div class=\"wpb_wrapper\"><p>Mant\u00e9m o teu s\u00edtio Web saud\u00e1vel, evitando problemas como liga\u00e7\u00f5es quebradas e redireccionamentos desnecess\u00e1rios.<\/p>\n<\/div><\/div><\/div><\/div><div class=\"wpb_column vc_column_container us_custom_6f96f96d\"><div class=\"vc_column-inner\"><div class=\"w-hwrapper valign_baseline align_none\" style=\"--hwrapper-gap:1.5rem\"><div class=\"w-text us_custom_bf3b962c has_text_color\"><span class=\"w-text-h\"><span class=\"w-text-value\">04<\/span><\/span><\/div><h4 class=\"w-text\"><span class=\"w-text-h\"><span class=\"w-text-value\">A pesquisa de temas \u00e9 fundamental<\/span><\/span><\/h4><\/div><div class=\"w-separator size_small\"><\/div><div class=\"wpb_text_column\"><div class=\"wpb_wrapper\"><p data-start=\"0\" data-end=\"271\">Os motores de busca d\u00e3o prioridade \u00e0 compreens\u00e3o de t\u00f3picos relevantes e \u00e0 inten\u00e7\u00e3o do utilizador, por isso identifica os assuntos populares e a forma como as pessoas formulam naturalmente as suas consultas de pesquisa.<\/p>\n<\/div><\/div><\/div><\/div><div class=\"wpb_column vc_column_container us_custom_6f96f96d\"><div class=\"vc_column-inner\"><div class=\"w-hwrapper valign_baseline align_none\" style=\"--hwrapper-gap:1.5rem\"><div class=\"w-text us_custom_bf3b962c has_text_color\"><span class=\"w-text-h\"><span class=\"w-text-value\">05<\/span><\/span><\/div><h4 class=\"w-text\"><span class=\"w-text-h\"><span class=\"w-text-value\">Concorr\u00eancia vs potencial de tr\u00e1fego<\/span><\/span><\/h4><\/div><div class=\"w-separator size_small\"><\/div><div class=\"wpb_text_column\"><div class=\"wpb_wrapper\"><p>Visar palavras-chave de baixa concorr\u00eancia pode ser uma boa estrat\u00e9gia se o teu site ainda n\u00e3o estiver bem estabelecido.<\/p>\n<p>A segmenta\u00e7\u00e3o de palavras-chave de alta concorr\u00eancia e alto tr\u00e1fego pode trazer um tr\u00e1fego significativo, mas se n\u00e3o te classificares nos tr\u00eas primeiros lugares, o tr\u00e1fego real pode ser m\u00ednimo.<\/p>\n<\/div><\/div><\/div><\/div><div class=\"wpb_column vc_column_container us_custom_6f96f96d\"><div class=\"vc_column-inner\"><div class=\"w-hwrapper valign_baseline align_none\" style=\"--hwrapper-gap:1.5rem\"><div class=\"w-text us_custom_bf3b962c has_text_color\"><span class=\"w-text-h\"><span class=\"w-text-value\">06<\/span><\/span><\/div><h4 class=\"w-text\"><span class=\"w-text-h\"><span class=\"w-text-value\">Concentra-te na relev\u00e2ncia<\/span><\/span><\/h4><\/div><div class=\"w-separator size_small\"><\/div><div class=\"wpb_text_column\"><div class=\"wpb_wrapper\"><p data-start=\"0\" data-end=\"271\">Uma empresa de limpezas pode ter o melhor SEO, mas nunca ser\u00e1 classificada para listagens de im\u00f3veis porque o conte\u00fado n\u00e3o \u00e9 relevante. Define os t\u00f3picos principais que s\u00e3o importantes para a tua empresa e estrutura o teu site em torno deles. Evita afastar-te demasiado do teu n\u00facleo, pois isso pode reduzir a tua relev\u00e2ncia geral para os teus t\u00f3picos principais.  <\/p>\n<\/div><\/div><\/div><\/div><\/div><div class=\"w-separator size_medium\"><\/div><\/div><\/div><\/div><\/div><\/section><section class=\"l-section wpb_row height_auto width_custom\" style=\"--site-content-width:700px;\"><div class=\"l-section-h i-cf\"><div class=\"g-cols vc_row via_grid cols_1 laptops-cols_inherit tablets-cols_inherit mobiles-cols_1 valign_top type_default stacking_default\"><div class=\"wpb_column vc_column_container\"><div class=\"vc_column-inner\"><h2 class=\"w-text us_custom_dee3b179\"><span class=\"w-text-h\"><span class=\"w-text-value\">Como melhorar o teu SEO?<\/span><\/span><\/h2><div class=\"wpb_text_column\"><div class=\"wpb_wrapper\"><ul>\n<li data-start=\"4574\" data-end=\"5348\">Rastreia o teu s\u00edtio Web com ferramentas como o Screaming Frog para verificar se existem liga\u00e7\u00f5es quebradas, redireccionamentos e problemas de indexa\u00e7\u00e3o<\/li>\n<li data-start=\"4574\" data-end=\"5348\">Utiliza a Consola de Pesquisa do Google e as Ferramentas do Webmaster do Bing para monitorizar o desempenho do s\u00edtio e receber sugest\u00f5es de melhoria da SEO<\/li>\n<li data-start=\"4574\" data-end=\"5348\">Realiza pesquisas de palavras-chave com ferramentas como o Google Keyword Planner (parte do Google Ads) ou o Ubersuggest para identificar tend\u00eancias de pesquisa<\/li>\n<li data-start=\"4574\" data-end=\"5348\">Optimiza a velocidade do s\u00edtio Web utilizando o PageSpeed Insights do Google, uma vez que a velocidade do s\u00edtio \u00e9 um importante fator de classifica\u00e7\u00e3o<\/li>\n<li data-start=\"4574\" data-end=\"5348\">Utilizar dados estruturados (marca\u00e7\u00e3o de esquema) para ajudar os motores de busca de IA a compreender melhor o teu conte\u00fado<\/li>\n<li data-start=\"4574\" data-end=\"5348\">Escreve num estilo de conversa\u00e7\u00e3o para melhorar a visibilidade nos chatbots orientados para a IA<\/li>\n<li data-start=\"4574\" data-end=\"5348\">Optimiza para os snippets em destaque com respostas claras e bem estruturadas<\/li>\n<\/ul>\n<p>Combinando t\u00e9cnicas tradicionais de SEO, otimiza\u00e7\u00e3o de pesquisa de IA e estrutura\u00e7\u00e3o de conte\u00fados, podes aumentar a visibilidade n\u00e3o s\u00f3 no Google, mas tamb\u00e9m nos motores de pesquisa alimentados por IA e nos chatbots.<\/p>\n<\/div><\/div><div class=\"w-separator size_medium\"><\/div><\/div><\/div><\/div><\/div><\/section><section class=\"l-section wpb_row height_medium width_custom color_primary\" style=\"--site-content-width:750px;\"><div class=\"l-section-h i-cf\"><div class=\"g-cols vc_row via_grid cols_1 laptops-cols_inherit tablets-cols_inherit mobiles-cols_1 valign_middle type_default stacking_default\"><div class=\"wpb_column vc_column_container\"><div class=\"vc_column-inner\"><h2 class=\"w-text us_custom_8fac178d has_text_color\"><span class=\"w-text-h\"><span class=\"w-text-value\">Queres saber mais?<\/span><\/span><\/h2><div class=\"wpb_text_column us_custom_aa7f5b77 has_text_color\"><div class=\"wpb_wrapper\"><p data-start=\"0\" data-end=\"75\">{{the_title} \u00e9 um tema vasto com infinitas possibilidades. Se quiseres conselhos ou precisares de ajuda para o implementar na tua organiza\u00e7\u00e3o, n\u00e3o hesites em contactar-nos atrav\u00e9s do formul\u00e1rio abaixo <br \/>ou liga para   <i class=\"fas fa-phone\"><\/i><a href=\"tel:+31651378397\">+31 651378397.<\/a><\/p>\n<\/div><\/div><div class=\"w-separator size_small\"><\/div>\n<div class=\"wpcf7 no-js us-field-style_1\" id=\"wpcf7-f849-o1\" lang=\"pt-PT\" dir=\"ltr\" data-wpcf7-id=\"849\">\n<div class=\"screen-reader-response\"><p role=\"status\" aria-live=\"polite\" aria-atomic=\"true\"><\/p> <ul><\/ul><\/div>\n<form action=\"\/pt-pt\/wp-json\/wp\/v2\/pages\/900#wpcf7-f849-o1\" method=\"post\" class=\"wpcf7-form init\" aria-label=\"Formul\u00e1rio de contacto\" novalidate=\"novalidate\" data-status=\"init\">\n<fieldset class=\"hidden-fields-container\"><input type=\"hidden\" name=\"_wpcf7\" value=\"849\" \/><input type=\"hidden\" name=\"_wpcf7_version\" value=\"6.1.5\" \/><input type=\"hidden\" name=\"_wpcf7_locale\" value=\"pt_PT\" \/><input type=\"hidden\" name=\"_wpcf7_unit_tag\" value=\"wpcf7-f849-o1\" \/><input type=\"hidden\" name=\"_wpcf7_container_post\" value=\"0\" \/><input type=\"hidden\" name=\"_wpcf7_posted_data_hash\" value=\"\" \/>\n<\/fieldset>\n<p><label> O teu nome<br \/>\n<span class=\"wpcf7-form-control-wrap\" data-name=\"your-name\"><input size=\"40\" maxlength=\"400\" class=\"wpcf7-form-control wpcf7-text wpcf7-validates-as-required\" autocomplete=\"name\" aria-required=\"true\" aria-invalid=\"false\" value=\"\" type=\"text\" name=\"your-name\" \/><\/span> <\/label>\n<\/p>\n<p><label> N\u00famero de telefone (com indicativo do pa\u00eds)<br \/>\n<span class=\"wpcf7-form-control-wrap\" data-name=\"your-phone\"><input size=\"40\" maxlength=\"400\" class=\"wpcf7-form-control wpcf7-tel wpcf7-validates-as-required wpcf7-text wpcf7-validates-as-tel\" autocomplete=\"tel\" aria-required=\"true\" aria-invalid=\"false\" value=\"\" type=\"tel\" name=\"your-phone\" \/><\/span> <\/label>\n<\/p>\n<p><label> Correio eletr\u00f3nico<br \/>\n<span class=\"wpcf7-form-control-wrap\" data-name=\"your-email\"><input size=\"40\" maxlength=\"400\" class=\"wpcf7-form-control wpcf7-email wpcf7-validates-as-required wpcf7-text wpcf7-validates-as-email\" autocomplete=\"email\" aria-required=\"true\" aria-invalid=\"false\" value=\"\" type=\"email\" name=\"your-email\" \/><\/span> <\/label>\n<\/p>\n<p><label> A tua mensagem<br \/>\n<span class=\"wpcf7-form-control-wrap\" data-name=\"your-message\"><textarea cols=\"40\" rows=\"10\" maxlength=\"2000\" class=\"wpcf7-form-control wpcf7-textarea wpcf7-validates-as-required\" aria-required=\"true\" aria-invalid=\"false\" name=\"your-message\"><\/textarea><\/span> <\/label>\n<\/p>\n<p><input class=\"wpcf7-form-control wpcf7-submit has-spinner\" type=\"submit\" value=\"Envia\" \/>\n<\/p><div class=\"wpcf7-response-output\" aria-hidden=\"true\"><\/div>\n<\/form>\n<\/div>\n<\/div><\/div><\/div><\/div><\/section>\n","protected":false},"excerpt":{"rendered":"","protected":false},"author":1,"featured_media":0,"parent":869,"menu_order":0,"comment_status":"closed","ping_status":"closed","template":"","meta":{"_themeisle_gutenberg_block_has_review":false,"footnotes":""},"class_list":["post-900","page","type-page","status-publish","hentry"],"_links":{"self":[{"href":"https:\/\/marketing-extender.com\/pt-pt\/wp-json\/wp\/v2\/pages\/900","targetHints":{"allow":["GET"]}}],"collection":[{"href":"https:\/\/marketing-extender.com\/pt-pt\/wp-json\/wp\/v2\/pages"}],"about":[{"href":"https:\/\/marketing-extender.com\/pt-pt\/wp-json\/wp\/v2\/types\/page"}],"author":[{"embeddable":true,"href":"https:\/\/marketing-extender.com\/pt-pt\/wp-json\/wp\/v2\/users\/1"}],"replies":[{"embeddable":true,"href":"https:\/\/marketing-extender.com\/pt-pt\/wp-json\/wp\/v2\/comments?post=900"}],"version-history":[{"count":1,"href":"https:\/\/marketing-extender.com\/pt-pt\/wp-json\/wp\/v2\/pages\/900\/revisions"}],"predecessor-version":[{"id":905,"href":"https:\/\/marketing-extender.com\/pt-pt\/wp-json\/wp\/v2\/pages\/900\/revisions\/905"}],"up":[{"embeddable":true,"href":"https:\/\/marketing-extender.com\/pt-pt\/wp-json\/wp\/v2\/pages\/869"}],"wp:attachment":[{"href":"https:\/\/marketing-extender.com\/pt-pt\/wp-json\/wp\/v2\/media?parent=900"}],"curies":[{"name":"wp","href":"https:\/\/api.w.org\/{rel}","templated":true}]}}