{"id":895,"date":"2025-03-01T17:34:59","date_gmt":"2025-03-01T17:34:59","guid":{"rendered":"https:\/\/marketing-extender.com\/disciplinas\/dem-marketing-direto-por-correio-eletronico\/"},"modified":"2025-03-02T15:43:47","modified_gmt":"2025-03-02T15:43:47","slug":"dem-marketing-direto-por-correio-eletronico","status":"publish","type":"page","link":"https:\/\/marketing-extender.com\/pt-pt\/disciplinas\/dem-marketing-direto-por-correio-eletronico\/","title":{"rendered":"DEM \/ Marketing direto por correio eletr\u00f3nico"},"content":{"rendered":"<section class=\"l-section wpb_row height_auto color_secondary\"><div class=\"l-section-overlay\" style=\"background:#00423C\"><\/div><div class=\"l-section-h i-cf\"><div class=\"g-cols vc_row via_grid cols_1 laptops-cols_inherit tablets-cols_inherit mobiles-cols_1 valign_top type_default stacking_default\"><div class=\"wpb_column vc_column_container\"><div class=\"vc_column-inner\"><div class=\"w-separator size_small\"><\/div><nav class=\"g-breadcrumbs us_custom_107fbc5f has_text_color separator_icon align_left\" itemscope itemtype=\"http:\/\/schema.org\/BreadcrumbList\"><div class=\"g-breadcrumbs-item\" itemscope itemprop=\"itemListElement\" itemtype=\"http:\/\/schema.org\/ListItem\"><a itemprop=\"item\" href=\"https:\/\/marketing-extender.com\/pt-pt\/\"><span itemprop=\"name\">Casa<\/span><\/a><meta itemprop=\"position\" content=\"1\"\/><\/div><div class=\"g-breadcrumbs-separator\"><i class=\"far fa-angle-right\"><\/i><\/div><div class=\"g-breadcrumbs-item\">P\u00e1ginas<\/div><\/nav><div class=\"w-separator size_small\"><\/div><h1 class=\"w-text us_custom_eb849559\"><span class=\"w-text-h\"><span class=\"w-text-value\">DEM \/ Marketing direto por correio eletr\u00f3nico<\/span><\/span><\/h1><div class=\"w-separator size_small\"><\/div><div class=\"w-iconbox us_custom_99682d72 iconpos_top style_default color_custom align_center no_text no_title\"><a href=\"#\" class=\"w-iconbox-link\" aria-label=\"fas|chevron-down\"><div class=\"w-iconbox-icon\" style=\"font-size:4rem;\"><i class=\"fas fa-chevron-down\"><\/i><\/div><\/a><div class=\"w-iconbox-meta\"><\/div><\/div><\/div><\/div><\/div><\/div><\/section><section class=\"l-section wpb_row height_small\"><div class=\"l-section-h i-cf\"><div class=\"g-cols vc_row via_grid cols_2 laptops-cols_inherit tablets-cols_inherit mobiles-cols_1 valign_top type_default stacking_default\" style=\"--columns-gap:4vw;\"><div class=\"wpb_column vc_column_container us_custom_33b9ee00\"><div class=\"vc_column-inner\"><h2 class=\"w-text\"><span class=\"w-text-h\"><span class=\"w-text-value\">O que \u00e9 DEM \/ Marketing direto por correio eletr\u00f3nico?<\/span><\/span><\/h2><\/div><\/div><div class=\"wpb_column vc_column_container\"><div class=\"vc_column-inner\"><div class=\"wpb_text_column\"><div class=\"wpb_wrapper\"><p data-start=\"0\" data-end=\"230\">Quase todos os profissionais de marketing online utilizam o marketing por correio eletr\u00f3nico. \u00c9 uma ferramenta poderosa e orientada para a convers\u00e3o para a execu\u00e7\u00e3o de campanhas de marketing, seja atrav\u00e9s de newsletters para reter clientes ou de e-mails promocionais para vender produtos e servi\u00e7os. <\/p>\n<p data-start=\"232\" data-end=\"727\" data-is-last-node=\"\" data-is-only-node=\"\">Enquanto organiza\u00e7\u00e3o, s\u00f3 podes enviar mensagens de correio eletr\u00f3nico \u00e0s pessoas se tiveres um <strong>interesse leg\u00edtimo<\/strong> ou se estas tiverem dado <strong>o seu consentimento expl\u00edcito<\/strong> (opt in), conforme exigido pelo <strong data-start=\"403\" data-end=\"448\">Regulamento Geral sobre a Prote\u00e7\u00e3o de Dados (RGPD)<\/strong>. Na pr\u00e1tica, isto significa que o marketing direto por correio eletr\u00f3nico \u00e9 frequentemente utilizado apenas para clientes existentes ou antigos. No entanto, ao recolher estrategicamente os opt ins, podes criar uma lista de correio eletr\u00f3nico de alta qualidade com futuros clientes, desde que os teus e-mails correspondam \u00e0s prefer\u00eancias que eles aceitaram.  <\/p>\n<\/div><\/div><\/div><\/div><\/div><\/div><\/section><section class=\"l-section wpb_row height_small\"><div class=\"l-section-h i-cf\"><div class=\"g-cols vc_row via_grid cols_1 laptops-cols_inherit tablets-cols_inherit mobiles-cols_1 valign_top type_default stacking_default\"><div class=\"wpb_column vc_column_container\"><div class=\"vc_column-inner\"><h2 class=\"w-text us_custom_b48a3196\"><span class=\"w-text-h\"><span class=\"w-text-value\">Como funciona o marketing por correio eletr\u00f3nico?<\/span><\/span><\/h2><div class=\"w-text us_custom_eb849559\"><span class=\"w-text-h\"><span class=\"w-text-value\">H\u00e1 muitos aspectos que DEM \/ Marketing direto por correio eletr\u00f3nico abrange. Eis alguns exemplos: <\/span><\/span><\/div><div class=\"w-separator size_small\"><\/div><div class=\"g-cols wpb_row via_grid cols_2 laptops-cols_2 tablets-cols_inherit mobiles-cols_1 valign_top type_default stacking_default\" style=\"--columns-gap:3rem;\"><div class=\"wpb_column vc_column_container\"><div class=\"vc_column-inner\"><div class=\"w-hwrapper valign_top align_none\"><div class=\"wpb_text_column\"><div class=\"wpb_wrapper\"><h3>Sistema de marketing por correio eletr\u00f3nico<\/h3>\n<p data-start=\"502\" data-end=\"632\">Para enviar e-mails profissionais a um grande p\u00fablico, precisas de um sistema de marketing por e-mail dedicado. Existem muitos dispon\u00edveis, tanto gratuitos como pagos. <\/p>\n<p data-start=\"502\" data-end=\"632\">Pode escolher entre uma plataforma abrangente do Marketing Cloud, que integra o marketing por email com o CRM, a automatiza\u00e7\u00e3o e a an\u00e1lise, ou um sistema de envio de emails mais simples, centrado apenas na entrega de emails. A escolha certa depende das necessidades do seu neg\u00f3cio, do seu or\u00e7amento e do n\u00edvel de automatiza\u00e7\u00e3o de que necessita. <\/p>\n<\/div><\/div><\/div><\/div><\/div><div class=\"wpb_column vc_column_container\"><div class=\"vc_column-inner\"><div class=\"w-hwrapper valign_top align_none\"><div class=\"wpb_text_column\"><div class=\"wpb_wrapper\"><h3>Arrastar e largar ou codificar<\/h3>\n<p data-start=\"29\" data-end=\"275\">Se tiveres conhecimentos de HTML e CSS, podes conceber o teu pr\u00f3prio modelo de e-mail, o que te d\u00e1 a flexibilidade de personalizar totalmente cada detalhe. Isto pode ser uma grande vantagem se quiseres ter controlo total sobre o design e a funcionalidade dos teus e-mails. <\/p>\n<p data-start=\"277\" data-end=\"612\" data-is-last-node=\"\" data-is-only-node=\"\">Se n\u00e3o tiveres estas compet\u00eancias, \u00e9 muito \u00fatil utilizar um sistema de marketing por correio eletr\u00f3nico com um editor de arrastar e largar. Estas plataformas permitem-te criar facilmente e-mails clicando em diferentes elementos, sem precisares de conhecimentos de programa\u00e7\u00e3o. Isto torna muito mais f\u00e1cil criar e enviar e-mails profissionais de forma r\u00e1pida e eficiente.  <\/p>\n<\/div><\/div><\/div><\/div><\/div><div class=\"wpb_column vc_column_container\"><div class=\"vc_column-inner\"><div class=\"w-hwrapper valign_top align_none\"><div class=\"wpb_text_column\"><div class=\"wpb_wrapper\"><h3>Orienta as tuas mensagens de correio eletr\u00f3nico<\/h3>\n<p data-start=\"30\" data-end=\"403\">Para enviar e-mails direcionados, precisas de exportar dados do teu CRM, website ou outro sistema que armazene informa\u00e7\u00f5es sobre os clientes. Se o teu CRM e a tua plataforma de e-mail puderem ser integrados, isso \u00e9 o ideal, pois permite actualiza\u00e7\u00f5es em tempo real e automatiza\u00e7\u00e3o. Desta forma, podes segmentar o teu p\u00fablico de forma mais eficaz e enviar conte\u00fado personalizado com base no comportamento e nas prefer\u00eancias do utilizador.  <\/p>\n<p data-start=\"405\" data-end=\"656\" data-is-last-node=\"\" data-is-only-node=\"\">Se a integra\u00e7\u00e3o n\u00e3o for poss\u00edvel, uma simples importa\u00e7\u00e3o de ficheiro CSV funciona perfeitamente. Ao atualizar e limpar regularmente as tuas listas de correio eletr\u00f3nico, podes garantir que est\u00e1s a chegar \u00e0s pessoas certas com mensagens relevantes, melhorando o envolvimento e as taxas de convers\u00e3o. <\/p>\n<\/div><\/div><\/div><\/div><\/div><div class=\"wpb_column vc_column_container\"><div class=\"vc_column-inner\"><div class=\"w-hwrapper valign_top align_none\"><div class=\"wpb_text_column\"><div class=\"wpb_wrapper\"><h3>Envio autom\u00e1tico<\/h3>\n<p data-start=\"29\" data-end=\"164\">A maioria dos sistemas de marketing por correio eletr\u00f3nico oferece <strong data-start=\"64\" data-end=\"88\">fluxos de trabalho automatizados<\/strong>, facilitando o envio de mensagens no momento certo sem esfor\u00e7o manual.<\/p>\n<p data-start=\"166\" data-end=\"399\">Com a automatiza\u00e7\u00e3o, podes:<br data-start=\"191\" data-end=\"194\">\u2705 Enviar um e-mail de boas-vindas a cada novo assinante, causando uma boa primeira impress\u00e3o<br data-start=\"272\" data-end=\"275\">\u2705 Fazer o acompanhamento autom\u00e1tico ap\u00f3s uma compra ou consulta<br data-start=\"328\" data-end=\"331\">\u2705 Programar sequ\u00eancias de e-mail simples, como integra\u00e7\u00e3o ou lembretes<\/p>\n<p data-start=\"401\" data-end=\"520\" data-is-last-node=\"\" data-is-only-node=\"\">Mesmo para as pequenas empresas, a automatiza\u00e7\u00e3o ajuda a manter o envolvimento, mantendo o marketing por correio eletr\u00f3nico eficiente e ger\u00edvel.<\/p>\n<\/div><\/div><\/div><\/div><\/div><\/div><\/div><\/div><\/div><\/div><\/section><section class=\"l-section wpb_row height_small width_custom\" style=\"--site-content-width:900px;\"><div class=\"l-section-h i-cf\"><div class=\"g-cols vc_row via_grid cols_1 laptops-cols_inherit tablets-cols_inherit mobiles-cols_1 valign_top type_default stacking_default\"><div class=\"wpb_column vc_column_container\"><div class=\"vc_column-inner\"><div class=\"wpb_text_column\"><div class=\"wpb_wrapper\"><h2 style=\"text-align: center;\">Como utilizar o Diret Email Marketing de forma eficaz?<\/h2>\n<\/div><\/div><\/div><\/div><\/div><\/div><\/section><section class=\"l-section wpb_row height_auto\"><div class=\"l-section-h i-cf\"><div class=\"g-cols vc_row via_grid cols_1 laptops-cols_inherit tablets-cols_inherit mobiles-cols_1 valign_top type_default stacking_default\"><div class=\"wpb_column vc_column_container\"><div class=\"vc_column-inner\"><div class=\"g-cols wpb_row via_grid cols_2 laptops-cols_inherit tablets-cols_1 mobiles-cols_1 valign_top type_default stacking_default\" style=\"--columns-gap:2.5rem;\"><div class=\"wpb_column vc_column_container us_custom_6f96f96d\"><div class=\"vc_column-inner\"><div class=\"w-hwrapper valign_baseline align_none\" style=\"--hwrapper-gap:1.5rem\"><div class=\"w-text us_custom_bf3b962c has_text_color\"><span class=\"w-text-h\"><span class=\"w-text-value\">01<\/span><\/span><\/div><h4 class=\"w-text\"><span class=\"w-text-h\"><span class=\"w-text-value\">Compreende os regulamentos<\/span><\/span><\/h4><\/div><div class=\"w-separator size_small\"><\/div><div class=\"wpb_text_column\"><div class=\"wpb_wrapper\"><p>O marketing por e-mail est\u00e1 sujeito \u00e0s leis de privacidade, mas as interpreta\u00e7\u00f5es podem variar. Muitos dos chamados especialistas em RGPD afirmam conhecer as regras, mas os seus conselhos s\u00e3o frequentemente imprecisos ou demasiado rigorosos. \u00c9 importante compreenderes os princ\u00edpios fundamentais para poderes tomar decis\u00f5es informadas. N\u00e3o \u00e9 t\u00e3o complexo como pode parecer. \ud83d\ude09<\/p>\n<\/div><\/div><\/div><\/div><div class=\"wpb_column vc_column_container us_custom_6f96f96d\"><div class=\"vc_column-inner\"><div class=\"w-hwrapper valign_baseline align_none\" style=\"--hwrapper-gap:1.5rem\"><div class=\"w-text us_custom_bf3b962c has_text_color\"><span class=\"w-text-h\"><span class=\"w-text-value\">02<\/span><\/span><\/div><h4 class=\"w-text\"><span class=\"w-text-h\"><span class=\"w-text-value\">O impacto do cancelamento de subscri\u00e7\u00f5es<\/span><\/span><\/h4><\/div><div class=\"w-separator size_small\"><\/div><div class=\"wpb_text_column\"><div class=\"wpb_wrapper\"><p>Pergunta a ti pr\u00f3prio: Preferes um e-mail com muitas vendas e mais anula\u00e7\u00f5es de subscri\u00e7\u00e3o, ou um e-mail com menos anula\u00e7\u00f5es de subscri\u00e7\u00e3o, mas com menos vendas? N\u00e3o existe uma resposta certa ou errada, mas vale a pena ponderar. <\/p>\n<\/div><\/div><\/div><\/div><div class=\"wpb_column vc_column_container us_custom_6f96f96d\"><div class=\"vc_column-inner\"><div class=\"w-hwrapper valign_baseline align_none\" style=\"--hwrapper-gap:1.5rem\"><div class=\"w-text us_custom_bf3b962c has_text_color\"><span class=\"w-text-h\"><span class=\"w-text-value\">03<\/span><\/span><\/div><h4 class=\"w-text\"><span class=\"w-text-h\"><span class=\"w-text-value\">Define os teus principais objectivos<\/span><\/span><\/h4><\/div><div class=\"w-separator size_small\"><\/div><div class=\"wpb_text_column\"><div class=\"wpb_wrapper\"><p>Antes de medir o sucesso, \u00e9 importante definir o objetivo do teu e-mail. O teu objetivo \u00e9 impulsionar as vendas, gerar oportunidades ou refor\u00e7ar as rela\u00e7\u00f5es com os clientes? Cada objetivo requer uma abordagem e um conjunto de m\u00e9tricas diferentes.  <\/p>\n<p>Importante: As taxas de abertura j\u00e1 n\u00e3o s\u00e3o fi\u00e1veis devido \u00e0s restri\u00e7\u00f5es dos browsers e \u00e0s actualiza\u00e7\u00f5es da privacidade do correio eletr\u00f3nico, pelo que \u00e9 melhor ignorar as estat\u00edsticas das taxas de abertura.<\/p>\n<\/div><\/div><\/div><\/div><div class=\"wpb_column vc_column_container us_custom_6f96f96d\"><div class=\"vc_column-inner\"><div class=\"w-hwrapper valign_baseline align_none\" style=\"--hwrapper-gap:1.5rem\"><div class=\"w-text us_custom_bf3b962c has_text_color\"><span class=\"w-text-h\"><span class=\"w-text-value\">04<\/span><\/span><\/div><h4 class=\"w-text\"><span class=\"w-text-h\"><span class=\"w-text-value\">Testa os teus pressupostos<\/span><\/span><\/h4><\/div><div class=\"w-separator size_small\"><\/div><div class=\"wpb_text_column\"><div class=\"wpb_wrapper\"><p data-start=\"0\" data-end=\"271\">N\u00e3o te baseies apenas nas tuas intui\u00e7\u00f5es. Testa as tuas ideias para ver o que realmente funciona. Utiliza o teste A\/B para comparar linhas de assunto, conte\u00fado de e-mail ou apelos \u00e0 a\u00e7\u00e3o. Se pretenderes obter informa\u00e7\u00f5es mais aprofundadas, experimenta o teste de varia\u00e7\u00f5es m\u00faltiplas para ver como os diferentes elementos afectam o desempenho.   <\/p>\n<p data-start=\"273\" data-end=\"449\" data-is-last-node=\"\" data-is-only-node=\"\">Isto faz parte de um campo mais vasto conhecido como <a href=\"https:\/\/marketingextender.com\/disciplines\/cro-conversion-rate-optimization\/\" target=\"_blank\" rel=\"noopener\">Otimiza\u00e7\u00e3o da taxa de convers\u00e3o (CRO)<\/a>. Ao testar e analisar os resultados, podes melhorar o teu marketing por e-mail e obter melhores resultados. <\/p>\n<\/div><\/div><\/div><\/div><\/div><div class=\"w-separator size_medium\"><\/div><\/div><\/div><\/div><\/div><\/section><section class=\"l-section wpb_row height_medium width_custom color_primary\" style=\"--site-content-width:750px;\"><div class=\"l-section-h i-cf\"><div class=\"g-cols vc_row via_grid cols_1 laptops-cols_inherit tablets-cols_inherit mobiles-cols_1 valign_middle type_default stacking_default\"><div class=\"wpb_column vc_column_container\"><div class=\"vc_column-inner\"><h2 class=\"w-text us_custom_8fac178d has_text_color\"><span class=\"w-text-h\"><span class=\"w-text-value\">Queres saber mais?<\/span><\/span><\/h2><div class=\"wpb_text_column us_custom_aa7f5b77 has_text_color\"><div class=\"wpb_wrapper\"><p data-start=\"0\" data-end=\"75\">{{the_title} \u00e9 um tema vasto com infinitas possibilidades. Se quiseres conselhos ou precisares de ajuda para o implementar na tua organiza\u00e7\u00e3o, n\u00e3o hesites em contactar-nos atrav\u00e9s do formul\u00e1rio abaixo <br \/>ou liga para   <i class=\"fas fa-phone\"><\/i><a href=\"tel:+31651378397\">+31 651378397.<\/a><\/p>\n<\/div><\/div><div class=\"w-separator size_small\"><\/div>\n<div class=\"wpcf7 no-js us-field-style_1\" id=\"wpcf7-f849-o1\" lang=\"pt-PT\" dir=\"ltr\" data-wpcf7-id=\"849\">\n<div class=\"screen-reader-response\"><p role=\"status\" aria-live=\"polite\" aria-atomic=\"true\"><\/p> <ul><\/ul><\/div>\n<form action=\"\/pt-pt\/wp-json\/wp\/v2\/pages\/895#wpcf7-f849-o1\" method=\"post\" class=\"wpcf7-form init\" aria-label=\"Formul\u00e1rio de contacto\" novalidate=\"novalidate\" data-status=\"init\">\n<fieldset class=\"hidden-fields-container\"><input type=\"hidden\" name=\"_wpcf7\" value=\"849\" \/><input type=\"hidden\" name=\"_wpcf7_version\" value=\"6.1.5\" \/><input type=\"hidden\" name=\"_wpcf7_locale\" value=\"pt_PT\" \/><input type=\"hidden\" name=\"_wpcf7_unit_tag\" value=\"wpcf7-f849-o1\" \/><input type=\"hidden\" name=\"_wpcf7_container_post\" value=\"0\" \/><input type=\"hidden\" name=\"_wpcf7_posted_data_hash\" value=\"\" \/>\n<\/fieldset>\n<p><label> O teu nome<br \/>\n<span class=\"wpcf7-form-control-wrap\" data-name=\"your-name\"><input size=\"40\" maxlength=\"400\" class=\"wpcf7-form-control wpcf7-text wpcf7-validates-as-required\" autocomplete=\"name\" aria-required=\"true\" aria-invalid=\"false\" value=\"\" type=\"text\" name=\"your-name\" \/><\/span> <\/label>\n<\/p>\n<p><label> N\u00famero de telefone (com indicativo do pa\u00eds)<br \/>\n<span class=\"wpcf7-form-control-wrap\" data-name=\"your-phone\"><input size=\"40\" maxlength=\"400\" class=\"wpcf7-form-control wpcf7-tel wpcf7-validates-as-required wpcf7-text wpcf7-validates-as-tel\" autocomplete=\"tel\" aria-required=\"true\" aria-invalid=\"false\" value=\"\" type=\"tel\" name=\"your-phone\" \/><\/span> <\/label>\n<\/p>\n<p><label> Correio eletr\u00f3nico<br \/>\n<span class=\"wpcf7-form-control-wrap\" data-name=\"your-email\"><input size=\"40\" maxlength=\"400\" class=\"wpcf7-form-control wpcf7-email wpcf7-validates-as-required wpcf7-text wpcf7-validates-as-email\" autocomplete=\"email\" aria-required=\"true\" aria-invalid=\"false\" value=\"\" type=\"email\" name=\"your-email\" \/><\/span> <\/label>\n<\/p>\n<p><label> A tua mensagem<br \/>\n<span class=\"wpcf7-form-control-wrap\" data-name=\"your-message\"><textarea cols=\"40\" rows=\"10\" maxlength=\"2000\" class=\"wpcf7-form-control wpcf7-textarea wpcf7-validates-as-required\" aria-required=\"true\" aria-invalid=\"false\" name=\"your-message\"><\/textarea><\/span> <\/label>\n<\/p>\n<p><input class=\"wpcf7-form-control wpcf7-submit has-spinner\" type=\"submit\" value=\"Envia\" \/>\n<\/p><div class=\"wpcf7-response-output\" aria-hidden=\"true\"><\/div>\n<\/form>\n<\/div>\n<\/div><\/div><\/div><\/div><\/section>\n","protected":false},"excerpt":{"rendered":"","protected":false},"author":1,"featured_media":0,"parent":869,"menu_order":0,"comment_status":"closed","ping_status":"closed","template":"","meta":{"_themeisle_gutenberg_block_has_review":false,"footnotes":""},"class_list":["post-895","page","type-page","status-publish","hentry"],"_links":{"self":[{"href":"https:\/\/marketing-extender.com\/pt-pt\/wp-json\/wp\/v2\/pages\/895","targetHints":{"allow":["GET"]}}],"collection":[{"href":"https:\/\/marketing-extender.com\/pt-pt\/wp-json\/wp\/v2\/pages"}],"about":[{"href":"https:\/\/marketing-extender.com\/pt-pt\/wp-json\/wp\/v2\/types\/page"}],"author":[{"embeddable":true,"href":"https:\/\/marketing-extender.com\/pt-pt\/wp-json\/wp\/v2\/users\/1"}],"replies":[{"embeddable":true,"href":"https:\/\/marketing-extender.com\/pt-pt\/wp-json\/wp\/v2\/comments?post=895"}],"version-history":[{"count":4,"href":"https:\/\/marketing-extender.com\/pt-pt\/wp-json\/wp\/v2\/pages\/895\/revisions"}],"predecessor-version":[{"id":904,"href":"https:\/\/marketing-extender.com\/pt-pt\/wp-json\/wp\/v2\/pages\/895\/revisions\/904"}],"up":[{"embeddable":true,"href":"https:\/\/marketing-extender.com\/pt-pt\/wp-json\/wp\/v2\/pages\/869"}],"wp:attachment":[{"href":"https:\/\/marketing-extender.com\/pt-pt\/wp-json\/wp\/v2\/media?parent=895"}],"curies":[{"name":"wp","href":"https:\/\/api.w.org\/{rel}","templated":true}]}}