{"id":857,"date":"2025-02-28T12:55:00","date_gmt":"2025-02-28T12:55:00","guid":{"rendered":"https:\/\/marketing-extender.com\/aconselhamento-e-servicos-de-marketing\/"},"modified":"2025-12-15T14:13:14","modified_gmt":"2025-12-15T14:13:14","slug":"aconselhamento-e-servicos-de-marketing","status":"publish","type":"page","link":"https:\/\/marketing-extender.com\/pt-pt\/","title":{"rendered":"Aconselhamento e servi\u00e7os de marketing"},"content":{"rendered":"<section class=\"l-section wpb_row height_small\"><div class=\"l-section-h i-cf\"><div class=\"g-cols vc_row via_grid cols_1 laptops-cols_inherit tablets-cols_inherit mobiles-cols_1 valign_top type_default stacking_default\"><div class=\"wpb_column vc_column_container\"><div class=\"vc_column-inner\"><div class=\"w-separator size_small\"><\/div><h1 class=\"w-itext us_custom_0044c748 has_text_color type_zoomInChars align_center dynamic_bold\" onclick='return {&quot;duration&quot;:150,&quot;delay&quot;:3000,&quot;disablePartAnimation&quot;:false,&quot;dynamicColor&quot;:&quot;var(--color-content-primary)&quot;,&quot;html_nbsp_char&quot;:true}'>Consultoria\u00a0e\u00a0servi\u00e7os\u00a0de\u00a0<span class=\"w-itext-part changesat_0 changesat_1 changesat_2 changesat_3 dynamic\" style=\"color:_content_primary\" onclick='return [&quot;marketing&quot;,&quot;IA&quot;,&quot;SEO&quot;,&quot;publicidade&quot;]'><span>marketing<\/span><\/span><\/h1><div class=\"w-separator size_custom\" style=\"height:1rem\"><\/div><div class=\"w-text us_custom_eb849559\"><span class=\"w-text-h\"><span class=\"w-text-value\">N\u00f3s ampliamos a tua organiza\u00e7\u00e3o; com mais de 20 anos de experi\u00eancia, podemos preencher quase todas as lacunas! \ud83d\ude0a<\/span><\/span><\/div><div class=\"w-separator size_medium\"><\/div><div class=\"w-hwrapper valign_middle align_center\" style=\"--hwrapper-gap:0.5rem\"><div class=\"w-iconbox us_custom_76c1b9b9 us_animate_this iconpos_top style_default color_custom align_center no_text no_title\"><div class=\"w-iconbox-icon\" style=\"font-size:1.5rem;--icon-color:#FBA201;\"><i class=\"fas fa-star\"><\/i><\/div><div class=\"w-iconbox-meta\"><\/div><\/div><div class=\"w-iconbox us_custom_b74f6679 us_animate_this iconpos_top style_default color_custom align_center no_text no_title\"><div class=\"w-iconbox-icon\" style=\"font-size:1.5rem;--icon-color:#FBA201;\"><i class=\"fas fa-star\"><\/i><\/div><div class=\"w-iconbox-meta\"><\/div><\/div><div class=\"w-iconbox us_custom_2ead0078 us_animate_this iconpos_top style_default color_custom align_center no_text no_title\"><div class=\"w-iconbox-icon\" style=\"font-size:1.5rem;--icon-color:#FBA201;\"><i class=\"fas fa-star\"><\/i><\/div><div class=\"w-iconbox-meta\"><\/div><\/div><div class=\"w-iconbox us_custom_ef23dfb8 us_animate_this iconpos_top style_default color_custom align_center no_text no_title\"><div class=\"w-iconbox-icon\" style=\"font-size:1.5rem;--icon-color:#FBA201;\"><i class=\"fas fa-star\"><\/i><\/div><div class=\"w-iconbox-meta\"><\/div><\/div><div class=\"w-iconbox us_custom_7cdb2b7e us_animate_this iconpos_top style_default color_custom align_center no_text no_title\"><div class=\"w-iconbox-icon\" style=\"font-size:1.5rem;--icon-color:#FBA201;\"><i class=\"fas fa-star\"><\/i><\/div><div class=\"w-iconbox-meta\"><\/div><\/div><div class=\"w-text\"><span class=\"w-text-h\"><span class=\"w-text-value\">4.8<\/span><\/span><\/div><\/div><\/div><\/div><\/div><\/div><\/section><section class=\"l-section wpb_row height_medium\" id=\"section-01\"><div class=\"l-section-h i-cf\"><div class=\"g-cols vc_row via_grid cols_1 laptops-cols_inherit tablets-cols_inherit mobiles-cols_1 valign_top type_default stacking_default\"><div class=\"wpb_column vc_column_container\"><div class=\"vc_column-inner\"><div class=\"wpb_text_column\"><div class=\"wpb_wrapper\"><h2 style=\"text-align: center;\">Alguns servi\u00e7os de marketing e IA que oferecemos<\/h2>\n<\/div><\/div><div class=\"w-separator size_small\"><\/div><div class=\"w-text us_custom_87915124 has_text_color\"><span class=\"w-text-h\"><span class=\"w-text-value\">&#8220;Uma pequena amostra das coisas em que te podemos ajudar. Estes s\u00e3o apenas alguns exemplos.<\/span><\/span><\/div><div class=\"w-separator size_medium\"><\/div><div class=\"g-cols wpb_row via_grid cols_2 laptops-cols_inherit tablets-cols_inherit mobiles-cols_1 valign_top type_default\" style=\"--columns-gap:6vh;\"><div class=\"wpb_column vc_column_container\"><div class=\"vc_column-inner\"><div class=\"w-iconbox iconpos_left style_default color_primary align_none\"><div class=\"w-iconbox-icon\" style=\"font-size:3rem;\"><i class=\"material-icons\">analytics<\/i><\/div><div class=\"w-iconbox-meta\"><h3 class=\"w-iconbox-title\">Publicidade online<\/h3><div class=\"w-iconbox-text\"><p>Queres obter melhores resultados com os teus an\u00fancios? Ajudamos-te a afinar as campanhas existentes ou a criar novas campanhas que realmente funcionam, atingem o p\u00fablico certo e geram um crescimento real.<\/p>\n<\/div><\/div><\/div><\/div><\/div><div class=\"wpb_column vc_column_container\"><div class=\"vc_column-inner\"><div class=\"w-iconbox iconpos_left style_default color_primary align_none\"><div class=\"w-iconbox-icon\" style=\"font-size:3rem;\"><i class=\"material-icons\">design_services<\/i><\/div><div class=\"w-iconbox-meta\"><h3 class=\"w-iconbox-title\">SEO (tamb\u00e9m para pesquisa de IA!)<\/h3><div class=\"w-iconbox-text\"><p>Concebemos, constru\u00edmos e optimizamos websites que d\u00e3o nas vistas e geram resultados. Quer se trate de melhorar o teu site atual ou de criar algo novo, n\u00f3s fazemos com que funcione para ti.<\/p>\n<\/div><\/div><\/div><\/div><\/div><div class=\"wpb_column vc_column_container\"><div class=\"vc_column-inner\"><div class=\"w-iconbox iconpos_left style_default color_primary align_none\"><div class=\"w-iconbox-icon\" style=\"font-size:3rem;\"><i class=\"material-icons\">api<\/i><\/div><div class=\"w-iconbox-meta\"><h3 class=\"w-iconbox-title\">IA generativa<\/h3><div class=\"w-iconbox-text\"><p>Queres que a IA (generativa) trabalhe para ti? Ajudamos-te a integr\u00e1-la como uma extens\u00e3o natural da tua equipa, tornando o trabalho mais eficiente para que possas criar um maior impacto positivo. #ChatGPT #Claude.ai #Copilot<\/p>\n<\/div><\/div><\/div><\/div><\/div><div class=\"wpb_column vc_column_container\"><div class=\"vc_column-inner\"><div class=\"w-iconbox iconpos_left style_default color_primary align_none\"><div class=\"w-iconbox-icon\" style=\"font-size:3rem;\"><i class=\"material-icons\">support_agent<\/i><\/div><div class=\"w-iconbox-meta\"><h3 class=\"w-iconbox-title\">Aconselhamento estrat\u00e9gico de marketing<\/h3><div class=\"w-iconbox-text\"><p>Com mais de 10 anos de experi\u00eancia como Gestor de Marketing no sector financeiro, sei como tirar partido do marketing estrat\u00e9gico para impulsionar o crescimento do neg\u00f3cio. Posso pensar contigo a n\u00edvel executivo.<\/p>\n<\/div><\/div><\/div><\/div><\/div><\/div><\/div><\/div><\/div><\/div><\/section><section class=\"l-section wpb_row height_medium with_shape\"><div class=\"l-section-shape type_custom pos_bottom\" style=\"height:33%;color:var(--color-content-bg-alt)\"><svg xmlns=\"http:\/\/www.w3.org\/2000\/svg\" viewBox=\"0 0 64 8\" preserveAspectRatio=\"none\" width=\"100%\" height=\"100%\">\r\n\t<path fill=\"currentColor\" d=\"M64 8 L0 8 L0 0 L64 0 Z\"\/>\r\n<\/svg><\/div><div class=\"l-section-h i-cf\"><div class=\"g-cols vc_row via_grid cols_1 laptops-cols_inherit tablets-cols_inherit mobiles-cols_1 valign_top type_default stacking_default\"><div class=\"wpb_column vc_column_container\"><div class=\"vc_column-inner\"><div class=\"wpb_text_column\"><div class=\"wpb_wrapper\"><h2 style=\"text-align: center;\">Porqu\u00ea escolher-nos<\/h2>\n<\/div><\/div><div class=\"w-separator size_small\"><\/div><div class=\"w-text us_custom_87915124 has_text_color\"><span class=\"w-text-h\"><span class=\"w-text-value\">&#8220;Um excelente servi\u00e7o n\u00e3o \u00e9 apenas um b\u00f3nus, \u00e9 a base de tudo o que fazemos e em que acreditamos.&#8221;<\/span><\/span><\/div><div class=\"w-separator size_medium\"><\/div><div class=\"g-cols wpb_row via_grid cols_3 laptops-cols_inherit tablets-cols_inherit mobiles-cols_1 valign_top type_default stacking_default\" style=\"--columns-gap:2rem;\"><div class=\"wpb_column vc_column_container us_custom_4dff3352 has_bg_color\"><div class=\"vc_column-inner\"><div class=\"wpb_text_column\"><div class=\"wpb_wrapper\"><h3>Pre\u00e7os justos \u2764\ufe0f<\/h3>\n<p>N\u00e3o temos tarifas fixas. Os nossos pre\u00e7os baseiam-se na confian\u00e7a e na justi\u00e7a. Tu decides o valor do nosso trabalho, garantindo uma abordagem flex\u00edvel e transparente.<\/p>\n<\/div><\/div><\/div><\/div><div class=\"wpb_column vc_column_container us_custom_4dff3352 has_bg_color\"><div class=\"vc_column-inner\"><div class=\"wpb_text_column\"><div class=\"wpb_wrapper\"><h3>Experi\u00eancia global<\/h3>\n<p>O sucesso vem da experi\u00eancia, e n\u00f3s temos tudo sob o mesmo teto. Movemo-nos sem esfor\u00e7o entre a estrat\u00e9gia e a execu\u00e7\u00e3o para o ajudar a causar um impacto duradouro.<\/p>\n<\/div><\/div><\/div><\/div><div class=\"wpb_column vc_column_container us_custom_4dff3352 has_bg_color\"><div class=\"vc_column-inner\"><div class=\"wpb_text_column\"><div class=\"wpb_wrapper\"><h3>Partilhamos ideias<\/h3>\n<p>Ao fornecermos conhecimentos e experi\u00eancia, damos-te a capacidade de enfrentar desafios, aproveitar oportunidades e impulsionar um sucesso duradouro. Podemos ajudar-te a crescer.<\/p>\n<\/div><\/div><\/div><\/div><\/div><\/div><\/div><\/div><\/div><\/section><section class=\"l-section wpb_row us_custom_c70c97eb height_medium\"><div class=\"l-section-h i-cf\"><div class=\"g-cols vc_row via_grid cols_1 laptops-cols_inherit tablets-cols_inherit mobiles-cols_1 valign_middle type_default stacking_default\"><div class=\"wpb_column vc_column_container us_custom_2c45f91b\"><div class=\"vc_column-inner\"><div class=\"wpb_text_column us_custom_eb849559\"><div class=\"wpb_wrapper\"><h2>Tens algum <strong>desafio<\/strong> ou pergunta?<br \/>\n<strong><span style=\"color: var(--color-content-link);\">Vamos falar, <\/span>talvez possamos ajudar-te!<\/strong><\/h2>\n<p>A nossa experi\u00eancia est\u00e1 apenas a uma mensagem de dist\u00e2ncia. Ou liga-nos para <i class=\"fas fa-phone\"><\/i> <a href=\"tel:+35932509327\">+359 32 509 327.<\/a><\/p>\n<\/div><\/div><div class=\"w-separator size_medium\"><\/div>\n<div class=\"wpcf7 no-js us-field-style_1\" id=\"wpcf7-f854-o1\" lang=\"pt-PT\" dir=\"ltr\" data-wpcf7-id=\"854\">\n<div class=\"screen-reader-response\"><p role=\"status\" aria-live=\"polite\" aria-atomic=\"true\"><\/p> <ul><\/ul><\/div>\n<form action=\"\/pt-pt\/wp-json\/wp\/v2\/pages\/857#wpcf7-f854-o1\" method=\"post\" class=\"wpcf7-form init\" aria-label=\"Formul\u00e1rio de contacto\" novalidate=\"novalidate\" data-status=\"init\">\n<fieldset class=\"hidden-fields-container\"><input type=\"hidden\" name=\"_wpcf7\" value=\"854\" \/><input type=\"hidden\" name=\"_wpcf7_version\" value=\"6.1.5\" \/><input type=\"hidden\" name=\"_wpcf7_locale\" value=\"pt_PT\" \/><input type=\"hidden\" name=\"_wpcf7_unit_tag\" value=\"wpcf7-f854-o1\" \/><input type=\"hidden\" name=\"_wpcf7_container_post\" value=\"0\" \/><input type=\"hidden\" name=\"_wpcf7_posted_data_hash\" value=\"\" \/>\n<\/fieldset>\n<p><label> O teu nome<br \/>\n<span class=\"wpcf7-form-control-wrap\" data-name=\"your-name\"><input size=\"40\" maxlength=\"400\" class=\"wpcf7-form-control wpcf7-text wpcf7-validates-as-required\" autocomplete=\"name\" aria-required=\"true\" aria-invalid=\"false\" value=\"\" type=\"text\" name=\"your-name\" \/><\/span> <\/label>\n<\/p>\n<p><label> N\u00famero de telefone (com indicativo do pa\u00eds)<br \/>\n<span class=\"wpcf7-form-control-wrap\" data-name=\"your-phone\"><input size=\"40\" maxlength=\"400\" class=\"wpcf7-form-control wpcf7-tel wpcf7-validates-as-required wpcf7-text wpcf7-validates-as-tel\" autocomplete=\"tel\" aria-required=\"true\" aria-invalid=\"false\" value=\"\" type=\"tel\" name=\"your-phone\" \/><\/span> <\/label>\n<\/p>\n<p><label> Correio eletr\u00f3nico<br \/>\n<span class=\"wpcf7-form-control-wrap\" data-name=\"your-email\"><input size=\"40\" maxlength=\"400\" class=\"wpcf7-form-control wpcf7-email wpcf7-validates-as-required wpcf7-text wpcf7-validates-as-email\" autocomplete=\"email\" aria-required=\"true\" aria-invalid=\"false\" value=\"\" type=\"email\" name=\"your-email\" \/><\/span> <\/label>\n<\/p>\n<p><label> A tua mensagem<br \/>\n<span class=\"wpcf7-form-control-wrap\" data-name=\"your-message\"><textarea cols=\"40\" rows=\"10\" maxlength=\"2000\" class=\"wpcf7-form-control wpcf7-textarea wpcf7-validates-as-required\" aria-required=\"true\" aria-invalid=\"false\" name=\"your-message\"><\/textarea><\/span> <\/label>\n<\/p>\n<p><input class=\"wpcf7-form-control wpcf7-submit has-spinner\" type=\"submit\" value=\"Envia\" \/>\n<\/p><div class=\"wpcf7-response-output\" aria-hidden=\"true\"><\/div>\n<\/form>\n<\/div>\n<\/div><\/div><\/div><\/div><\/section>\n","protected":false},"excerpt":{"rendered":"","protected":false},"author":1,"featured_media":0,"parent":0,"menu_order":0,"comment_status":"closed","ping_status":"closed","template":"","meta":{"_themeisle_gutenberg_block_has_review":false,"footnotes":""},"class_list":["post-857","page","type-page","status-publish","hentry"],"_links":{"self":[{"href":"https:\/\/marketing-extender.com\/pt-pt\/wp-json\/wp\/v2\/pages\/857","targetHints":{"allow":["GET"]}}],"collection":[{"href":"https:\/\/marketing-extender.com\/pt-pt\/wp-json\/wp\/v2\/pages"}],"about":[{"href":"https:\/\/marketing-extender.com\/pt-pt\/wp-json\/wp\/v2\/types\/page"}],"author":[{"embeddable":true,"href":"https:\/\/marketing-extender.com\/pt-pt\/wp-json\/wp\/v2\/users\/1"}],"replies":[{"embeddable":true,"href":"https:\/\/marketing-extender.com\/pt-pt\/wp-json\/wp\/v2\/comments?post=857"}],"version-history":[{"count":13,"href":"https:\/\/marketing-extender.com\/pt-pt\/wp-json\/wp\/v2\/pages\/857\/revisions"}],"predecessor-version":[{"id":1053,"href":"https:\/\/marketing-extender.com\/pt-pt\/wp-json\/wp\/v2\/pages\/857\/revisions\/1053"}],"wp:attachment":[{"href":"https:\/\/marketing-extender.com\/pt-pt\/wp-json\/wp\/v2\/media?parent=857"}],"curies":[{"name":"wp","href":"https:\/\/api.w.org\/{rel}","templated":true}]}}