{"id":835,"date":"2025-03-01T19:05:07","date_gmt":"2025-03-01T19:05:07","guid":{"rendered":"https:\/\/marketing-extender.com\/sea-publicidade-nos-motores-de-busca-ppc\/"},"modified":"2025-03-02T15:43:32","modified_gmt":"2025-03-02T15:43:32","slug":"sea-publicidade-nos-motores-de-busca-ppc","status":"publish","type":"page","link":"https:\/\/marketing-extender.com\/pt-pt\/disciplinas\/sea-publicidade-nos-motores-de-busca-ppc\/","title":{"rendered":"SEA \/ Publicidade nos motores de busca \/ PPC"},"content":{"rendered":"<section class=\"l-section wpb_row height_auto color_secondary\"><div class=\"l-section-overlay\" style=\"background:#00423C\"><\/div><div class=\"l-section-h i-cf\"><div class=\"g-cols vc_row via_grid cols_1 laptops-cols_inherit tablets-cols_inherit mobiles-cols_1 valign_top type_default stacking_default\"><div class=\"wpb_column vc_column_container\"><div class=\"vc_column-inner\"><div class=\"w-separator size_small\"><\/div><nav class=\"g-breadcrumbs us_custom_107fbc5f has_text_color separator_icon align_left\" itemscope itemtype=\"http:\/\/schema.org\/BreadcrumbList\"><div class=\"g-breadcrumbs-item\" itemscope itemprop=\"itemListElement\" itemtype=\"http:\/\/schema.org\/ListItem\"><a itemprop=\"item\" href=\"https:\/\/marketing-extender.com\/pt-pt\/\"><span itemprop=\"name\">Casa<\/span><\/a><meta itemprop=\"position\" content=\"1\"\/><\/div><div class=\"g-breadcrumbs-separator\"><i class=\"far fa-angle-right\"><\/i><\/div><div class=\"g-breadcrumbs-item\">P\u00e1ginas<\/div><\/nav><div class=\"w-separator size_small\"><\/div><h1 class=\"w-text us_custom_eb849559\"><span class=\"w-text-h\"><span class=\"w-text-value\">SEA \/ Publicidade nos motores de busca \/ PPC<\/span><\/span><\/h1><div class=\"w-separator size_small\"><\/div><div class=\"w-iconbox us_custom_99682d72 iconpos_top style_default color_custom align_center no_text no_title\"><a href=\"#\" class=\"w-iconbox-link\" aria-label=\"fas|chevron-down\"><div class=\"w-iconbox-icon\" style=\"font-size:4rem;\"><i class=\"fas fa-chevron-down\"><\/i><\/div><\/a><div class=\"w-iconbox-meta\"><\/div><\/div><\/div><\/div><\/div><\/div><\/section><section class=\"l-section wpb_row height_small\"><div class=\"l-section-h i-cf\"><div class=\"g-cols vc_row via_grid cols_2 laptops-cols_inherit tablets-cols_inherit mobiles-cols_1 valign_top type_default stacking_default\" style=\"--columns-gap:4vw;\"><div class=\"wpb_column vc_column_container us_custom_33b9ee00\"><div class=\"vc_column-inner\"><h2 class=\"w-text\"><span class=\"w-text-h\"><span class=\"w-text-value\">O que \u00e9 SEA \/ Publicidade nos motores de busca \/ PPC?<\/span><\/span><\/h2><\/div><\/div><div class=\"wpb_column vc_column_container\"><div class=\"vc_column-inner\"><div class=\"wpb_text_column\"><div class=\"wpb_wrapper\"><p data-start=\"0\" data-end=\"230\">Em termos simples, a publicidade nos motores de busca (SEA) \u00e9 a pr\u00e1tica de colocar an\u00fancios pagos em motores de busca como o Google, o Bing, o DuckDuckGo, o Ecosia e o Brave Search para aumentar a visibilidade e atrair potenciais clientes. Estes an\u00fancios aparecem acima ou ao lado dos resultados de pesquisa org\u00e2nica, ajudando as empresas a chegar aos utilizadores que procuram ativamente produtos ou servi\u00e7os relevantes. <\/p>\n<\/div><\/div><\/div><\/div><\/div><\/div><\/section><section class=\"l-section wpb_row height_small\"><div class=\"l-section-h i-cf\"><div class=\"g-cols vc_row via_grid cols_1 laptops-cols_inherit tablets-cols_inherit mobiles-cols_1 valign_top type_default stacking_default\"><div class=\"wpb_column vc_column_container\"><div class=\"vc_column-inner\"><h2 class=\"w-text us_custom_b48a3196\"><span class=\"w-text-h\"><span class=\"w-text-value\">Como funciona o SEA?<\/span><\/span><\/h2><div class=\"w-text us_custom_eb849559\"><span class=\"w-text-h\"><span class=\"w-text-value\">A publicidade nos motores de busca (SEA) baseia-se num modelo de pagamento por clique (PPC), o que significa que os anunciantes s\u00f3 pagam quando um utilizador clica no seu an\u00fancio. Enquanto as licita\u00e7\u00f5es mais elevadas garantiam as melhores classifica\u00e7\u00f5es, os motores de busca d\u00e3o agora prioridade \u00e0 relev\u00e2ncia do an\u00fancio e \u00e0 experi\u00eancia do utilizador. Isto \u00e9 determinado por um \u00cdndice de qualidade, que avalia at\u00e9 que ponto o an\u00fancio corresponde \u00e0 inten\u00e7\u00e3o de pesquisa e \u00e0 qualidade da p\u00e1gina de destino. Abaixo est\u00e3o algumas das melhores pr\u00e1ticas para o SEA.   <\/span><\/span><\/div><div class=\"w-separator size_small\"><\/div><div class=\"g-cols wpb_row via_grid cols_2 laptops-cols_2 tablets-cols_inherit mobiles-cols_1 valign_top type_default stacking_default\" style=\"--columns-gap:3rem;\"><div class=\"wpb_column vc_column_container\"><div class=\"vc_column-inner\"><div class=\"w-hwrapper valign_top align_none\"><div class=\"wpb_text_column\"><div class=\"wpb_wrapper\"><h3>Palavras-chave e tipos de correspond\u00eancia<\/h3>\n<p data-start=\"0\" data-end=\"321\">As palavras-chave s\u00e3o a base das campanhas SEA. Escolher as palavras-chave certas ajuda a garantir que o teu an\u00fancio aparece em pesquisas relevantes. N\u00e3o te esque\u00e7as de que podes controlar a amplitude da correspond\u00eancia de uma palavra-chave (exacta, frase e ampla). Desta forma, podes concentrar-te numa palavra espec\u00edfica (com algum desperd\u00edcio) ou numa combina\u00e7\u00e3o mais ampla de termos.   <\/p>\n<p data-start=\"323\" data-end=\"758\" data-is-last-node=\"\" data-is-only-node=\"\">Licitar o nome da tua pr\u00f3pria marca pode ser muito mais barato do que as palavras-chave gen\u00e9ricas, mas \u00e9 importante analisar se isto \u00e9 simplesmente transferir tr\u00e1fego SEO gratuito para tr\u00e1fego SEA pago. A tua posi\u00e7\u00e3o na pesquisa org\u00e2nica desempenha um papel fundamental nesta decis\u00e3o. Mesmo que o teu Web site j\u00e1 esteja classificado em primeiro lugar organicamente, a apresenta\u00e7\u00e3o de an\u00fancios de marca pode garantir uma posi\u00e7\u00e3o extra nos resultados principais, aumentando a visibilidade e empurrando a concorr\u00eancia para baixo.  <\/p>\n<\/div><\/div><\/div><\/div><\/div><div class=\"wpb_column vc_column_container\"><div class=\"vc_column-inner\"><div class=\"w-hwrapper valign_top align_none\"><div class=\"wpb_text_column\"><div class=\"wpb_wrapper\"><h3>Direcionamento<\/h3>\n<p data-start=\"441\" data-end=\"815\">Atingir o p\u00fablico certo \u00e9 essencial para o sucesso do SEA. Os motores de busca permitem a segmenta\u00e7\u00e3o, como: <\/p>\n<ul>\n<li data-start=\"441\" data-end=\"815\"><strong data-start=\"544\" data-end=\"560\">Dados demogr\u00e1ficos<\/strong> &#8211; Idade, sexo, rendimentos e interesses<\/li>\n<li data-start=\"441\" data-end=\"815\"><strong data-start=\"602\" data-end=\"619\">Geo-direcionamento<\/strong> &#8211; Direciona os utilizadores para locais espec\u00edficos<\/li>\n<li data-start=\"441\" data-end=\"815\"><strong data-start=\"664\" data-end=\"684\">Sele\u00e7\u00e3o de dispositivos<\/strong> &#8211; Otimiza\u00e7\u00e3o para telem\u00f3veis, computadores ou tablets<\/li>\n<li data-start=\"441\" data-end=\"815\"><strong data-start=\"734\" data-end=\"752\">Listas de<\/strong> p\u00fablicos &#8211; Faz remarketing para visitantes anteriores ou utiliza p\u00fablicos personalizados<\/li>\n<\/ul>\n<p data-start=\"817\" data-end=\"924\">Ao aperfei\u00e7oar a segmenta\u00e7\u00e3o do p\u00fablico-alvo, os anunciantes podem garantir que os an\u00fancios s\u00e3o apresentados aos utilizadores <strong data-start=\"895\" data-end=\"921\">com maior probabilidade de convers\u00e3o<\/strong>.<\/p>\n<\/div><\/div><\/div><\/div><\/div><div class=\"wpb_column vc_column_container\"><div class=\"vc_column-inner\"><div class=\"w-hwrapper valign_top align_none\"><div class=\"wpb_text_column\"><div class=\"wpb_wrapper\"><h3>Licita\u00e7\u00e3o e estrat\u00e9gia de licita\u00e7\u00e3o<\/h3>\n<p data-pm-slice=\"1 1 &#091;&#093;\">Os an\u00fancios s\u00e3o colocados atrav\u00e9s de um leil\u00e3o em tempo real que tem lugar sempre que algu\u00e9m introduz uma consulta de pesquisa. Os anunciantes licitam as palavras-chave, mas ganhar n\u00e3o \u00e9 apenas oferecer o montante mais elevado. Os motores de busca tamb\u00e9m consideram factores como a relev\u00e2ncia do an\u00fancio, a taxa de cliques esperada e a qualidade da p\u00e1gina de destino.  <\/p>\n<p>A maioria dos anunciantes utiliza licita\u00e7\u00f5es autom\u00e1ticas, em que a plataforma ajusta as licita\u00e7\u00f5es para obter o maior n\u00famero de cliques, convers\u00f5es ou receitas com base nos objectivos da campanha. Algumas estrat\u00e9gias centram-se na obten\u00e7\u00e3o do maior n\u00famero poss\u00edvel de cliques dentro de um or\u00e7amento, enquanto outras visam maximizar as convers\u00f5es ou manter um retorno espec\u00edfico dos gastos com an\u00fancios. <\/p>\n<p>A abordagem correta depende do que pretendes alcan\u00e7ar. Se o objetivo for o conhecimento da marca, a licita\u00e7\u00e3o pode centrar-se em fazer com que o an\u00fancio seja visto pelo maior n\u00famero poss\u00edvel de pessoas. Se o objetivo for a venda, as licita\u00e7\u00f5es podem ser optimizadas para atrair utilizadores com maior probabilidade de efetuar uma compra. Qualquer que seja a estrat\u00e9gia, \u00e9 importante rever e ajustar regularmente as licita\u00e7\u00f5es para manter os custos sob controlo e garantir os melhores resultados.<\/p>\n<\/div><\/div><\/div><\/div><\/div><div class=\"wpb_column vc_column_container\"><div class=\"vc_column-inner\"><div class=\"w-hwrapper valign_top align_none\"><div class=\"wpb_text_column\"><div class=\"wpb_wrapper\"><h3>C\u00f3pia do an\u00fancio e extens\u00f5es<\/h3>\n<p data-start=\"32\" data-end=\"429\">Um an\u00fancio bem escrito \u00e9 essencial para atrair a aten\u00e7\u00e3o e fazer com que os utilizadores cliquem. Na publicidade nos motores de busca (SEA), os an\u00fancios competem pela visibilidade, pelo que t\u00eam de ser claros, relevantes e cativantes. A forma como um an\u00fancio \u00e9 estruturado pode fazer uma grande diferen\u00e7a no desempenho, raz\u00e3o pela qual a maioria das plataformas permite v\u00e1rios t\u00edtulos, descri\u00e7\u00f5es e extens\u00f5es de an\u00fancios para melhorar a efic\u00e1cia.  <\/p>\n<p data-start=\"431\" data-end=\"860\">Os an\u00fancios com melhor desempenho utilizam t\u00edtulos fortes que correspondem ao que os utilizadores procuram e descri\u00e7\u00f5es que destacam as principais vantagens ou ofertas. Alguns an\u00fancios ajustam-se automaticamente com base no comportamento do utilizador, apresentando as combina\u00e7\u00f5es mais relevantes de t\u00edtulos e texto. A adi\u00e7\u00e3o de extens\u00f5es de an\u00fancio ajuda a fornecer informa\u00e7\u00f5es adicionais, tais como links para p\u00e1ginas importantes, bot\u00f5es de chamada para contacto direto ou detalhes de localiza\u00e7\u00e3o para utilizadores pr\u00f3ximos.  <\/p>\n<p data-start=\"862\" data-end=\"1129\" data-is-last-node=\"\" data-is-only-node=\"\">Um bom an\u00fancio \u00e9 mais do que apenas algumas palavras. Deve corresponder \u00e0 inten\u00e7\u00e3o de pesquisa, destacar-se da concorr\u00eancia e incentivar a a\u00e7\u00e3o. Testar diferentes vers\u00f5es e utilizar os dados de desempenho para aperfei\u00e7oar os an\u00fancios ao longo do tempo ajuda a melhorar as taxas de cliques e o sucesso geral da campanha.  <\/p>\n<\/div><\/div><\/div><\/div><\/div><\/div><\/div><\/div><\/div><\/div><\/section><section class=\"l-section wpb_row height_small width_custom\" style=\"--site-content-width:900px;\"><div class=\"l-section-h i-cf\"><div class=\"g-cols vc_row via_grid cols_1 laptops-cols_inherit tablets-cols_inherit mobiles-cols_1 valign_top type_default stacking_default\"><div class=\"wpb_column vc_column_container\"><div class=\"vc_column-inner\"><div class=\"wpb_text_column\"><div class=\"wpb_wrapper\"><h3 style=\"text-align: center;\">Acompanhamento e otimiza\u00e7\u00e3o do desempenho<\/h3>\n<\/div><\/div><\/div><\/div><\/div><\/div><\/section><section class=\"l-section wpb_row height_auto\"><div class=\"l-section-h i-cf\"><div class=\"g-cols vc_row via_grid cols_1 laptops-cols_inherit tablets-cols_inherit mobiles-cols_1 valign_top type_default stacking_default\"><div class=\"wpb_column vc_column_container\"><div class=\"vc_column-inner\"><div class=\"g-cols wpb_row via_grid cols_1 laptops-cols_inherit tablets-cols_inherit mobiles-cols_1 valign_top type_default stacking_default\" style=\"--columns-gap:3rem;\"><div class=\"wpb_column vc_column_container\"><div class=\"vc_column-inner\"><div class=\"w-text\"><span class=\"w-text-h\"><span class=\"w-text-value\">Publicar an\u00fancios \u00e9 apenas o primeiro passo. Para tornar a publicidade nos motores de busca (SEA) verdadeiramente eficaz, \u00e9 necess\u00e1rio acompanhar o desempenho e otimizar continuamente as campanhas. Os motores de busca fornecem informa\u00e7\u00f5es detalhadas sobre o desempenho dos an\u00fancios, desde as taxas de cliques (CTR) e as taxas de convers\u00e3o at\u00e9 ao custo por aquisi\u00e7\u00e3o (CPA) e ao retorno do investimento em publicidade (ROAS). Compreender estas m\u00e9tricas ajuda a identificar o que est\u00e1 a funcionar e onde s\u00e3o necess\u00e1rias melhorias. Um fator-chave no desempenho do an\u00fancio \u00e9 o \u00cdndice de qualidade, que os motores de busca utilizam para medir a relev\u00e2ncia de um an\u00fancio. Uma pontua\u00e7\u00e3o mais elevada pode levar a custos mais baixos e a melhores coloca\u00e7\u00f5es de an\u00fancios. Testar diferentes varia\u00e7\u00f5es de an\u00fancios, ajustar as licita\u00e7\u00f5es e aperfei\u00e7oar a segmenta\u00e7\u00e3o pode ajudar a melhorar os resultados ao longo do tempo.      <\/span><\/span><\/div><\/div><\/div><\/div><div class=\"w-separator size_medium\"><\/div><\/div><\/div><\/div><\/div><\/section><section class=\"l-section wpb_row height_medium width_custom color_primary\" style=\"--site-content-width:750px;\"><div class=\"l-section-h i-cf\"><div class=\"g-cols vc_row via_grid cols_1 laptops-cols_inherit tablets-cols_inherit mobiles-cols_1 valign_middle type_default stacking_default\"><div class=\"wpb_column vc_column_container\"><div class=\"vc_column-inner\"><h2 class=\"w-text us_custom_8fac178d has_text_color\"><span class=\"w-text-h\"><span class=\"w-text-value\">Queres saber mais?<\/span><\/span><\/h2><div class=\"wpb_text_column us_custom_aa7f5b77 has_text_color\"><div class=\"wpb_wrapper\"><p data-start=\"0\" data-end=\"75\">{{the_title} \u00e9 um tema vasto com infinitas possibilidades. Se quiseres conselhos ou precisares de ajuda para o implementar na tua organiza\u00e7\u00e3o, n\u00e3o hesites em contactar-nos atrav\u00e9s do formul\u00e1rio abaixo<br \/>\nou liga para   <i class=\"fas fa-phone\"><\/i><a href=\"tel:+31651378397\">+31 651378397.<\/a><\/p>\n<\/div><\/div><div class=\"w-separator size_small\"><\/div>\n<div class=\"wpcf7 no-js us-field-style_1\" id=\"wpcf7-f849-o1\" lang=\"pt-PT\" dir=\"ltr\" data-wpcf7-id=\"849\">\n<div class=\"screen-reader-response\"><p role=\"status\" aria-live=\"polite\" aria-atomic=\"true\"><\/p> <ul><\/ul><\/div>\n<form action=\"\/pt-pt\/wp-json\/wp\/v2\/pages\/835#wpcf7-f849-o1\" method=\"post\" class=\"wpcf7-form init\" aria-label=\"Formul\u00e1rio de contacto\" novalidate=\"novalidate\" data-status=\"init\">\n<fieldset class=\"hidden-fields-container\"><input type=\"hidden\" name=\"_wpcf7\" value=\"849\" \/><input type=\"hidden\" name=\"_wpcf7_version\" value=\"6.1.5\" \/><input type=\"hidden\" name=\"_wpcf7_locale\" value=\"pt_PT\" \/><input type=\"hidden\" name=\"_wpcf7_unit_tag\" value=\"wpcf7-f849-o1\" \/><input type=\"hidden\" name=\"_wpcf7_container_post\" value=\"0\" \/><input type=\"hidden\" name=\"_wpcf7_posted_data_hash\" value=\"\" \/>\n<\/fieldset>\n<p><label> O teu nome<br \/>\n<span class=\"wpcf7-form-control-wrap\" data-name=\"your-name\"><input size=\"40\" maxlength=\"400\" class=\"wpcf7-form-control wpcf7-text wpcf7-validates-as-required\" autocomplete=\"name\" aria-required=\"true\" aria-invalid=\"false\" value=\"\" type=\"text\" name=\"your-name\" \/><\/span> <\/label>\n<\/p>\n<p><label> N\u00famero de telefone (com indicativo do pa\u00eds)<br \/>\n<span class=\"wpcf7-form-control-wrap\" data-name=\"your-phone\"><input size=\"40\" maxlength=\"400\" class=\"wpcf7-form-control wpcf7-tel wpcf7-validates-as-required wpcf7-text wpcf7-validates-as-tel\" autocomplete=\"tel\" aria-required=\"true\" aria-invalid=\"false\" value=\"\" type=\"tel\" name=\"your-phone\" \/><\/span> <\/label>\n<\/p>\n<p><label> Correio eletr\u00f3nico<br \/>\n<span class=\"wpcf7-form-control-wrap\" data-name=\"your-email\"><input size=\"40\" maxlength=\"400\" class=\"wpcf7-form-control wpcf7-email wpcf7-validates-as-required wpcf7-text wpcf7-validates-as-email\" autocomplete=\"email\" aria-required=\"true\" aria-invalid=\"false\" value=\"\" type=\"email\" name=\"your-email\" \/><\/span> <\/label>\n<\/p>\n<p><label> A tua mensagem<br \/>\n<span class=\"wpcf7-form-control-wrap\" data-name=\"your-message\"><textarea cols=\"40\" rows=\"10\" maxlength=\"2000\" class=\"wpcf7-form-control wpcf7-textarea wpcf7-validates-as-required\" aria-required=\"true\" aria-invalid=\"false\" name=\"your-message\"><\/textarea><\/span> <\/label>\n<\/p>\n<p><input class=\"wpcf7-form-control wpcf7-submit has-spinner\" type=\"submit\" value=\"Envia\" \/>\n<\/p><div class=\"wpcf7-response-output\" aria-hidden=\"true\"><\/div>\n<\/form>\n<\/div>\n<\/div><\/div><\/div><\/div><\/section>\n","protected":false},"excerpt":{"rendered":"","protected":false},"author":1,"featured_media":0,"parent":869,"menu_order":0,"comment_status":"closed","ping_status":"closed","template":"","meta":{"_themeisle_gutenberg_block_has_review":false,"footnotes":""},"class_list":["post-835","page","type-page","status-publish","hentry"],"_links":{"self":[{"href":"https:\/\/marketing-extender.com\/pt-pt\/wp-json\/wp\/v2\/pages\/835","targetHints":{"allow":["GET"]}}],"collection":[{"href":"https:\/\/marketing-extender.com\/pt-pt\/wp-json\/wp\/v2\/pages"}],"about":[{"href":"https:\/\/marketing-extender.com\/pt-pt\/wp-json\/wp\/v2\/types\/page"}],"author":[{"embeddable":true,"href":"https:\/\/marketing-extender.com\/pt-pt\/wp-json\/wp\/v2\/users\/1"}],"replies":[{"embeddable":true,"href":"https:\/\/marketing-extender.com\/pt-pt\/wp-json\/wp\/v2\/comments?post=835"}],"version-history":[{"count":1,"href":"https:\/\/marketing-extender.com\/pt-pt\/wp-json\/wp\/v2\/pages\/835\/revisions"}],"predecessor-version":[{"id":839,"href":"https:\/\/marketing-extender.com\/pt-pt\/wp-json\/wp\/v2\/pages\/835\/revisions\/839"}],"up":[{"embeddable":true,"href":"https:\/\/marketing-extender.com\/pt-pt\/wp-json\/wp\/v2\/pages\/869"}],"wp:attachment":[{"href":"https:\/\/marketing-extender.com\/pt-pt\/wp-json\/wp\/v2\/media?parent=835"}],"curies":[{"name":"wp","href":"https:\/\/api.w.org\/{rel}","templated":true}]}}