{"id":652,"date":"2025-03-02T11:35:58","date_gmt":"2025-03-02T11:35:58","guid":{"rendered":"https:\/\/marketing-extender.com\/ferramentas-de-marketing\/kdiff3\/"},"modified":"2025-03-02T15:41:01","modified_gmt":"2025-03-02T15:41:01","slug":"kdiff3","status":"publish","type":"page","link":"https:\/\/marketing-extender.com\/pt-pt\/ferramentas-de-marketing\/kdiff3\/","title":{"rendered":"KDiff3"},"content":{"rendered":"<section class=\"l-section wpb_row height_auto color_secondary\"><div class=\"l-section-overlay\" style=\"background:#00423C\"><\/div><div class=\"l-section-h i-cf\"><div class=\"g-cols vc_row via_grid cols_1 laptops-cols_inherit tablets-cols_inherit mobiles-cols_1 valign_top type_default stacking_default\"><div class=\"wpb_column vc_column_container\"><div class=\"vc_column-inner\"><div class=\"w-separator size_small\"><\/div><nav class=\"g-breadcrumbs us_custom_107fbc5f has_text_color separator_icon align_left\" itemscope itemtype=\"http:\/\/schema.org\/BreadcrumbList\"><div class=\"g-breadcrumbs-item\" itemscope itemprop=\"itemListElement\" itemtype=\"http:\/\/schema.org\/ListItem\"><a itemprop=\"item\" href=\"https:\/\/marketing-extender.com\/pt-pt\/\"><span itemprop=\"name\">Casa<\/span><\/a><meta itemprop=\"position\" content=\"1\"\/><\/div><div class=\"g-breadcrumbs-separator\"><i class=\"far fa-angle-right\"><\/i><\/div><div class=\"g-breadcrumbs-item\">P\u00e1ginas<\/div><\/nav><div class=\"w-separator size_small\"><\/div><h1 class=\"w-text us_custom_eb849559\"><span class=\"w-text-h\"><span class=\"w-text-value\">KDiff3<\/span><\/span><\/h1><div class=\"w-separator size_small\"><\/div><div class=\"w-iconbox us_custom_99682d72 iconpos_top style_default color_custom align_center no_text no_title\"><a href=\"#\" class=\"w-iconbox-link\" aria-label=\"fas|chevron-down\"><div class=\"w-iconbox-icon\" style=\"font-size:4rem;\"><i class=\"fas fa-chevron-down\"><\/i><\/div><\/a><div class=\"w-iconbox-meta\"><\/div><\/div><\/div><\/div><\/div><\/div><\/section><section class=\"l-section wpb_row height_small\"><div class=\"l-section-h i-cf\"><div class=\"g-cols vc_row via_grid cols_2 laptops-cols_inherit tablets-cols_inherit mobiles-cols_1 valign_top type_default stacking_default\" style=\"--columns-gap:4vw;\"><div class=\"wpb_column vc_column_container us_custom_33b9ee00\"><div class=\"vc_column-inner\"><h2 class=\"w-text\"><span class=\"w-text-h\"><span class=\"w-text-value\">O que \u00e9 KDiff3?<\/span><\/span><\/h2><\/div><\/div><div class=\"wpb_column vc_column_container\"><div class=\"vc_column-inner\"><div class=\"wpb_text_column\"><div class=\"wpb_wrapper\"><p data-start=\"45\" data-end=\"425\">O KDiff3 \u00e9 uma ferramenta simples mas poderosa para comparar diferentes vers\u00f5es de ficheiros de texto ou c\u00f3digo fonte. Destaca as diferen\u00e7as entre dois ou mais ficheiros, facilitando a dete\u00e7\u00e3o de altera\u00e7\u00f5es num relance. Quer estejas a rever edi\u00e7\u00f5es de c\u00f3digo, a verificar revis\u00f5es de documentos ou a resolver discrep\u00e2ncias de ficheiros, o KDiff3 fornece um m\u00e9todo r\u00e1pido e visual de &#8220;detetar a diferen\u00e7a&#8221;.  <\/p>\n<p data-start=\"427\" data-end=\"692\">Para al\u00e9m da compara\u00e7\u00e3o, o KDiff3 tamb\u00e9m suporta a fus\u00e3o de ficheiros, permitindo aos utilizadores combinar v\u00e1rias vers\u00f5es num \u00fanico documento. Embora a fus\u00e3o seja uma funcionalidade incorporada, muitos utilizadores confiam no KDiff3 principalmente pela sua compara\u00e7\u00e3o clara e eficiente lado a lado. <\/p>\n<\/div><\/div><\/div><\/div><\/div><\/div><\/section><section class=\"l-section wpb_row height_small\"><div class=\"l-section-h i-cf\"><div class=\"g-cols vc_row via_grid cols_1 laptops-cols_inherit tablets-cols_inherit mobiles-cols_1 valign_top type_default stacking_default\"><div class=\"wpb_column vc_column_container\"><div class=\"vc_column-inner\"><h2 class=\"w-text us_custom_b48a3196\"><span class=\"w-text-h\"><span class=\"w-text-value\">Como \u00e9 que KDiff3 funciona?<\/span><\/span><\/h2><div class=\"w-text us_custom_eb849559\"><span class=\"w-text-h\"><span class=\"w-text-value\">O KDiff3 funciona como uma ferramenta de compara\u00e7\u00e3o e fus\u00e3o de ficheiros, ajudando os utilizadores a acompanhar as altera\u00e7\u00f5es entre vers\u00f5es de ficheiros de texto ou c\u00f3digo fonte.<\/span><\/span><\/div><div class=\"w-separator size_small\"><\/div><div class=\"g-cols wpb_row via_grid cols_2 laptops-cols_2 tablets-cols_inherit mobiles-cols_1 valign_top type_default stacking_default\" style=\"--columns-gap:3rem;\"><div class=\"wpb_column vc_column_container\"><div class=\"vc_column-inner\"><div class=\"w-hwrapper valign_top align_none\"><div class=\"wpb_text_column\"><div class=\"wpb_wrapper\"><h3>Principais carater\u00edsticas do KDiff3<\/h3>\n<ul>\n<li data-start=\"902\" data-end=\"1041\">Compara\u00e7\u00e3o de ficheiros lado a lado: Destaca as diferen\u00e7as entre os ficheiros, facilitando a visualiza\u00e7\u00e3o do que foi alterado, adicionado ou removido.<\/li>\n<li data-start=\"1042\" data-end=\"1127\">Compara\u00e7\u00e3o de v\u00e1rios ficheiros: Suporta a compara\u00e7\u00e3o de at\u00e9 tr\u00eas ficheiros ao mesmo tempo.<\/li>\n<li data-start=\"1128\" data-end=\"1250\">Visualiza\u00e7\u00e3o de diferen\u00e7as: Mostra linhas incompat\u00edveis com destaques codificados por cores, tornando as altera\u00e7\u00f5es f\u00e1ceis de identificar.<\/li>\n<li data-start=\"1251\" data-end=\"1365\">Funcionalidade de fus\u00e3o: Permite aos utilizadores combinar manual ou automaticamente vers\u00f5es de ficheiros numa \u00fanica sa\u00edda.<\/li>\n<li data-start=\"1366\" data-end=\"1460\">Suporte de linha de comando: Pode ser utilizado atrav\u00e9s da linha de comandos para compara\u00e7\u00f5es autom\u00e1ticas de ficheiros.<\/li>\n<li data-start=\"1205\" data-end=\"1380\">\n<\/li>\n<\/ul>\n<\/div><\/div><\/div><\/div><\/div><div class=\"wpb_column vc_column_container\"><div class=\"vc_column-inner\"><div class=\"w-hwrapper valign_top align_none\"><div class=\"wpb_text_column\"><div class=\"wpb_wrapper\"><h3>Casos de utiliza\u00e7\u00e3o do KDiff3<\/h3>\n<ul>\n<li data-start=\"31\" data-end=\"182\">Rastreamento de altera\u00e7\u00f5es de texto: Compara facilmente duas vers\u00f5es de um documento para identificar edi\u00e7\u00f5es e revis\u00f5es.<\/li>\n<li data-start=\"183\" data-end=\"338\">Revis\u00e3o e depura\u00e7\u00e3o de c\u00f3digo: Detecta rapidamente diferen\u00e7as no c\u00f3digo-fonte ao rever altera\u00e7\u00f5es feitas por diferentes pessoas ou ao resolver erros.<\/li>\n<li data-start=\"339\" data-end=\"498\">Compara as vers\u00f5es do site: Verifica se h\u00e1 altera\u00e7\u00f5es inesperadas entre os ambientes de produ\u00e7\u00e3o e de teste, garantindo que as atualiza\u00e7\u00f5es foram aplicadas corretamente.<\/li>\n<li data-start=\"499\" data-end=\"667\">Ajuda no controlo de vers\u00f5es: Embora o Git forne\u00e7a ferramentas de compara\u00e7\u00e3o incorporadas, o KDiff3 pode ser utilizado para compara\u00e7\u00f5es de ficheiros locais antes de submeter as altera\u00e7\u00f5es a um reposit\u00f3rio.<\/li>\n<li data-start=\"668\" data-end=\"845\" data-is-last-node=\"\">Unindo arquivos de configura\u00e7\u00e3o: Ao trabalhar com arquivos de configura\u00e7\u00e3o, logs ou conjuntos de dados, o KDiff3 ajuda a mesclar altera\u00e7\u00f5es de diferentes fontes em uma vers\u00e3o \u00fanica e unificada.<\/li>\n<\/ul>\n<\/div><\/div><\/div><\/div><\/div><\/div><\/div><\/div><\/div><\/div><\/section><section class=\"l-section wpb_row height_small width_custom\" style=\"--site-content-width:900px;\"><div class=\"l-section-h i-cf\"><div class=\"g-cols vc_row via_grid cols_1 laptops-cols_inherit tablets-cols_inherit mobiles-cols_1 valign_top type_default stacking_default\"><div class=\"wpb_column vc_column_container\"><div class=\"vc_column-inner\"><div class=\"wpb_text_column\"><div class=\"wpb_wrapper\"><h2 style=\"text-align: center;\">Como utilizar KDiff3 eficazmente?<\/h2>\n<\/div><\/div><div class=\"w-separator size_small\"><\/div><div class=\"wpb_text_column\"><div class=\"wpb_wrapper\"><p data-start=\"2055\" data-end=\"2168\">O KDiff3 \u00e9 uma ferramenta \u00fatil para programadores, editores e profissionais de marketing que precisam de comparar diferentes vers\u00f5es de texto ou c\u00f3digo. Ajuda a seguir as altera\u00e7\u00f5es de documentos, facilitando a dete\u00e7\u00e3o de modifica\u00e7\u00f5es quando n\u00e3o est\u00e1 dispon\u00edvel um hist\u00f3rico de altera\u00e7\u00f5es. Os profissionais de marketing podem utiliz\u00e1-lo para comparar modelos de correio eletr\u00f3nico ou rever diferentes vers\u00f5es de textos de blogues antes da publica\u00e7\u00e3o.  <\/p>\n<\/div><\/div><\/div><\/div><\/div><\/div><\/section><section class=\"l-section wpb_row height_auto\"><div class=\"l-section-h i-cf\"><div class=\"g-cols vc_row via_grid cols_1 laptops-cols_inherit tablets-cols_inherit mobiles-cols_1 valign_top type_default stacking_default\"><div class=\"wpb_column vc_column_container\"><div class=\"vc_column-inner\"><div class=\"w-separator size_medium\"><\/div><\/div><\/div><\/div><\/div><\/section><section class=\"l-section wpb_row height_medium width_custom color_primary\" style=\"--site-content-width:750px;\"><div class=\"l-section-h i-cf\"><div class=\"g-cols vc_row via_grid cols_1 laptops-cols_inherit tablets-cols_inherit mobiles-cols_1 valign_middle type_default stacking_default\"><div class=\"wpb_column vc_column_container\"><div class=\"vc_column-inner\"><h2 class=\"w-text us_custom_8fac178d has_text_color\"><span class=\"w-text-h\"><span class=\"w-text-value\">Queres saber mais?<\/span><\/span><\/h2><div class=\"wpb_text_column us_custom_aa7f5b77 has_text_color\"><div class=\"wpb_wrapper\"><p data-start=\"0\" data-end=\"75\">KDiff3 \u00e9 uma ferramenta com possibilidades infinitas. Se quiseres conselhos ou precisares de ajuda para come\u00e7ar com KDiff3, n\u00e3o hesites em contactar-nos atrav\u00e9s do formul\u00e1rio abaixo<br \/>\nou liga para <i class=\"fas fa-phone\"><\/i> <a href=\"tel:+31651378397\">+31 651378397.<\/a> <\/p>\n<\/div><\/div><div class=\"w-separator size_small\"><\/div>\n<div class=\"wpcf7 no-js us-field-style_1\" id=\"wpcf7-f849-o1\" lang=\"pt-PT\" dir=\"ltr\" data-wpcf7-id=\"849\">\n<div class=\"screen-reader-response\"><p role=\"status\" aria-live=\"polite\" aria-atomic=\"true\"><\/p> <ul><\/ul><\/div>\n<form action=\"\/pt-pt\/wp-json\/wp\/v2\/pages\/652#wpcf7-f849-o1\" method=\"post\" class=\"wpcf7-form init\" aria-label=\"Formul\u00e1rio de contacto\" novalidate=\"novalidate\" data-status=\"init\">\n<fieldset class=\"hidden-fields-container\"><input type=\"hidden\" name=\"_wpcf7\" value=\"849\" \/><input type=\"hidden\" name=\"_wpcf7_version\" value=\"6.1.5\" \/><input type=\"hidden\" name=\"_wpcf7_locale\" value=\"pt_PT\" \/><input type=\"hidden\" name=\"_wpcf7_unit_tag\" value=\"wpcf7-f849-o1\" \/><input type=\"hidden\" name=\"_wpcf7_container_post\" value=\"0\" \/><input type=\"hidden\" name=\"_wpcf7_posted_data_hash\" value=\"\" \/>\n<\/fieldset>\n<p><label> O teu nome<br \/>\n<span class=\"wpcf7-form-control-wrap\" data-name=\"your-name\"><input size=\"40\" maxlength=\"400\" class=\"wpcf7-form-control wpcf7-text wpcf7-validates-as-required\" autocomplete=\"name\" aria-required=\"true\" aria-invalid=\"false\" value=\"\" type=\"text\" name=\"your-name\" \/><\/span> <\/label>\n<\/p>\n<p><label> N\u00famero de telefone (com indicativo do pa\u00eds)<br \/>\n<span class=\"wpcf7-form-control-wrap\" data-name=\"your-phone\"><input size=\"40\" maxlength=\"400\" class=\"wpcf7-form-control wpcf7-tel wpcf7-validates-as-required wpcf7-text wpcf7-validates-as-tel\" autocomplete=\"tel\" aria-required=\"true\" aria-invalid=\"false\" value=\"\" type=\"tel\" name=\"your-phone\" \/><\/span> <\/label>\n<\/p>\n<p><label> Correio eletr\u00f3nico<br \/>\n<span class=\"wpcf7-form-control-wrap\" data-name=\"your-email\"><input size=\"40\" maxlength=\"400\" class=\"wpcf7-form-control wpcf7-email wpcf7-validates-as-required wpcf7-text wpcf7-validates-as-email\" autocomplete=\"email\" aria-required=\"true\" aria-invalid=\"false\" value=\"\" type=\"email\" name=\"your-email\" \/><\/span> <\/label>\n<\/p>\n<p><label> A tua mensagem<br \/>\n<span class=\"wpcf7-form-control-wrap\" data-name=\"your-message\"><textarea cols=\"40\" rows=\"10\" maxlength=\"2000\" class=\"wpcf7-form-control wpcf7-textarea wpcf7-validates-as-required\" aria-required=\"true\" aria-invalid=\"false\" name=\"your-message\"><\/textarea><\/span> <\/label>\n<\/p>\n<p><input class=\"wpcf7-form-control wpcf7-submit has-spinner\" type=\"submit\" value=\"Envia\" \/>\n<\/p><div class=\"wpcf7-response-output\" aria-hidden=\"true\"><\/div>\n<\/form>\n<\/div>\n<\/div><\/div><\/div><\/div><\/section>\n","protected":false},"excerpt":{"rendered":"","protected":false},"author":1,"featured_media":0,"parent":524,"menu_order":0,"comment_status":"closed","ping_status":"closed","template":"","meta":{"_themeisle_gutenberg_block_has_review":false,"footnotes":""},"class_list":["post-652","page","type-page","status-publish","hentry"],"_links":{"self":[{"href":"https:\/\/marketing-extender.com\/pt-pt\/wp-json\/wp\/v2\/pages\/652","targetHints":{"allow":["GET"]}}],"collection":[{"href":"https:\/\/marketing-extender.com\/pt-pt\/wp-json\/wp\/v2\/pages"}],"about":[{"href":"https:\/\/marketing-extender.com\/pt-pt\/wp-json\/wp\/v2\/types\/page"}],"author":[{"embeddable":true,"href":"https:\/\/marketing-extender.com\/pt-pt\/wp-json\/wp\/v2\/users\/1"}],"replies":[{"embeddable":true,"href":"https:\/\/marketing-extender.com\/pt-pt\/wp-json\/wp\/v2\/comments?post=652"}],"version-history":[{"count":1,"href":"https:\/\/marketing-extender.com\/pt-pt\/wp-json\/wp\/v2\/pages\/652\/revisions"}],"predecessor-version":[{"id":664,"href":"https:\/\/marketing-extender.com\/pt-pt\/wp-json\/wp\/v2\/pages\/652\/revisions\/664"}],"up":[{"embeddable":true,"href":"https:\/\/marketing-extender.com\/pt-pt\/wp-json\/wp\/v2\/pages\/524"}],"wp:attachment":[{"href":"https:\/\/marketing-extender.com\/pt-pt\/wp-json\/wp\/v2\/media?parent=652"}],"curies":[{"name":"wp","href":"https:\/\/api.w.org\/{rel}","templated":true}]}}