{"id":638,"date":"2025-03-02T11:06:30","date_gmt":"2025-03-02T11:06:30","guid":{"rendered":"https:\/\/marketing-extender.com\/ferramentas-de-marketing\/google-tag-manager-gtm\/"},"modified":"2025-03-02T15:41:01","modified_gmt":"2025-03-02T15:41:01","slug":"google-tag-manager-gtm","status":"publish","type":"page","link":"https:\/\/marketing-extender.com\/pt-pt\/ferramentas-de-marketing\/google-tag-manager-gtm\/","title":{"rendered":"Google Tag Manager (GTM)"},"content":{"rendered":"<section class=\"l-section wpb_row height_auto color_secondary\"><div class=\"l-section-overlay\" style=\"background:#00423C\"><\/div><div class=\"l-section-h i-cf\"><div class=\"g-cols vc_row via_grid cols_1 laptops-cols_inherit tablets-cols_inherit mobiles-cols_1 valign_top type_default stacking_default\"><div class=\"wpb_column vc_column_container\"><div class=\"vc_column-inner\"><div class=\"w-separator size_small\"><\/div><nav class=\"g-breadcrumbs us_custom_107fbc5f has_text_color separator_icon align_left\" itemscope itemtype=\"http:\/\/schema.org\/BreadcrumbList\"><div class=\"g-breadcrumbs-item\" itemscope itemprop=\"itemListElement\" itemtype=\"http:\/\/schema.org\/ListItem\"><a itemprop=\"item\" href=\"https:\/\/marketing-extender.com\/pt-pt\/\"><span itemprop=\"name\">Casa<\/span><\/a><meta itemprop=\"position\" content=\"1\"\/><\/div><div class=\"g-breadcrumbs-separator\"><i class=\"far fa-angle-right\"><\/i><\/div><div class=\"g-breadcrumbs-item\">P\u00e1ginas<\/div><\/nav><div class=\"w-separator size_small\"><\/div><h1 class=\"w-text us_custom_eb849559\"><span class=\"w-text-h\"><span class=\"w-text-value\">Google Tag Manager (GTM)<\/span><\/span><\/h1><div class=\"w-separator size_small\"><\/div><div class=\"w-iconbox us_custom_99682d72 iconpos_top style_default color_custom align_center no_text no_title\"><a href=\"#\" class=\"w-iconbox-link\" aria-label=\"fas|chevron-down\"><div class=\"w-iconbox-icon\" style=\"font-size:4rem;\"><i class=\"fas fa-chevron-down\"><\/i><\/div><\/a><div class=\"w-iconbox-meta\"><\/div><\/div><\/div><\/div><\/div><\/div><\/section><section class=\"l-section wpb_row height_small\"><div class=\"l-section-h i-cf\"><div class=\"g-cols vc_row via_grid cols_2 laptops-cols_inherit tablets-cols_inherit mobiles-cols_1 valign_top type_default stacking_default\" style=\"--columns-gap:4vw;\"><div class=\"wpb_column vc_column_container us_custom_33b9ee00\"><div class=\"vc_column-inner\"><h2 class=\"w-text\"><span class=\"w-text-h\"><span class=\"w-text-value\">O que \u00e9 Google Tag Manager (GTM)?<\/span><\/span><\/h2><\/div><\/div><div class=\"wpb_column vc_column_container\"><div class=\"vc_column-inner\"><div class=\"wpb_text_column\"><div class=\"wpb_wrapper\"><p data-start=\"0\" data-end=\"366\">Houve um tempo em que os c\u00f3digos de rastreamento tinham que ser adicionados manualmente em um site, como trechos separados ou codificados diretamente na estrutura do site. Isto conduzia frequentemente a c\u00f3digos desordenados, erros de rastreio e dificuldades na gest\u00e3o de actualiza\u00e7\u00f5es, especialmente para s\u00edtios Web que necessitavam de v\u00e1rias etiquetas para an\u00e1lise, publicidade e ferramentas de terceiros. <\/p>\n<p data-start=\"368\" data-end=\"780\">A introdu\u00e7\u00e3o do Google Tag Manager (GTM) simplificou este processo, fornecendo um sistema centralizado onde todos os c\u00f3digos de rastreio s\u00e3o geridos num \u00fanico contentor. Em vez de editar manualmente o c\u00f3digo de um site cada vez que \u00e9 necess\u00e1ria uma nova tag de rastreamento, o GTM permite que os usu\u00e1rios adicionem, atualizem ou removam tags dinamicamente a partir de sua interface, sem exigir altera\u00e7\u00f5es diretas no c\u00f3digo-fonte do site. <\/p>\n<p data-start=\"782\" data-end=\"1162\" data-is-last-node=\"\" data-is-only-node=\"\">Com regras e gatilhos predefinidos, o GTM garante que as tags necess\u00e1rias sejam carregadas somente quando necess\u00e1rio, melhorando o desempenho e a precis\u00e3o do site. Isso significa que os scripts de rastreamento para o Google Analytics, Google Ads, Facebook Pixel e outras ferramentas podem ser configurados e otimizados em um s\u00f3 lugar, reduzindo a depend\u00eancia de desenvolvedores e tornando o processo muito mais eficiente. <\/p>\n<\/div><\/div><\/div><\/div><\/div><\/div><\/section><section class=\"l-section wpb_row height_small\"><div class=\"l-section-h i-cf\"><div class=\"g-cols vc_row via_grid cols_1 laptops-cols_inherit tablets-cols_inherit mobiles-cols_1 valign_top type_default stacking_default\"><div class=\"wpb_column vc_column_container\"><div class=\"vc_column-inner\"><h2 class=\"w-text us_custom_b48a3196\"><span class=\"w-text-h\"><span class=\"w-text-value\">Como \u00e9 que Google Tag Manager (GTM) funciona?<\/span><\/span><\/h2><div class=\"w-text us_custom_eb849559\"><span class=\"w-text-h\"><span class=\"w-text-value\">O Google Tag Manager (GTM) funciona como um sistema centralizado de gest\u00e3o de tags, permitindo que os propriet\u00e1rios de sites adicionem, actualizem e controlem c\u00f3digos de rastreio sem modificar diretamente o c\u00f3digo fonte do site. Em vez de colocar v\u00e1rios scripts de rastreamento manualmente, todas as tags s\u00e3o gerenciadas por meio de um cont\u00eainer, que \u00e9 instalado no site uma vez e depois controlado pela interface do GTM. <\/span><\/span><\/div><div class=\"w-separator size_small\"><\/div><div class=\"g-cols wpb_row via_grid cols_2 laptops-cols_2 tablets-cols_inherit mobiles-cols_1 valign_top type_default stacking_default\" style=\"--columns-gap:3rem;\"><div class=\"wpb_column vc_column_container\"><div class=\"vc_column-inner\"><div class=\"w-hwrapper valign_top align_none\"><div class=\"wpb_text_column\"><div class=\"wpb_wrapper\"><h3>Etiquetas, accionadores e vari\u00e1veis<\/h3>\n<p data-start=\"477\" data-end=\"520\">O Google Tag Manager funciona com tr\u00eas componentes principais:<\/p>\n<ul data-start=\"522\" data-end=\"1007\">\n<li data-start=\"522\" data-end=\"672\">Etiquetas: Estes s\u00e3o os c\u00f3digos de rastreamento reais, como o Google Analytics, o rastreamento de convers\u00f5es do Google Ads, o Facebook Pixel ou rastreadores de eventos personalizados.<\/li>\n<li data-start=\"673\" data-end=\"843\">Acionadores: Define quando e em que condi\u00e7\u00f5es uma etiqueta deve ser activada. Por exemplo, uma etiqueta pode ser activada quando uma p\u00e1gina \u00e9 carregada, um bot\u00e3o \u00e9 clicado ou um formul\u00e1rio \u00e9 submetido. <\/li>\n<li data-start=\"844\" data-end=\"1007\">Vari\u00e1veis: Armazena valores din\u00e2micos, como URLs de p\u00e1ginas, intera\u00e7\u00f5es de utilizadores ou dados de eventos personalizados, que podem ser utilizados para tornar os accionadores e as etiquetas mais flex\u00edveis.<\/li>\n<\/ul>\n<\/div><\/div><\/div><\/div><\/div><div class=\"wpb_column vc_column_container\"><div class=\"vc_column-inner\"><div class=\"w-hwrapper valign_top align_none\"><div class=\"wpb_text_column\"><div class=\"wpb_wrapper\"><h3>Execu\u00e7\u00e3o de etiquetas e modo de pr\u00e9-visualiza\u00e7\u00e3o<\/h3>\n<p data-start=\"0\" data-end=\"294\">Antes de publicar altera\u00e7\u00f5es, o Google Tag Manager (GTM) fornece um modo de pr\u00e9-visualiza\u00e7\u00e3o, permitindo aos utilizadores testar as suas configura\u00e7\u00f5es num ambiente controlado.<\/p>\n<p data-start=\"296\" data-end=\"590\">Ao utilizar o Modo de Pr\u00e9-visualiza\u00e7\u00e3o, os utilizadores podem garantir que as etiquetas est\u00e3o a disparar corretamente nas condi\u00e7\u00f5es esperadas, evitando disparos errados, dados em falta ou rastreio duplicado. Se um problema for detectado, os ajustes podem ser feitos diretamente no GTM, eliminando a necessidade de altera\u00e7\u00f5es constantes no c\u00f3digo do site. <\/p>\n<p data-start=\"592\" data-end=\"916\" data-is-last-node=\"\" data-is-only-node=\"\">Depois de tudo ter sido testado e confirmado, a publica\u00e7\u00e3o das altera\u00e7\u00f5es \u00e9 imediata, com um simples clique.<\/p>\n<\/div><\/div><\/div><\/div><\/div><div class=\"wpb_column vc_column_container\"><div class=\"vc_column-inner\"><div class=\"w-hwrapper valign_top align_none\"><div class=\"wpb_text_column\"><div class=\"wpb_wrapper\"><h3>Etiquetas incorporadas<\/h3>\n<p data-start=\"30\" data-end=\"194\">Uma das maiores vantagens do Gerenciador de tags do Google (GTM) s\u00e3o os modelos de tags integrados, que permitem aos usu\u00e1rios adicionar scripts de rastreamento comuns sem a necessidade de escrever c\u00f3digo personalizado. Em vez de inserir manualmente trechos de JavaScript no c\u00f3digo-fonte do site, o GTM fornece tags pr\u00e9-configuradas que simplificam o processo de configura\u00e7\u00e3o para ferramentas populares de marketing e an\u00e1lise. <\/p>\n<\/div><\/div><\/div><\/div><\/div><div class=\"wpb_column vc_column_container\"><div class=\"vc_column-inner\"><div class=\"w-hwrapper valign_top align_none\"><div class=\"wpb_text_column\"><div class=\"wpb_wrapper\"><h3>Possibilidade de rastreio do lado do servidor<\/h3>\n<p data-start=\"30\" data-end=\"294\">Al\u00e9m do rastreamento tradicional do lado do cliente, o GTM oferece o Server-Side Tagging, onde os pedidos de rastreamento s\u00e3o processados atrav\u00e9s de um servidor dedicado em vez de diretamente no navegador do usu\u00e1rio. Esta abordagem aumenta a seguran\u00e7a dos dados, melhora o desempenho do site e ajuda a contornar problemas causados por bloqueadores de an\u00fancios ou restri\u00e7\u00f5es do navegador que podem bloquear o rastreamento tradicional do lado do cliente. <\/p>\n<\/div><\/div><\/div><\/div><\/div><\/div><\/div><\/div><\/div><\/div><\/section><section class=\"l-section wpb_row height_small width_custom\" style=\"--site-content-width:900px;\"><div class=\"l-section-h i-cf\"><div class=\"g-cols vc_row via_grid cols_1 laptops-cols_inherit tablets-cols_inherit mobiles-cols_1 valign_top type_default stacking_default\"><div class=\"wpb_column vc_column_container\"><div class=\"vc_column-inner\"><div class=\"wpb_text_column\"><div class=\"wpb_wrapper\"><h2 style=\"text-align: center;\">Como utilizar Google Tag Manager (GTM) eficazmente?<\/h2>\n<\/div><\/div><div class=\"w-separator size_small\"><\/div><div class=\"wpb_text_column\"><div class=\"wpb_wrapper\"><p data-start=\"54\" data-end=\"449\">Para tirar o m\u00e1ximo partido do Google Tag Manager (GTM), \u00e9 importante definir uma estrutura de marca\u00e7\u00e3o clara e organizada que se alinhe com as tuas necessidades de acompanhamento. Come\u00e7a por definir as ac\u00e7\u00f5es que pretendes acompanhar, tais como submiss\u00f5es de formul\u00e1rios, cliques em bot\u00f5es, profundidade de deslocamento ou transac\u00e7\u00f5es de com\u00e9rcio eletr\u00f3nico. Manter um plano de marca\u00e7\u00e3o bem documentado garante a consist\u00eancia e facilita os ajustes futuros.  <\/p>\n<p data-start=\"451\" data-end=\"853\">Usa tags incorporadas sempre que poss\u00edvel para simplificar a implementa\u00e7\u00e3o e evitar codifica\u00e7\u00e3o personalizada desnecess\u00e1ria. O GTM fornece modelos para ferramentas como Google Analytics 4, Google Ads, Facebook Pixel e LinkedIn Insight Tag, reduzindo o risco de erros. Para um acompanhamento mais avan\u00e7ado, utiliza vari\u00e1veis personalizadas para passar valores dinamicamente, como IDs de produtos, montantes de transac\u00e7\u00f5es ou intera\u00e7\u00f5es do utilizador.  <\/p>\n<p data-start=\"855\" data-end=\"1156\">Manter uma l\u00f3gica de acionamento limpa e eficiente \u00e9 crucial para o desempenho. Evita definir muitos accionadores desnecess\u00e1rios, pois isso pode levar a um rastreio duplicado ou a carregamentos de p\u00e1gina mais lentos. Testa todas as altera\u00e7\u00f5es no Modo de pr\u00e9-visualiza\u00e7\u00e3o antes de as publicares para te certificares de que as etiquetas s\u00e3o activadas corretamente nas condi\u00e7\u00f5es certas.  <\/p>\n<p data-start=\"1158\" data-end=\"1455\">Se o teu Web site depende de dados sens\u00edveis ou tem problemas com restri\u00e7\u00f5es do browser, considera a utiliza\u00e7\u00e3o da Marca\u00e7\u00e3o do lado do servidor. Isto ajuda a melhorar a seguran\u00e7a dos dados, a fiabilidade do rastreio e a velocidade de carregamento, processando os eventos de rastreio num servidor dedicado e n\u00e3o no browser do utilizador. <\/p>\n<\/div><\/div><\/div><\/div><\/div><\/div><\/section><section class=\"l-section wpb_row height_auto\"><div class=\"l-section-h i-cf\"><div class=\"g-cols vc_row via_grid cols_1 laptops-cols_inherit tablets-cols_inherit mobiles-cols_1 valign_top type_default stacking_default\"><div class=\"wpb_column vc_column_container\"><div class=\"vc_column-inner\"><div class=\"w-separator size_medium\"><\/div><\/div><\/div><\/div><\/div><\/section><section class=\"l-section wpb_row height_medium width_custom color_primary\" style=\"--site-content-width:750px;\"><div class=\"l-section-h i-cf\"><div class=\"g-cols vc_row via_grid cols_1 laptops-cols_inherit tablets-cols_inherit mobiles-cols_1 valign_middle type_default stacking_default\"><div class=\"wpb_column vc_column_container\"><div class=\"vc_column-inner\"><h2 class=\"w-text us_custom_8fac178d has_text_color\"><span class=\"w-text-h\"><span class=\"w-text-value\">Queres saber mais?<\/span><\/span><\/h2><div class=\"wpb_text_column us_custom_aa7f5b77 has_text_color\"><div class=\"wpb_wrapper\"><p data-start=\"0\" data-end=\"75\">Google Tag Manager (GTM) \u00e9 uma ferramenta com possibilidades infinitas. Se quiseres conselhos ou precisares de ajuda para come\u00e7ar com Google Tag Manager (GTM), n\u00e3o hesites em contactar-nos atrav\u00e9s do formul\u00e1rio abaixo<br \/>\nou liga para <i class=\"fas fa-phone\"><\/i> <a href=\"tel:+31651378397\">+31 651378397.<\/a> <\/p>\n<\/div><\/div><div class=\"w-separator size_small\"><\/div>\n<div class=\"wpcf7 no-js us-field-style_1\" id=\"wpcf7-f849-o1\" lang=\"pt-PT\" dir=\"ltr\" data-wpcf7-id=\"849\">\n<div class=\"screen-reader-response\"><p role=\"status\" aria-live=\"polite\" aria-atomic=\"true\"><\/p> <ul><\/ul><\/div>\n<form action=\"\/pt-pt\/wp-json\/wp\/v2\/pages\/638#wpcf7-f849-o1\" method=\"post\" class=\"wpcf7-form init\" aria-label=\"Formul\u00e1rio de contacto\" novalidate=\"novalidate\" data-status=\"init\">\n<fieldset class=\"hidden-fields-container\"><input type=\"hidden\" name=\"_wpcf7\" value=\"849\" \/><input type=\"hidden\" name=\"_wpcf7_version\" value=\"6.1.5\" \/><input type=\"hidden\" name=\"_wpcf7_locale\" value=\"pt_PT\" \/><input type=\"hidden\" name=\"_wpcf7_unit_tag\" value=\"wpcf7-f849-o1\" \/><input type=\"hidden\" name=\"_wpcf7_container_post\" value=\"0\" \/><input type=\"hidden\" name=\"_wpcf7_posted_data_hash\" value=\"\" \/>\n<\/fieldset>\n<p><label> O teu nome<br \/>\n<span class=\"wpcf7-form-control-wrap\" data-name=\"your-name\"><input size=\"40\" maxlength=\"400\" class=\"wpcf7-form-control wpcf7-text wpcf7-validates-as-required\" autocomplete=\"name\" aria-required=\"true\" aria-invalid=\"false\" value=\"\" type=\"text\" name=\"your-name\" \/><\/span> <\/label>\n<\/p>\n<p><label> N\u00famero de telefone (com indicativo do pa\u00eds)<br \/>\n<span class=\"wpcf7-form-control-wrap\" data-name=\"your-phone\"><input size=\"40\" maxlength=\"400\" class=\"wpcf7-form-control wpcf7-tel wpcf7-validates-as-required wpcf7-text wpcf7-validates-as-tel\" autocomplete=\"tel\" aria-required=\"true\" aria-invalid=\"false\" value=\"\" type=\"tel\" name=\"your-phone\" \/><\/span> <\/label>\n<\/p>\n<p><label> Correio eletr\u00f3nico<br \/>\n<span class=\"wpcf7-form-control-wrap\" data-name=\"your-email\"><input size=\"40\" maxlength=\"400\" class=\"wpcf7-form-control wpcf7-email wpcf7-validates-as-required wpcf7-text wpcf7-validates-as-email\" autocomplete=\"email\" aria-required=\"true\" aria-invalid=\"false\" value=\"\" type=\"email\" name=\"your-email\" \/><\/span> <\/label>\n<\/p>\n<p><label> A tua mensagem<br \/>\n<span class=\"wpcf7-form-control-wrap\" data-name=\"your-message\"><textarea cols=\"40\" rows=\"10\" maxlength=\"2000\" class=\"wpcf7-form-control wpcf7-textarea wpcf7-validates-as-required\" aria-required=\"true\" aria-invalid=\"false\" name=\"your-message\"><\/textarea><\/span> <\/label>\n<\/p>\n<p><input class=\"wpcf7-form-control wpcf7-submit has-spinner\" type=\"submit\" value=\"Envia\" \/>\n<\/p><div class=\"wpcf7-response-output\" aria-hidden=\"true\"><\/div>\n<\/form>\n<\/div>\n<\/div><\/div><\/div><\/div><\/section>\n","protected":false},"excerpt":{"rendered":"","protected":false},"author":1,"featured_media":0,"parent":524,"menu_order":0,"comment_status":"closed","ping_status":"closed","template":"","meta":{"_themeisle_gutenberg_block_has_review":false,"footnotes":""},"class_list":["post-638","page","type-page","status-publish","hentry"],"_links":{"self":[{"href":"https:\/\/marketing-extender.com\/pt-pt\/wp-json\/wp\/v2\/pages\/638","targetHints":{"allow":["GET"]}}],"collection":[{"href":"https:\/\/marketing-extender.com\/pt-pt\/wp-json\/wp\/v2\/pages"}],"about":[{"href":"https:\/\/marketing-extender.com\/pt-pt\/wp-json\/wp\/v2\/types\/page"}],"author":[{"embeddable":true,"href":"https:\/\/marketing-extender.com\/pt-pt\/wp-json\/wp\/v2\/users\/1"}],"replies":[{"embeddable":true,"href":"https:\/\/marketing-extender.com\/pt-pt\/wp-json\/wp\/v2\/comments?post=638"}],"version-history":[{"count":1,"href":"https:\/\/marketing-extender.com\/pt-pt\/wp-json\/wp\/v2\/pages\/638\/revisions"}],"predecessor-version":[{"id":649,"href":"https:\/\/marketing-extender.com\/pt-pt\/wp-json\/wp\/v2\/pages\/638\/revisions\/649"}],"up":[{"embeddable":true,"href":"https:\/\/marketing-extender.com\/pt-pt\/wp-json\/wp\/v2\/pages\/524"}],"wp:attachment":[{"href":"https:\/\/marketing-extender.com\/pt-pt\/wp-json\/wp\/v2\/media?parent=638"}],"curies":[{"name":"wp","href":"https:\/\/api.w.org\/{rel}","templated":true}]}}