{"id":614,"date":"2025-03-02T11:24:14","date_gmt":"2025-03-02T11:24:14","guid":{"rendered":"https:\/\/marketing-extender.com\/ferramentas-de-marketing\/google-analytics-4-ga4\/"},"modified":"2025-03-02T15:41:01","modified_gmt":"2025-03-02T15:41:01","slug":"google-analytics-4-ga4","status":"publish","type":"page","link":"https:\/\/marketing-extender.com\/pt-pt\/ferramentas-de-marketing\/google-analytics-4-ga4\/","title":{"rendered":"Google Analytics 4 (GA4)"},"content":{"rendered":"<section class=\"l-section wpb_row height_auto color_secondary\"><div class=\"l-section-overlay\" style=\"background:#00423C\"><\/div><div class=\"l-section-h i-cf\"><div class=\"g-cols vc_row via_grid cols_1 laptops-cols_inherit tablets-cols_inherit mobiles-cols_1 valign_top type_default stacking_default\"><div class=\"wpb_column vc_column_container\"><div class=\"vc_column-inner\"><div class=\"w-separator size_small\"><\/div><nav class=\"g-breadcrumbs us_custom_107fbc5f has_text_color separator_icon align_left\" itemscope itemtype=\"http:\/\/schema.org\/BreadcrumbList\"><div class=\"g-breadcrumbs-item\" itemscope itemprop=\"itemListElement\" itemtype=\"http:\/\/schema.org\/ListItem\"><a itemprop=\"item\" href=\"https:\/\/marketing-extender.com\/pt-pt\/\"><span itemprop=\"name\">Casa<\/span><\/a><meta itemprop=\"position\" content=\"1\"\/><\/div><div class=\"g-breadcrumbs-separator\"><i class=\"far fa-angle-right\"><\/i><\/div><div class=\"g-breadcrumbs-item\">P\u00e1ginas<\/div><\/nav><div class=\"w-separator size_small\"><\/div><h1 class=\"w-text us_custom_eb849559\"><span class=\"w-text-h\"><span class=\"w-text-value\">Google Analytics 4 (GA4)<\/span><\/span><\/h1><div class=\"w-separator size_small\"><\/div><div class=\"w-iconbox us_custom_99682d72 iconpos_top style_default color_custom align_center no_text no_title\"><a href=\"#\" class=\"w-iconbox-link\" aria-label=\"fas|chevron-down\"><div class=\"w-iconbox-icon\" style=\"font-size:4rem;\"><i class=\"fas fa-chevron-down\"><\/i><\/div><\/a><div class=\"w-iconbox-meta\"><\/div><\/div><\/div><\/div><\/div><\/div><\/section><section class=\"l-section wpb_row height_small\"><div class=\"l-section-h i-cf\"><div class=\"g-cols vc_row via_grid cols_2 laptops-cols_inherit tablets-cols_inherit mobiles-cols_1 valign_top type_default stacking_default\" style=\"--columns-gap:4vw;\"><div class=\"wpb_column vc_column_container us_custom_33b9ee00\"><div class=\"vc_column-inner\"><h2 class=\"w-text\"><span class=\"w-text-h\"><span class=\"w-text-value\">O que \u00e9 Google Analytics 4 (GA4)?<\/span><\/span><\/h2><\/div><\/div><div class=\"wpb_column vc_column_container\"><div class=\"vc_column-inner\"><div class=\"wpb_text_column\"><div class=\"wpb_wrapper\"><p data-start=\"77\" data-end=\"413\">O Google Analytics 4 (GA4) \u00e9 a vers\u00e3o mais recente da plataforma de an\u00e1lise da Web da Google, concebida para fornecer informa\u00e7\u00f5es mais aprofundadas sobre o comportamento dos utilizadores em sites e aplica\u00e7\u00f5es. Ao contr\u00e1rio do seu antecessor, o Universal Analytics (UA), o GA4 foi concebido para uma abordagem mais orientada para eventos, centrando-se nas intera\u00e7\u00f5es dos utilizadores e n\u00e3o apenas nas visualiza\u00e7\u00f5es de p\u00e1ginas. <\/p>\n<p data-start=\"415\" data-end=\"740\">A mudan\u00e7a para o GA4 foi motivada pela necessidade de rastreamento mais avan\u00e7ado, melhor medi\u00e7\u00e3o entre dispositivos e maior conformidade com a privacidade. Com o GA4, as empresas podem rastrear como os usu\u00e1rios se envolvem com o conte\u00fado, incluindo comportamento de rolagem, reprodu\u00e7\u00e3o de v\u00eddeo, cliques de sa\u00edda e convers\u00f5es, tudo em um \u00fanico sistema de relat\u00f3rios. <\/p>\n<p data-start=\"742\" data-end=\"1137\">Uma das maiores melhorias no GA4 \u00e9 a sua capacidade de aprendizagem autom\u00e1tica, que fornece informa\u00e7\u00f5es preditivas, tais como receitas potenciais de grupos de utilizadores espec\u00edficos ou a identifica\u00e7\u00e3o de utilizadores com probabilidade de abandono. Al\u00e9m disso, o GA4 foi concebido para funcionar de forma mais eficaz num mundo com restri\u00e7\u00f5es de cookies e regulamentos de privacidade crescentes, tornando-o uma solu\u00e7\u00e3o anal\u00edtica preparada para o futuro. <\/p>\n<\/div><\/div><\/div><\/div><\/div><\/div><\/section><section class=\"l-section wpb_row height_small\"><div class=\"l-section-h i-cf\"><div class=\"g-cols vc_row via_grid cols_1 laptops-cols_inherit tablets-cols_inherit mobiles-cols_1 valign_top type_default stacking_default\"><div class=\"wpb_column vc_column_container\"><div class=\"vc_column-inner\"><h2 class=\"w-text us_custom_b48a3196\"><span class=\"w-text-h\"><span class=\"w-text-value\">Como \u00e9 que Google Analytics 4 (GA4) funciona?<\/span><\/span><\/h2><div class=\"w-text us_custom_eb849559\"><span class=\"w-text-h\"><span class=\"w-text-value\">O GA4 funciona atrav\u00e9s do rastreio de eventos, que registam ac\u00e7\u00f5es espec\u00edficas do utilizador, como cliques, reprodu\u00e7\u00f5es de v\u00eddeo, submiss\u00f5es de formul\u00e1rios ou compras. Ao contr\u00e1rio do Universal Analytics, em que a maior parte do rastreio se baseava em sess\u00f5es e visualiza\u00e7\u00f5es de p\u00e1gina, o GA4 centra-se na forma como os utilizadores interagem com o conte\u00fado. <\/span><\/span><\/div><div class=\"w-separator size_small\"><\/div><div class=\"g-cols wpb_row via_grid cols_2 laptops-cols_2 tablets-cols_inherit mobiles-cols_1 valign_top type_default stacking_default\" style=\"--columns-gap:3rem;\"><div class=\"wpb_column vc_column_container\"><div class=\"vc_column-inner\"><div class=\"w-hwrapper valign_top align_none\"><div class=\"wpb_text_column\"><div class=\"wpb_wrapper\"><h3>Componentes principais do GA4<\/h3>\n<ul>\n<li data-start=\"1205\" data-end=\"1380\">Eventos: Em vez de rastrear visualiza\u00e7\u00f5es de p\u00e1gina gen\u00e9ricas, o GA4 regista as ac\u00e7\u00f5es do utilizador como eventos, incluindo scrolls, cliques de sa\u00edda, downloads de ficheiros e intera\u00e7\u00f5es de com\u00e9rcio eletr\u00f3nico.<\/li>\n<li data-start=\"1381\" data-end=\"1565\">Propriedades do utilizador: O GA4 permite que as organiza\u00e7\u00f5es acompanhem os atributos personalizados do utilizador, como a localiza\u00e7\u00e3o, o tipo de dispositivo ou o estado do cliente, para analisar o comportamento do p\u00fablico de forma mais eficaz.<\/li>\n<li data-start=\"1566\" data-end=\"1761\">M\u00e9tricas de envolvimento: O GA4 mede ac\u00e7\u00f5es baseadas no envolvimento, tais como o tempo que os utilizadores permanecem numa p\u00e1gina ou se interagem com o conte\u00fado, substituindo as m\u00e9tricas tradicionais como a taxa de rejei\u00e7\u00e3o.<\/li>\n<li data-start=\"1762\" data-end=\"1931\">Acompanhamento de convers\u00f5es: As organiza\u00e7\u00f5es podem definir eventos de convers\u00e3o espec\u00edficos, como compras ou inscri\u00e7\u00f5es, e rastre\u00e1-los em v\u00e1rias sess\u00f5es e dispositivos.<\/li>\n<\/ul>\n<\/div><\/div><\/div><\/div><\/div><div class=\"wpb_column vc_column_container\"><div class=\"vc_column-inner\"><div class=\"w-hwrapper valign_top align_none\"><div class=\"wpb_text_column\"><div class=\"wpb_wrapper\"><h3>Relat\u00f3rios e informa\u00e7\u00f5es<\/h3>\n<p data-start=\"0\" data-end=\"360\">O GA4 oferece uma nova estrutura de relat\u00f3rios que d\u00e1 prioridade \u00e0 flexibilidade e \u00e0 personaliza\u00e7\u00e3o, proporcionando \u00e0s organiza\u00e7\u00f5es um maior controlo sobre a forma como analisam e visualizam os dados. Ao contr\u00e1rio do Universal Analytics, onde os relat\u00f3rios eram em grande parte predefinidos, o GA4 permite que os utilizadores criem relat\u00f3rios personalizados adaptados \u00e0s suas necessidades espec\u00edficas, tornando a explora\u00e7\u00e3o de dados muito mais din\u00e2mica. <\/p>\n<p data-start=\"362\" data-end=\"876\">A funcionalidade Relat\u00f3rios de explora\u00e7\u00e3o permite que os utilizadores criem relat\u00f3rios personalizados, analisem os percursos dos utilizadores e acompanhem as tend\u00eancias, ajudando as organiza\u00e7\u00f5es a descobrir informa\u00e7\u00f5es para al\u00e9m dos pain\u00e9is de controlo padr\u00e3o. Com op\u00e7\u00f5es como an\u00e1lise de funil, sobreposi\u00e7\u00e3o de segmentos e an\u00e1lise de coorte, as empresas podem aprofundar o comportamento do utilizador e identificar padr\u00f5es que t\u00eam impacto nas convers\u00f5es e no envolvimento. O GA4 tamb\u00e9m oferece relat\u00f3rios melhorados em tempo real, permitindo aos profissionais de marketing ver como os utilizadores interagem com o seu site ou aplica\u00e7\u00e3o em qualquer momento.  <\/p>\n<\/div><\/div><\/div><\/div><\/div><div class=\"wpb_column vc_column_container\"><div class=\"vc_column-inner\"><div class=\"w-hwrapper valign_top align_none\"><div class=\"wpb_text_column\"><div class=\"wpb_wrapper\"><h3>Fun\u00e7\u00f5es de rastreio incorporadas<\/h3>\n<p data-start=\"2452\" data-end=\"2559\">O GA4 inclui rastreamento autom\u00e1tico para eventos comuns, reduzindo a necessidade de configura\u00e7\u00e3o manual. Estes incluem: <\/p>\n<ul data-start=\"2561\" data-end=\"2932\">\n<li data-start=\"2561\" data-end=\"2635\">Rastreio de deslocamento: detecta quando os utilizadores percorrem a maior parte de uma p\u00e1gina<\/li>\n<li data-start=\"2636\" data-end=\"2705\">Rastreio de cliques de sa\u00edda: rastreia quando os utilizadores saem do s\u00edtio Web<\/li>\n<li data-start=\"2706\" data-end=\"2782\">Transfer\u00eancias de ficheiros: regista quando os utilizadores transferem PDFs, imagens ou documentos<\/li>\n<li data-start=\"2783\" data-end=\"2857\">Acompanhamento da pesquisa no site: capta o que os utilizadores pesquisam num site<\/li>\n<li data-start=\"2858\" data-end=\"2932\">Acompanhamento da participa\u00e7\u00e3o no v\u00eddeo: acompanha a quantidade de v\u00eddeo que os utilizadores v\u00eaem<\/li>\n<\/ul>\n<\/div><\/div><\/div><\/div><\/div><div class=\"wpb_column vc_column_container\"><div class=\"vc_column-inner\"><div class=\"w-hwrapper valign_top align_none\"><div class=\"wpb_text_column\"><div class=\"wpb_wrapper\"><h3>Acompanhamento do lado do servidor GA4<\/h3>\n<p data-start=\"0\" data-end=\"296\">O GA4 suporta o rastreio do lado do servidor, em que os dados s\u00e3o processados num servidor dedicado em vez de no browser do utilizador. Isso melhora a precis\u00e3o do rastreamento, a privacidade dos dados e a velocidade do site, especialmente porque os bloqueadores de an\u00fancios, as restri\u00e7\u00f5es de cookies e as limita\u00e7\u00f5es do navegador afetam o rastreamento tradicional. <\/p>\n<p data-start=\"298\" data-end=\"628\">Ao contr\u00e1rio do rastreio do lado do cliente, em que os dados s\u00e3o enviados diretamente do navegador, o rastreio do lado do servidor processa as informa\u00e7\u00f5es primeiro num servidor privado antes de as encaminhar para o GA4 ou outras plataformas. Isto garante um melhor controlo dos dados, a conformidade com as normas de privacidade (RGPD, CCPA) e o tratamento seguro das informa\u00e7\u00f5es do utilizador. <\/p>\n<p data-start=\"630\" data-end=\"899\">Tamb\u00e9m reduz o tempo de carregamento da p\u00e1gina, pois menos scripts s\u00e3o executados no navegador, melhorando a experi\u00eancia do usu\u00e1rio e as classifica\u00e7\u00f5es de SEO. Al\u00e9m disso, as organiza\u00e7\u00f5es podem filtrar, limpar e enriquecer os dados antes de os enviar para o GA4, o que resulta em relat\u00f3rios mais precisos e acion\u00e1veis. <\/p>\n<\/div><\/div><\/div><\/div><\/div><\/div><\/div><\/div><\/div><\/div><\/section><section class=\"l-section wpb_row height_small width_custom\" style=\"--site-content-width:900px;\"><div class=\"l-section-h i-cf\"><div class=\"g-cols vc_row via_grid cols_1 laptops-cols_inherit tablets-cols_inherit mobiles-cols_1 valign_top type_default stacking_default\"><div class=\"wpb_column vc_column_container\"><div class=\"vc_column-inner\"><div class=\"wpb_text_column\"><div class=\"wpb_wrapper\"><h2 style=\"text-align: center;\">Como utilizar Google Analytics 4 (GA4) eficazmente?<\/h2>\n<\/div><\/div><div class=\"w-separator size_small\"><\/div><div class=\"wpb_text_column\"><div class=\"wpb_wrapper\"><p data-start=\"3488\" data-end=\"3706\">Para tirar o m\u00e1ximo partido do GA4, \u00e9 importante definir objectivos de seguimento claros. Quer estejam a acompanhar as vendas, os contactos ou o envolvimento dos utilizadores, as organiza\u00e7\u00f5es devem definir eventos e convers\u00f5es personalizados para monitorizar as principais ac\u00e7\u00f5es. <\/p>\n<p data-start=\"3708\" data-end=\"3968\">Usar os recursos de rastreamento integrados do GA4 simplifica a configura\u00e7\u00e3o, enquanto eventos e par\u00e2metros personalizados permitem insights mais detalhados. As organiza\u00e7\u00f5es tamb\u00e9m podem utilizar a an\u00e1lise preditiva para identificar potenciais tend\u00eancias, tais como quais os utilizadores com maior probabilidade de convers\u00e3o. <\/p>\n<p data-start=\"3970\" data-end=\"4249\">Uma configura\u00e7\u00e3o estruturada \u00e9 fundamental. A organiza\u00e7\u00e3o adequada dos nomes dos eventos e dos par\u00e2metros de rastreamento garante relat\u00f3rios precisos e ajuda a evitar inconsist\u00eancias de dados. O GA4 tamb\u00e9m pode ser integrado no Google Ads, no Google Tag Manager e no BigQuery para obter uma vis\u00e3o mais completa do comportamento do utilizador.  <\/p>\n<p data-start=\"4251\" data-end=\"4480\">Para as organiza\u00e7\u00f5es que lidam com dados sens\u00edveis ou que se debatem com bloqueadores de an\u00fancios, o rastreio do lado do servidor \u00e9 uma op\u00e7\u00e3o \u00fatil. Melhora a fiabilidade do rastreio, a seguran\u00e7a dos dados e a conformidade com regulamentos como o GDPR e a CCPA. <\/p>\n<p data-start=\"4482\" data-end=\"4710\" data-is-last-node=\"\" data-is-only-node=\"\">Usando o modelo orientado a eventos, relat\u00f3rios personalizados e insights de aprendizado de m\u00e1quina do GA4, as organiza\u00e7\u00f5es podem entender melhor seu p\u00fablico e tomar decis\u00f5es mais orientadas por dados para melhorar o desempenho do site e do marketing.<\/p>\n<\/div><\/div><\/div><\/div><\/div><\/div><\/section><section class=\"l-section wpb_row height_auto\"><div class=\"l-section-h i-cf\"><div class=\"g-cols vc_row via_grid cols_1 laptops-cols_inherit tablets-cols_inherit mobiles-cols_1 valign_top type_default stacking_default\"><div class=\"wpb_column vc_column_container\"><div class=\"vc_column-inner\"><div class=\"w-separator size_medium\"><\/div><\/div><\/div><\/div><\/div><\/section><section class=\"l-section wpb_row height_medium width_custom color_primary\" style=\"--site-content-width:750px;\"><div class=\"l-section-h i-cf\"><div class=\"g-cols vc_row via_grid cols_1 laptops-cols_inherit tablets-cols_inherit mobiles-cols_1 valign_middle type_default stacking_default\"><div class=\"wpb_column vc_column_container\"><div class=\"vc_column-inner\"><h2 class=\"w-text us_custom_8fac178d has_text_color\"><span class=\"w-text-h\"><span class=\"w-text-value\">Queres saber mais?<\/span><\/span><\/h2><div class=\"wpb_text_column us_custom_aa7f5b77 has_text_color\"><div class=\"wpb_wrapper\"><p data-start=\"0\" data-end=\"75\">Google Analytics 4 (GA4) \u00e9 uma ferramenta com possibilidades infinitas. Se quiseres conselhos ou precisares de ajuda para come\u00e7ar com Google Analytics 4 (GA4), n\u00e3o hesites em contactar-nos atrav\u00e9s do formul\u00e1rio abaixo<br \/>\nou liga para <i class=\"fas fa-phone\"><\/i> <a href=\"tel:+31651378397\">+31 651378397.<\/a> <\/p>\n<\/div><\/div><div class=\"w-separator size_small\"><\/div>\n<div class=\"wpcf7 no-js us-field-style_1\" id=\"wpcf7-f849-o1\" lang=\"pt-PT\" dir=\"ltr\" data-wpcf7-id=\"849\">\n<div class=\"screen-reader-response\"><p role=\"status\" aria-live=\"polite\" aria-atomic=\"true\"><\/p> <ul><\/ul><\/div>\n<form action=\"\/pt-pt\/wp-json\/wp\/v2\/pages\/614#wpcf7-f849-o1\" method=\"post\" class=\"wpcf7-form init\" aria-label=\"Formul\u00e1rio de contacto\" novalidate=\"novalidate\" data-status=\"init\">\n<fieldset class=\"hidden-fields-container\"><input type=\"hidden\" name=\"_wpcf7\" value=\"849\" \/><input type=\"hidden\" name=\"_wpcf7_version\" value=\"6.1.5\" \/><input type=\"hidden\" name=\"_wpcf7_locale\" value=\"pt_PT\" \/><input type=\"hidden\" name=\"_wpcf7_unit_tag\" value=\"wpcf7-f849-o1\" \/><input type=\"hidden\" name=\"_wpcf7_container_post\" value=\"0\" \/><input type=\"hidden\" name=\"_wpcf7_posted_data_hash\" value=\"\" \/>\n<\/fieldset>\n<p><label> O teu nome<br \/>\n<span class=\"wpcf7-form-control-wrap\" data-name=\"your-name\"><input size=\"40\" maxlength=\"400\" class=\"wpcf7-form-control wpcf7-text wpcf7-validates-as-required\" autocomplete=\"name\" aria-required=\"true\" aria-invalid=\"false\" value=\"\" type=\"text\" name=\"your-name\" \/><\/span> <\/label>\n<\/p>\n<p><label> N\u00famero de telefone (com indicativo do pa\u00eds)<br \/>\n<span class=\"wpcf7-form-control-wrap\" data-name=\"your-phone\"><input size=\"40\" maxlength=\"400\" class=\"wpcf7-form-control wpcf7-tel wpcf7-validates-as-required wpcf7-text wpcf7-validates-as-tel\" autocomplete=\"tel\" aria-required=\"true\" aria-invalid=\"false\" value=\"\" type=\"tel\" name=\"your-phone\" \/><\/span> <\/label>\n<\/p>\n<p><label> Correio eletr\u00f3nico<br \/>\n<span class=\"wpcf7-form-control-wrap\" data-name=\"your-email\"><input size=\"40\" maxlength=\"400\" class=\"wpcf7-form-control wpcf7-email wpcf7-validates-as-required wpcf7-text wpcf7-validates-as-email\" autocomplete=\"email\" aria-required=\"true\" aria-invalid=\"false\" value=\"\" type=\"email\" name=\"your-email\" \/><\/span> <\/label>\n<\/p>\n<p><label> A tua mensagem<br \/>\n<span class=\"wpcf7-form-control-wrap\" data-name=\"your-message\"><textarea cols=\"40\" rows=\"10\" maxlength=\"2000\" class=\"wpcf7-form-control wpcf7-textarea wpcf7-validates-as-required\" aria-required=\"true\" aria-invalid=\"false\" name=\"your-message\"><\/textarea><\/span> <\/label>\n<\/p>\n<p><input class=\"wpcf7-form-control wpcf7-submit has-spinner\" type=\"submit\" value=\"Envia\" \/>\n<\/p><div class=\"wpcf7-response-output\" aria-hidden=\"true\"><\/div>\n<\/form>\n<\/div>\n<\/div><\/div><\/div><\/div><\/section>\n","protected":false},"excerpt":{"rendered":"","protected":false},"author":1,"featured_media":0,"parent":524,"menu_order":0,"comment_status":"closed","ping_status":"closed","template":"","meta":{"_themeisle_gutenberg_block_has_review":false,"footnotes":""},"class_list":["post-614","page","type-page","status-publish","hentry"],"_links":{"self":[{"href":"https:\/\/marketing-extender.com\/pt-pt\/wp-json\/wp\/v2\/pages\/614","targetHints":{"allow":["GET"]}}],"collection":[{"href":"https:\/\/marketing-extender.com\/pt-pt\/wp-json\/wp\/v2\/pages"}],"about":[{"href":"https:\/\/marketing-extender.com\/pt-pt\/wp-json\/wp\/v2\/types\/page"}],"author":[{"embeddable":true,"href":"https:\/\/marketing-extender.com\/pt-pt\/wp-json\/wp\/v2\/users\/1"}],"replies":[{"embeddable":true,"href":"https:\/\/marketing-extender.com\/pt-pt\/wp-json\/wp\/v2\/comments?post=614"}],"version-history":[{"count":8,"href":"https:\/\/marketing-extender.com\/pt-pt\/wp-json\/wp\/v2\/pages\/614\/revisions"}],"predecessor-version":[{"id":661,"href":"https:\/\/marketing-extender.com\/pt-pt\/wp-json\/wp\/v2\/pages\/614\/revisions\/661"}],"up":[{"embeddable":true,"href":"https:\/\/marketing-extender.com\/pt-pt\/wp-json\/wp\/v2\/pages\/524"}],"wp:attachment":[{"href":"https:\/\/marketing-extender.com\/pt-pt\/wp-json\/wp\/v2\/media?parent=614"}],"curies":[{"name":"wp","href":"https:\/\/api.w.org\/{rel}","templated":true}]}}