{"id":609,"date":"2025-03-02T10:56:00","date_gmt":"2025-03-02T10:56:00","guid":{"rendered":"https:\/\/marketing-extender.com\/ferramentas-de-marketing\/google-ads-adwords\/"},"modified":"2025-03-02T15:41:00","modified_gmt":"2025-03-02T15:41:00","slug":"google-ads-adwords","status":"publish","type":"page","link":"https:\/\/marketing-extender.com\/pt-pt\/ferramentas-de-marketing\/google-ads-adwords\/","title":{"rendered":"Google Ads (Adwords)"},"content":{"rendered":"<section class=\"l-section wpb_row height_auto color_secondary\"><div class=\"l-section-overlay\" style=\"background:#00423C\"><\/div><div class=\"l-section-h i-cf\"><div class=\"g-cols vc_row via_grid cols_1 laptops-cols_inherit tablets-cols_inherit mobiles-cols_1 valign_top type_default stacking_default\"><div class=\"wpb_column vc_column_container\"><div class=\"vc_column-inner\"><div class=\"w-separator size_small\"><\/div><nav class=\"g-breadcrumbs us_custom_107fbc5f has_text_color separator_icon align_left\" itemscope itemtype=\"http:\/\/schema.org\/BreadcrumbList\"><div class=\"g-breadcrumbs-item\" itemscope itemprop=\"itemListElement\" itemtype=\"http:\/\/schema.org\/ListItem\"><a itemprop=\"item\" href=\"https:\/\/marketing-extender.com\/pt-pt\/\"><span itemprop=\"name\">Casa<\/span><\/a><meta itemprop=\"position\" content=\"1\"\/><\/div><div class=\"g-breadcrumbs-separator\"><i class=\"far fa-angle-right\"><\/i><\/div><div class=\"g-breadcrumbs-item\">P\u00e1ginas<\/div><\/nav><div class=\"w-separator size_small\"><\/div><h1 class=\"w-text us_custom_eb849559\"><span class=\"w-text-h\"><span class=\"w-text-value\">Google Ads (Adwords)<\/span><\/span><\/h1><div class=\"w-separator size_small\"><\/div><div class=\"w-iconbox us_custom_99682d72 iconpos_top style_default color_custom align_center no_text no_title\"><a href=\"#\" class=\"w-iconbox-link\" aria-label=\"fas|chevron-down\"><div class=\"w-iconbox-icon\" style=\"font-size:4rem;\"><i class=\"fas fa-chevron-down\"><\/i><\/div><\/a><div class=\"w-iconbox-meta\"><\/div><\/div><\/div><\/div><\/div><\/div><\/section><section class=\"l-section wpb_row height_small\"><div class=\"l-section-h i-cf\"><div class=\"g-cols vc_row via_grid cols_2 laptops-cols_inherit tablets-cols_inherit mobiles-cols_1 valign_top type_default stacking_default\" style=\"--columns-gap:4vw;\"><div class=\"wpb_column vc_column_container us_custom_33b9ee00\"><div class=\"vc_column-inner\"><h2 class=\"w-text\"><span class=\"w-text-h\"><span class=\"w-text-value\">O que \u00e9 Google Ads (Adwords)?<\/span><\/span><\/h2><\/div><\/div><div class=\"wpb_column vc_column_container\"><div class=\"vc_column-inner\"><div class=\"wpb_text_column\"><div class=\"wpb_wrapper\"><p data-start=\"0\" data-end=\"363\">O Google Ads \u00e9 a plataforma de publicidade online mais utilizada, permitindo que as empresas promovam os seus produtos e servi\u00e7os na Pesquisa Google, nos Web sites, no YouTube e nas aplica\u00e7\u00f5es. Suporta v\u00e1rios formatos de an\u00fancios, incluindo Publicidade nos motores de busca (SEA), Publicidade gr\u00e1fica e Publicidade em v\u00eddeo, o que a torna uma ferramenta flex\u00edvel para diferentes objectivos de marketing. <\/p>\n<p data-start=\"365\" data-end=\"615\">Os an\u00fancios de pesquisa aparecem na parte superior dos resultados de pesquisa do Google quando os utilizadores procuram palavras-chave relevantes. Os an\u00fancios de visualiza\u00e7\u00e3o s\u00e3o apresentados em Web sites e aplica\u00e7\u00f5es da Rede de Display da Google, enquanto os an\u00fancios de v\u00eddeo s\u00e3o apresentados no YouTube e noutras plataformas de v\u00eddeo. <\/p>\n<p data-start=\"617\" data-end=\"791\">Muitos profissionais de marketing tamb\u00e9m utilizam o Planeador de palavras-chave do Google Ads para encontrar palavras-chave relevantes, analisar tend\u00eancias de pesquisa e estimar a concorr\u00eancia para an\u00fancios pagos e estrat\u00e9gias de SEO.<\/p>\n<\/div><\/div><\/div><\/div><\/div><\/div><\/section><section class=\"l-section wpb_row height_small\"><div class=\"l-section-h i-cf\"><div class=\"g-cols vc_row via_grid cols_1 laptops-cols_inherit tablets-cols_inherit mobiles-cols_1 valign_top type_default stacking_default\"><div class=\"wpb_column vc_column_container\"><div class=\"vc_column-inner\"><h2 class=\"w-text us_custom_b48a3196\"><span class=\"w-text-h\"><span class=\"w-text-value\">Como \u00e9 que Google Ads (Adwords) funciona?<\/span><\/span><\/h2><div class=\"w-text us_custom_eb849559\"><span class=\"w-text-h\"><span class=\"w-text-value\">O Google Ads \u00e9 uma plataforma de publicidade baseada em leil\u00f5es que permite \u00e0s empresas apresentar an\u00fancios na Pesquisa Google, em Web sites, no YouTube e em aplica\u00e7\u00f5es m\u00f3veis. Os anunciantes licitam os posicionamentos de an\u00fancios utilizando diferentes modelos de pre\u00e7os, consoante o tipo e os objectivos da campanha. Ao contr\u00e1rio dos an\u00fancios de pesquisa, que normalmente utilizam um modelo de pagamento por clique (PPC), outros formatos de an\u00fancio, como os an\u00fancios de Display e de V\u00eddeo, podem ser avaliados atrav\u00e9s dos modelos de custo por mil impress\u00f5es (CPM) ou custo por visualiza\u00e7\u00e3o (CPV). Esta flexibilidade permite aos anunciantes otimizar os seus gastos com base em cliques, impress\u00f5es, visualiza\u00e7\u00f5es ou convers\u00f5es.   <\/span><\/span><\/div><div class=\"w-separator size_small\"><\/div><div class=\"g-cols wpb_row via_grid cols_2 laptops-cols_2 tablets-cols_inherit mobiles-cols_1 valign_top type_default stacking_default\" style=\"--columns-gap:3rem;\"><div class=\"wpb_column vc_column_container\"><div class=\"vc_column-inner\"><div class=\"w-hwrapper valign_top align_none\"><div class=\"wpb_text_column\"><div class=\"wpb_wrapper\"><h3>Leil\u00f5es de an\u00fancios e sele\u00e7\u00e3o de palavras-chave<\/h3>\n<p data-start=\"441\" data-end=\"891\">Para os an\u00fancios de pesquisa, os anunciantes licitam palavras-chave que os utilizadores escrevem no Google. Quando ocorre uma pesquisa, o Google executa um leil\u00e3o de an\u00fancios para determinar quais os an\u00fancios que aparecem e por que ordem, com base em factores como o montante da licita\u00e7\u00e3o e a relev\u00e2ncia. <\/p>\n<\/div><\/div><\/div><\/div><\/div><div class=\"wpb_column vc_column_container\"><div class=\"vc_column-inner\"><div class=\"w-hwrapper valign_top align_none\"><div class=\"wpb_text_column\"><div class=\"wpb_wrapper\"><h3>Classifica\u00e7\u00e3o do an\u00fancio e \u00edndice de qualidade<\/h3>\n<p data-start=\"441\" data-end=\"891\">O Google avalia os an\u00fancios com base no valor da licita\u00e7\u00e3o, na relev\u00e2ncia do an\u00fancio, na experi\u00eancia da p\u00e1gina de destino e no envolvimento esperado. Um \u00cdndice de qualidade mais elevado pode levar a custos mais baixos e a melhores posicionamentos. <\/p>\n<\/div><\/div><\/div><\/div><\/div><div class=\"wpb_column vc_column_container\"><div class=\"vc_column-inner\"><div class=\"w-hwrapper valign_top align_none\"><div class=\"wpb_text_column\"><div class=\"wpb_wrapper\"><h3>Sele\u00e7\u00e3o do p\u00fablico-alvo<\/h3>\n<p data-start=\"30\" data-end=\"194\">O Google Ads permite aos anunciantes segmentar os utilizadores com base na localiza\u00e7\u00e3o, dados demogr\u00e1ficos, interesses, comportamento e listas de remarketing para alcan\u00e7ar o p\u00fablico mais relevante.<\/p>\n<p data-start=\"196\" data-end=\"571\">Com a segmenta\u00e7\u00e3o por localiza\u00e7\u00e3o, os an\u00fancios podem ser apresentados a utilizadores em regi\u00f5es espec\u00edficas ou num raio definido. A segmenta\u00e7\u00e3o demogr\u00e1fica refina os p\u00fablicos com base na idade, no sexo ou no n\u00edvel de rendimento. O interesse e a segmenta\u00e7\u00e3o comportamental ajudam a alcan\u00e7ar utilizadores que se envolvem ativamente com t\u00f3picos relacionados, enquanto o remarketing reencontra visitantes anteriores que interagiram com um Web site, uma aplica\u00e7\u00e3o ou um v\u00eddeo.  <\/p>\n<p data-start=\"196\" data-end=\"571\">Ao combinar estas op\u00e7\u00f5es, podes criar campanhas precisas e de elevado desempenho que chegam aos utilizadores certos no momento certo.<\/p>\n<\/div><\/div><\/div><\/div><\/div><div class=\"wpb_column vc_column_container\"><div class=\"vc_column-inner\"><div class=\"w-hwrapper valign_top align_none\"><div class=\"wpb_text_column\"><div class=\"wpb_wrapper\"><h3>Estrat\u00e9gias de licita\u00e7\u00e3o<\/h3>\n<p data-start=\"30\" data-end=\"294\">O Google Ads fornece op\u00e7\u00f5es de lances manuais e autom\u00e1ticos para ajudar os anunciantes a controlar os custos e otimizar o desempenho. Com os lances manuais, os anunciantes definem os seus pr\u00f3prios lances para cliques, impress\u00f5es ou convers\u00f5es, o que lhes d\u00e1 controlo total sobre os gastos. <\/p>\n<p data-start=\"296\" data-end=\"763\">Para uma abordagem mais orientada por dados, a licita\u00e7\u00e3o autom\u00e1tica ajusta as licita\u00e7\u00f5es em tempo real com base na probabilidade de atingir um objetivo. Op\u00e7\u00f5es como Maximizar convers\u00f5es aumentam automaticamente as licita\u00e7\u00f5es para gerar mais convers\u00f5es dentro de um or\u00e7amento definido, enquanto o CPA (Custo por aquisi\u00e7\u00e3o) pretendido visa manter o custo por convers\u00e3o num montante predefinido. O ROAS alvo (Return on Ad Spend) centra-se na otimiza\u00e7\u00e3o das licita\u00e7\u00f5es para gerar as receitas mais elevadas com base em dados hist\u00f3ricos.  <\/p>\n<\/div><\/div><\/div><\/div><\/div><div class=\"wpb_column vc_column_container\"><div class=\"vc_column-inner\"><div class=\"w-hwrapper valign_top align_none\"><div class=\"wpb_text_column\"><div class=\"wpb_wrapper\"><h3>Tipos de campanhas e modelos de pre\u00e7os<\/h3>\n<p data-start=\"1431\" data-end=\"1639\">Outra op\u00e7\u00e3o \u00e9 carregar uma lista personalizada de URLs diretamente no Screaming Frog. Isso pode ser feito colando URLs manualmente ou importando uma lista de um arquivo (como um CSV). Isso \u00e9 especialmente \u00fatil quando:  <\/p>\n<ul data-start=\"1640\" data-end=\"1897\">\n<li data-start=\"1260\" data-end=\"1346\">Os an\u00fancios de pesquisa (PPC &#8211; pagamento por clique) aparecem na Pesquisa Google e s\u00e3o cobrados por clique.<\/li>\n<li data-start=\"1349\" data-end=\"1452\">Os an\u00fancios de visualiza\u00e7\u00e3o (CPM &#8211; custo por mil impress\u00f5es) aparecem nos s\u00edtios Web e s\u00e3o cobrados por impress\u00e3o.<\/li>\n<li data-start=\"1455\" data-end=\"1567\">Os an\u00fancios de v\u00eddeo (CPV &#8211; custo por visualiza\u00e7\u00e3o) no YouTube s\u00e3o cobrados quando um utilizador v\u00ea uma determinada percentagem do v\u00eddeo.<\/li>\n<li data-start=\"1570\" data-end=\"1664\">Os an\u00fancios de compras (CPC &#8211; custo por clique) promovem produtos com imagens e cobram por clique.<\/li>\n<li data-start=\"1667\" data-end=\"1739\">Os an\u00fancios de aplica\u00e7\u00f5es (CPI &#8211; custo por instala\u00e7\u00e3o) centram-se na obten\u00e7\u00e3o de downloads de aplica\u00e7\u00f5es.<\/li>\n<li data-start=\"1640\" data-end=\"1722\">\n<\/li>\n<\/ul>\n<\/div><\/div><\/div><\/div><\/div><div class=\"wpb_column vc_column_container\"><div class=\"vc_column-inner\"><div class=\"w-hwrapper valign_top align_none\"><div class=\"wpb_text_column\"><div class=\"wpb_wrapper\"><h3>Acompanhamento do desempenho<\/h3>\n<p data-start=\"47\" data-end=\"246\">O Google Ads fornece an\u00e1lises em tempo real e controlo de convers\u00f5es, permitindo aos anunciantes medir m\u00e9tricas importantes como as taxas de cliques (CTR), as taxas de convers\u00e3o e o retorno do investimento em publicidade (ROAS).<\/p>\n<p data-start=\"248\" data-end=\"501\">Com o controlo de convers\u00f5es, as empresas podem controlar ac\u00e7\u00f5es como compras, inscri\u00e7\u00f5es ou chamadas para ver quais os an\u00fancios e palavras-chave com melhor desempenho. Os testes A\/B ajudam a comparar diferentes vers\u00f5es de an\u00fancios, p\u00e1ginas de destino e estrat\u00e9gias de licita\u00e7\u00e3o para melhorar os resultados. <\/p>\n<p data-start=\"503\" data-end=\"772\" data-is-last-node=\"\" data-is-only-node=\"\">As ferramentas de otimiza\u00e7\u00e3o automatizadas da Google, como a Licita\u00e7\u00e3o inteligente e o Performance Max, ajustam as licita\u00e7\u00f5es em tempo real para maximizar as convers\u00f5es. Ao analisar continuamente o desempenho e aperfei\u00e7oar as estrat\u00e9gias, os anunciantes podem melhorar a efici\u00eancia e aumentar o retorno do investimento. <\/p>\n<\/div><\/div><\/div><\/div><\/div><\/div><\/div><\/div><\/div><\/div><\/section><section class=\"l-section wpb_row height_small width_custom\" style=\"--site-content-width:900px;\"><div class=\"l-section-h i-cf\"><div class=\"g-cols vc_row via_grid cols_1 laptops-cols_inherit tablets-cols_inherit mobiles-cols_1 valign_top type_default stacking_default\"><div class=\"wpb_column vc_column_container\"><div class=\"vc_column-inner\"><div class=\"wpb_text_column\"><div class=\"wpb_wrapper\"><h2 style=\"text-align: center;\">Como utilizar Google Ads (Adwords) eficazmente?<\/h2>\n<\/div><\/div><div class=\"w-separator size_small\"><\/div><div class=\"wpb_text_column\"><div class=\"wpb_wrapper\"><p data-start=\"56\" data-end=\"375\">Para executar uma campanha de sucesso no Google Ads, as organiza\u00e7\u00f5es devem centrar-se em objectivos claros, numa segmenta\u00e7\u00e3o precisa e numa otimiza\u00e7\u00e3o cont\u00ednua. Os an\u00fancios de pesquisa visam os utilizadores que procuram ativamente produtos, enquanto os an\u00fancios de visualiza\u00e7\u00e3o e de v\u00eddeo ajudam a aumentar o conhecimento da marca. Os an\u00fancios do Shopping s\u00e3o ideais para empresas de com\u00e9rcio eletr\u00f3nico.  <\/p>\n<p data-start=\"377\" data-end=\"647\">Utilizando a segmenta\u00e7\u00e3o por palavras-chave, localiza\u00e7\u00e3o, dados demogr\u00e1ficos e interesses, os anunciantes podem alcan\u00e7ar o p\u00fablico certo. O controlo de convers\u00f5es ajuda a medir o sucesso, enquanto as estrat\u00e9gias de licita\u00e7\u00e3o, como a Licita\u00e7\u00e3o inteligente, optimizam os gastos com an\u00fancios, ajustando as licita\u00e7\u00f5es para um melhor desempenho. <\/p>\n<p data-start=\"649\" data-end=\"900\" data-is-last-node=\"\" data-is-only-node=\"\">Os testes A\/B regulares e os ajustes de campanha melhoram a efici\u00eancia ao longo do tempo. Ao monitorizar o desempenho e aperfei\u00e7oar as estrat\u00e9gias, as organiza\u00e7\u00f5es podem utilizar o Google Ads para atrair tr\u00e1fego de qualidade, aumentar as convers\u00f5es e maximizar o retorno do investimento. <\/p>\n<\/div><\/div><\/div><\/div><\/div><\/div><\/section><section class=\"l-section wpb_row height_auto\"><div class=\"l-section-h i-cf\"><div class=\"g-cols vc_row via_grid cols_1 laptops-cols_inherit tablets-cols_inherit mobiles-cols_1 valign_top type_default stacking_default\"><div class=\"wpb_column vc_column_container\"><div class=\"vc_column-inner\"><div class=\"w-separator size_medium\"><\/div><\/div><\/div><\/div><\/div><\/section><section class=\"l-section wpb_row height_medium width_custom color_primary\" style=\"--site-content-width:750px;\"><div class=\"l-section-h i-cf\"><div class=\"g-cols vc_row via_grid cols_1 laptops-cols_inherit tablets-cols_inherit mobiles-cols_1 valign_middle type_default stacking_default\"><div class=\"wpb_column vc_column_container\"><div class=\"vc_column-inner\"><h2 class=\"w-text us_custom_8fac178d has_text_color\"><span class=\"w-text-h\"><span class=\"w-text-value\">Queres saber mais?<\/span><\/span><\/h2><div class=\"wpb_text_column us_custom_aa7f5b77 has_text_color\"><div class=\"wpb_wrapper\"><p data-start=\"0\" data-end=\"75\">Google Ads (Adwords) \u00e9 uma ferramenta com possibilidades infinitas. Se quiseres conselhos ou precisares de ajuda para come\u00e7ar com Google Ads (Adwords), n\u00e3o hesites em contactar-nos atrav\u00e9s do formul\u00e1rio abaixo<br \/>\nou liga para <i class=\"fas fa-phone\"><\/i> <a href=\"tel:+31651378397\">+31 651378397.<\/a> <\/p>\n<\/div><\/div><div class=\"w-separator size_small\"><\/div>\n<div class=\"wpcf7 no-js us-field-style_1\" id=\"wpcf7-f849-o1\" lang=\"pt-PT\" dir=\"ltr\" data-wpcf7-id=\"849\">\n<div class=\"screen-reader-response\"><p role=\"status\" aria-live=\"polite\" aria-atomic=\"true\"><\/p> <ul><\/ul><\/div>\n<form action=\"\/pt-pt\/wp-json\/wp\/v2\/pages\/609#wpcf7-f849-o1\" method=\"post\" class=\"wpcf7-form init\" aria-label=\"Formul\u00e1rio de contacto\" novalidate=\"novalidate\" data-status=\"init\">\n<fieldset class=\"hidden-fields-container\"><input type=\"hidden\" name=\"_wpcf7\" value=\"849\" \/><input type=\"hidden\" name=\"_wpcf7_version\" value=\"6.1.5\" \/><input type=\"hidden\" name=\"_wpcf7_locale\" value=\"pt_PT\" \/><input type=\"hidden\" name=\"_wpcf7_unit_tag\" value=\"wpcf7-f849-o1\" \/><input type=\"hidden\" name=\"_wpcf7_container_post\" value=\"0\" \/><input type=\"hidden\" name=\"_wpcf7_posted_data_hash\" value=\"\" \/>\n<\/fieldset>\n<p><label> O teu nome<br \/>\n<span class=\"wpcf7-form-control-wrap\" data-name=\"your-name\"><input size=\"40\" maxlength=\"400\" class=\"wpcf7-form-control wpcf7-text wpcf7-validates-as-required\" autocomplete=\"name\" aria-required=\"true\" aria-invalid=\"false\" value=\"\" type=\"text\" name=\"your-name\" \/><\/span> <\/label>\n<\/p>\n<p><label> N\u00famero de telefone (com indicativo do pa\u00eds)<br \/>\n<span class=\"wpcf7-form-control-wrap\" data-name=\"your-phone\"><input size=\"40\" maxlength=\"400\" class=\"wpcf7-form-control wpcf7-tel wpcf7-validates-as-required wpcf7-text wpcf7-validates-as-tel\" autocomplete=\"tel\" aria-required=\"true\" aria-invalid=\"false\" value=\"\" type=\"tel\" name=\"your-phone\" \/><\/span> <\/label>\n<\/p>\n<p><label> Correio eletr\u00f3nico<br \/>\n<span class=\"wpcf7-form-control-wrap\" data-name=\"your-email\"><input size=\"40\" maxlength=\"400\" class=\"wpcf7-form-control wpcf7-email wpcf7-validates-as-required wpcf7-text wpcf7-validates-as-email\" autocomplete=\"email\" aria-required=\"true\" aria-invalid=\"false\" value=\"\" type=\"email\" name=\"your-email\" \/><\/span> <\/label>\n<\/p>\n<p><label> A tua mensagem<br \/>\n<span class=\"wpcf7-form-control-wrap\" data-name=\"your-message\"><textarea cols=\"40\" rows=\"10\" maxlength=\"2000\" class=\"wpcf7-form-control wpcf7-textarea wpcf7-validates-as-required\" aria-required=\"true\" aria-invalid=\"false\" name=\"your-message\"><\/textarea><\/span> <\/label>\n<\/p>\n<p><input class=\"wpcf7-form-control wpcf7-submit has-spinner\" type=\"submit\" value=\"Envia\" \/>\n<\/p><div class=\"wpcf7-response-output\" aria-hidden=\"true\"><\/div>\n<\/form>\n<\/div>\n<\/div><\/div><\/div><\/div><\/section>\n","protected":false},"excerpt":{"rendered":"","protected":false},"author":1,"featured_media":0,"parent":524,"menu_order":0,"comment_status":"closed","ping_status":"closed","template":"","meta":{"_themeisle_gutenberg_block_has_review":false,"footnotes":""},"class_list":["post-609","page","type-page","status-publish","hentry"],"_links":{"self":[{"href":"https:\/\/marketing-extender.com\/pt-pt\/wp-json\/wp\/v2\/pages\/609","targetHints":{"allow":["GET"]}}],"collection":[{"href":"https:\/\/marketing-extender.com\/pt-pt\/wp-json\/wp\/v2\/pages"}],"about":[{"href":"https:\/\/marketing-extender.com\/pt-pt\/wp-json\/wp\/v2\/types\/page"}],"author":[{"embeddable":true,"href":"https:\/\/marketing-extender.com\/pt-pt\/wp-json\/wp\/v2\/users\/1"}],"replies":[{"embeddable":true,"href":"https:\/\/marketing-extender.com\/pt-pt\/wp-json\/wp\/v2\/comments?post=609"}],"version-history":[{"count":10,"href":"https:\/\/marketing-extender.com\/pt-pt\/wp-json\/wp\/v2\/pages\/609\/revisions"}],"predecessor-version":[{"id":657,"href":"https:\/\/marketing-extender.com\/pt-pt\/wp-json\/wp\/v2\/pages\/609\/revisions\/657"}],"up":[{"embeddable":true,"href":"https:\/\/marketing-extender.com\/pt-pt\/wp-json\/wp\/v2\/pages\/524"}],"wp:attachment":[{"href":"https:\/\/marketing-extender.com\/pt-pt\/wp-json\/wp\/v2\/media?parent=609"}],"curies":[{"name":"wp","href":"https:\/\/api.w.org\/{rel}","templated":true}]}}