{"id":573,"date":"2025-03-02T09:59:02","date_gmt":"2025-03-02T09:59:02","guid":{"rendered":"https:\/\/marketing-extender.com\/ferramentas-de-marketing\/classificador-de-sites\/"},"modified":"2025-03-03T09:58:14","modified_gmt":"2025-03-03T09:58:14","slug":"website-grader","status":"publish","type":"page","link":"https:\/\/marketing-extender.com\/pt-pt\/ferramentas-de-marketing\/website-grader\/","title":{"rendered":"Website Grader"},"content":{"rendered":"<section class=\"l-section wpb_row height_auto color_secondary\"><div class=\"l-section-overlay\" style=\"background:#00423C\"><\/div><div class=\"l-section-h i-cf\"><div class=\"g-cols vc_row via_grid cols_1 laptops-cols_inherit tablets-cols_inherit mobiles-cols_1 valign_top type_default stacking_default\"><div class=\"wpb_column vc_column_container\"><div class=\"vc_column-inner\"><div class=\"w-separator size_small\"><\/div><nav class=\"g-breadcrumbs us_custom_107fbc5f has_text_color separator_icon align_left\" itemscope itemtype=\"http:\/\/schema.org\/BreadcrumbList\"><div class=\"g-breadcrumbs-item\" itemscope itemprop=\"itemListElement\" itemtype=\"http:\/\/schema.org\/ListItem\"><a itemprop=\"item\" href=\"https:\/\/marketing-extender.com\/pt-pt\/\"><span itemprop=\"name\">Casa<\/span><\/a><meta itemprop=\"position\" content=\"1\"\/><\/div><div class=\"g-breadcrumbs-separator\"><i class=\"far fa-angle-right\"><\/i><\/div><div class=\"g-breadcrumbs-item\">P\u00e1ginas<\/div><\/nav><div class=\"w-separator size_small\"><\/div><h1 class=\"w-text us_custom_eb849559\"><span class=\"w-text-h\"><span class=\"w-text-value\">Website Grader<\/span><\/span><\/h1><div class=\"w-iconbox us_custom_99682d72 iconpos_top style_default color_custom align_center no_text no_title\"><a href=\"#\" class=\"w-iconbox-link\" aria-label=\"fas|chevron-down\"><div class=\"w-iconbox-icon\" style=\"font-size:4rem;\"><i class=\"fas fa-chevron-down\"><\/i><\/div><\/a><div class=\"w-iconbox-meta\"><\/div><\/div><\/div><\/div><\/div><\/div><\/section><section class=\"l-section wpb_row height_small\"><div class=\"l-section-h i-cf\"><div class=\"g-cols vc_row via_grid cols_2 laptops-cols_inherit tablets-cols_inherit mobiles-cols_1 valign_top type_default stacking_default\" style=\"--columns-gap:4vw;\"><div class=\"wpb_column vc_column_container us_custom_33b9ee00\"><div class=\"vc_column-inner\"><h2 class=\"w-text\"><span class=\"w-text-h\"><span class=\"w-text-value\">O que \u00e9 Website Grader?<\/span><\/span><\/h2><div class=\"w-image align_none\"><div class=\"w-image-h\"><img loading=\"lazy\" decoding=\"async\" width=\"1024\" height=\"523\" src=\"https:\/\/marketing-extender.com\/wp-content\/uploads\/2025\/03\/website-grader-report-1024x523.png\" class=\"attachment-large size-large\" alt=\"Screenshot from a Website Grader report\" loading=\"lazy\" srcset=\"https:\/\/marketing-extender.com\/wp-content\/uploads\/2025\/03\/website-grader-report-1024x523.png 1024w, https:\/\/marketing-extender.com\/wp-content\/uploads\/2025\/03\/website-grader-report-300x153.png 300w, https:\/\/marketing-extender.com\/wp-content\/uploads\/2025\/03\/website-grader-report.png 1908w\" sizes=\"auto, (max-width: 1024px) 100vw, 1024px\" title=\"\"><\/div><\/div><div class=\"wpb_text_column\"><div class=\"wpb_wrapper\"><p style=\"text-align: center;\"><em><a href=\"https:\/\/website.grader.com\/\" target=\"_blank\" rel=\"noopener\">website.grader.com<\/a><\/em><\/p>\n<\/div><\/div><\/div><\/div><div class=\"wpb_column vc_column_container\"><div class=\"vc_column-inner\"><div class=\"wpb_text_column\"><div class=\"wpb_wrapper\"><p data-start=\"35\" data-end=\"533\">O Website Grader \u00e9 uma ferramenta de an\u00e1lise online desenvolvida pela HubSpot que analisa um Web site para identificar \u00e1reas a melhorar. Avalia os principais factores de desempenho, como SEO, seguran\u00e7a, compatibilidade com dispositivos m\u00f3veis e velocidade da p\u00e1gina, fornecendo um relat\u00f3rio detalhado sobre a otimiza\u00e7\u00e3o de um Web site. A ferramenta \u00e9 particularmente \u00fatil para propriet\u00e1rios de empresas, profissionais de marketing e programadores Web que pretendam avaliar rapidamente os pontos fortes e fracos do seu Web site sem necessitar de conhecimentos t\u00e9cnicos aprofundados.<\/p>\n<p data-start=\"535\" data-end=\"841\">Uma das maiores vantagens do Website Grader \u00e9 a sua interface de f\u00e1cil utiliza\u00e7\u00e3o. Ao contr\u00e1rio das complexas ferramentas de auditoria de SEO que requerem conhecimentos avan\u00e7ados, o Website Grader simplifica o processo, atribuindo uma pontua\u00e7\u00e3o a cada categoria e oferecendo recomenda\u00e7\u00f5es claras e acion\u00e1veis para melhorar o desempenho do site.<\/p>\n<\/div><\/div><\/div><\/div><\/div><\/div><\/section><section class=\"l-section wpb_row height_small\"><div class=\"l-section-h i-cf\"><div class=\"g-cols vc_row via_grid cols_1 laptops-cols_inherit tablets-cols_inherit mobiles-cols_1 valign_top type_default stacking_default\"><div class=\"wpb_column vc_column_container\"><div class=\"vc_column-inner\"><h2 class=\"w-text us_custom_b48a3196\"><span class=\"w-text-h\"><span class=\"w-text-value\">Como \u00e9 que Website Grader funciona?<\/span><\/span><\/h2><div class=\"w-text us_custom_eb849559\"><span class=\"w-text-h\"><span class=\"w-text-value\">O Website Grader funciona analisando a p\u00e1gina espec\u00edfica (URL) que introduz, em vez de analisar todo o site. Avalia o desempenho, o SEO, a compatibilidade com dispositivos m\u00f3veis e a seguran\u00e7a dessa p\u00e1gina individual e atribui uma pontua\u00e7\u00e3o para cada categoria. <\/span><\/span><\/div><div class=\"w-separator size_small\"><\/div><div class=\"g-cols wpb_row via_grid cols_2 laptops-cols_2 tablets-cols_inherit mobiles-cols_1 valign_top type_default stacking_default\" style=\"--columns-gap:3rem;\"><div class=\"wpb_column vc_column_container\"><div class=\"vc_column-inner\"><div class=\"w-hwrapper valign_top align_none\"><div class=\"wpb_text_column\"><div class=\"wpb_wrapper\"><h3>Relat\u00f3rio pormenorizado<\/h3>\n<p data-start=\"441\" data-end=\"891\">Quando a verifica\u00e7\u00e3o estiver conclu\u00edda, o Website Grader fornece um relat\u00f3rio detalhado com uma pontua\u00e7\u00e3o geral e pontua\u00e7\u00f5es individuais com base em diferentes factores. O relat\u00f3rio destaca os pontos fortes e fracos, dando-te uma compreens\u00e3o clara do desempenho da p\u00e1gina analisada. Al\u00e9m disso, oferece recomenda\u00e7\u00f5es pr\u00e1ticas sobre como melhorar aspectos espec\u00edficos, tais como otimizar imagens, melhorar a usabilidade m\u00f3vel ou melhorar a velocidade de carregamento da p\u00e1gina.<\/p>\n<\/div><\/div><\/div><\/div><\/div><div class=\"wpb_column vc_column_container\"><div class=\"vc_column-inner\"><div class=\"w-hwrapper valign_top align_none\"><div class=\"wpb_text_column\"><div class=\"wpb_wrapper\"><h3>Digitaliza apenas uma p\u00e1gina<\/h3>\n<p data-start=\"441\" data-end=\"891\">Uma vez que a ferramenta analisa apenas o URL introduzido, \u00e9 \u00fatil para verificar p\u00e1ginas de destino espec\u00edficas, publica\u00e7\u00f5es de blogue ou sec\u00e7\u00f5es-chave de um Web site, em vez de um dom\u00ednio inteiro. Ao utilizar o Website Grader, obt\u00e9m um instant\u00e2neo r\u00e1pido e f\u00e1cil de compreender do desempenho de uma p\u00e1gina, juntamente com informa\u00e7\u00f5es acion\u00e1veis para melhorar a sua efic\u00e1cia.<\/p>\n<\/div><\/div><\/div><\/div><\/div><\/div><\/div><\/div><div class=\"wpb_column vc_column_container\"><div class=\"vc_column-inner\"><h2 class=\"w-text us_custom_b48a3196\"><span class=\"w-text-h\"><span class=\"w-text-value\">O Website Grader \u00e9 gratuito?<\/span><\/span><\/h2><div class=\"wpb_text_column us_custom_1f257949\"><div class=\"wpb_wrapper\"><p>Sim, a utiliza\u00e7\u00e3o do Website Grader \u00e9 totalmente gratuita. Qualquer pessoa pode introduzir um URL e receber um relat\u00f3rio detalhado sobre o desempenho dessa p\u00e1gina espec\u00edfica, SEO, compatibilidade com dispositivos m\u00f3veis e seguran\u00e7a, sem qualquer custo. N\u00e3o \u00e9 necess\u00e1ria qualquer subscri\u00e7\u00e3o ou pagamento para aceder \u00e0s informa\u00e7\u00f5es b\u00e1sicas fornecidas pela ferramenta.<\/p>\n<p>Embora a ferramenta em si seja gratuita, serve como uma ferramenta de gera\u00e7\u00e3o de leads para o HubSpot. Depois de executar uma an\u00e1lise, ver\u00e1s recomenda\u00e7\u00f5es para melhorar o teu Web site, juntamente com uma sugest\u00e3o para utilizar o Hub CMS Hub da HubSpot, que \u00e9 uma plataforma de cria\u00e7\u00e3o de Web sites paga. O Website Grader foi concebido para atrair propriet\u00e1rios de empresas, profissionais de marketing e programadores Web que poder\u00e3o mais tarde considerar a utiliza\u00e7\u00e3o das ferramentas premium da HubSpot.<\/p>\n<\/div><\/div><div class=\"w-separator size_small\"><\/div><\/div><\/div><\/div><\/div><\/section><section class=\"l-section wpb_row height_small width_custom\" style=\"--site-content-width:900px;\"><div class=\"l-section-h i-cf\"><div class=\"g-cols vc_row via_grid cols_1 laptops-cols_inherit tablets-cols_inherit mobiles-cols_1 valign_top type_default stacking_default\"><div class=\"wpb_column vc_column_container\"><div class=\"vc_column-inner\"><div class=\"wpb_text_column\"><div class=\"wpb_wrapper\"><h2 style=\"text-align: center;\">Como utilizar Website Grader de forma eficaz?<\/h2>\n<\/div><\/div><div class=\"w-separator size_small\"><\/div><div class=\"wpb_text_column\"><div class=\"wpb_wrapper\"><p data-start=\"95\" data-end=\"361\">Existem muitas ferramentas que monitorizam os erros do site, mas estas s\u00e3o frequentemente reactivas. Uma das vantagens do Screaming Frog \u00e9 que podes rastrear proactivamente n\u00e3o s\u00f3 um s\u00edtio Web, mas tamb\u00e9m um ambiente de aceita\u00e7\u00e3o ou de prepara\u00e7\u00e3o para detetar e corrigir problemas antes de estes entrarem em funcionamento.<\/p>\n<p data-start=\"363\" data-end=\"581\">Se precisares de substituir o pre\u00e7o de um produto ou o n\u00famero de telefone no teu site, pode ser dif\u00edcil encontrar onde ele aparece. O Screaming Frog permite-te procurar automaticamente por um texto espec\u00edfico em todo o teu site.<\/p>\n<p data-start=\"583\" data-end=\"782\">Se ainda n\u00e3o est\u00e1s familiarizado com express\u00f5es regulares (Regex), pode ser \u00fatil explor\u00e1-las, pois podem ajudar-te a refinar as tuas pesquisas e a melhorar a efici\u00eancia quando usas o Screaming Frog.<\/p>\n<\/div><\/div><\/div><\/div><\/div><\/div><\/section><section class=\"l-section wpb_row height_auto\"><div class=\"l-section-h i-cf\"><div class=\"g-cols vc_row via_grid cols_1 laptops-cols_inherit tablets-cols_inherit mobiles-cols_1 valign_top type_default stacking_default\"><div class=\"wpb_column vc_column_container\"><div class=\"vc_column-inner\"><div class=\"w-separator size_medium\"><\/div><\/div><\/div><\/div><\/div><\/section><section class=\"l-section wpb_row height_medium width_custom color_primary\" style=\"--site-content-width:750px;\"><div class=\"l-section-h i-cf\"><div class=\"g-cols vc_row via_grid cols_1 laptops-cols_inherit tablets-cols_inherit mobiles-cols_1 valign_middle type_default stacking_default\"><div class=\"wpb_column vc_column_container\"><div class=\"vc_column-inner\"><h2 class=\"w-text us_custom_8fac178d has_text_color\"><span class=\"w-text-h\"><span class=\"w-text-value\">Queres saber mais?<\/span><\/span><\/h2><div class=\"wpb_text_column us_custom_aa7f5b77 has_text_color\"><div class=\"wpb_wrapper\"><p data-start=\"0\" data-end=\"75\">Website Grader \u00e9 uma ferramenta com possibilidades infinitas. Se quiseres conselhos ou precisares de ajuda para come\u00e7ar com Website Grader, n\u00e3o hesites em contactar-nos atrav\u00e9s do formul\u00e1rio abaixo<br \/>\nou liga para <i class=\"fas fa-phone\"><\/i> <a href=\"tel:+31651378397\">+31 651378397.<\/a><\/p>\n<\/div><\/div><div class=\"w-separator size_small\"><\/div>\n<div class=\"wpcf7 no-js us-field-style_1\" id=\"wpcf7-f849-o1\" lang=\"pt-PT\" dir=\"ltr\" data-wpcf7-id=\"849\">\n<div class=\"screen-reader-response\"><p role=\"status\" aria-live=\"polite\" aria-atomic=\"true\"><\/p> <ul><\/ul><\/div>\n<form action=\"\/pt-pt\/wp-json\/wp\/v2\/pages\/573#wpcf7-f849-o1\" method=\"post\" class=\"wpcf7-form init\" aria-label=\"Formul\u00e1rio de contacto\" novalidate=\"novalidate\" data-status=\"init\">\n<fieldset class=\"hidden-fields-container\"><input type=\"hidden\" name=\"_wpcf7\" value=\"849\" \/><input type=\"hidden\" name=\"_wpcf7_version\" value=\"6.1.5\" \/><input type=\"hidden\" name=\"_wpcf7_locale\" value=\"pt_PT\" \/><input type=\"hidden\" name=\"_wpcf7_unit_tag\" value=\"wpcf7-f849-o1\" \/><input type=\"hidden\" name=\"_wpcf7_container_post\" value=\"0\" \/><input type=\"hidden\" name=\"_wpcf7_posted_data_hash\" value=\"\" \/>\n<\/fieldset>\n<p><label> O teu nome<br \/>\n<span class=\"wpcf7-form-control-wrap\" data-name=\"your-name\"><input size=\"40\" maxlength=\"400\" class=\"wpcf7-form-control wpcf7-text wpcf7-validates-as-required\" autocomplete=\"name\" aria-required=\"true\" aria-invalid=\"false\" value=\"\" type=\"text\" name=\"your-name\" \/><\/span> <\/label>\n<\/p>\n<p><label> N\u00famero de telefone (com indicativo do pa\u00eds)<br \/>\n<span class=\"wpcf7-form-control-wrap\" data-name=\"your-phone\"><input size=\"40\" maxlength=\"400\" class=\"wpcf7-form-control wpcf7-tel wpcf7-validates-as-required wpcf7-text wpcf7-validates-as-tel\" autocomplete=\"tel\" aria-required=\"true\" aria-invalid=\"false\" value=\"\" type=\"tel\" name=\"your-phone\" \/><\/span> <\/label>\n<\/p>\n<p><label> Correio eletr\u00f3nico<br \/>\n<span class=\"wpcf7-form-control-wrap\" data-name=\"your-email\"><input size=\"40\" maxlength=\"400\" class=\"wpcf7-form-control wpcf7-email wpcf7-validates-as-required wpcf7-text wpcf7-validates-as-email\" autocomplete=\"email\" aria-required=\"true\" aria-invalid=\"false\" value=\"\" type=\"email\" name=\"your-email\" \/><\/span> <\/label>\n<\/p>\n<p><label> A tua mensagem<br \/>\n<span class=\"wpcf7-form-control-wrap\" data-name=\"your-message\"><textarea cols=\"40\" rows=\"10\" maxlength=\"2000\" class=\"wpcf7-form-control wpcf7-textarea wpcf7-validates-as-required\" aria-required=\"true\" aria-invalid=\"false\" name=\"your-message\"><\/textarea><\/span> <\/label>\n<\/p>\n<p><input class=\"wpcf7-form-control wpcf7-submit has-spinner\" type=\"submit\" value=\"Envia\" \/>\n<\/p><div class=\"wpcf7-response-output\" aria-hidden=\"true\"><\/div>\n<\/form>\n<\/div>\n<\/div><\/div><\/div><\/div><\/section>\n","protected":false},"excerpt":{"rendered":"","protected":false},"author":1,"featured_media":0,"parent":524,"menu_order":0,"comment_status":"closed","ping_status":"closed","template":"","meta":{"_themeisle_gutenberg_block_has_review":false,"footnotes":""},"class_list":["post-573","page","type-page","status-publish","hentry"],"_links":{"self":[{"href":"https:\/\/marketing-extender.com\/pt-pt\/wp-json\/wp\/v2\/pages\/573","targetHints":{"allow":["GET"]}}],"collection":[{"href":"https:\/\/marketing-extender.com\/pt-pt\/wp-json\/wp\/v2\/pages"}],"about":[{"href":"https:\/\/marketing-extender.com\/pt-pt\/wp-json\/wp\/v2\/types\/page"}],"author":[{"embeddable":true,"href":"https:\/\/marketing-extender.com\/pt-pt\/wp-json\/wp\/v2\/users\/1"}],"replies":[{"embeddable":true,"href":"https:\/\/marketing-extender.com\/pt-pt\/wp-json\/wp\/v2\/comments?post=573"}],"version-history":[{"count":16,"href":"https:\/\/marketing-extender.com\/pt-pt\/wp-json\/wp\/v2\/pages\/573\/revisions"}],"predecessor-version":[{"id":1029,"href":"https:\/\/marketing-extender.com\/pt-pt\/wp-json\/wp\/v2\/pages\/573\/revisions\/1029"}],"up":[{"embeddable":true,"href":"https:\/\/marketing-extender.com\/pt-pt\/wp-json\/wp\/v2\/pages\/524"}],"wp:attachment":[{"href":"https:\/\/marketing-extender.com\/pt-pt\/wp-json\/wp\/v2\/media?parent=573"}],"curies":[{"name":"wp","href":"https:\/\/api.w.org\/{rel}","templated":true}]}}