{"id":565,"date":"2025-03-02T09:30:42","date_gmt":"2025-03-02T09:30:42","guid":{"rendered":"https:\/\/marketing-extender.com\/publicidade-em-video\/"},"modified":"2025-03-02T15:43:32","modified_gmt":"2025-03-02T15:43:32","slug":"publicidade-em-video","status":"publish","type":"page","link":"https:\/\/marketing-extender.com\/pt-pt\/disciplinas\/publicidade-em-video\/","title":{"rendered":"Publicidade em v\u00eddeo"},"content":{"rendered":"<section class=\"l-section wpb_row height_auto color_secondary\"><div class=\"l-section-overlay\" style=\"background:#00423C\"><\/div><div class=\"l-section-h i-cf\"><div class=\"g-cols vc_row via_grid cols_1 laptops-cols_inherit tablets-cols_inherit mobiles-cols_1 valign_top type_default stacking_default\"><div class=\"wpb_column vc_column_container\"><div class=\"vc_column-inner\"><div class=\"w-separator size_small\"><\/div><nav class=\"g-breadcrumbs us_custom_107fbc5f has_text_color separator_icon align_left\" itemscope itemtype=\"http:\/\/schema.org\/BreadcrumbList\"><div class=\"g-breadcrumbs-item\" itemscope itemprop=\"itemListElement\" itemtype=\"http:\/\/schema.org\/ListItem\"><a itemprop=\"item\" href=\"https:\/\/marketing-extender.com\/pt-pt\/\"><span itemprop=\"name\">Casa<\/span><\/a><meta itemprop=\"position\" content=\"1\"\/><\/div><div class=\"g-breadcrumbs-separator\"><i class=\"far fa-angle-right\"><\/i><\/div><div class=\"g-breadcrumbs-item\">P\u00e1ginas<\/div><\/nav><div class=\"w-separator size_small\"><\/div><h1 class=\"w-text us_custom_eb849559\"><span class=\"w-text-h\"><span class=\"w-text-value\">Publicidade em v\u00eddeo<\/span><\/span><\/h1><div class=\"w-separator size_small\"><\/div><div class=\"w-iconbox us_custom_99682d72 iconpos_top style_default color_custom align_center no_text no_title\"><a href=\"#\" class=\"w-iconbox-link\" aria-label=\"fas|chevron-down\"><div class=\"w-iconbox-icon\" style=\"font-size:4rem;\"><i class=\"fas fa-chevron-down\"><\/i><\/div><\/a><div class=\"w-iconbox-meta\"><\/div><\/div><\/div><\/div><\/div><\/div><\/section><section class=\"l-section wpb_row height_small\"><div class=\"l-section-h i-cf\"><div class=\"g-cols vc_row via_grid cols_2 laptops-cols_inherit tablets-cols_inherit mobiles-cols_1 valign_top type_default stacking_default\" style=\"--columns-gap:4vw;\"><div class=\"wpb_column vc_column_container us_custom_33b9ee00\"><div class=\"vc_column-inner\"><h2 class=\"w-text\"><span class=\"w-text-h\"><span class=\"w-text-value\">O que \u00e9 Publicidade em v\u00eddeo?<\/span><\/span><\/h2><\/div><\/div><div class=\"wpb_column vc_column_container\"><div class=\"vc_column-inner\"><div class=\"wpb_text_column\"><div class=\"wpb_wrapper\"><p data-start=\"0\" data-end=\"470\">A publicidade em v\u00eddeo evoluiu significativamente ao longo dos anos. No passado, referia-se principalmente a an\u00fancios de televis\u00e3o que eram transmitidos a uma vasta audi\u00eancia durante a programa\u00e7\u00e3o. A produ\u00e7\u00e3o destes an\u00fancios era muitas vezes dispendiosa e exigia grandes or\u00e7amentos para o tempo de antena. No entanto, com o surgimento das plataformas digitais e dos servi\u00e7os de streaming, a publicidade em v\u00eddeo passou a ser feita principalmente nos canais online, oferecendo mais flexibilidade, melhor segmenta\u00e7\u00e3o e resultados mensur\u00e1veis.   <\/p>\n<p data-start=\"472\" data-end=\"919\">Atualmente, os an\u00fancios em v\u00eddeo online podem ser apresentados em v\u00e1rios formatos e locais, o que os torna uma ferramenta essencial para as empresas que pretendem alcan\u00e7ar o seu p\u00fablico de forma eficaz. Os an\u00fancios em v\u00eddeo podem ser apresentados num banner de visualiza\u00e7\u00e3o, onde \u00e9 incorporado um pequeno v\u00eddeo para captar a aten\u00e7\u00e3o do espetador. Tamb\u00e9m podem ser colocados num fluxo de v\u00eddeo, por exemplo, antes, durante ou depois de um v\u00eddeo em plataformas como o YouTube, nas redes sociais ou em servi\u00e7os de v\u00eddeo a pedido.  <\/p>\n<p data-start=\"921\" data-end=\"1246\">Al\u00e9m disso, os an\u00fancios em v\u00eddeo s\u00e3o normalmente utilizados nos feeds das redes sociais, onde s\u00e3o reproduzidos automaticamente \u00e0 medida que os utilizadores percorrem as suas linhas de tempo. As marcas tamb\u00e9m colaboram com influenciadores e criadores de conte\u00fados, integrando naturalmente os seus an\u00fancios em v\u00eddeo em conte\u00fados patrocinados para interagir com p\u00fablicos-alvo espec\u00edficos de uma forma mais aut\u00eantica. <\/p>\n<\/div><\/div><\/div><\/div><\/div><\/div><\/section><section class=\"l-section wpb_row height_small\"><div class=\"l-section-h i-cf\"><div class=\"g-cols vc_row via_grid cols_1 laptops-cols_inherit tablets-cols_inherit mobiles-cols_1 valign_top type_default stacking_default\"><div class=\"wpb_column vc_column_container\"><div class=\"vc_column-inner\"><h2 class=\"w-text us_custom_b48a3196\"><span class=\"w-text-h\"><span class=\"w-text-value\">Como \u00e9 que Publicidade em v\u00eddeo funciona?<\/span><\/span><\/h2><div class=\"w-text us_custom_eb849559\"><span class=\"w-text-h\"><span class=\"w-text-value\">H\u00e1 muitos aspectos que Publicidade em v\u00eddeo abrange. Eis alguns exemplos: <\/span><\/span><\/div><div class=\"w-separator size_small\"><\/div><div class=\"g-cols wpb_row via_grid cols_2 laptops-cols_2 tablets-cols_inherit mobiles-cols_1 valign_top type_default stacking_default\" style=\"--columns-gap:3rem;\"><div class=\"wpb_column vc_column_container\"><div class=\"vc_column-inner\"><div class=\"w-hwrapper valign_top align_none\"><div class=\"wpb_text_column\"><div class=\"wpb_wrapper\"><h3>Licita\u00e7\u00f5es e neg\u00f3cios<\/h3>\n<p data-start=\"29\" data-end=\"420\">No passado, os anunciantes faziam acordos diretos com editores ou plataformas de v\u00eddeo e forneciam um an\u00fancio em v\u00eddeo para ser reproduzido antes, durante ou depois do conte\u00fado. Com o tempo, o processo de compra de espa\u00e7o publicit\u00e1rio para an\u00fancios em v\u00eddeo foi automatizado atrav\u00e9s de v\u00e1rias ferramentas de publicidade digital. Isto tamb\u00e9m se aplica aos acordos diretos que continuam a ser celebrados entre anunciantes e fornecedores de conte\u00fados de v\u00eddeo.  <\/p>\n<p data-start=\"422\" data-end=\"1104\">A maioria dos anunciantes utiliza ferramentas como o Google Ads para anunciar no YouTube, o Facebook Ads para anunciar no Facebook e no Instagram ou plataformas de publicidade program\u00e1tica para gerir a coloca\u00e7\u00e3o de an\u00fancios em v\u00eddeo em v\u00e1rios s\u00edtios Web, aplica\u00e7\u00f5es e servi\u00e7os de streaming. Estas ferramentas permitem que os anunciantes criem uma estrutura com campanhas e grupos de an\u00fancios, onde podem definir op\u00e7\u00f5es de segmenta\u00e7\u00e3o, como o tipo de conte\u00fado em que o an\u00fancio de v\u00eddeo deve aparecer ou o tipo de utilizadores que devem ver o an\u00fancio. Os anunciantes tamb\u00e9m podem definir estrat\u00e9gias de licita\u00e7\u00e3o para controlar o seu or\u00e7amento e maximizar o desempenho com base no envolvimento, nas visualiza\u00e7\u00f5es ou nas convers\u00f5es.  <\/p>\n<p data-start=\"1106\" data-end=\"1268\" data-is-last-node=\"\" data-is-only-node=\"\">Ao tirar partido destas ferramentas, os anunciantes ganham mais flexibilidade, melhores op\u00e7\u00f5es de segmenta\u00e7\u00e3o e maior efici\u00eancia para atingir o p\u00fablico-alvo desejado com an\u00fancios em v\u00eddeo.<\/p>\n<\/div><\/div><\/div><\/div><\/div><div class=\"wpb_column vc_column_container\"><div class=\"vc_column-inner\"><div class=\"w-hwrapper valign_top align_none\"><div class=\"wpb_text_column\"><div class=\"wpb_wrapper\"><h3>Diferentes modelos de pre\u00e7os<\/h3>\n<p>Existem diferentes modelos de pre\u00e7os para a publicidade em v\u00eddeo. Os mais comuns s\u00e3o: <\/p>\n<ul>\n<li>Custo por visualiza\u00e7\u00e3o (CPV): Pagas quando um utilizador v\u00ea uma determinada parte do teu an\u00fancio de v\u00eddeo. Em plataformas como o YouTube, normalmente pagas quando um utilizador v\u00ea pelo menos 30 segundos de um an\u00fancio que pode ser saltado ou interage com ele. No entanto, se o teu an\u00fancio em v\u00eddeo tiver uma dura\u00e7\u00e3o inferior a 30 segundos, s\u00f3 \u00e9s cobrado quando um utilizador v\u00ea, pelo menos, 75% do an\u00fancio. Por exemplo, se o teu an\u00fancio tiver 20 segundos de dura\u00e7\u00e3o, s\u00f3 pagar\u00e1s quando um espetador vir pelo menos 15 segundos do mesmo.   <\/li>\n<li>Custo por 1000 impress\u00f5es (CPM): Pagas por 1000 impress\u00f5es do teu an\u00fancio de v\u00eddeo, independentemente de algu\u00e9m ver o v\u00eddeo completo ou interagir com ele. A abreviatura significa &#8220;Custo por Milha&#8221;. <\/li>\n<li>Custo por visualiza\u00e7\u00e3o conclu\u00edda (CPCV): S\u00f3 pagas quando um utilizador v\u00ea todo o an\u00fancio de v\u00eddeo, o que \u00e9 particularmente \u00fatil para garantir o envolvimento total com o teu conte\u00fado.<\/li>\n<li>Custo por clique (CPC): Pagas quando um utilizador clica no teu an\u00fancio de v\u00eddeo, conduzindo-o ao teu Web site ou p\u00e1gina de destino.<\/li>\n<\/ul>\n<\/div><\/div><\/div><\/div><\/div><div class=\"wpb_column vc_column_container\"><div class=\"vc_column-inner\"><div class=\"w-hwrapper valign_top align_none\"><div class=\"wpb_text_column\"><div class=\"wpb_wrapper\"><h3>Segmenta\u00e7\u00e3o na publicidade em v\u00eddeo<\/h3>\n<p data-start=\"42\" data-end=\"342\">Um dos aspectos mais poderosos da publicidade em v\u00eddeo \u00e9 a capacidade de atingir o p\u00fablico certo no momento certo. Ao contr\u00e1rio dos an\u00fancios televisivos tradicionais, que s\u00e3o transmitidos a uma vasta audi\u00eancia, os an\u00fancios em v\u00eddeo online permitem aos anunciantes afinar a sua segmenta\u00e7\u00e3o e enviar mensagens a grupos de utilizadores espec\u00edficos. Alguns exemplos para atingir os espectadores de forma eficaz:  <\/p>\n<ul data-start=\"401\" data-end=\"1696\">\n<li data-start=\"401\" data-end=\"562\">Segmenta\u00e7\u00e3o demogr\u00e1fica: Alcan\u00e7a os utilizadores com base na idade, sexo, rendimento, n\u00edvel de educa\u00e7\u00e3o ou fase de vida, garantindo que o teu an\u00fancio em v\u00eddeo \u00e9 relevante para o seu perfil.<\/li>\n<li data-start=\"563\" data-end=\"751\">Segmenta\u00e7\u00e3o baseada em interesses: Mostra an\u00fancios a utilizadores que tenham demonstrado interesse em determinados t\u00f3picos atrav\u00e9s do seu hist\u00f3rico de visualiza\u00e7\u00e3o, comportamento de navega\u00e7\u00e3o ou envolvimento com conte\u00fado relacionado.<\/li>\n<li data-start=\"752\" data-end=\"978\">Segmenta\u00e7\u00e3o contextual: Coloca an\u00fancios ao lado de conte\u00fado de v\u00eddeo relevante, garantindo que a tua mensagem est\u00e1 alinhada com os temas ou palavras-chave do v\u00eddeo que est\u00e1 a ser visto. Por exemplo, um an\u00fancio de viagens que aparece antes de um vlog de f\u00e9rias. <\/li>\n<li data-start=\"979\" data-end=\"1191\">Segmenta\u00e7\u00e3o geogr\u00e1fica: Apresenta an\u00fancios de v\u00eddeo a utilizadores em locais espec\u00edficos, quer se trate de um pa\u00eds, de uma cidade ou mesmo de uma pequena \u00e1rea local. Isto \u00e9 particularmente \u00fatil para empresas locais ou campanhas espec\u00edficas de uma regi\u00e3o. <\/li>\n<li data-start=\"1192\" data-end=\"1343\">Remarketing: Volta a envolver os utilizadores que interagiram anteriormente com o teu website, aplica\u00e7\u00e3o ou conte\u00fado de v\u00eddeo, aumentando as hip\u00f3teses de convers\u00e3o.<\/li>\n<li data-start=\"1344\" data-end=\"1515\">Sele\u00e7\u00e3o de dispositivos: Optimiza as campanhas escolhendo o local onde o an\u00fancio \u00e9 apresentado, seja em smartphones, tablets, computadores de secret\u00e1ria ou mesmo em smart TVs, para corresponder ao comportamento de visualiza\u00e7\u00e3o.<\/li>\n<li data-start=\"1516\" data-end=\"1696\">Direcionamento comportamental: Utiliza dados sobre as intera\u00e7\u00f5es anteriores dos utilizadores, como pesquisas, visualiza\u00e7\u00f5es de v\u00eddeos ou compras online, para apresentar an\u00fancios \u00e0queles que t\u00eam maior probabilidade de se envolverem.<\/li>\n<\/ul>\n<p data-start=\"1698\" data-end=\"1873\" data-is-last-node=\"\" data-is-only-node=\"\">Ao combinar estas estrat\u00e9gias de segmenta\u00e7\u00e3o, os anunciantes podem garantir que os seus an\u00fancios de v\u00eddeo s\u00e3o apresentados ao p\u00fablico mais relevante, melhorando o envolvimento e o desempenho da campanha.<\/p>\n<\/div><\/div><\/div><\/div><\/div><div class=\"wpb_column vc_column_container\"><div class=\"vc_column-inner\"><div class=\"w-hwrapper valign_top align_none\"><div class=\"wpb_text_column\"><div class=\"wpb_wrapper\"><h3>Otimiza\u00e7\u00e3o da IA<\/h3>\n<p data-start=\"35\" data-end=\"317\">A Intelig\u00eancia Artificial est\u00e1 a transformar a publicidade em v\u00eddeo, tornando as campanhas mais eficientes, personalizadas e orientadas para os dados. Com ferramentas baseadas em IA, os anunciantes podem otimizar os an\u00fancios em v\u00eddeo em tempo real, garantindo que a mensagem certa chega ao p\u00fablico certo no momento perfeito. <\/p>\n<p data-start=\"319\" data-end=\"366\">Eis como a IA est\u00e1 a melhorar a publicidade em v\u00eddeo:<\/p>\n<ul data-start=\"368\" data-end=\"1400\">\n<li data-start=\"368\" data-end=\"509\">Licita\u00e7\u00e3o inteligente: A IA ajusta automaticamente as licita\u00e7\u00f5es dos an\u00fancios de v\u00eddeo para maximizar as visualiza\u00e7\u00f5es, o envolvimento ou as convers\u00f5es, sem ultrapassar o or\u00e7amento.<\/li>\n<li data-start=\"510\" data-end=\"700\">Previs\u00e3o do p\u00fablico: Ao analisar o comportamento do utilizador, a IA pode prever quais os espectadores com maior probabilidade de ver o an\u00fancio completo, clicar ou agir, permitindo uma segmenta\u00e7\u00e3o mais inteligente.<\/li>\n<li data-start=\"701\" data-end=\"872\">Personaliza\u00e7\u00e3o de an\u00fancios: A IA ajusta dinamicamente o conte\u00fado do v\u00eddeo com base nos interesses, localiza\u00e7\u00e3o ou intera\u00e7\u00f5es anteriores do utilizador, tornando os an\u00fancios mais relevantes e envolventes.<\/li>\n<li data-start=\"873\" data-end=\"1061\">Edi\u00e7\u00e3o baseada no desempenho: A IA testa diferentes vers\u00f5es de um an\u00fancio em v\u00eddeo, como varia\u00e7\u00f5es de locu\u00e7\u00f5es, sobreposi\u00e7\u00f5es de texto ou chamadas para a\u00e7\u00e3o, e d\u00e1 prioridade \u00e0s vers\u00f5es com melhor desempenho.<\/li>\n<li data-start=\"1062\" data-end=\"1218\">Preven\u00e7\u00e3o de fraudes: A IA detecta e evita visualiza\u00e7\u00f5es de an\u00fancios fraudulentas ou tr\u00e1fego de bots, garantindo que os anunciantes pagam apenas por impress\u00f5es reais e valiosas.<\/li>\n<li data-start=\"1219\" data-end=\"1400\">Legendas automatizadas e otimiza\u00e7\u00e3o: Com muitos utilizadores a verem v\u00eddeos sem som, a IA pode gerar legendas autom\u00e1ticas, garantindo que a mensagem \u00e9 compreendida sem som.<\/li>\n<\/ul>\n<p data-start=\"1402\" data-end=\"1598\" data-is-last-node=\"\" data-is-only-node=\"\">Ao integrar a IA na publicidade em v\u00eddeo, as marcas podem reduzir o desperd\u00edcio de publicidade, melhorar a precis\u00e3o da segmenta\u00e7\u00e3o e aumentar o envolvimento dos espectadores, conduzindo a campanhas mais bem sucedidas e rent\u00e1veis.<\/p>\n<\/div><\/div><\/div><\/div><\/div><\/div><\/div><\/div><\/div><\/div><\/section><section class=\"l-section wpb_row height_small width_custom\" style=\"--site-content-width:900px;\"><div class=\"l-section-h i-cf\"><div class=\"g-cols vc_row via_grid cols_1 laptops-cols_inherit tablets-cols_inherit mobiles-cols_1 valign_top type_default stacking_default\"><div class=\"wpb_column vc_column_container\"><div class=\"vc_column-inner\"><div class=\"wpb_text_column\"><div class=\"wpb_wrapper\"><h2 style=\"text-align: center;\">Como utilizar Publicidade em v\u00eddeo eficazmente?<\/h2>\n<\/div><\/div><\/div><\/div><\/div><\/div><\/section><section class=\"l-section wpb_row height_auto\"><div class=\"l-section-h i-cf\"><div class=\"g-cols vc_row via_grid cols_1 laptops-cols_inherit tablets-cols_inherit mobiles-cols_1 valign_top type_default stacking_default\"><div class=\"wpb_column vc_column_container\"><div class=\"vc_column-inner\"><div class=\"wpb_text_column\"><div class=\"wpb_wrapper\"><p data-start=\"794\" data-end=\"1267\">Antes de criar ou encomendar um v\u00eddeo, determina o objetivo da tua campanha de an\u00fancios em v\u00eddeo. Se estiveres a planear uma campanha em grande escala para aumentar o conhecimento da marca, pode valer a pena investir mais tempo e dinheiro num v\u00eddeo de alta qualidade. No entanto, se o v\u00eddeo se destinar a remarketing, pode ser mais eficaz criar uma vers\u00e3o de baixo custo com varia\u00e7\u00f5es adaptadas a diferentes segmentos de p\u00fablico e fases do funil.  <\/p>\n<p data-start=\"1269\" data-end=\"1429\">Para tirar o m\u00e1ximo proveito da publicidade em v\u00eddeo, \u00e9 uma boa ideia testar v\u00e1rias varia\u00e7\u00f5es. \u00c9 aqui que entra em jogo <a href=\"https:\/\/marketingextender.com\/disciplines\/cro-conversion-rate-optimization\/\" target=\"_blank\" rel=\"noopener\">a otimiza\u00e7\u00e3o da taxa de convers\u00e3o (CRO)<\/a>. <\/p>\n<p data-start=\"1431\" data-end=\"1659\" data-is-last-node=\"\" data-is-only-node=\"\">Cada vez mais an\u00fancios de v\u00eddeo come\u00e7am com o som desligado por predefini\u00e7\u00e3o. Tem isto em conta quando criares o teu an\u00fancio. Podes tornar o v\u00eddeo suficientemente claro para ser compreendido sem som ou adicionar legendas para os utilizadores que o v\u00eaem sem \u00e1udio.  <\/p>\n<\/div><\/div><div class=\"g-cols wpb_row via_grid cols_1 laptops-cols_inherit tablets-cols_inherit mobiles-cols_1 valign_top type_default stacking_default\" style=\"--columns-gap:3rem;\"><div class=\"wpb_column vc_column_container\"><div class=\"vc_column-inner\"><\/div><\/div><\/div><h2 class=\"w-text us_custom_eb849559\"><span class=\"w-text-h\"><span class=\"w-text-value\">Que tipos de formatos de an\u00fancios em v\u00eddeo est\u00e3o dispon\u00edveis?<\/span><\/span><\/h2><div class=\"wpb_text_column\"><div class=\"wpb_wrapper\"><p data-start=\"503\" data-end=\"635\">Quando publicitas no Youtube atrav\u00e9s do Google Ads, est\u00e3o dispon\u00edveis os seguintes formatos de an\u00fancios em v\u00eddeo:<\/p>\n<ul data-start=\"637\" data-end=\"792\">\n<li data-start=\"637\" data-end=\"671\">An\u00fancios InStream n\u00e3o salt\u00e1veis<\/li>\n<li data-start=\"672\" data-end=\"702\">An\u00fancios InStream que podem ser saltados<\/li>\n<li data-start=\"703\" data-end=\"730\">An\u00fancios de descoberta de v\u00eddeo<\/li>\n<li data-start=\"731\" data-end=\"749\">An\u00fancios de para-choques<\/li>\n<li data-start=\"750\" data-end=\"771\">An\u00fancios de outstream<\/li>\n<li data-start=\"772\" data-end=\"792\">An\u00fancios de cabe\u00e7alho<\/li>\n<\/ul>\n<\/div><\/div><div class=\"w-separator size_medium\"><\/div><\/div><\/div><\/div><\/div><\/section><section class=\"l-section wpb_row height_medium width_custom color_primary\" style=\"--site-content-width:750px;\"><div class=\"l-section-h i-cf\"><div class=\"g-cols vc_row via_grid cols_1 laptops-cols_inherit tablets-cols_inherit mobiles-cols_1 valign_middle type_default stacking_default\"><div class=\"wpb_column vc_column_container\"><div class=\"vc_column-inner\"><h2 class=\"w-text us_custom_8fac178d has_text_color\"><span class=\"w-text-h\"><span class=\"w-text-value\">Queres saber mais?<\/span><\/span><\/h2><div class=\"wpb_text_column us_custom_aa7f5b77 has_text_color\"><div class=\"wpb_wrapper\"><p data-start=\"0\" data-end=\"75\">{{the_title} \u00e9 um tema vasto com infinitas possibilidades. Se quiseres conselhos ou precisares de ajuda para o implementar na tua organiza\u00e7\u00e3o, n\u00e3o hesites em contactar-nos atrav\u00e9s do formul\u00e1rio abaixo <br \/>ou liga para   <i class=\"fas fa-phone\"><\/i><a href=\"tel:+31651378397\">+31 651378397.<\/a><\/p>\n<\/div><\/div><div class=\"w-separator size_small\"><\/div>\n<div class=\"wpcf7 no-js us-field-style_1\" id=\"wpcf7-f849-o1\" lang=\"pt-PT\" dir=\"ltr\" data-wpcf7-id=\"849\">\n<div class=\"screen-reader-response\"><p role=\"status\" aria-live=\"polite\" aria-atomic=\"true\"><\/p> <ul><\/ul><\/div>\n<form action=\"\/pt-pt\/wp-json\/wp\/v2\/pages\/565#wpcf7-f849-o1\" method=\"post\" class=\"wpcf7-form init\" aria-label=\"Formul\u00e1rio de contacto\" novalidate=\"novalidate\" data-status=\"init\">\n<fieldset class=\"hidden-fields-container\"><input type=\"hidden\" name=\"_wpcf7\" value=\"849\" \/><input type=\"hidden\" name=\"_wpcf7_version\" value=\"6.1.5\" \/><input type=\"hidden\" name=\"_wpcf7_locale\" value=\"pt_PT\" \/><input type=\"hidden\" name=\"_wpcf7_unit_tag\" value=\"wpcf7-f849-o1\" \/><input type=\"hidden\" name=\"_wpcf7_container_post\" value=\"0\" \/><input type=\"hidden\" name=\"_wpcf7_posted_data_hash\" value=\"\" \/>\n<\/fieldset>\n<p><label> O teu nome<br \/>\n<span class=\"wpcf7-form-control-wrap\" data-name=\"your-name\"><input size=\"40\" maxlength=\"400\" class=\"wpcf7-form-control wpcf7-text wpcf7-validates-as-required\" autocomplete=\"name\" aria-required=\"true\" aria-invalid=\"false\" value=\"\" type=\"text\" name=\"your-name\" \/><\/span> <\/label>\n<\/p>\n<p><label> N\u00famero de telefone (com indicativo do pa\u00eds)<br \/>\n<span class=\"wpcf7-form-control-wrap\" data-name=\"your-phone\"><input size=\"40\" maxlength=\"400\" class=\"wpcf7-form-control wpcf7-tel wpcf7-validates-as-required wpcf7-text wpcf7-validates-as-tel\" autocomplete=\"tel\" aria-required=\"true\" aria-invalid=\"false\" value=\"\" type=\"tel\" name=\"your-phone\" \/><\/span> <\/label>\n<\/p>\n<p><label> Correio eletr\u00f3nico<br \/>\n<span class=\"wpcf7-form-control-wrap\" data-name=\"your-email\"><input size=\"40\" maxlength=\"400\" class=\"wpcf7-form-control wpcf7-email wpcf7-validates-as-required wpcf7-text wpcf7-validates-as-email\" autocomplete=\"email\" aria-required=\"true\" aria-invalid=\"false\" value=\"\" type=\"email\" name=\"your-email\" \/><\/span> <\/label>\n<\/p>\n<p><label> A tua mensagem<br \/>\n<span class=\"wpcf7-form-control-wrap\" data-name=\"your-message\"><textarea cols=\"40\" rows=\"10\" maxlength=\"2000\" class=\"wpcf7-form-control wpcf7-textarea wpcf7-validates-as-required\" aria-required=\"true\" aria-invalid=\"false\" name=\"your-message\"><\/textarea><\/span> <\/label>\n<\/p>\n<p><input class=\"wpcf7-form-control wpcf7-submit has-spinner\" type=\"submit\" value=\"Envia\" \/>\n<\/p><div class=\"wpcf7-response-output\" aria-hidden=\"true\"><\/div>\n<\/form>\n<\/div>\n<\/div><\/div><\/div><\/div><\/section>\n","protected":false},"excerpt":{"rendered":"","protected":false},"author":1,"featured_media":0,"parent":869,"menu_order":0,"comment_status":"closed","ping_status":"closed","template":"","meta":{"_themeisle_gutenberg_block_has_review":false,"footnotes":""},"class_list":["post-565","page","type-page","status-publish","hentry"],"_links":{"self":[{"href":"https:\/\/marketing-extender.com\/pt-pt\/wp-json\/wp\/v2\/pages\/565","targetHints":{"allow":["GET"]}}],"collection":[{"href":"https:\/\/marketing-extender.com\/pt-pt\/wp-json\/wp\/v2\/pages"}],"about":[{"href":"https:\/\/marketing-extender.com\/pt-pt\/wp-json\/wp\/v2\/types\/page"}],"author":[{"embeddable":true,"href":"https:\/\/marketing-extender.com\/pt-pt\/wp-json\/wp\/v2\/users\/1"}],"replies":[{"embeddable":true,"href":"https:\/\/marketing-extender.com\/pt-pt\/wp-json\/wp\/v2\/comments?post=565"}],"version-history":[{"count":8,"href":"https:\/\/marketing-extender.com\/pt-pt\/wp-json\/wp\/v2\/pages\/565\/revisions"}],"predecessor-version":[{"id":605,"href":"https:\/\/marketing-extender.com\/pt-pt\/wp-json\/wp\/v2\/pages\/565\/revisions\/605"}],"up":[{"embeddable":true,"href":"https:\/\/marketing-extender.com\/pt-pt\/wp-json\/wp\/v2\/pages\/869"}],"wp:attachment":[{"href":"https:\/\/marketing-extender.com\/pt-pt\/wp-json\/wp\/v2\/media?parent=565"}],"curies":[{"name":"wp","href":"https:\/\/api.w.org\/{rel}","templated":true}]}}