{"id":514,"date":"2025-03-01T19:50:35","date_gmt":"2025-03-01T19:50:35","guid":{"rendered":"https:\/\/marketing-extender.com\/conversagpt\/"},"modified":"2025-03-03T09:40:29","modified_gmt":"2025-03-03T09:40:29","slug":"conversagpt","status":"publish","type":"page","link":"https:\/\/marketing-extender.com\/pt-pt\/ferramentas-de-marketing\/conversagpt\/","title":{"rendered":"ChatGPT"},"content":{"rendered":"<section class=\"l-section wpb_row height_auto color_secondary\"><div class=\"l-section-overlay\" style=\"background:#00423C\"><\/div><div class=\"l-section-h i-cf\"><div class=\"g-cols vc_row via_grid cols_1 laptops-cols_inherit tablets-cols_inherit mobiles-cols_1 valign_top type_default stacking_default\"><div class=\"wpb_column vc_column_container\"><div class=\"vc_column-inner\"><div class=\"w-separator size_small\"><\/div><nav class=\"g-breadcrumbs us_custom_107fbc5f has_text_color separator_icon align_left\" itemscope itemtype=\"http:\/\/schema.org\/BreadcrumbList\"><div class=\"g-breadcrumbs-item\" itemscope itemprop=\"itemListElement\" itemtype=\"http:\/\/schema.org\/ListItem\"><a itemprop=\"item\" href=\"https:\/\/marketing-extender.com\/pt-pt\/\"><span itemprop=\"name\">Casa<\/span><\/a><meta itemprop=\"position\" content=\"1\"\/><\/div><div class=\"g-breadcrumbs-separator\"><i class=\"far fa-angle-right\"><\/i><\/div><div class=\"g-breadcrumbs-item\">P\u00e1ginas<\/div><\/nav><div class=\"w-separator size_small\"><\/div><h1 class=\"w-text us_custom_eb849559\"><span class=\"w-text-h\"><span class=\"w-text-value\">ChatGPT<\/span><\/span><\/h1><div class=\"w-separator size_small\"><\/div><div class=\"w-iconbox us_custom_99682d72 iconpos_top style_default color_custom align_center no_text no_title\"><a href=\"#\" class=\"w-iconbox-link\" aria-label=\"fas|chevron-down\"><div class=\"w-iconbox-icon\" style=\"font-size:4rem;\"><i class=\"fas fa-chevron-down\"><\/i><\/div><\/a><div class=\"w-iconbox-meta\"><\/div><\/div><\/div><\/div><\/div><\/div><\/section><section class=\"l-section wpb_row height_small\"><div class=\"l-section-h i-cf\"><div class=\"g-cols vc_row via_grid cols_2 laptops-cols_inherit tablets-cols_inherit mobiles-cols_1 valign_top type_default stacking_default\" style=\"--columns-gap:4vw;\"><div class=\"wpb_column vc_column_container us_custom_33b9ee00\"><div class=\"vc_column-inner\"><h2 class=\"w-text\"><span class=\"w-text-h\"><span class=\"w-text-value\">O que \u00e9 ChatGPT?<\/span><\/span><\/h2><div class=\"w-image align_center\"><div class=\"w-image-h\"><img loading=\"lazy\" decoding=\"async\" width=\"300\" height=\"199\" src=\"https:\/\/marketing-extender.com\/wp-content\/uploads\/2025\/03\/chat-gpt-team-plus-300x199.png\" class=\"attachment-medium size-medium\" alt=\"Screenshot from ChatGPT Plus and Teams\" loading=\"lazy\" srcset=\"https:\/\/marketing-extender.com\/wp-content\/uploads\/2025\/03\/chat-gpt-team-plus-300x199.png 300w, https:\/\/marketing-extender.com\/wp-content\/uploads\/2025\/03\/chat-gpt-team-plus-1024x678.png 1024w, https:\/\/marketing-extender.com\/wp-content\/uploads\/2025\/03\/chat-gpt-team-plus.png 1491w\" sizes=\"auto, (max-width: 300px) 100vw, 300px\" title=\"\"><\/div><\/div><div class=\"wpb_text_column\"><div class=\"wpb_wrapper\"><p style=\"text-align: center;\"><em><a href=\"https:\/\/chatgpt.com\/\" target=\"_blank\" rel=\"noopener\">chatgpt.com<\/a><\/em><\/p>\n<\/div><\/div><\/div><\/div><div class=\"wpb_column vc_column_container\"><div class=\"vc_column-inner\"><div class=\"wpb_text_column\"><div class=\"wpb_wrapper\"><p data-start=\"85\" data-end=\"312\">No final de 2022, a OpenAI lan\u00e7ou o ChatGPT, um chatbot que rapidamente ganhou aten\u00e7\u00e3o global. Os meios de comunica\u00e7\u00e3o social destacaram tanto o seu potencial como os seus riscos, desencadeando debates sobre a forma como o conte\u00fado gerado por IA poderia remodelar as ind\u00fastrias. <\/p>\n<p data-start=\"314\" data-end=\"620\">O ChatGPT \u00e9 um chatbot alimentado por IA que gera respostas com base na aprendizagem autom\u00e1tica e em vastos conjuntos de dados. Quando fazes uma pergunta, ele d\u00e1-te uma resposta em segundos. <\/p>\n<\/div><\/div><\/div><\/div><\/div><\/div><\/section><section class=\"l-section wpb_row height_small\"><div class=\"l-section-h i-cf\"><div class=\"g-cols vc_row via_grid cols_1 laptops-cols_inherit tablets-cols_inherit mobiles-cols_1 valign_top type_default stacking_default\"><div class=\"wpb_column vc_column_container\"><div class=\"vc_column-inner\"><h2 class=\"w-text us_custom_b48a3196\"><span class=\"w-text-h\"><span class=\"w-text-value\">Como \u00e9 que ChatGPT funciona?<\/span><\/span><\/h2><div class=\"w-text us_custom_eb849559\"><span class=\"w-text-h\"><span class=\"w-text-value\">O ChatGPT \u00e9 alimentado por Generative Pre-trained Transformers (GPT), um tipo de intelig\u00eancia artificial que processa e gera texto. Foi treinado com grandes quantidades de dados, o que lhe permite reconhecer padr\u00f5es na linguagem e fornecer respostas semelhantes \u00e0s humanas. <\/span><\/span><\/div><div class=\"w-separator size_small\"><\/div><div class=\"g-cols wpb_row via_grid cols_2 laptops-cols_2 tablets-cols_inherit mobiles-cols_1 valign_top type_default stacking_default\" style=\"--columns-gap:3rem;\"><div class=\"wpb_column vc_column_container\"><div class=\"vc_column-inner\"><div class=\"w-hwrapper valign_top align_none\"><div class=\"wpb_text_column\"><div class=\"wpb_wrapper\"><h3>Quando fazes uma pergunta&#8230;<\/h3>\n<p data-pm-slice=\"1 1 &#091;&#093;\">O ChatGPT analisa o contexto e a inten\u00e7\u00e3o da tua pergunta. Usando a previs\u00e3o de texto baseada em probabilidades, forma uma resposta l\u00f3gica. Estrutura as respostas com base em padr\u00f5es aprendidos, tornando-as coerentes e relevantes.  <\/p>\n<\/div><\/div><\/div><\/div><\/div><div class=\"wpb_column vc_column_container\"><div class=\"vc_column-inner\"><div class=\"w-hwrapper valign_top align_none\"><div class=\"wpb_text_column\"><div class=\"wpb_wrapper\"><h3>Utiliza dados treinados<\/h3>\n<p>A menos que a navega\u00e7\u00e3o esteja activada, o ChatGPT utiliza as informa\u00e7\u00f5es com que foi treinado. As vers\u00f5es mais recentes do modelo s\u00e3o mais eficientes, precisas e conscientes do contexto, mas ainda se concentram principalmente no conhecimento geral. Ao trabalhar com grandes ficheiros carregados, o ChatGPT pode ter dificuldade em extrair detalhes precisos ou analisar documentos complexos em profundidade, tornando-o menos fi\u00e1vel para encontrar informa\u00e7\u00f5es espec\u00edficas em anexos extensos.<\/p>\n<\/div><\/div><\/div><\/div><\/div><\/div><\/div><\/div><\/div><\/div><\/section><section class=\"l-section wpb_row height_small width_custom\" style=\"--site-content-width:900px;\"><div class=\"l-section-h i-cf\"><div class=\"g-cols vc_row via_grid cols_1 laptops-cols_inherit tablets-cols_inherit mobiles-cols_1 valign_top type_default stacking_default\"><div class=\"wpb_column vc_column_container\"><div class=\"vc_column-inner\"><div class=\"wpb_text_column\"><div class=\"wpb_wrapper\"><h2 style=\"text-align: center;\">Como utilizar ChatGPT de forma eficaz?<\/h2>\n<\/div><\/div><div class=\"w-separator size_small\"><\/div><div class=\"w-text\"><span class=\"w-text-h\"><span class=\"w-text-value\">O ChatGPT \u00e9 uma ferramenta poderosa, mas para a utilizar eficazmente \u00e9 necess\u00e1rio compreender os seus pontos fortes e limita\u00e7\u00f5es. Seja para pesquisa, cria\u00e7\u00e3o de conte\u00fado, brainstorming ou automa\u00e7\u00e3o, uma abordagem estruturada garante melhores resultados. <\/span><\/span><\/div><\/div><\/div><\/div><\/div><\/section><section class=\"l-section wpb_row height_auto\"><div class=\"l-section-h i-cf\"><div class=\"g-cols vc_row via_grid cols_1 laptops-cols_inherit tablets-cols_inherit mobiles-cols_1 valign_top type_default stacking_default\"><div class=\"wpb_column vc_column_container\"><div class=\"vc_column-inner\"><div class=\"w-separator size_small\"><\/div><div class=\"g-cols wpb_row via_grid cols_2 laptops-cols_inherit tablets-cols_1 mobiles-cols_1 valign_top type_default stacking_default\" style=\"--columns-gap:2.5rem;\"><div class=\"wpb_column vc_column_container us_custom_6f96f96d\"><div class=\"vc_column-inner\"><div class=\"w-hwrapper valign_baseline align_none\" style=\"--hwrapper-gap:1.5rem\"><div class=\"w-text us_custom_bf3b962c has_text_color\"><span class=\"w-text-h\"><span class=\"w-text-value\">01<\/span><\/span><\/div><h4 class=\"w-text\"><span class=\"w-text-h\"><span class=\"w-text-value\">Pedido pormenorizado e preciso<\/span><\/span><\/h4><\/div><div class=\"w-separator size_small\"><\/div><div class=\"wpb_text_column\"><div class=\"wpb_wrapper\"><p>Quanto mais detalhada e precisa for a tua pergunta, melhor ser\u00e1 a resposta. Em vez de uma pergunta ampla, fornecer um contexto claro, instru\u00e7\u00f5es espec\u00edficas e o formato de sa\u00edda desejado ajuda o ChatGPT a gerar respostas mais precisas e relevantes.<\/p>\n<\/div><\/div><\/div><\/div><div class=\"wpb_column vc_column_container us_custom_6f96f96d\"><div class=\"vc_column-inner\"><div class=\"w-hwrapper valign_baseline align_none\" style=\"--hwrapper-gap:1.5rem\"><div class=\"w-text us_custom_bf3b962c has_text_color\"><span class=\"w-text-h\"><span class=\"w-text-value\">02<\/span><\/span><\/div><h4 class=\"w-text\"><span class=\"w-text-h\"><span class=\"w-text-value\">Aperfei\u00e7oa as respostas<\/span><\/span><\/h4><\/div><div class=\"w-separator size_small\"><\/div><div class=\"wpb_text_column\"><div class=\"wpb_wrapper\"><p>O ChatGPT pode refinar e ajustar as suas respostas com base nos teus coment\u00e1rios. Se uma resposta inicial for demasiado geral ou vaga, podes orientar a IA para fornecer informa\u00e7\u00f5es mais detalhadas, espec\u00edficas ou estruturadas. Pedir esclarecimentos, exemplos ou perspectivas alternativas ajuda a adaptar a resposta para melhor satisfazer as tuas necessidades.<\/p>\n<\/div><\/div><\/div><\/div><div class=\"wpb_column vc_column_container us_custom_6f96f96d\"><div class=\"vc_column-inner\"><div class=\"w-hwrapper valign_baseline align_none\" style=\"--hwrapper-gap:1.5rem\"><div class=\"w-text us_custom_bf3b962c has_text_color\"><span class=\"w-text-h\"><span class=\"w-text-value\">03<\/span><\/span><\/div><h4 class=\"w-text\"><span class=\"w-text-h\"><span class=\"w-text-value\">Carrega os teus pr\u00f3prios ficheiros<\/span><\/span><\/h4><\/div><div class=\"w-separator size_small\"><\/div><div class=\"wpb_text_column\"><div class=\"wpb_wrapper\"><p data-start=\"0\" data-end=\"454\">Se carregares o teu pr\u00f3prio documento, como um PDF, um ficheiro Word ou at\u00e9 mesmo uma fotografia de um texto, o ChatGPT pode processar o conte\u00fado e fornecer resumos, informa\u00e7\u00f5es ou explica\u00e7\u00f5es. No entanto, a IA n\u00e3o funciona como um motor de pesquisa tradicional, o que significa que n\u00e3o analisa e recupera automaticamente detalhes espec\u00edficos de ficheiros grandes. Para obter os melhores resultados, muitas vezes \u00e9 melhor extrair e carregar apenas as sec\u00e7\u00f5es mais relevantes em vez de um documento inteiro.  <\/p>\n<p data-start=\"456\" data-end=\"862\">Atualmente, o ChatGPT e ferramentas semelhantes t\u00eam dificuldades em processar ficheiros Excel de forma eficaz. Embora possa reconhecer estruturas de tabela b\u00e1sicas quando coladas como texto, as folhas de c\u00e1lculo complexas com f\u00f3rmulas, v\u00e1rias folhas ou dados estruturados conduzem frequentemente a erros ou a uma an\u00e1lise incompleta. Se precisares de ajuda da IA com os dados, considera convert\u00ea-los para o formato CSV ou resumir as principais conclus\u00f5es antes de os carregares.  <\/p>\n<\/div><\/div><\/div><\/div><div class=\"wpb_column vc_column_container us_custom_6f96f96d\"><div class=\"vc_column-inner\"><div class=\"w-hwrapper valign_baseline align_none\" style=\"--hwrapper-gap:1.5rem\"><div class=\"w-text us_custom_bf3b962c has_text_color\"><span class=\"w-text-h\"><span class=\"w-text-value\">04<\/span><\/span><\/div><h4 class=\"w-text\"><span class=\"w-text-h\"><span class=\"w-text-value\">Aproveita as instru\u00e7\u00f5es personalizadas<\/span><\/span><\/h4><\/div><div class=\"w-separator size_small\"><\/div><div class=\"wpb_text_column\"><div class=\"wpb_wrapper\"><p data-start=\"0\" data-end=\"292\">O ChatGPT permite que os utilizadores personalizem as respostas com base nas suas prefer\u00eancias, tornando-o uma ferramenta de IA mais flex\u00edvel e personalizada. Ao ajustares as defini\u00e7\u00f5es e forneceres instru\u00e7\u00f5es claras, podes influenciar a forma como o ChatGPT estrutura as suas respostas, o n\u00edvel de detalhe que inclui e o tom que utiliza. <\/p>\n<p data-start=\"294\" data-end=\"744\" data-is-last-node=\"\" data-is-only-node=\"\">Se tiveres uma vers\u00e3o paga do ChatGPT, podes at\u00e9 criar o teu pr\u00f3prio chatbot personalizado (Custom GPT) com um link que podes guardar e partilhar. Isto permite-te treinar um chatbot do ChatGPT com instru\u00e7\u00f5es, prefer\u00eancias e conhecimentos espec\u00edficos, para que n\u00e3o tenhas de repetir instru\u00e7\u00f5es todas as vezes. O teu chatbot responder\u00e1 sempre de acordo com a tua configura\u00e7\u00e3o predefinida, tornando-o mais eficiente para tarefas comerciais, apoio ao cliente ou consultas especializadas.  <\/p>\n<\/div><\/div><\/div><\/div><\/div><div class=\"w-separator size_medium\"><\/div><\/div><\/div><\/div><\/div><\/section><section class=\"l-section wpb_row height_medium width_custom color_primary\" style=\"--site-content-width:750px;\"><div class=\"l-section-h i-cf\"><div class=\"g-cols vc_row via_grid cols_1 laptops-cols_inherit tablets-cols_inherit mobiles-cols_1 valign_middle type_default stacking_default\"><div class=\"wpb_column vc_column_container\"><div class=\"vc_column-inner\"><h2 class=\"w-text us_custom_8fac178d has_text_color\"><span class=\"w-text-h\"><span class=\"w-text-value\">Queres saber mais?<\/span><\/span><\/h2><div class=\"wpb_text_column us_custom_aa7f5b77 has_text_color\"><div class=\"wpb_wrapper\"><p data-start=\"0\" data-end=\"75\">ChatGPT \u00e9 uma ferramenta com possibilidades infinitas. Se quiseres conselhos ou precisares de ajuda para come\u00e7ar com ChatGPT, n\u00e3o hesites em contactar-nos atrav\u00e9s do formul\u00e1rio abaixo<br \/>\nou liga para <i class=\"fas fa-phone\"><\/i> <a href=\"tel:+31651378397\">+31 651378397.<\/a> <\/p>\n<\/div><\/div><div class=\"w-separator size_small\"><\/div>\n<div class=\"wpcf7 no-js us-field-style_1\" id=\"wpcf7-f849-o1\" lang=\"pt-PT\" dir=\"ltr\" data-wpcf7-id=\"849\">\n<div class=\"screen-reader-response\"><p role=\"status\" aria-live=\"polite\" aria-atomic=\"true\"><\/p> <ul><\/ul><\/div>\n<form action=\"\/pt-pt\/wp-json\/wp\/v2\/pages\/514#wpcf7-f849-o1\" method=\"post\" class=\"wpcf7-form init\" aria-label=\"Formul\u00e1rio de contacto\" novalidate=\"novalidate\" data-status=\"init\">\n<fieldset class=\"hidden-fields-container\"><input type=\"hidden\" name=\"_wpcf7\" value=\"849\" \/><input type=\"hidden\" name=\"_wpcf7_version\" value=\"6.1.5\" \/><input type=\"hidden\" name=\"_wpcf7_locale\" value=\"pt_PT\" \/><input type=\"hidden\" name=\"_wpcf7_unit_tag\" value=\"wpcf7-f849-o1\" \/><input type=\"hidden\" name=\"_wpcf7_container_post\" value=\"0\" \/><input type=\"hidden\" name=\"_wpcf7_posted_data_hash\" value=\"\" \/>\n<\/fieldset>\n<p><label> O teu nome<br \/>\n<span class=\"wpcf7-form-control-wrap\" data-name=\"your-name\"><input size=\"40\" maxlength=\"400\" class=\"wpcf7-form-control wpcf7-text wpcf7-validates-as-required\" autocomplete=\"name\" aria-required=\"true\" aria-invalid=\"false\" value=\"\" type=\"text\" name=\"your-name\" \/><\/span> <\/label>\n<\/p>\n<p><label> N\u00famero de telefone (com indicativo do pa\u00eds)<br \/>\n<span class=\"wpcf7-form-control-wrap\" data-name=\"your-phone\"><input size=\"40\" maxlength=\"400\" class=\"wpcf7-form-control wpcf7-tel wpcf7-validates-as-required wpcf7-text wpcf7-validates-as-tel\" autocomplete=\"tel\" aria-required=\"true\" aria-invalid=\"false\" value=\"\" type=\"tel\" name=\"your-phone\" \/><\/span> <\/label>\n<\/p>\n<p><label> Correio eletr\u00f3nico<br \/>\n<span class=\"wpcf7-form-control-wrap\" data-name=\"your-email\"><input size=\"40\" maxlength=\"400\" class=\"wpcf7-form-control wpcf7-email wpcf7-validates-as-required wpcf7-text wpcf7-validates-as-email\" autocomplete=\"email\" aria-required=\"true\" aria-invalid=\"false\" value=\"\" type=\"email\" name=\"your-email\" \/><\/span> <\/label>\n<\/p>\n<p><label> A tua mensagem<br \/>\n<span class=\"wpcf7-form-control-wrap\" data-name=\"your-message\"><textarea cols=\"40\" rows=\"10\" maxlength=\"2000\" class=\"wpcf7-form-control wpcf7-textarea wpcf7-validates-as-required\" aria-required=\"true\" aria-invalid=\"false\" name=\"your-message\"><\/textarea><\/span> <\/label>\n<\/p>\n<p><input class=\"wpcf7-form-control wpcf7-submit has-spinner\" type=\"submit\" value=\"Envia\" \/>\n<\/p><div class=\"wpcf7-response-output\" aria-hidden=\"true\"><\/div>\n<\/form>\n<\/div>\n<\/div><\/div><\/div><\/div><\/section>\n","protected":false},"excerpt":{"rendered":"","protected":false},"author":1,"featured_media":983,"parent":524,"menu_order":0,"comment_status":"closed","ping_status":"closed","template":"","meta":{"_themeisle_gutenberg_block_has_review":false,"footnotes":""},"class_list":["post-514","page","type-page","status-publish","has-post-thumbnail","hentry"],"_links":{"self":[{"href":"https:\/\/marketing-extender.com\/pt-pt\/wp-json\/wp\/v2\/pages\/514","targetHints":{"allow":["GET"]}}],"collection":[{"href":"https:\/\/marketing-extender.com\/pt-pt\/wp-json\/wp\/v2\/pages"}],"about":[{"href":"https:\/\/marketing-extender.com\/pt-pt\/wp-json\/wp\/v2\/types\/page"}],"author":[{"embeddable":true,"href":"https:\/\/marketing-extender.com\/pt-pt\/wp-json\/wp\/v2\/users\/1"}],"replies":[{"embeddable":true,"href":"https:\/\/marketing-extender.com\/pt-pt\/wp-json\/wp\/v2\/comments?post=514"}],"version-history":[{"count":15,"href":"https:\/\/marketing-extender.com\/pt-pt\/wp-json\/wp\/v2\/pages\/514\/revisions"}],"predecessor-version":[{"id":993,"href":"https:\/\/marketing-extender.com\/pt-pt\/wp-json\/wp\/v2\/pages\/514\/revisions\/993"}],"up":[{"embeddable":true,"href":"https:\/\/marketing-extender.com\/pt-pt\/wp-json\/wp\/v2\/pages\/524"}],"wp:featuredmedia":[{"embeddable":true,"href":"https:\/\/marketing-extender.com\/pt-pt\/wp-json\/wp\/v2\/media\/983"}],"wp:attachment":[{"href":"https:\/\/marketing-extender.com\/pt-pt\/wp-json\/wp\/v2\/media?parent=514"}],"curies":[{"name":"wp","href":"https:\/\/api.w.org\/{rel}","templated":true}]}}