{"id":892,"date":"2025-03-01T17:34:59","date_gmt":"2025-03-01T17:34:59","guid":{"rendered":"https:\/\/marketing-extender.com\/disciplinas\/dem-marketing-directo-por-correo-electronico\/"},"modified":"2025-03-02T15:43:47","modified_gmt":"2025-03-02T15:43:47","slug":"dem-marketing-directo-por-correo-electronico","status":"publish","type":"page","link":"https:\/\/marketing-extender.com\/es\/disciplinas\/dem-marketing-directo-por-correo-electronico\/","title":{"rendered":"DEM \/ Marketing directo por correo electr\u00f3nico"},"content":{"rendered":"<section class=\"l-section wpb_row height_auto color_secondary\"><div class=\"l-section-overlay\" style=\"background:#00423C\"><\/div><div class=\"l-section-h i-cf\"><div class=\"g-cols vc_row via_grid cols_1 laptops-cols_inherit tablets-cols_inherit mobiles-cols_1 valign_top type_default stacking_default\"><div class=\"wpb_column vc_column_container\"><div class=\"vc_column-inner\"><div class=\"w-separator size_small\"><\/div><nav class=\"g-breadcrumbs us_custom_107fbc5f has_text_color separator_icon align_left\" itemscope itemtype=\"http:\/\/schema.org\/BreadcrumbList\"><div class=\"g-breadcrumbs-item\" itemscope itemprop=\"itemListElement\" itemtype=\"http:\/\/schema.org\/ListItem\"><a itemprop=\"item\" href=\"https:\/\/marketing-extender.com\/es\/\"><span itemprop=\"name\">Inicio<\/span><\/a><meta itemprop=\"position\" content=\"1\"\/><\/div><div class=\"g-breadcrumbs-separator\"><i class=\"far fa-angle-right\"><\/i><\/div><div class=\"g-breadcrumbs-item\">P\u00e1ginas<\/div><\/nav><div class=\"w-separator size_small\"><\/div><h1 class=\"w-text us_custom_eb849559\"><span class=\"w-text-h\"><span class=\"w-text-value\">DEM \/ Marketing directo por correo electr\u00f3nico<\/span><\/span><\/h1><div class=\"w-separator size_small\"><\/div><div class=\"w-iconbox us_custom_99682d72 iconpos_top style_default color_custom align_center no_text no_title\"><a href=\"#\" class=\"w-iconbox-link\" aria-label=\"fas|chevron-down\"><div class=\"w-iconbox-icon\" style=\"font-size:4rem;\"><i class=\"fas fa-chevron-down\"><\/i><\/div><\/a><div class=\"w-iconbox-meta\"><\/div><\/div><\/div><\/div><\/div><\/div><\/section><section class=\"l-section wpb_row height_small\"><div class=\"l-section-h i-cf\"><div class=\"g-cols vc_row via_grid cols_2 laptops-cols_inherit tablets-cols_inherit mobiles-cols_1 valign_top type_default stacking_default\" style=\"--columns-gap:4vw;\"><div class=\"wpb_column vc_column_container us_custom_33b9ee00\"><div class=\"vc_column-inner\"><h2 class=\"w-text\"><span class=\"w-text-h\"><span class=\"w-text-value\">\u00bfQu\u00e9 es DEM \/ Marketing directo por correo electr\u00f3nico?<\/span><\/span><\/h2><\/div><\/div><div class=\"wpb_column vc_column_container\"><div class=\"vc_column-inner\"><div class=\"wpb_text_column\"><div class=\"wpb_wrapper\"><p data-start=\"0\" data-end=\"230\">Casi todos los vendedores online utilizan el marketing por correo electr\u00f3nico. Es una herramienta potente y orientada a la conversi\u00f3n para realizar campa\u00f1as de marketing, ya sea mediante boletines informativos para retener a los clientes o correos electr\u00f3nicos promocionales para vender productos y servicios. <\/p>\n<p data-start=\"232\" data-end=\"727\" data-is-last-node=\"\" data-is-only-node=\"\">Como organizaci\u00f3n, s\u00f3lo se te permite enviar correos electr\u00f3nicos a las personas si tienes un <strong>inter\u00e9s leg\u00edtimo<\/strong> o si han dado <strong>su consentimiento expl\u00edcito<\/strong> (opt in), como exige el <strong data-start=\"403\" data-end=\"448\">Reglamento General de Protecci\u00f3n de Datos (RGPD)<\/strong>. En la pr\u00e1ctica, esto significa que el marketing directo por correo electr\u00f3nico a menudo se utiliza s\u00f3lo para los clientes existentes o pasados. Sin embargo, si recoges estrat\u00e9gicamente los \u00abopt ins\u00bb, puedes construir una lista de correo de alta calidad con futuros clientes, siempre que tus correos electr\u00f3nicos coincidan con las preferencias que aceptaron.  <\/p>\n<\/div><\/div><\/div><\/div><\/div><\/div><\/section><section class=\"l-section wpb_row height_small\"><div class=\"l-section-h i-cf\"><div class=\"g-cols vc_row via_grid cols_1 laptops-cols_inherit tablets-cols_inherit mobiles-cols_1 valign_top type_default stacking_default\"><div class=\"wpb_column vc_column_container\"><div class=\"vc_column-inner\"><h2 class=\"w-text us_custom_b48a3196\"><span class=\"w-text-h\"><span class=\"w-text-value\">\u00bfC\u00f3mo funciona el marketing por correo electr\u00f3nico?<\/span><\/span><\/h2><div class=\"w-text us_custom_eb849559\"><span class=\"w-text-h\"><span class=\"w-text-value\">Hay muchos aspectos que DEM \/ Marketing directo por correo electr\u00f3nico cubre. He aqu\u00ed algunos ejemplos: <\/span><\/span><\/div><div class=\"w-separator size_small\"><\/div><div class=\"g-cols wpb_row via_grid cols_2 laptops-cols_2 tablets-cols_inherit mobiles-cols_1 valign_top type_default stacking_default\" style=\"--columns-gap:3rem;\"><div class=\"wpb_column vc_column_container\"><div class=\"vc_column-inner\"><div class=\"w-hwrapper valign_top align_none\"><div class=\"wpb_text_column\"><div class=\"wpb_wrapper\"><h3>Sistema de marketing por correo electr\u00f3nico<\/h3>\n<p data-start=\"502\" data-end=\"632\">Para enviar correos electr\u00f3nicos profesionales a una gran audiencia, necesitas un sistema de marketing por correo electr\u00f3nico espec\u00edfico. Hay muchos disponibles, tanto gratuitos como de pago. <\/p>\n<p data-start=\"502\" data-end=\"632\">Puedes elegir entre una plataforma completa de Marketing Cloud, que integra el marketing por correo electr\u00f3nico con CRM, automatizaci\u00f3n y an\u00e1lisis, o un sistema de env\u00edo de correo electr\u00f3nico m\u00e1s sencillo centrado s\u00f3lo en entregar correos electr\u00f3nicos. La elecci\u00f3n correcta depende de las necesidades de tu empresa, de tu presupuesto y del nivel de automatizaci\u00f3n que necesites. <\/p>\n<\/div><\/div><\/div><\/div><\/div><div class=\"wpb_column vc_column_container\"><div class=\"vc_column-inner\"><div class=\"w-hwrapper valign_top align_none\"><div class=\"wpb_text_column\"><div class=\"wpb_wrapper\"><h3>Arrastrar y soltar o codificar<\/h3>\n<p data-start=\"29\" data-end=\"275\">Si tienes conocimientos de HTML y CSS, puedes dise\u00f1ar tu propia plantilla de correo electr\u00f3nico, lo que te da flexibilidad para personalizar completamente cada detalle. Esto puede ser una gran ventaja si quieres un control total sobre el dise\u00f1o y la funcionalidad de tus correos electr\u00f3nicos. <\/p>\n<p data-start=\"277\" data-end=\"612\" data-is-last-node=\"\" data-is-only-node=\"\">Si no tienes estos conocimientos, es muy \u00fatil utilizar un sistema de marketing por correo electr\u00f3nico con un editor de arrastrar y soltar. Estas plataformas te permiten crear f\u00e1cilmente correos electr\u00f3nicos haciendo clic entre distintos elementos, sin necesidad de tener conocimientos de codificaci\u00f3n. Esto hace que sea mucho m\u00e1s f\u00e1cil crear y enviar correos electr\u00f3nicos profesionales de forma r\u00e1pida y eficaz.  <\/p>\n<\/div><\/div><\/div><\/div><\/div><div class=\"wpb_column vc_column_container\"><div class=\"vc_column-inner\"><div class=\"w-hwrapper valign_top align_none\"><div class=\"wpb_text_column\"><div class=\"wpb_wrapper\"><h3>Dirige tus correos electr\u00f3nicos<\/h3>\n<p data-start=\"30\" data-end=\"403\">Para enviar correos electr\u00f3nicos dirigidos, necesitas exportar datos de tu CRM, sitio web u otro sistema que almacene informaci\u00f3n sobre los clientes. Si tu CRM y tu plataforma de correo electr\u00f3nico pueden integrarse, es lo ideal, ya que permite actualizaciones en tiempo real y automatizaci\u00f3n. De este modo, puedes segmentar tu audiencia de forma m\u00e1s eficaz y enviar contenido personalizado basado en el comportamiento y las preferencias del usuario.  <\/p>\n<p data-start=\"405\" data-end=\"656\" data-is-last-node=\"\" data-is-only-node=\"\">Si no es posible la integraci\u00f3n, una simple importaci\u00f3n de archivos CSV funciona perfectamente. Actualizando y limpiando regularmente tus listas de correo electr\u00f3nico, puedes asegurarte de que est\u00e1s llegando a las personas adecuadas con mensajes relevantes, mejorando el compromiso y las tasas de conversi\u00f3n. <\/p>\n<\/div><\/div><\/div><\/div><\/div><div class=\"wpb_column vc_column_container\"><div class=\"vc_column-inner\"><div class=\"w-hwrapper valign_top align_none\"><div class=\"wpb_text_column\"><div class=\"wpb_wrapper\"><h3>Env\u00edo automatizado<\/h3>\n<p data-start=\"29\" data-end=\"164\">La mayor\u00eda de los sistemas de marketing por correo electr\u00f3nico ofrecen <strong data-start=\"64\" data-end=\"88\">flujos de trabajo automatizados<\/strong>, lo que facilita el env\u00edo de correos electr\u00f3nicos en el momento adecuado sin esfuerzo manual.<\/p>\n<p data-start=\"166\" data-end=\"399\">Con la automatizaci\u00f3n, puedes<br data-start=\"191\" data-end=\"194\">\u2705 Enviar un correo electr\u00f3nico de bienvenida a cada nuevo suscriptor, causando una buena primera impresi\u00f3n<br data-start=\"272\" data-end=\"275\">\u2705 Hacer un seguimiento autom\u00e1tico tras una compra o consulta<br data-start=\"328\" data-end=\"331\">\u2705 Programar secuencias sencillas de correos electr\u00f3nicos, como incorporaciones o recordatorios<\/p>\n<p data-start=\"401\" data-end=\"520\" data-is-last-node=\"\" data-is-only-node=\"\">Incluso para las peque\u00f1as empresas, la automatizaci\u00f3n ayuda a mantener el compromiso, al tiempo que el marketing por correo electr\u00f3nico resulta eficaz y manejable.<\/p>\n<\/div><\/div><\/div><\/div><\/div><\/div><\/div><\/div><\/div><\/div><\/section><section class=\"l-section wpb_row height_small width_custom\" style=\"--site-content-width:900px;\"><div class=\"l-section-h i-cf\"><div class=\"g-cols vc_row via_grid cols_1 laptops-cols_inherit tablets-cols_inherit mobiles-cols_1 valign_top type_default stacking_default\"><div class=\"wpb_column vc_column_container\"><div class=\"vc_column-inner\"><div class=\"wpb_text_column\"><div class=\"wpb_wrapper\"><h2 style=\"text-align: center;\">\u00bfC\u00f3mo utilizar eficazmente el Email Marketing Directo?<\/h2>\n<\/div><\/div><\/div><\/div><\/div><\/div><\/section><section class=\"l-section wpb_row height_auto\"><div class=\"l-section-h i-cf\"><div class=\"g-cols vc_row via_grid cols_1 laptops-cols_inherit tablets-cols_inherit mobiles-cols_1 valign_top type_default stacking_default\"><div class=\"wpb_column vc_column_container\"><div class=\"vc_column-inner\"><div class=\"g-cols wpb_row via_grid cols_2 laptops-cols_inherit tablets-cols_1 mobiles-cols_1 valign_top type_default stacking_default\" style=\"--columns-gap:2.5rem;\"><div class=\"wpb_column vc_column_container us_custom_6f96f96d\"><div class=\"vc_column-inner\"><div class=\"w-hwrapper valign_baseline align_none\" style=\"--hwrapper-gap:1.5rem\"><div class=\"w-text us_custom_bf3b962c has_text_color\"><span class=\"w-text-h\"><span class=\"w-text-value\">01<\/span><\/span><\/div><h4 class=\"w-text\"><span class=\"w-text-h\"><span class=\"w-text-value\">Comprender la normativa<\/span><\/span><\/h4><\/div><div class=\"w-separator size_small\"><\/div><div class=\"wpb_text_column\"><div class=\"wpb_wrapper\"><p>El marketing por correo electr\u00f3nico est\u00e1 sujeto a las leyes de privacidad, pero las interpretaciones pueden variar. Muchos de los llamados expertos en GDPR afirman conocer las normas, pero sus consejos suelen ser inexactos o demasiado estrictos. Es importante que t\u00fa mismo comprendas los principios clave para que puedas tomar decisiones con conocimiento de causa. No es tan complejo como puede parecer. \ud83d\ude09<\/p>\n<\/div><\/div><\/div><\/div><div class=\"wpb_column vc_column_container us_custom_6f96f96d\"><div class=\"vc_column-inner\"><div class=\"w-hwrapper valign_baseline align_none\" style=\"--hwrapper-gap:1.5rem\"><div class=\"w-text us_custom_bf3b962c has_text_color\"><span class=\"w-text-h\"><span class=\"w-text-value\">02<\/span><\/span><\/div><h4 class=\"w-text\"><span class=\"w-text-h\"><span class=\"w-text-value\">El impacto de las bajas<\/span><\/span><\/h4><\/div><div class=\"w-separator size_small\"><\/div><div class=\"wpb_text_column\"><div class=\"wpb_wrapper\"><p>Preg\u00fantate a ti mismo: \u00bfPreferir\u00edas un correo con muchas ventas y m\u00e1s bajas, o un correo con menos bajas pero menos ventas? No hay una respuesta correcta o incorrecta, pero merece la pena plante\u00e1rselo. <\/p>\n<\/div><\/div><\/div><\/div><div class=\"wpb_column vc_column_container us_custom_6f96f96d\"><div class=\"vc_column-inner\"><div class=\"w-hwrapper valign_baseline align_none\" style=\"--hwrapper-gap:1.5rem\"><div class=\"w-text us_custom_bf3b962c has_text_color\"><span class=\"w-text-h\"><span class=\"w-text-value\">03<\/span><\/span><\/div><h4 class=\"w-text\"><span class=\"w-text-h\"><span class=\"w-text-value\">Define tus objetivos clave<\/span><\/span><\/h4><\/div><div class=\"w-separator size_small\"><\/div><div class=\"wpb_text_column\"><div class=\"wpb_wrapper\"><p>Antes de medir el \u00e9xito, es importante definir el objetivo de tu correo electr\u00f3nico. \u00bfTratas de impulsar las ventas, generar clientes potenciales o fortalecer las relaciones con los clientes? Cada objetivo requiere un enfoque y un conjunto de m\u00e9tricas diferentes.  <\/p>\n<p>Importante: Las tasas de apertura ya no son fiables debido a las restricciones de los navegadores y a las actualizaciones de privacidad del correo electr\u00f3nico, por lo que es mejor ignorar las estad\u00edsticas de tasas de apertura.<\/p>\n<\/div><\/div><\/div><\/div><div class=\"wpb_column vc_column_container us_custom_6f96f96d\"><div class=\"vc_column-inner\"><div class=\"w-hwrapper valign_baseline align_none\" style=\"--hwrapper-gap:1.5rem\"><div class=\"w-text us_custom_bf3b962c has_text_color\"><span class=\"w-text-h\"><span class=\"w-text-value\">04<\/span><\/span><\/div><h4 class=\"w-text\"><span class=\"w-text-h\"><span class=\"w-text-value\">Pon a prueba tus suposiciones<\/span><\/span><\/h4><\/div><div class=\"w-separator size_small\"><\/div><div class=\"wpb_text_column\"><div class=\"wpb_wrapper\"><p data-start=\"0\" data-end=\"271\">No conf\u00edes s\u00f3lo en tus instintos. Pon a prueba tus ideas para ver qu\u00e9 funciona realmente. Utiliza las pruebas A\/B para comparar las l\u00edneas de asunto, el contenido del correo electr\u00f3nico o las llamadas a la acci\u00f3n. Si quieres una visi\u00f3n m\u00e1s profunda, prueba con pruebas de m\u00faltiples variaciones para ver c\u00f3mo afectan los distintos elementos al rendimiento.   <\/p>\n<p data-start=\"273\" data-end=\"449\" data-is-last-node=\"\" data-is-only-node=\"\">Esto forma parte de un campo m\u00e1s amplio conocido como <a href=\"https:\/\/marketingextender.com\/es\/disciplinas\/cro-optimizacion-de-la-tasa-de-conversion\/\" target=\"_blank\" rel=\"noopener\">Optimizaci\u00f3n de la Tasa de Conversi\u00f3n (CRO)<\/a>. Probando y analizando los resultados, puedes mejorar tu marketing por correo electr\u00f3nico y obtener mejores resultados. <\/p>\n<\/div><\/div><\/div><\/div><\/div><div class=\"w-separator size_medium\"><\/div><\/div><\/div><\/div><\/div><\/section><section class=\"l-section wpb_row height_medium width_custom color_primary\" style=\"--site-content-width:750px;\"><div class=\"l-section-h i-cf\"><div class=\"g-cols vc_row via_grid cols_1 laptops-cols_inherit tablets-cols_inherit mobiles-cols_1 valign_middle type_default stacking_default\"><div class=\"wpb_column vc_column_container\"><div class=\"vc_column-inner\"><h2 class=\"w-text us_custom_8fac178d has_text_color\"><span class=\"w-text-h\"><span class=\"w-text-value\">\u00bfQuieres saber m\u00e1s?<\/span><\/span><\/h2><div class=\"wpb_text_column us_custom_aa7f5b77 has_text_color\"><div class=\"wpb_wrapper\"><p data-start=\"0\" data-end=\"75\">DEM \/ Marketing directo por correo electr\u00f3nico es un tema amplio con infinitas posibilidades. Si deseas asesoramiento o necesitas ayuda para implantarlo en tu organizaci\u00f3n, no dudes en ponerte en contacto con nosotros a trav\u00e9s del siguiente formulario <br \/>o llamando al tel\u00e9fono   <i class=\"fas fa-phone\"><\/i><a href=\"tel:+31651378397\">+31 651378397.<\/a><\/p>\n<\/div><\/div><div class=\"w-separator size_small\"><\/div>\n<div class=\"wpcf7 no-js us-field-style_1\" id=\"wpcf7-f847-o1\" lang=\"es-ES\" dir=\"ltr\" data-wpcf7-id=\"847\">\n<div class=\"screen-reader-response\"><p role=\"status\" aria-live=\"polite\" aria-atomic=\"true\"><\/p> <ul><\/ul><\/div>\n<form action=\"\/es\/wp-json\/wp\/v2\/pages\/892#wpcf7-f847-o1\" method=\"post\" class=\"wpcf7-form init\" aria-label=\"Formulario de contacto\" novalidate=\"novalidate\" data-status=\"init\">\n<fieldset class=\"hidden-fields-container\"><input type=\"hidden\" name=\"_wpcf7\" value=\"847\" \/><input type=\"hidden\" name=\"_wpcf7_version\" value=\"6.1.5\" \/><input type=\"hidden\" name=\"_wpcf7_locale\" value=\"es_ES\" \/><input type=\"hidden\" name=\"_wpcf7_unit_tag\" value=\"wpcf7-f847-o1\" \/><input type=\"hidden\" name=\"_wpcf7_container_post\" value=\"0\" \/><input type=\"hidden\" name=\"_wpcf7_posted_data_hash\" value=\"\" \/>\n<\/fieldset>\n<p><label> Tu nombre<br \/>\n<span class=\"wpcf7-form-control-wrap\" data-name=\"your-name\"><input size=\"40\" maxlength=\"400\" class=\"wpcf7-form-control wpcf7-text wpcf7-validates-as-required\" autocomplete=\"name\" aria-required=\"true\" aria-invalid=\"false\" value=\"\" type=\"text\" name=\"your-name\" \/><\/span> <\/label>\n<\/p>\n<p><label> N\u00famero de tel\u00e9fono (con el prefijo del pa\u00eds)<br \/>\n<span class=\"wpcf7-form-control-wrap\" data-name=\"your-phone\"><input size=\"40\" maxlength=\"400\" class=\"wpcf7-form-control wpcf7-tel wpcf7-validates-as-required wpcf7-text wpcf7-validates-as-tel\" autocomplete=\"tel\" aria-required=\"true\" aria-invalid=\"false\" value=\"\" type=\"tel\" name=\"your-phone\" \/><\/span> <\/label>\n<\/p>\n<p><label> Correo electr\u00f3nico<br \/>\n<span class=\"wpcf7-form-control-wrap\" data-name=\"your-email\"><input size=\"40\" maxlength=\"400\" class=\"wpcf7-form-control wpcf7-email wpcf7-validates-as-required wpcf7-text wpcf7-validates-as-email\" autocomplete=\"email\" aria-required=\"true\" aria-invalid=\"false\" value=\"\" type=\"email\" name=\"your-email\" \/><\/span> <\/label>\n<\/p>\n<p><label> Tu mensaje<br \/>\n<span class=\"wpcf7-form-control-wrap\" data-name=\"your-message\"><textarea cols=\"40\" rows=\"10\" maxlength=\"2000\" class=\"wpcf7-form-control wpcf7-textarea wpcf7-validates-as-required\" aria-required=\"true\" aria-invalid=\"false\" name=\"your-message\"><\/textarea><\/span> <\/label>\n<\/p>\n<p><input class=\"wpcf7-form-control wpcf7-submit has-spinner\" type=\"submit\" value=\"Env\u00eda\" \/>\n<\/p><div class=\"wpcf7-response-output\" aria-hidden=\"true\"><\/div>\n<\/form>\n<\/div>\n<\/div><\/div><\/div><\/div><\/section>\n","protected":false},"excerpt":{"rendered":"","protected":false},"author":1,"featured_media":0,"parent":861,"menu_order":0,"comment_status":"closed","ping_status":"closed","template":"","meta":{"_themeisle_gutenberg_block_has_review":false,"footnotes":""},"class_list":["post-892","page","type-page","status-publish","hentry"],"_links":{"self":[{"href":"https:\/\/marketing-extender.com\/es\/wp-json\/wp\/v2\/pages\/892","targetHints":{"allow":["GET"]}}],"collection":[{"href":"https:\/\/marketing-extender.com\/es\/wp-json\/wp\/v2\/pages"}],"about":[{"href":"https:\/\/marketing-extender.com\/es\/wp-json\/wp\/v2\/types\/page"}],"author":[{"embeddable":true,"href":"https:\/\/marketing-extender.com\/es\/wp-json\/wp\/v2\/users\/1"}],"replies":[{"embeddable":true,"href":"https:\/\/marketing-extender.com\/es\/wp-json\/wp\/v2\/comments?post=892"}],"version-history":[{"count":6,"href":"https:\/\/marketing-extender.com\/es\/wp-json\/wp\/v2\/pages\/892\/revisions"}],"predecessor-version":[{"id":903,"href":"https:\/\/marketing-extender.com\/es\/wp-json\/wp\/v2\/pages\/892\/revisions\/903"}],"up":[{"embeddable":true,"href":"https:\/\/marketing-extender.com\/es\/wp-json\/wp\/v2\/pages\/861"}],"wp:attachment":[{"href":"https:\/\/marketing-extender.com\/es\/wp-json\/wp\/v2\/media?parent=892"}],"curies":[{"name":"wp","href":"https:\/\/api.w.org\/{rel}","templated":true}]}}