{"id":882,"date":"2025-02-28T12:55:00","date_gmt":"2025-02-28T12:55:00","guid":{"rendered":"https:\/\/marketing-extender.com\/asesoramiento-y-servicios-de-marketing\/"},"modified":"2025-12-15T14:12:33","modified_gmt":"2025-12-15T14:12:33","slug":"asesoramiento-y-servicios-de-marketing","status":"publish","type":"page","link":"https:\/\/marketing-extender.com\/es\/","title":{"rendered":"Asesoramiento y servicios de marketing"},"content":{"rendered":"<section class=\"l-section wpb_row height_small\"><div class=\"l-section-h i-cf\"><div class=\"g-cols vc_row via_grid cols_1 laptops-cols_inherit tablets-cols_inherit mobiles-cols_1 valign_top type_default stacking_default\"><div class=\"wpb_column vc_column_container\"><div class=\"vc_column-inner\"><div class=\"w-separator size_small\"><\/div><h1 class=\"w-itext us_custom_0044c748 has_text_color type_zoomInChars align_center dynamic_bold\" onclick='return {&quot;duration&quot;:150,&quot;delay&quot;:3000,&quot;disablePartAnimation&quot;:false,&quot;dynamicColor&quot;:&quot;var(--color-content-primary)&quot;,&quot;html_nbsp_char&quot;:true}'>Asesoramiento\u00a0y\u00a0servicios\u00a0de\u00a0<span class=\"w-itext-part changesat_0 changesat_1 changesat_2 changesat_3 dynamic\" style=\"color:_content_primary\" onclick='return [&quot;marketing&quot;,&quot;AI&quot;,&quot;SEO&quot;,&quot;publicidad&quot;]'><span>marketing<\/span><\/span><\/h1><div class=\"w-separator size_custom\" style=\"height:1rem\"><\/div><div class=\"w-text us_custom_eb849559\"><span class=\"w-text-h\"><span class=\"w-text-value\">Ampliamos tu organizaci\u00f3n; con m\u00e1s de 20 a\u00f1os de experiencia, \u00a1podemos cubrir casi todos los huecos! \ud83d\ude0a<\/span><\/span><\/div><div class=\"w-separator size_medium\"><\/div><div class=\"w-hwrapper valign_middle align_center\" style=\"--hwrapper-gap:0.5rem\"><div class=\"w-iconbox us_custom_76c1b9b9 us_animate_this iconpos_top style_default color_custom align_center no_text no_title\"><div class=\"w-iconbox-icon\" style=\"font-size:1.5rem;--icon-color:#FBA201;\"><i class=\"fas fa-star\"><\/i><\/div><div class=\"w-iconbox-meta\"><\/div><\/div><div class=\"w-iconbox us_custom_b74f6679 us_animate_this iconpos_top style_default color_custom align_center no_text no_title\"><div class=\"w-iconbox-icon\" style=\"font-size:1.5rem;--icon-color:#FBA201;\"><i class=\"fas fa-star\"><\/i><\/div><div class=\"w-iconbox-meta\"><\/div><\/div><div class=\"w-iconbox us_custom_2ead0078 us_animate_this iconpos_top style_default color_custom align_center no_text no_title\"><div class=\"w-iconbox-icon\" style=\"font-size:1.5rem;--icon-color:#FBA201;\"><i class=\"fas fa-star\"><\/i><\/div><div class=\"w-iconbox-meta\"><\/div><\/div><div class=\"w-iconbox us_custom_ef23dfb8 us_animate_this iconpos_top style_default color_custom align_center no_text no_title\"><div class=\"w-iconbox-icon\" style=\"font-size:1.5rem;--icon-color:#FBA201;\"><i class=\"fas fa-star\"><\/i><\/div><div class=\"w-iconbox-meta\"><\/div><\/div><div class=\"w-iconbox us_custom_7cdb2b7e us_animate_this iconpos_top style_default color_custom align_center no_text no_title\"><div class=\"w-iconbox-icon\" style=\"font-size:1.5rem;--icon-color:#FBA201;\"><i class=\"fas fa-star\"><\/i><\/div><div class=\"w-iconbox-meta\"><\/div><\/div><div class=\"w-text\"><span class=\"w-text-h\"><span class=\"w-text-value\">4.8<\/span><\/span><\/div><\/div><\/div><\/div><\/div><\/div><\/section><section class=\"l-section wpb_row height_medium\" id=\"section-01\"><div class=\"l-section-h i-cf\"><div class=\"g-cols vc_row via_grid cols_1 laptops-cols_inherit tablets-cols_inherit mobiles-cols_1 valign_top type_default stacking_default\"><div class=\"wpb_column vc_column_container\"><div class=\"vc_column-inner\"><div class=\"wpb_text_column\"><div class=\"wpb_wrapper\"><h2 style=\"text-align: center;\">Algunos servicios de Marketing y AI que ofrecemos<\/h2>\n<\/div><\/div><div class=\"w-separator size_small\"><\/div><div class=\"w-text us_custom_87915124 has_text_color\"><span class=\"w-text-h\"><span class=\"w-text-value\">\u00abUn vistazo a las cosas en las que podemos ayudarte. \u00c9stos son s\u00f3lo algunos ejemplos.<\/span><\/span><\/div><div class=\"w-separator size_medium\"><\/div><div class=\"g-cols wpb_row via_grid cols_2 laptops-cols_inherit tablets-cols_inherit mobiles-cols_1 valign_top type_default\" style=\"--columns-gap:6vh;\"><div class=\"wpb_column vc_column_container\"><div class=\"vc_column-inner\"><div class=\"w-iconbox iconpos_left style_default color_primary align_none\"><div class=\"w-iconbox-icon\" style=\"font-size:3rem;\"><i class=\"material-icons\">analytics<\/i><\/div><div class=\"w-iconbox-meta\"><h3 class=\"w-iconbox-title\">Publicidad online<\/h3><div class=\"w-iconbox-text\"><p>\u00bfQuieres obtener mejores resultados de tus anuncios? Te ayudamos a ajustar las campa\u00f1as existentes o a crear otras nuevas que realmente den resultados, lleguen al p\u00fablico adecuado e impulsen un crecimiento real.<\/p>\n<\/div><\/div><\/div><\/div><\/div><div class=\"wpb_column vc_column_container\"><div class=\"vc_column-inner\"><div class=\"w-iconbox iconpos_left style_default color_primary align_none\"><div class=\"w-iconbox-icon\" style=\"font-size:3rem;\"><i class=\"material-icons\">design_services<\/i><\/div><div class=\"w-iconbox-meta\"><h3 class=\"w-iconbox-title\">SEO (\u00a1tambi\u00e9n para la b\u00fasqueda AI!)<\/h3><div class=\"w-iconbox-text\"><p>Dise\u00f1amos, construimos y optimizamos sitios web que te dan a conocer e impulsan los resultados. Tanto si se trata de mejorar tu sitio actual como de crear algo nuevo, hacemos que funcione para ti.<\/p>\n<\/div><\/div><\/div><\/div><\/div><div class=\"wpb_column vc_column_container\"><div class=\"vc_column-inner\"><div class=\"w-iconbox iconpos_left style_default color_primary align_none\"><div class=\"w-iconbox-icon\" style=\"font-size:3rem;\"><i class=\"material-icons\">api<\/i><\/div><div class=\"w-iconbox-meta\"><h3 class=\"w-iconbox-title\">IA Generativa<\/h3><div class=\"w-iconbox-text\"><p>\u00bfQuieres que la IA (Generativa) trabaje para ti? Te ayudamos a integrarla como una extensi\u00f3n natural de tu equipo, haciendo el trabajo m\u00e1s eficiente para que puedas crear un mayor impacto positivo. #ChatGPT #Claude.ai #Copilot<\/p>\n<\/div><\/div><\/div><\/div><\/div><div class=\"wpb_column vc_column_container\"><div class=\"vc_column-inner\"><div class=\"w-iconbox iconpos_left style_default color_primary align_none\"><div class=\"w-iconbox-icon\" style=\"font-size:3rem;\"><i class=\"material-icons\">support_agent<\/i><\/div><div class=\"w-iconbox-meta\"><h3 class=\"w-iconbox-title\">Asesoramiento estrat\u00e9gico de marketing<\/h3><div class=\"w-iconbox-text\"><p>Con m\u00e1s de 10 a\u00f1os de experiencia como Directora de Marketing en el sector financiero, s\u00e9 c\u00f3mo aprovechar el marketing estrat\u00e9gico para impulsar el crecimiento empresarial. Puedo pensar junto a ti a nivel ejecutivo.<\/p>\n<\/div><\/div><\/div><\/div><\/div><\/div><\/div><\/div><\/div><\/div><\/section><section class=\"l-section wpb_row height_medium with_shape\"><div class=\"l-section-shape type_custom pos_bottom\" style=\"height:33%;color:var(--color-content-bg-alt)\"><svg xmlns=\"http:\/\/www.w3.org\/2000\/svg\" viewBox=\"0 0 64 8\" preserveAspectRatio=\"none\" width=\"100%\" height=\"100%\">\r\n\t<path fill=\"currentColor\" d=\"M64 8 L0 8 L0 0 L64 0 Z\"\/>\r\n<\/svg><\/div><div class=\"l-section-h i-cf\"><div class=\"g-cols vc_row via_grid cols_1 laptops-cols_inherit tablets-cols_inherit mobiles-cols_1 valign_top type_default stacking_default\"><div class=\"wpb_column vc_column_container\"><div class=\"vc_column-inner\"><div class=\"wpb_text_column\"><div class=\"wpb_wrapper\"><h2 style=\"text-align: center;\">Por qu\u00e9 elegirnos<\/h2>\n<\/div><\/div><div class=\"w-separator size_small\"><\/div><div class=\"w-text us_custom_87915124 has_text_color\"><span class=\"w-text-h\"><span class=\"w-text-value\">\u00abUn gran servicio no es s\u00f3lo un extra, es la base de todo lo que hacemos y en lo que creemos.\u00bb<\/span><\/span><\/div><div class=\"w-separator size_medium\"><\/div><div class=\"g-cols wpb_row via_grid cols_3 laptops-cols_inherit tablets-cols_inherit mobiles-cols_1 valign_top type_default stacking_default\" style=\"--columns-gap:2rem;\"><div class=\"wpb_column vc_column_container us_custom_4dff3352 has_bg_color\"><div class=\"vc_column-inner\"><div class=\"wpb_text_column\"><div class=\"wpb_wrapper\"><h3>Precios justos \u2764\ufe0f<\/h3>\n<p>No tenemos tarifas fijas. Nuestros precios se basan en la confianza y la equidad. T\u00fa decides lo que vale nuestro trabajo, lo que garantiza un enfoque flexible y transparente.<\/p>\n<\/div><\/div><\/div><\/div><div class=\"wpb_column vc_column_container us_custom_4dff3352 has_bg_color\"><div class=\"vc_column-inner\"><div class=\"wpb_text_column\"><div class=\"wpb_wrapper\"><h3>Experiencia integral<\/h3>\n<p>El \u00e9xito viene de la experiencia, y nosotros la tenemos toda bajo un mismo techo. Nos movemos sin esfuerzo entre la estrategia y la ejecuci\u00f3n para ayudarte a conseguir un impacto duradero.<\/p>\n<\/div><\/div><\/div><\/div><div class=\"wpb_column vc_column_container us_custom_4dff3352 has_bg_color\"><div class=\"vc_column-inner\"><div class=\"wpb_text_column\"><div class=\"wpb_wrapper\"><h3>Compartimos ideas<\/h3>\n<p>Aportando conocimientos y experiencia, te capacitamos para superar los retos, aprovechar las oportunidades e impulsar el \u00e9xito duradero. Podemos ayudarte a crecer.<\/p>\n<\/div><\/div><\/div><\/div><\/div><\/div><\/div><\/div><\/div><\/section><section class=\"l-section wpb_row us_custom_c70c97eb height_medium\"><div class=\"l-section-h i-cf\"><div class=\"g-cols vc_row via_grid cols_1 laptops-cols_inherit tablets-cols_inherit mobiles-cols_1 valign_middle type_default stacking_default\"><div class=\"wpb_column vc_column_container us_custom_2c45f91b\"><div class=\"vc_column-inner\"><div class=\"wpb_text_column us_custom_eb849559\"><div class=\"wpb_wrapper\"><h2>\u00bfTienes alg\u00fan <strong>reto<\/strong> o pregunta?<br \/>\n<strong><span style=\"color: var(--color-content-link);\">\u00a1Hablemos, <\/span>quiz\u00e1 podamos ayudarte!<\/strong><\/h2>\n<p>Nuestra experiencia est\u00e1 a s\u00f3lo un mensaje de distancia. O ll\u00e1manos a <i class=\"fas fa-phone\"><\/i> <a href=\"tel:+35932509327\">+359 32 509 327.<\/a><\/p>\n<\/div><\/div><div class=\"w-separator size_medium\"><\/div>\n<div class=\"wpcf7 no-js us-field-style_1\" id=\"wpcf7-f852-o1\" lang=\"es-ES\" dir=\"ltr\" data-wpcf7-id=\"852\">\n<div class=\"screen-reader-response\"><p role=\"status\" aria-live=\"polite\" aria-atomic=\"true\"><\/p> <ul><\/ul><\/div>\n<form action=\"\/es\/wp-json\/wp\/v2\/pages\/882#wpcf7-f852-o1\" method=\"post\" class=\"wpcf7-form init\" aria-label=\"Formulario de contacto\" novalidate=\"novalidate\" data-status=\"init\">\n<fieldset class=\"hidden-fields-container\"><input type=\"hidden\" name=\"_wpcf7\" value=\"852\" \/><input type=\"hidden\" name=\"_wpcf7_version\" value=\"6.1.5\" \/><input type=\"hidden\" name=\"_wpcf7_locale\" value=\"es_ES\" \/><input type=\"hidden\" name=\"_wpcf7_unit_tag\" value=\"wpcf7-f852-o1\" \/><input type=\"hidden\" name=\"_wpcf7_container_post\" value=\"0\" \/><input type=\"hidden\" name=\"_wpcf7_posted_data_hash\" value=\"\" \/>\n<\/fieldset>\n<p><label> Tu nombre<br \/>\n<span class=\"wpcf7-form-control-wrap\" data-name=\"your-name\"><input size=\"40\" maxlength=\"400\" class=\"wpcf7-form-control wpcf7-text wpcf7-validates-as-required\" autocomplete=\"name\" aria-required=\"true\" aria-invalid=\"false\" value=\"\" type=\"text\" name=\"your-name\" \/><\/span> <\/label>\n<\/p>\n<p><label> N\u00famero de tel\u00e9fono (con el prefijo del pa\u00eds)<br \/>\n<span class=\"wpcf7-form-control-wrap\" data-name=\"your-phone\"><input size=\"40\" maxlength=\"400\" class=\"wpcf7-form-control wpcf7-tel wpcf7-validates-as-required wpcf7-text wpcf7-validates-as-tel\" autocomplete=\"tel\" aria-required=\"true\" aria-invalid=\"false\" value=\"\" type=\"tel\" name=\"your-phone\" \/><\/span> <\/label>\n<\/p>\n<p><label> Correo electr\u00f3nico<br \/>\n<span class=\"wpcf7-form-control-wrap\" data-name=\"your-email\"><input size=\"40\" maxlength=\"400\" class=\"wpcf7-form-control wpcf7-email wpcf7-validates-as-required wpcf7-text wpcf7-validates-as-email\" autocomplete=\"email\" aria-required=\"true\" aria-invalid=\"false\" value=\"\" type=\"email\" name=\"your-email\" \/><\/span> <\/label>\n<\/p>\n<p><label> Tu mensaje<br \/>\n<span class=\"wpcf7-form-control-wrap\" data-name=\"your-message\"><textarea cols=\"40\" rows=\"10\" maxlength=\"2000\" class=\"wpcf7-form-control wpcf7-textarea wpcf7-validates-as-required\" aria-required=\"true\" aria-invalid=\"false\" name=\"your-message\"><\/textarea><\/span> <\/label>\n<\/p>\n<p><input class=\"wpcf7-form-control wpcf7-submit has-spinner\" type=\"submit\" value=\"Env\u00eda\" \/>\n<\/p><div class=\"wpcf7-response-output\" aria-hidden=\"true\"><\/div>\n<\/form>\n<\/div>\n<\/div><\/div><\/div><\/div><\/section>\n","protected":false},"excerpt":{"rendered":"","protected":false},"author":1,"featured_media":0,"parent":0,"menu_order":0,"comment_status":"closed","ping_status":"closed","template":"","meta":{"_themeisle_gutenberg_block_has_review":false,"footnotes":""},"class_list":["post-882","page","type-page","status-publish","hentry"],"_links":{"self":[{"href":"https:\/\/marketing-extender.com\/es\/wp-json\/wp\/v2\/pages\/882","targetHints":{"allow":["GET"]}}],"collection":[{"href":"https:\/\/marketing-extender.com\/es\/wp-json\/wp\/v2\/pages"}],"about":[{"href":"https:\/\/marketing-extender.com\/es\/wp-json\/wp\/v2\/types\/page"}],"author":[{"embeddable":true,"href":"https:\/\/marketing-extender.com\/es\/wp-json\/wp\/v2\/users\/1"}],"replies":[{"embeddable":true,"href":"https:\/\/marketing-extender.com\/es\/wp-json\/wp\/v2\/comments?post=882"}],"version-history":[{"count":4,"href":"https:\/\/marketing-extender.com\/es\/wp-json\/wp\/v2\/pages\/882\/revisions"}],"predecessor-version":[{"id":1052,"href":"https:\/\/marketing-extender.com\/es\/wp-json\/wp\/v2\/pages\/882\/revisions\/1052"}],"wp:attachment":[{"href":"https:\/\/marketing-extender.com\/es\/wp-json\/wp\/v2\/media?parent=882"}],"curies":[{"name":"wp","href":"https:\/\/api.w.org\/{rel}","templated":true}]}}