{"id":836,"date":"2025-03-01T18:21:37","date_gmt":"2025-03-01T18:21:37","guid":{"rendered":"https:\/\/marketing-extender.com\/seo-optimizacion-de-motores-de-busqueda\/"},"modified":"2025-03-02T15:43:29","modified_gmt":"2025-03-02T15:43:29","slug":"seo-optimizacion-de-motores-de-busqueda","status":"publish","type":"page","link":"https:\/\/marketing-extender.com\/es\/disciplinas\/seo-optimizacion-de-motores-de-busqueda\/","title":{"rendered":"SEO \/ Optimizaci\u00f3n de motores de b\u00fasqueda"},"content":{"rendered":"<section class=\"l-section wpb_row height_auto color_secondary\"><div class=\"l-section-overlay\" style=\"background:#00423C\"><\/div><div class=\"l-section-h i-cf\"><div class=\"g-cols vc_row via_grid cols_1 laptops-cols_inherit tablets-cols_inherit mobiles-cols_1 valign_top type_default stacking_default\"><div class=\"wpb_column vc_column_container\"><div class=\"vc_column-inner\"><div class=\"w-separator size_small\"><\/div><nav class=\"g-breadcrumbs us_custom_107fbc5f has_text_color separator_icon align_left\" itemscope itemtype=\"http:\/\/schema.org\/BreadcrumbList\"><div class=\"g-breadcrumbs-item\" itemscope itemprop=\"itemListElement\" itemtype=\"http:\/\/schema.org\/ListItem\"><a itemprop=\"item\" href=\"https:\/\/marketing-extender.com\/es\/\"><span itemprop=\"name\">Inicio<\/span><\/a><meta itemprop=\"position\" content=\"1\"\/><\/div><div class=\"g-breadcrumbs-separator\"><i class=\"far fa-angle-right\"><\/i><\/div><div class=\"g-breadcrumbs-item\">P\u00e1ginas<\/div><\/nav><div class=\"w-separator size_small\"><\/div><h1 class=\"w-text us_custom_eb849559\"><span class=\"w-text-h\"><span class=\"w-text-value\">SEO \/ Optimizaci\u00f3n de motores de b\u00fasqueda<\/span><\/span><\/h1><div class=\"w-separator size_small\"><\/div><div class=\"w-iconbox us_custom_99682d72 iconpos_top style_default color_custom align_center no_text no_title\"><a href=\"#\" class=\"w-iconbox-link\" aria-label=\"fas|chevron-down\"><div class=\"w-iconbox-icon\" style=\"font-size:4rem;\"><i class=\"fas fa-chevron-down\"><\/i><\/div><\/a><div class=\"w-iconbox-meta\"><\/div><\/div><\/div><\/div><\/div><\/div><\/section><section class=\"l-section wpb_row height_small\"><div class=\"l-section-h i-cf\"><div class=\"g-cols vc_row via_grid cols_2 laptops-cols_inherit tablets-cols_inherit mobiles-cols_1 valign_top type_default stacking_default\" style=\"--columns-gap:4vw;\"><div class=\"wpb_column vc_column_container us_custom_33b9ee00\"><div class=\"vc_column-inner\"><h2 class=\"w-text\"><span class=\"w-text-h\"><span class=\"w-text-value\">\u00bfQu\u00e9 es SEO \/ Optimizaci\u00f3n de motores de b\u00fasqueda?<\/span><\/span><\/h2><\/div><\/div><div class=\"wpb_column vc_column_container\"><div class=\"vc_column-inner\"><div class=\"wpb_text_column\"><div class=\"wpb_wrapper\"><p data-start=\"0\" data-end=\"199\">SEO son las siglas de Search Engine Optimization (optimizaci\u00f3n para motores de b\u00fasqueda), la pr\u00e1ctica de mejorar la visibilidad de un sitio web en los motores de b\u00fasqueda. Dado que Google es el actor dominante, muchos asocian el SEO con un mejor posicionamiento en Google. <\/p>\n<p data-start=\"201\" data-end=\"457\">Sin embargo, la b\u00fasqueda est\u00e1 evolucionando con motores y chatbots impulsados por IA, como Claude.ai, Microsoft Copilot y ChatGPT. Estas herramientas proporcionan respuestas directas en lugar de limitarse a mostrar enlaces, lo que significa que ahora el SEO tambi\u00e9n consiste en ser referenciado en los resultados generados por la IA. <\/p>\n<p data-start=\"459\" data-end=\"754\">Los motores de b\u00fasqueda alternativos como DuckDuckGo y Ecosia (que siguen las directrices SEO de Bing) est\u00e1n creciendo, pero Google sigue siendo la plataforma m\u00e1s influyente. Tambi\u00e9n est\u00e1n surgiendo opciones centradas en la privacidad, como Brave Search y Presearch, algunas de las cuales pretenden utilizar mecanismos de clasificaci\u00f3n de c\u00f3digo abierto. <\/p>\n<p data-start=\"756\" data-end=\"981\" data-is-last-node=\"\" data-is-only-node=\"\">En EE.UU., el SEO para Amazon est\u00e1 ganando importancia, ya que se realizan m\u00e1s b\u00fasquedas de productos en Amazon que en Google. Sin embargo, como Google sigue dominando en la mayor\u00eda de las regiones, esta p\u00e1gina se centra en el SEO de Google y en las tendencias de b\u00fasqueda impulsadas por la IA. <\/p>\n<\/div><\/div><\/div><\/div><\/div><\/div><\/section><section class=\"l-section wpb_row height_small\"><div class=\"l-section-h i-cf\"><div class=\"g-cols vc_row via_grid cols_1 laptops-cols_inherit tablets-cols_inherit mobiles-cols_1 valign_top type_default stacking_default\"><div class=\"wpb_column vc_column_container\"><div class=\"vc_column-inner\"><h2 class=\"w-text us_custom_b48a3196\"><span class=\"w-text-h\"><span class=\"w-text-value\">SEO = Experiencia de usuario<\/span><\/span><\/h2><div class=\"w-text us_custom_eb849559\"><span class=\"w-text-h\"><span class=\"w-text-value\">Uno de los mayores conceptos err\u00f3neos en la comunicaci\u00f3n de marketing es que el SEO y la experiencia del usuario (UX) son opuestos. En realidad, las directrices SEO actuales y futuras de Google est\u00e1n profundamente arraigadas en la experiencia del usuario. Si das prioridad a la usabilidad, ya est\u00e1s mejorando tu SEO en muchos casos. Ahora, la b\u00fasqueda por IA a\u00f1ade otra capa a esto. Los motores de b\u00fasqueda y los modelos de IA dan prioridad a los contenidos bien estructurados, claros y con autoridad, que sean f\u00e1ciles de extraer y presentar como respuesta. A continuaci\u00f3n encontrar\u00e1s algunos ejemplos del solapamiento entre las mejores pr\u00e1cticas de SEO, las mejores pr\u00e1cticas de UX y las mejores pr\u00e1cticas de IA.     <\/span><\/span><\/div><div class=\"w-separator size_small\"><\/div><div class=\"g-cols wpb_row via_grid cols_2 laptops-cols_2 tablets-cols_inherit mobiles-cols_1 valign_top type_default stacking_default\" style=\"--columns-gap:3rem;\"><div class=\"wpb_column vc_column_container\"><div class=\"vc_column-inner\"><div class=\"w-hwrapper valign_top align_none\"><div class=\"wpb_text_column\"><div class=\"wpb_wrapper\"><h3>Buenas pr\u00e1cticas SEO<\/h3>\n<ol>\n<li data-start=\"2227\" data-end=\"2271\">Cada p\u00e1gina debe <strong data-start=\"2251\" data-end=\"2269\">tener un tema principal. <\/strong>El encabezamiento H1 debe reflejar claramente este tema<\/li>\n<li data-start=\"2329\" data-end=\"2400\">Lo ideal es que el tema principal aparezca <strong data-start=\"2368\" data-end=\"2388\">al principio<\/strong> (izquierda) del H1<\/li>\n<li data-start=\"2401\" data-end=\"2456\">El H1 tambi\u00e9n debe incluirse en <strong data-start=\"2441\" data-end=\"2454\">la etiqueta del t\u00edtulo<\/strong><\/li>\n<\/ol>\n<\/div><\/div><\/div><\/div><\/div><div class=\"wpb_column vc_column_container\"><div class=\"vc_column-inner\"><div class=\"w-hwrapper valign_top align_none\"><div class=\"wpb_text_column\"><div class=\"wpb_wrapper\"><h3>Optimizaci\u00f3n de la UX y la IA<\/h3>\n<ol>\n<li data-start=\"2582\" data-end=\"2716\">Los usuarios quieren ver inmediatamente si una p\u00e1gina coincide con lo que buscan, por lo que es \u00fatil que el <strong data-start=\"2683\" data-end=\"2714\">H1 indique claramente el tema<\/strong><\/li>\n<li data-start=\"2717\" data-end=\"2826\">Los usuarios occidentales leen <strong data-start=\"2848\" data-end=\"2870\">de izquierda a derecha<\/strong> y escanean el texto en lugar de leer cada palabra. Si el tema principal aparece <strong data-start=\"2943\" data-end=\"2973\">al principio del H1<\/strong>, mejora la legibilidad <\/li>\n<li data-start=\"3001\" data-end=\"3173\">Al escanear los resultados de b\u00fasqueda, los usuarios <strong data-start=\"3039\" data-end=\"3061\">se centran en los titulares<\/strong>. Un <strong data-start=\"3078\" data-end=\"3098\">H1 y una etiqueta de t\u00edtulo<\/strong> bien emparejados les ayudan a determinar r\u00e1pidamente si una p\u00e1gina contiene la informaci\u00f3n que necesitan <\/li>\n<\/ol>\n<\/div><\/div><\/div><\/div><\/div><\/div><\/div><\/div><\/div><\/div><\/section><section class=\"l-section wpb_row height_small width_custom\" style=\"--site-content-width:900px;\"><div class=\"l-section-h i-cf\"><div class=\"g-cols vc_row via_grid cols_1 laptops-cols_inherit tablets-cols_inherit mobiles-cols_1 valign_top type_default stacking_default\"><div class=\"wpb_column vc_column_container\"><div class=\"vc_column-inner\"><div class=\"wpb_text_column\"><div class=\"wpb_wrapper\"><h2 style=\"text-align: center;\">\u00bfC\u00f3mo utilizar el SEO de forma eficaz?<\/h2>\n<\/div><\/div><\/div><\/div><\/div><\/div><\/section><section class=\"l-section wpb_row height_auto\"><div class=\"l-section-h i-cf\"><div class=\"g-cols vc_row via_grid cols_1 laptops-cols_inherit tablets-cols_inherit mobiles-cols_1 valign_top type_default stacking_default\"><div class=\"wpb_column vc_column_container\"><div class=\"vc_column-inner\"><div class=\"g-cols wpb_row via_grid cols_2 laptops-cols_inherit tablets-cols_1 mobiles-cols_1 valign_top type_default stacking_default\" style=\"--columns-gap:2.5rem;\"><div class=\"wpb_column vc_column_container us_custom_6f96f96d\"><div class=\"vc_column-inner\"><div class=\"w-hwrapper valign_baseline align_none\" style=\"--hwrapper-gap:1.5rem\"><div class=\"w-text us_custom_bf3b962c has_text_color\"><span class=\"w-text-h\"><span class=\"w-text-value\">01<\/span><\/span><\/div><h4 class=\"w-text\"><span class=\"w-text-h\"><span class=\"w-text-value\">Configuraci\u00f3n t\u00e9cnica del sitio web<\/span><\/span><\/h4><\/div><div class=\"w-separator size_small\"><\/div><div class=\"wpb_text_column\"><div class=\"wpb_wrapper\"><p>Aseg\u00farate de que tu sitio web es t\u00e9cnicamente s\u00f3lido para que no sea penalizado por problemas t\u00e9cnicos.<\/p>\n<\/div><\/div><\/div><\/div><div class=\"wpb_column vc_column_container us_custom_6f96f96d\"><div class=\"vc_column-inner\"><div class=\"w-hwrapper valign_baseline align_none\" style=\"--hwrapper-gap:1.5rem\"><div class=\"w-text us_custom_bf3b962c has_text_color\"><span class=\"w-text-h\"><span class=\"w-text-value\">02<\/span><\/span><\/div><h4 class=\"w-text\"><span class=\"w-text-h\"><span class=\"w-text-value\">Seguridad del sitio web<\/span><\/span><\/h4><\/div><div class=\"w-separator size_small\"><\/div><div class=\"wpb_text_column\"><div class=\"wpb_wrapper\"><p>Este ha sido un factor de clasificaci\u00f3n desde 2014, as\u00ed que aseg\u00farate de que tu certificado SSL y las cabeceras de seguridad est\u00e1n correctamente configurados.<\/p>\n<\/div><\/div><\/div><\/div><div class=\"wpb_column vc_column_container us_custom_6f96f96d\"><div class=\"vc_column-inner\"><div class=\"w-hwrapper valign_baseline align_none\" style=\"--hwrapper-gap:1.5rem\"><div class=\"w-text us_custom_bf3b962c has_text_color\"><span class=\"w-text-h\"><span class=\"w-text-value\">03<\/span><\/span><\/div><h4 class=\"w-text\"><span class=\"w-text-h\"><span class=\"w-text-value\">Salud del sitio web<\/span><\/span><\/h4><\/div><div class=\"w-separator size_small\"><\/div><div class=\"wpb_text_column\"><div class=\"wpb_wrapper\"><p>Mant\u00e9n sano tu sitio web evitando problemas como enlaces rotos y redireccionamientos innecesarios.<\/p>\n<\/div><\/div><\/div><\/div><div class=\"wpb_column vc_column_container us_custom_6f96f96d\"><div class=\"vc_column-inner\"><div class=\"w-hwrapper valign_baseline align_none\" style=\"--hwrapper-gap:1.5rem\"><div class=\"w-text us_custom_bf3b962c has_text_color\"><span class=\"w-text-h\"><span class=\"w-text-value\">04<\/span><\/span><\/div><h4 class=\"w-text\"><span class=\"w-text-h\"><span class=\"w-text-value\">La investigaci\u00f3n tem\u00e1tica es clave<\/span><\/span><\/h4><\/div><div class=\"w-separator size_small\"><\/div><div class=\"wpb_text_column\"><div class=\"wpb_wrapper\"><p data-start=\"0\" data-end=\"271\">Los motores de b\u00fasqueda dan prioridad a la comprensi\u00f3n de los temas relevantes y a la intenci\u00f3n del usuario, as\u00ed que identifica los temas populares y la forma en que la gente formula naturalmente sus consultas de b\u00fasqueda.<\/p>\n<\/div><\/div><\/div><\/div><div class=\"wpb_column vc_column_container us_custom_6f96f96d\"><div class=\"vc_column-inner\"><div class=\"w-hwrapper valign_baseline align_none\" style=\"--hwrapper-gap:1.5rem\"><div class=\"w-text us_custom_bf3b962c has_text_color\"><span class=\"w-text-h\"><span class=\"w-text-value\">05<\/span><\/span><\/div><h4 class=\"w-text\"><span class=\"w-text-h\"><span class=\"w-text-value\">Competencia frente a potencial de tr\u00e1fico<\/span><\/span><\/h4><\/div><div class=\"w-separator size_small\"><\/div><div class=\"wpb_text_column\"><div class=\"wpb_wrapper\"><p>Dirigirse a palabras clave de baja competencia puede ser una buena estrategia si tu sitio a\u00fan no est\u00e1 bien establecido.<\/p>\n<p>Dirigirse a palabras clave de alta competencia y alto tr\u00e1fico puede traer un tr\u00e1fico importante, pero si no te clasificas entre los tres primeros, el tr\u00e1fico real puede ser m\u00ednimo.<\/p>\n<\/div><\/div><\/div><\/div><div class=\"wpb_column vc_column_container us_custom_6f96f96d\"><div class=\"vc_column-inner\"><div class=\"w-hwrapper valign_baseline align_none\" style=\"--hwrapper-gap:1.5rem\"><div class=\"w-text us_custom_bf3b962c has_text_color\"><span class=\"w-text-h\"><span class=\"w-text-value\">06<\/span><\/span><\/div><h4 class=\"w-text\"><span class=\"w-text-h\"><span class=\"w-text-value\">C\u00e9ntrate en la relevancia<\/span><\/span><\/h4><\/div><div class=\"w-separator size_small\"><\/div><div class=\"wpb_text_column\"><div class=\"wpb_wrapper\"><p data-start=\"0\" data-end=\"271\">Una empresa de limpieza puede tener el mejor SEO, pero nunca se clasificar\u00e1 en los listados inmobiliarios porque el contenido no es relevante. Define los temas principales que importan a tu negocio y estructura tu sitio en torno a ellos. Evita alejarte demasiado de tu n\u00facleo, ya que esto puede reducir tu relevancia general para tus temas principales.  <\/p>\n<\/div><\/div><\/div><\/div><\/div><div class=\"w-separator size_medium\"><\/div><\/div><\/div><\/div><\/div><\/section><section class=\"l-section wpb_row height_auto width_custom\" style=\"--site-content-width:700px;\"><div class=\"l-section-h i-cf\"><div class=\"g-cols vc_row via_grid cols_1 laptops-cols_inherit tablets-cols_inherit mobiles-cols_1 valign_top type_default stacking_default\"><div class=\"wpb_column vc_column_container\"><div class=\"vc_column-inner\"><h2 class=\"w-text us_custom_dee3b179\"><span class=\"w-text-h\"><span class=\"w-text-value\">\u00bfC\u00f3mo mejorar tu SEO?<\/span><\/span><\/h2><div class=\"wpb_text_column\"><div class=\"wpb_wrapper\"><ul>\n<li data-start=\"4574\" data-end=\"5348\">Rastrea tu sitio web con herramientas como Screaming Frog para comprobar si hay enlaces rotos, redireccionamientos y problemas de indexaci\u00f3n<\/li>\n<li data-start=\"4574\" data-end=\"5348\">Utiliza Google Search Console y Bing Webmaster Tools para supervisar el rendimiento del sitio y recibir sugerencias de mejora SEO<\/li>\n<li data-start=\"4574\" data-end=\"5348\">Realiza una investigaci\u00f3n de palabras clave con herramientas como Google Keyword Planner (parte de Google Ads) o Ubersuggest para identificar las tendencias de b\u00fasqueda<\/li>\n<li data-start=\"4574\" data-end=\"5348\">Optimizar la velocidad del sitio web mediante PageSpeed Insights de Google, ya que la velocidad del sitio es un factor de clasificaci\u00f3n importante<\/li>\n<li data-start=\"4574\" data-end=\"5348\">Utiliza datos estructurados (marcado schema) para ayudar a los motores de b\u00fasqueda de AI a comprender mejor tu contenido<\/li>\n<li data-start=\"4574\" data-end=\"5348\">Escribe en un estilo conversacional para mejorar la visibilidad en los chatbots impulsados por IA<\/li>\n<li data-start=\"4574\" data-end=\"5348\">Optimiza los fragmentos destacados con respuestas claras y bien estructuradas<\/li>\n<\/ul>\n<p>Combinando las t\u00e9cnicas tradicionales de SEO, la optimizaci\u00f3n de b\u00fasqueda con IA y la estructuraci\u00f3n de contenidos, puedes aumentar la visibilidad no s\u00f3lo en Google, sino tambi\u00e9n en los motores de b\u00fasqueda y chatbots impulsados por IA.<\/p>\n<\/div><\/div><div class=\"w-separator size_medium\"><\/div><\/div><\/div><\/div><\/div><\/section><section class=\"l-section wpb_row height_medium width_custom color_primary\" style=\"--site-content-width:750px;\"><div class=\"l-section-h i-cf\"><div class=\"g-cols vc_row via_grid cols_1 laptops-cols_inherit tablets-cols_inherit mobiles-cols_1 valign_middle type_default stacking_default\"><div class=\"wpb_column vc_column_container\"><div class=\"vc_column-inner\"><h2 class=\"w-text us_custom_8fac178d has_text_color\"><span class=\"w-text-h\"><span class=\"w-text-value\">\u00bfQuieres saber m\u00e1s?<\/span><\/span><\/h2><div class=\"wpb_text_column us_custom_aa7f5b77 has_text_color\"><div class=\"wpb_wrapper\"><p data-start=\"0\" data-end=\"75\">SEO \/ Optimizaci\u00f3n de motores de b\u00fasqueda es un tema amplio con infinitas posibilidades. Si deseas asesoramiento o necesitas ayuda para implantarlo en tu organizaci\u00f3n, no dudes en ponerte en contacto con nosotros a trav\u00e9s del siguiente formulario <br \/>o llamando al tel\u00e9fono   <i class=\"fas fa-phone\"><\/i><a href=\"tel:+31651378397\">+31 651378397.<\/a><\/p>\n<\/div><\/div><div class=\"w-separator size_small\"><\/div>\n<div class=\"wpcf7 no-js us-field-style_1\" id=\"wpcf7-f847-o1\" lang=\"es-ES\" dir=\"ltr\" data-wpcf7-id=\"847\">\n<div class=\"screen-reader-response\"><p role=\"status\" aria-live=\"polite\" aria-atomic=\"true\"><\/p> <ul><\/ul><\/div>\n<form action=\"\/es\/wp-json\/wp\/v2\/pages\/836#wpcf7-f847-o1\" method=\"post\" class=\"wpcf7-form init\" aria-label=\"Formulario de contacto\" novalidate=\"novalidate\" data-status=\"init\">\n<fieldset class=\"hidden-fields-container\"><input type=\"hidden\" name=\"_wpcf7\" value=\"847\" \/><input type=\"hidden\" name=\"_wpcf7_version\" value=\"6.1.5\" \/><input type=\"hidden\" name=\"_wpcf7_locale\" value=\"es_ES\" \/><input type=\"hidden\" name=\"_wpcf7_unit_tag\" value=\"wpcf7-f847-o1\" \/><input type=\"hidden\" name=\"_wpcf7_container_post\" value=\"0\" \/><input type=\"hidden\" name=\"_wpcf7_posted_data_hash\" value=\"\" \/>\n<\/fieldset>\n<p><label> Tu nombre<br \/>\n<span class=\"wpcf7-form-control-wrap\" data-name=\"your-name\"><input size=\"40\" maxlength=\"400\" class=\"wpcf7-form-control wpcf7-text wpcf7-validates-as-required\" autocomplete=\"name\" aria-required=\"true\" aria-invalid=\"false\" value=\"\" type=\"text\" name=\"your-name\" \/><\/span> <\/label>\n<\/p>\n<p><label> N\u00famero de tel\u00e9fono (con el prefijo del pa\u00eds)<br \/>\n<span class=\"wpcf7-form-control-wrap\" data-name=\"your-phone\"><input size=\"40\" maxlength=\"400\" class=\"wpcf7-form-control wpcf7-tel wpcf7-validates-as-required wpcf7-text wpcf7-validates-as-tel\" autocomplete=\"tel\" aria-required=\"true\" aria-invalid=\"false\" value=\"\" type=\"tel\" name=\"your-phone\" \/><\/span> <\/label>\n<\/p>\n<p><label> Correo electr\u00f3nico<br \/>\n<span class=\"wpcf7-form-control-wrap\" data-name=\"your-email\"><input size=\"40\" maxlength=\"400\" class=\"wpcf7-form-control wpcf7-email wpcf7-validates-as-required wpcf7-text wpcf7-validates-as-email\" autocomplete=\"email\" aria-required=\"true\" aria-invalid=\"false\" value=\"\" type=\"email\" name=\"your-email\" \/><\/span> <\/label>\n<\/p>\n<p><label> Tu mensaje<br \/>\n<span class=\"wpcf7-form-control-wrap\" data-name=\"your-message\"><textarea cols=\"40\" rows=\"10\" maxlength=\"2000\" class=\"wpcf7-form-control wpcf7-textarea wpcf7-validates-as-required\" aria-required=\"true\" aria-invalid=\"false\" name=\"your-message\"><\/textarea><\/span> <\/label>\n<\/p>\n<p><input class=\"wpcf7-form-control wpcf7-submit has-spinner\" type=\"submit\" value=\"Env\u00eda\" \/>\n<\/p><div class=\"wpcf7-response-output\" aria-hidden=\"true\"><\/div>\n<\/form>\n<\/div>\n<\/div><\/div><\/div><\/div><\/section>\n","protected":false},"excerpt":{"rendered":"","protected":false},"author":1,"featured_media":0,"parent":861,"menu_order":0,"comment_status":"closed","ping_status":"closed","template":"","meta":{"_themeisle_gutenberg_block_has_review":false,"footnotes":""},"class_list":["post-836","page","type-page","status-publish","hentry"],"_links":{"self":[{"href":"https:\/\/marketing-extender.com\/es\/wp-json\/wp\/v2\/pages\/836","targetHints":{"allow":["GET"]}}],"collection":[{"href":"https:\/\/marketing-extender.com\/es\/wp-json\/wp\/v2\/pages"}],"about":[{"href":"https:\/\/marketing-extender.com\/es\/wp-json\/wp\/v2\/types\/page"}],"author":[{"embeddable":true,"href":"https:\/\/marketing-extender.com\/es\/wp-json\/wp\/v2\/users\/1"}],"replies":[{"embeddable":true,"href":"https:\/\/marketing-extender.com\/es\/wp-json\/wp\/v2\/comments?post=836"}],"version-history":[{"count":1,"href":"https:\/\/marketing-extender.com\/es\/wp-json\/wp\/v2\/pages\/836\/revisions"}],"predecessor-version":[{"id":840,"href":"https:\/\/marketing-extender.com\/es\/wp-json\/wp\/v2\/pages\/836\/revisions\/840"}],"up":[{"embeddable":true,"href":"https:\/\/marketing-extender.com\/es\/wp-json\/wp\/v2\/pages\/861"}],"wp:attachment":[{"href":"https:\/\/marketing-extender.com\/es\/wp-json\/wp\/v2\/media?parent=836"}],"curies":[{"name":"wp","href":"https:\/\/api.w.org\/{rel}","templated":true}]}}