{"id":706,"date":"2025-03-02T13:46:11","date_gmt":"2025-03-02T13:46:11","guid":{"rendered":"https:\/\/marketing-extender.com\/politica-de-privacidad\/"},"modified":"2025-03-02T15:41:11","modified_gmt":"2025-03-02T15:41:11","slug":"politica-de-privacidad","status":"publish","type":"page","link":"https:\/\/marketing-extender.com\/es\/politica-de-privacidad\/","title":{"rendered":"Pol\u00edtica de privacidad"},"content":{"rendered":"<section class=\"l-section wpb_row height_auto color_secondary\"><div class=\"l-section-overlay\" style=\"background:#00423C\"><\/div><div class=\"l-section-h i-cf\"><div class=\"g-cols vc_row via_grid cols_1 laptops-cols_inherit tablets-cols_inherit mobiles-cols_1 valign_top type_default stacking_default\"><div class=\"wpb_column vc_column_container\"><div class=\"vc_column-inner\"><div class=\"w-separator size_small\"><\/div><nav class=\"g-breadcrumbs us_custom_107fbc5f has_text_color separator_icon align_left\" itemscope itemtype=\"http:\/\/schema.org\/BreadcrumbList\"><div class=\"g-breadcrumbs-item\" itemscope itemprop=\"itemListElement\" itemtype=\"http:\/\/schema.org\/ListItem\"><a itemprop=\"item\" href=\"https:\/\/marketing-extender.com\/es\/\"><span itemprop=\"name\">Inicio<\/span><\/a><meta itemprop=\"position\" content=\"1\"\/><\/div><div class=\"g-breadcrumbs-separator\"><i class=\"far fa-angle-right\"><\/i><\/div><div class=\"g-breadcrumbs-item\">P\u00e1ginas<\/div><\/nav><div class=\"w-separator size_small\"><\/div><h1 class=\"w-text us_custom_eb849559\"><span class=\"w-text-h\"><span class=\"w-text-value\">Pol\u00edtica de privacidad<\/span><\/span><\/h1><div class=\"w-separator size_small\"><\/div><div class=\"w-iconbox us_custom_99682d72 iconpos_top style_default color_custom align_center no_text no_title\"><a href=\"#\" class=\"w-iconbox-link\" aria-label=\"fas|chevron-down\"><div class=\"w-iconbox-icon\" style=\"font-size:4rem;\"><i class=\"fas fa-chevron-down\"><\/i><\/div><\/a><div class=\"w-iconbox-meta\"><\/div><\/div><\/div><\/div><\/div><\/div><\/section><section class=\"l-section wpb_row height_small\"><div class=\"l-section-h i-cf\"><div class=\"g-cols vc_row via_grid cols_1 laptops-cols_inherit tablets-cols_inherit mobiles-cols_1 valign_top type_default stacking_default\"><div class=\"wpb_column vc_column_container\"><div class=\"vc_column-inner\"><div class=\"wpb_text_column\"><div class=\"wpb_wrapper\"><p data-start=\"26\" data-end=\"283\">Marketing Extender proporciona asesoramiento y servicios de implementaci\u00f3n en el campo del Marketing y la IA. Aunque ofrecemos ideas, estrategias y soluciones, no vendemos productos f\u00edsicos. En consecuencia, la recopilaci\u00f3n y el uso de datos personales son limitados.  <\/p>\n<p data-start=\"285\" data-end=\"388\">Puedes leer c\u00f3mo tratamos los datos (personales) en relaci\u00f3n con las cookies en nuestra pol\u00edtica de cookies.<\/p>\n<p data-start=\"390\" data-end=\"665\" data-is-last-node=\"\" data-is-only-node=\"\">Los visitantes tambi\u00e9n pueden utilizar varios formularios web de nuestro sitio web para solicitar asesoramiento, hacer preguntas o dar su opini\u00f3n. Cualquier dato personal enviado a trav\u00e9s de estos formularios s\u00f3lo se utiliza para responder a la consulta del visitante. Una vez tramitada la solicitud, los datos se eliminan.  <\/p>\n<\/div><\/div><div class=\"w-separator size_small\"><\/div><\/div><\/div><\/div><\/div><\/section><section class=\"l-section wpb_row height_medium width_custom color_primary\" style=\"--site-content-width:750px;\"><div class=\"l-section-h i-cf\"><div class=\"g-cols vc_row via_grid cols_1 laptops-cols_inherit tablets-cols_inherit mobiles-cols_1 valign_middle type_default stacking_default\"><div class=\"wpb_column vc_column_container\"><div class=\"vc_column-inner\"><h2 class=\"w-text us_custom_8fac178d has_text_color\"><span class=\"w-text-h\"><span class=\"w-text-value\">\u00bfQuieres saber m\u00e1s?<\/span><\/span><\/h2><div class=\"wpb_text_column us_custom_aa7f5b77 has_text_color\"><div class=\"wpb_wrapper\"><p data-start=\"0\" data-end=\"75\">Pol\u00edtica de privacidad es un tema amplio con infinitas posibilidades. Si deseas asesoramiento o necesitas ayuda para implantarlo en tu organizaci\u00f3n, no dudes en ponerte en contacto con nosotros a trav\u00e9s del siguiente formulario <br \/>o llamando al tel\u00e9fono   <i class=\"fas fa-phone\"><\/i><a href=\"tel:+31651378397\">+31 651378397.<\/a><\/p>\n<\/div><\/div><div class=\"w-separator size_small\"><\/div>\n<div class=\"wpcf7 no-js us-field-style_1\" id=\"wpcf7-f847-o1\" lang=\"es-ES\" dir=\"ltr\" data-wpcf7-id=\"847\">\n<div class=\"screen-reader-response\"><p role=\"status\" aria-live=\"polite\" aria-atomic=\"true\"><\/p> <ul><\/ul><\/div>\n<form action=\"\/es\/wp-json\/wp\/v2\/pages\/706#wpcf7-f847-o1\" method=\"post\" class=\"wpcf7-form init\" aria-label=\"Formulario de contacto\" novalidate=\"novalidate\" data-status=\"init\">\n<fieldset class=\"hidden-fields-container\"><input type=\"hidden\" name=\"_wpcf7\" value=\"847\" \/><input type=\"hidden\" name=\"_wpcf7_version\" value=\"6.1.5\" \/><input type=\"hidden\" name=\"_wpcf7_locale\" value=\"es_ES\" \/><input type=\"hidden\" name=\"_wpcf7_unit_tag\" value=\"wpcf7-f847-o1\" \/><input type=\"hidden\" name=\"_wpcf7_container_post\" value=\"0\" \/><input type=\"hidden\" name=\"_wpcf7_posted_data_hash\" value=\"\" \/>\n<\/fieldset>\n<p><label> Tu nombre<br \/>\n<span class=\"wpcf7-form-control-wrap\" data-name=\"your-name\"><input size=\"40\" maxlength=\"400\" class=\"wpcf7-form-control wpcf7-text wpcf7-validates-as-required\" autocomplete=\"name\" aria-required=\"true\" aria-invalid=\"false\" value=\"\" type=\"text\" name=\"your-name\" \/><\/span> <\/label>\n<\/p>\n<p><label> N\u00famero de tel\u00e9fono (con el prefijo del pa\u00eds)<br \/>\n<span class=\"wpcf7-form-control-wrap\" data-name=\"your-phone\"><input size=\"40\" maxlength=\"400\" class=\"wpcf7-form-control wpcf7-tel wpcf7-validates-as-required wpcf7-text wpcf7-validates-as-tel\" autocomplete=\"tel\" aria-required=\"true\" aria-invalid=\"false\" value=\"\" type=\"tel\" name=\"your-phone\" \/><\/span> <\/label>\n<\/p>\n<p><label> Correo electr\u00f3nico<br \/>\n<span class=\"wpcf7-form-control-wrap\" data-name=\"your-email\"><input size=\"40\" maxlength=\"400\" class=\"wpcf7-form-control wpcf7-email wpcf7-validates-as-required wpcf7-text wpcf7-validates-as-email\" autocomplete=\"email\" aria-required=\"true\" aria-invalid=\"false\" value=\"\" type=\"email\" name=\"your-email\" \/><\/span> <\/label>\n<\/p>\n<p><label> Tu mensaje<br \/>\n<span class=\"wpcf7-form-control-wrap\" data-name=\"your-message\"><textarea cols=\"40\" rows=\"10\" maxlength=\"2000\" class=\"wpcf7-form-control wpcf7-textarea wpcf7-validates-as-required\" aria-required=\"true\" aria-invalid=\"false\" name=\"your-message\"><\/textarea><\/span> <\/label>\n<\/p>\n<p><input class=\"wpcf7-form-control wpcf7-submit has-spinner\" type=\"submit\" value=\"Env\u00eda\" \/>\n<\/p><div class=\"wpcf7-response-output\" aria-hidden=\"true\"><\/div>\n<\/form>\n<\/div>\n<\/div><\/div><\/div><\/div><\/section>\n","protected":false},"excerpt":{"rendered":"","protected":false},"author":1,"featured_media":0,"parent":0,"menu_order":0,"comment_status":"closed","ping_status":"closed","template":"","meta":{"_themeisle_gutenberg_block_has_review":false,"footnotes":""},"class_list":["post-706","page","type-page","status-publish","hentry"],"_links":{"self":[{"href":"https:\/\/marketing-extender.com\/es\/wp-json\/wp\/v2\/pages\/706","targetHints":{"allow":["GET"]}}],"collection":[{"href":"https:\/\/marketing-extender.com\/es\/wp-json\/wp\/v2\/pages"}],"about":[{"href":"https:\/\/marketing-extender.com\/es\/wp-json\/wp\/v2\/types\/page"}],"author":[{"embeddable":true,"href":"https:\/\/marketing-extender.com\/es\/wp-json\/wp\/v2\/users\/1"}],"replies":[{"embeddable":true,"href":"https:\/\/marketing-extender.com\/es\/wp-json\/wp\/v2\/comments?post=706"}],"version-history":[{"count":1,"href":"https:\/\/marketing-extender.com\/es\/wp-json\/wp\/v2\/pages\/706\/revisions"}],"predecessor-version":[{"id":709,"href":"https:\/\/marketing-extender.com\/es\/wp-json\/wp\/v2\/pages\/706\/revisions\/709"}],"wp:attachment":[{"href":"https:\/\/marketing-extender.com\/es\/wp-json\/wp\/v2\/media?parent=706"}],"curies":[{"name":"wp","href":"https:\/\/api.w.org\/{rel}","templated":true}]}}