{"id":625,"date":"2025-03-02T11:06:30","date_gmt":"2025-03-02T11:06:30","guid":{"rendered":"https:\/\/marketing-extender.com\/herramientas-de-marketing\/google-tag-manager-gtm\/"},"modified":"2025-03-02T15:41:01","modified_gmt":"2025-03-02T15:41:01","slug":"google-tag-manager-gtm","status":"publish","type":"page","link":"https:\/\/marketing-extender.com\/es\/herramientas-de-marketing\/google-tag-manager-gtm\/","title":{"rendered":"Google Tag Manager (GTM)"},"content":{"rendered":"<section class=\"l-section wpb_row height_auto color_secondary\"><div class=\"l-section-overlay\" style=\"background:#00423C\"><\/div><div class=\"l-section-h i-cf\"><div class=\"g-cols vc_row via_grid cols_1 laptops-cols_inherit tablets-cols_inherit mobiles-cols_1 valign_top type_default stacking_default\"><div class=\"wpb_column vc_column_container\"><div class=\"vc_column-inner\"><div class=\"w-separator size_small\"><\/div><nav class=\"g-breadcrumbs us_custom_107fbc5f has_text_color separator_icon align_left\" itemscope itemtype=\"http:\/\/schema.org\/BreadcrumbList\"><div class=\"g-breadcrumbs-item\" itemscope itemprop=\"itemListElement\" itemtype=\"http:\/\/schema.org\/ListItem\"><a itemprop=\"item\" href=\"https:\/\/marketing-extender.com\/es\/\"><span itemprop=\"name\">Inicio<\/span><\/a><meta itemprop=\"position\" content=\"1\"\/><\/div><div class=\"g-breadcrumbs-separator\"><i class=\"far fa-angle-right\"><\/i><\/div><div class=\"g-breadcrumbs-item\">P\u00e1ginas<\/div><\/nav><div class=\"w-separator size_small\"><\/div><h1 class=\"w-text us_custom_eb849559\"><span class=\"w-text-h\"><span class=\"w-text-value\">Google Tag Manager (GTM)<\/span><\/span><\/h1><div class=\"w-separator size_small\"><\/div><div class=\"w-iconbox us_custom_99682d72 iconpos_top style_default color_custom align_center no_text no_title\"><a href=\"#\" class=\"w-iconbox-link\" aria-label=\"fas|chevron-down\"><div class=\"w-iconbox-icon\" style=\"font-size:4rem;\"><i class=\"fas fa-chevron-down\"><\/i><\/div><\/a><div class=\"w-iconbox-meta\"><\/div><\/div><\/div><\/div><\/div><\/div><\/section><section class=\"l-section wpb_row height_small\"><div class=\"l-section-h i-cf\"><div class=\"g-cols vc_row via_grid cols_2 laptops-cols_inherit tablets-cols_inherit mobiles-cols_1 valign_top type_default stacking_default\" style=\"--columns-gap:4vw;\"><div class=\"wpb_column vc_column_container us_custom_33b9ee00\"><div class=\"vc_column-inner\"><h2 class=\"w-text\"><span class=\"w-text-h\"><span class=\"w-text-value\">\u00bfQu\u00e9 es Google Tag Manager (GTM)?<\/span><\/span><\/h2><\/div><\/div><div class=\"wpb_column vc_column_container\"><div class=\"vc_column-inner\"><div class=\"wpb_text_column\"><div class=\"wpb_wrapper\"><p data-start=\"0\" data-end=\"366\">Hubo un tiempo en el que los c\u00f3digos de seguimiento ten\u00edan que a\u00f1adirse manualmente a trav\u00e9s de un sitio web, ya fuera como fragmentos separados o codificados directamente en la estructura del sitio. Esto a menudo provocaba un c\u00f3digo desordenado, errores de seguimiento y dificultades para gestionar las actualizaciones, especialmente en sitios web que necesitaban varias etiquetas para an\u00e1lisis, publicidad y herramientas de terceros. <\/p>\n<p data-start=\"368\" data-end=\"780\">La introducci\u00f3n de Google Tag Manager (GTM) simplific\u00f3 este proceso al proporcionar un sistema centralizado en el que todos los c\u00f3digos de seguimiento se gestionan dentro de un \u00fanico contenedor. En lugar de editar manualmente el c\u00f3digo de un sitio web cada vez que se necesita una nueva etiqueta de seguimiento, GTM permite a los usuarios a\u00f1adir, actualizar o eliminar etiquetas din\u00e1micamente desde su interfaz, sin necesidad de realizar cambios directos en el c\u00f3digo fuente del sitio web. <\/p>\n<p data-start=\"782\" data-end=\"1162\" data-is-last-node=\"\" data-is-only-node=\"\">Con reglas y activadores predefinidos, GTM garantiza que las etiquetas necesarias se carguen s\u00f3lo cuando sea necesario, mejorando el rendimiento y la precisi\u00f3n del sitio. Esto significa que los scripts de seguimiento para Google Analytics, Google Ads, Facebook Pixel y otras herramientas pueden configurarse y optimizarse en un solo lugar, reduciendo la dependencia de los desarrolladores y haciendo que el proceso sea mucho m\u00e1s eficiente. <\/p>\n<\/div><\/div><\/div><\/div><\/div><\/div><\/section><section class=\"l-section wpb_row height_small\"><div class=\"l-section-h i-cf\"><div class=\"g-cols vc_row via_grid cols_1 laptops-cols_inherit tablets-cols_inherit mobiles-cols_1 valign_top type_default stacking_default\"><div class=\"wpb_column vc_column_container\"><div class=\"vc_column-inner\"><h2 class=\"w-text us_custom_b48a3196\"><span class=\"w-text-h\"><span class=\"w-text-value\">\u00bfC\u00f3mo funciona Google Tag Manager (GTM)?<\/span><\/span><\/h2><div class=\"w-text us_custom_eb849559\"><span class=\"w-text-h\"><span class=\"w-text-value\">Google Tag Manager (GTM) act\u00faa como un sistema centralizado de gesti\u00f3n de etiquetas, que permite a los propietarios de sitios web a\u00f1adir, actualizar y controlar los c\u00f3digos de seguimiento sin modificar directamente el c\u00f3digo fuente del sitio web. En lugar de colocar varios scripts de seguimiento manualmente, todas las etiquetas se gestionan a trav\u00e9s de un contenedor, que se instala en el sitio web una vez y luego se controla a trav\u00e9s de la interfaz de GTM. <\/span><\/span><\/div><div class=\"w-separator size_small\"><\/div><div class=\"g-cols wpb_row via_grid cols_2 laptops-cols_2 tablets-cols_inherit mobiles-cols_1 valign_top type_default stacking_default\" style=\"--columns-gap:3rem;\"><div class=\"wpb_column vc_column_container\"><div class=\"vc_column-inner\"><div class=\"w-hwrapper valign_top align_none\"><div class=\"wpb_text_column\"><div class=\"wpb_wrapper\"><h3>Etiquetas, activadores y variables<\/h3>\n<p data-start=\"477\" data-end=\"520\">Google Tag Manager funciona con tres componentes b\u00e1sicos:<\/p>\n<ul data-start=\"522\" data-end=\"1007\">\n<li data-start=\"522\" data-end=\"672\">Etiquetas: Son los c\u00f3digos de seguimiento reales, como Google Analytics, el seguimiento de conversiones de Google Ads, el p\u00edxel de Facebook o los rastreadores de eventos personalizados.<\/li>\n<li data-start=\"673\" data-end=\"843\">Disparadores: Definen cu\u00e1ndo y en qu\u00e9 condiciones debe dispararse una etiqueta. Por ejemplo, una etiqueta puede activarse cuando se carga una p\u00e1gina, se pulsa un bot\u00f3n o se env\u00eda un formulario. <\/li>\n<li data-start=\"844\" data-end=\"1007\">Variables: Almacenan valores din\u00e1micos, como URL de p\u00e1ginas, interacciones de usuarios o datos de eventos personalizados, que pueden utilizarse para hacer m\u00e1s flexibles los activadores y las etiquetas.<\/li>\n<\/ul>\n<\/div><\/div><\/div><\/div><\/div><div class=\"wpb_column vc_column_container\"><div class=\"vc_column-inner\"><div class=\"w-hwrapper valign_top align_none\"><div class=\"wpb_text_column\"><div class=\"wpb_wrapper\"><h3>Ejecuci\u00f3n de etiquetas y modo de vista previa<\/h3>\n<p data-start=\"0\" data-end=\"294\">Antes de publicar los cambios, Google Tag Manager (GTM) proporciona un Modo de vista previa, que permite a los usuarios probar sus configuraciones en un entorno controlado.<\/p>\n<p data-start=\"296\" data-end=\"590\">Utilizando el Modo Vista Previa, los usuarios pueden asegurarse de que las etiquetas se disparan correctamente en las condiciones esperadas, evitando fallos, datos perdidos o seguimientos duplicados. Si se detecta un problema, se pueden hacer ajustes directamente en GTM, eliminando la necesidad de cambios constantes en el c\u00f3digo del sitio web. <\/p>\n<p data-start=\"592\" data-end=\"916\" data-is-last-node=\"\" data-is-only-node=\"\">Una vez comprobado y confirmado todo, publicar los cambios es instant\u00e1neo con un solo clic.<\/p>\n<\/div><\/div><\/div><\/div><\/div><div class=\"wpb_column vc_column_container\"><div class=\"vc_column-inner\"><div class=\"w-hwrapper valign_top align_none\"><div class=\"wpb_text_column\"><div class=\"wpb_wrapper\"><h3>Etiquetas incorporadas<\/h3>\n<p data-start=\"30\" data-end=\"194\">Una de las mayores ventajas de Google Tag Manager (GTM) son sus plantillas de etiquetas integradas, que permiten a los usuarios a\u00f1adir secuencias de comandos de seguimiento comunes sin necesidad de escribir c\u00f3digo personalizado. En lugar de insertar manualmente fragmentos de JavaScript en el c\u00f3digo fuente del sitio web, GTM proporciona etiquetas preconfiguradas que agilizan el proceso de configuraci\u00f3n para herramientas populares de marketing y an\u00e1lisis. <\/p>\n<\/div><\/div><\/div><\/div><\/div><div class=\"wpb_column vc_column_container\"><div class=\"vc_column-inner\"><div class=\"w-hwrapper valign_top align_none\"><div class=\"wpb_text_column\"><div class=\"wpb_wrapper\"><h3>Posibilidad de seguimiento del lado del servidor<\/h3>\n<p data-start=\"30\" data-end=\"294\">Adem\u00e1s del seguimiento tradicional del lado del cliente, GTM ofrece el etiquetado del lado del servidor, en el que las solicitudes de seguimiento se procesan a trav\u00e9s de un servidor dedicado en lugar de directamente en el navegador del usuario. Este enfoque aumenta la seguridad de los datos, mejora el rendimiento del sitio y ayuda a evitar los problemas causados por los bloqueadores de anuncios o las restricciones del navegador que pueden bloquear el seguimiento tradicional del lado del cliente. <\/p>\n<\/div><\/div><\/div><\/div><\/div><\/div><\/div><\/div><\/div><\/div><\/section><section class=\"l-section wpb_row height_small width_custom\" style=\"--site-content-width:900px;\"><div class=\"l-section-h i-cf\"><div class=\"g-cols vc_row via_grid cols_1 laptops-cols_inherit tablets-cols_inherit mobiles-cols_1 valign_top type_default stacking_default\"><div class=\"wpb_column vc_column_container\"><div class=\"vc_column-inner\"><div class=\"wpb_text_column\"><div class=\"wpb_wrapper\"><h2 style=\"text-align: center;\">\u00bfC\u00f3mo utilizar Google Tag Manager (GTM) eficazmente?<\/h2>\n<\/div><\/div><div class=\"w-separator size_small\"><\/div><div class=\"wpb_text_column\"><div class=\"wpb_wrapper\"><p data-start=\"54\" data-end=\"449\">Para sacar el m\u00e1ximo partido a Google Tag Manager (GTM), es importante establecer una estructura de etiquetado clara y organizada que se ajuste a tus necesidades de seguimiento. Empieza por definir qu\u00e9 acciones quieres rastrear, como env\u00edos de formularios, clics en botones, profundidad de desplazamiento o transacciones de comercio electr\u00f3nico. Mantener un plan de etiquetado bien documentado garantiza la coherencia y facilita los ajustes futuros.  <\/p>\n<p data-start=\"451\" data-end=\"853\">Utiliza etiquetas integradas siempre que sea posible para simplificar la implementaci\u00f3n y evitar una codificaci\u00f3n personalizada innecesaria. GTM proporciona plantillas para herramientas como Google Analytics 4, Google Ads, Facebook Pixel y LinkedIn Insight Tag, reduciendo el riesgo de errores. Para un seguimiento m\u00e1s avanzado, utiliza variables personalizadas para pasar din\u00e1micamente valores como ID de productos, importes de transacciones o interacciones de usuarios.  <\/p>\n<p data-start=\"855\" data-end=\"1156\">Mantener una l\u00f3gica de activaci\u00f3n limpia y eficiente es crucial para el rendimiento. Evita configurar demasiados activadores innecesarios, ya que esto puede provocar un seguimiento duplicado o una carga m\u00e1s lenta de la p\u00e1gina. Prueba todos los cambios en el Modo Vista Previa antes de publicarlos para asegurarte de que las etiquetas se disparan correctamente en las condiciones adecuadas.  <\/p>\n<p data-start=\"1158\" data-end=\"1455\">Si tu sitio web depende de datos sensibles o tiene problemas con las restricciones de los navegadores, considera la posibilidad de utilizar el Etiquetado del lado del servidor. Esto ayuda a mejorar la seguridad de los datos, la fiabilidad del seguimiento y la velocidad de carga procesando los eventos de seguimiento en un servidor dedicado y no en el navegador del usuario. <\/p>\n<\/div><\/div><\/div><\/div><\/div><\/div><\/section><section class=\"l-section wpb_row height_auto\"><div class=\"l-section-h i-cf\"><div class=\"g-cols vc_row via_grid cols_1 laptops-cols_inherit tablets-cols_inherit mobiles-cols_1 valign_top type_default stacking_default\"><div class=\"wpb_column vc_column_container\"><div class=\"vc_column-inner\"><div class=\"w-separator size_medium\"><\/div><\/div><\/div><\/div><\/div><\/section><section class=\"l-section wpb_row height_medium width_custom color_primary\" style=\"--site-content-width:750px;\"><div class=\"l-section-h i-cf\"><div class=\"g-cols vc_row via_grid cols_1 laptops-cols_inherit tablets-cols_inherit mobiles-cols_1 valign_middle type_default stacking_default\"><div class=\"wpb_column vc_column_container\"><div class=\"vc_column-inner\"><h2 class=\"w-text us_custom_8fac178d has_text_color\"><span class=\"w-text-h\"><span class=\"w-text-value\">\u00bfQuieres saber m\u00e1s?<\/span><\/span><\/h2><div class=\"wpb_text_column us_custom_aa7f5b77 has_text_color\"><div class=\"wpb_wrapper\"><p data-start=\"0\" data-end=\"75\">Google Tag Manager (GTM) es una herramienta con infinitas posibilidades. Si quieres consejo o necesitas ayuda para empezar con Google Tag Manager (GTM), no dudes en ponerte en contacto con nosotros a trav\u00e9s del formulario que aparece a continuaci\u00f3n<br \/>\no llamando a <i class=\"fas fa-phone\"><\/i> <a href=\"tel:+31651378397\">+31 651378397.<\/a> <\/p>\n<\/div><\/div><div class=\"w-separator size_small\"><\/div>\n<div class=\"wpcf7 no-js us-field-style_1\" id=\"wpcf7-f847-o1\" lang=\"es-ES\" dir=\"ltr\" data-wpcf7-id=\"847\">\n<div class=\"screen-reader-response\"><p role=\"status\" aria-live=\"polite\" aria-atomic=\"true\"><\/p> <ul><\/ul><\/div>\n<form action=\"\/es\/wp-json\/wp\/v2\/pages\/625#wpcf7-f847-o1\" method=\"post\" class=\"wpcf7-form init\" aria-label=\"Formulario de contacto\" novalidate=\"novalidate\" data-status=\"init\">\n<fieldset class=\"hidden-fields-container\"><input type=\"hidden\" name=\"_wpcf7\" value=\"847\" \/><input type=\"hidden\" name=\"_wpcf7_version\" value=\"6.1.5\" \/><input type=\"hidden\" name=\"_wpcf7_locale\" value=\"es_ES\" \/><input type=\"hidden\" name=\"_wpcf7_unit_tag\" value=\"wpcf7-f847-o1\" \/><input type=\"hidden\" name=\"_wpcf7_container_post\" value=\"0\" \/><input type=\"hidden\" name=\"_wpcf7_posted_data_hash\" value=\"\" \/>\n<\/fieldset>\n<p><label> Tu nombre<br \/>\n<span class=\"wpcf7-form-control-wrap\" data-name=\"your-name\"><input size=\"40\" maxlength=\"400\" class=\"wpcf7-form-control wpcf7-text wpcf7-validates-as-required\" autocomplete=\"name\" aria-required=\"true\" aria-invalid=\"false\" value=\"\" type=\"text\" name=\"your-name\" \/><\/span> <\/label>\n<\/p>\n<p><label> N\u00famero de tel\u00e9fono (con el prefijo del pa\u00eds)<br \/>\n<span class=\"wpcf7-form-control-wrap\" data-name=\"your-phone\"><input size=\"40\" maxlength=\"400\" class=\"wpcf7-form-control wpcf7-tel wpcf7-validates-as-required wpcf7-text wpcf7-validates-as-tel\" autocomplete=\"tel\" aria-required=\"true\" aria-invalid=\"false\" value=\"\" type=\"tel\" name=\"your-phone\" \/><\/span> <\/label>\n<\/p>\n<p><label> Correo electr\u00f3nico<br \/>\n<span class=\"wpcf7-form-control-wrap\" data-name=\"your-email\"><input size=\"40\" maxlength=\"400\" class=\"wpcf7-form-control wpcf7-email wpcf7-validates-as-required wpcf7-text wpcf7-validates-as-email\" autocomplete=\"email\" aria-required=\"true\" aria-invalid=\"false\" value=\"\" type=\"email\" name=\"your-email\" \/><\/span> <\/label>\n<\/p>\n<p><label> Tu mensaje<br \/>\n<span class=\"wpcf7-form-control-wrap\" data-name=\"your-message\"><textarea cols=\"40\" rows=\"10\" maxlength=\"2000\" class=\"wpcf7-form-control wpcf7-textarea wpcf7-validates-as-required\" aria-required=\"true\" aria-invalid=\"false\" name=\"your-message\"><\/textarea><\/span> <\/label>\n<\/p>\n<p><input class=\"wpcf7-form-control wpcf7-submit has-spinner\" type=\"submit\" value=\"Env\u00eda\" \/>\n<\/p><div class=\"wpcf7-response-output\" aria-hidden=\"true\"><\/div>\n<\/form>\n<\/div>\n<\/div><\/div><\/div><\/div><\/section>\n","protected":false},"excerpt":{"rendered":"","protected":false},"author":1,"featured_media":0,"parent":518,"menu_order":0,"comment_status":"closed","ping_status":"closed","template":"","meta":{"_themeisle_gutenberg_block_has_review":false,"footnotes":""},"class_list":["post-625","page","type-page","status-publish","hentry"],"_links":{"self":[{"href":"https:\/\/marketing-extender.com\/es\/wp-json\/wp\/v2\/pages\/625","targetHints":{"allow":["GET"]}}],"collection":[{"href":"https:\/\/marketing-extender.com\/es\/wp-json\/wp\/v2\/pages"}],"about":[{"href":"https:\/\/marketing-extender.com\/es\/wp-json\/wp\/v2\/types\/page"}],"author":[{"embeddable":true,"href":"https:\/\/marketing-extender.com\/es\/wp-json\/wp\/v2\/users\/1"}],"replies":[{"embeddable":true,"href":"https:\/\/marketing-extender.com\/es\/wp-json\/wp\/v2\/comments?post=625"}],"version-history":[{"count":1,"href":"https:\/\/marketing-extender.com\/es\/wp-json\/wp\/v2\/pages\/625\/revisions"}],"predecessor-version":[{"id":636,"href":"https:\/\/marketing-extender.com\/es\/wp-json\/wp\/v2\/pages\/625\/revisions\/636"}],"up":[{"embeddable":true,"href":"https:\/\/marketing-extender.com\/es\/wp-json\/wp\/v2\/pages\/518"}],"wp:attachment":[{"href":"https:\/\/marketing-extender.com\/es\/wp-json\/wp\/v2\/media?parent=625"}],"curies":[{"name":"wp","href":"https:\/\/api.w.org\/{rel}","templated":true}]}}