{"id":608,"date":"2025-03-02T11:24:14","date_gmt":"2025-03-02T11:24:14","guid":{"rendered":"https:\/\/marketing-extender.com\/herramientas-de-marketing\/google-analytics-4-ga4\/"},"modified":"2025-03-02T15:41:01","modified_gmt":"2025-03-02T15:41:01","slug":"google-analytics-4-ga4","status":"publish","type":"page","link":"https:\/\/marketing-extender.com\/es\/herramientas-de-marketing\/google-analytics-4-ga4\/","title":{"rendered":"Google Analytics 4 (GA4)"},"content":{"rendered":"<section class=\"l-section wpb_row height_auto color_secondary\"><div class=\"l-section-overlay\" style=\"background:#00423C\"><\/div><div class=\"l-section-h i-cf\"><div class=\"g-cols vc_row via_grid cols_1 laptops-cols_inherit tablets-cols_inherit mobiles-cols_1 valign_top type_default stacking_default\"><div class=\"wpb_column vc_column_container\"><div class=\"vc_column-inner\"><div class=\"w-separator size_small\"><\/div><nav class=\"g-breadcrumbs us_custom_107fbc5f has_text_color separator_icon align_left\" itemscope itemtype=\"http:\/\/schema.org\/BreadcrumbList\"><div class=\"g-breadcrumbs-item\" itemscope itemprop=\"itemListElement\" itemtype=\"http:\/\/schema.org\/ListItem\"><a itemprop=\"item\" href=\"https:\/\/marketing-extender.com\/es\/\"><span itemprop=\"name\">Inicio<\/span><\/a><meta itemprop=\"position\" content=\"1\"\/><\/div><div class=\"g-breadcrumbs-separator\"><i class=\"far fa-angle-right\"><\/i><\/div><div class=\"g-breadcrumbs-item\">P\u00e1ginas<\/div><\/nav><div class=\"w-separator size_small\"><\/div><h1 class=\"w-text us_custom_eb849559\"><span class=\"w-text-h\"><span class=\"w-text-value\">Google Analytics 4 (GA4)<\/span><\/span><\/h1><div class=\"w-separator size_small\"><\/div><div class=\"w-iconbox us_custom_99682d72 iconpos_top style_default color_custom align_center no_text no_title\"><a href=\"#\" class=\"w-iconbox-link\" aria-label=\"fas|chevron-down\"><div class=\"w-iconbox-icon\" style=\"font-size:4rem;\"><i class=\"fas fa-chevron-down\"><\/i><\/div><\/a><div class=\"w-iconbox-meta\"><\/div><\/div><\/div><\/div><\/div><\/div><\/section><section class=\"l-section wpb_row height_small\"><div class=\"l-section-h i-cf\"><div class=\"g-cols vc_row via_grid cols_2 laptops-cols_inherit tablets-cols_inherit mobiles-cols_1 valign_top type_default stacking_default\" style=\"--columns-gap:4vw;\"><div class=\"wpb_column vc_column_container us_custom_33b9ee00\"><div class=\"vc_column-inner\"><h2 class=\"w-text\"><span class=\"w-text-h\"><span class=\"w-text-value\">\u00bfQu\u00e9 es Google Analytics 4 (GA4)?<\/span><\/span><\/h2><\/div><\/div><div class=\"wpb_column vc_column_container\"><div class=\"vc_column-inner\"><div class=\"wpb_text_column\"><div class=\"wpb_wrapper\"><p data-start=\"77\" data-end=\"413\">Google Analytics 4 (GA4) es la \u00faltima versi\u00f3n de la plataforma de an\u00e1lisis web de Google, dise\u00f1ada para proporcionar una visi\u00f3n m\u00e1s profunda del comportamiento de los usuarios en sitios web y aplicaciones. A diferencia de su predecesor, Universal Analytics (UA), GA4 est\u00e1 dise\u00f1ado para un enfoque m\u00e1s basado en eventos, centr\u00e1ndose en las interacciones de los usuarios y no s\u00f3lo en las p\u00e1ginas vistas. <\/p>\n<p data-start=\"415\" data-end=\"740\">El cambio a GA4 fue impulsado por la necesidad de un seguimiento m\u00e1s avanzado, una mejor medici\u00f3n entre dispositivos y un mayor cumplimiento de la privacidad. Con GA4, las empresas pueden hacer un seguimiento de c\u00f3mo los usuarios interact\u00faan con el contenido, incluido el comportamiento de desplazamiento, las reproducciones de v\u00eddeo, los clics salientes y las conversiones, todo dentro de un \u00fanico sistema de informes. <\/p>\n<p data-start=\"742\" data-end=\"1137\">Una de las mayores mejoras de GA4 es su capacidad de aprendizaje autom\u00e1tico, que proporciona informaci\u00f3n predictiva, como los ingresos potenciales de grupos de usuarios espec\u00edficos o la identificaci\u00f3n de los usuarios que probablemente abandonar\u00e1n la empresa. Adem\u00e1s, GA4 est\u00e1 dise\u00f1ado para funcionar con mayor eficacia en un mundo con restricciones de cookies y normativas de privacidad cada vez m\u00e1s estrictas, lo que lo convierte en una soluci\u00f3n anal\u00edtica preparada para el futuro. <\/p>\n<\/div><\/div><\/div><\/div><\/div><\/div><\/section><section class=\"l-section wpb_row height_small\"><div class=\"l-section-h i-cf\"><div class=\"g-cols vc_row via_grid cols_1 laptops-cols_inherit tablets-cols_inherit mobiles-cols_1 valign_top type_default stacking_default\"><div class=\"wpb_column vc_column_container\"><div class=\"vc_column-inner\"><h2 class=\"w-text us_custom_b48a3196\"><span class=\"w-text-h\"><span class=\"w-text-value\">\u00bfC\u00f3mo funciona Google Analytics 4 (GA4)?<\/span><\/span><\/h2><div class=\"w-text us_custom_eb849559\"><span class=\"w-text-h\"><span class=\"w-text-value\">GA4 funciona mediante el seguimiento de eventos, que registran acciones espec\u00edficas de los usuarios como clics, reproducciones de v\u00eddeo, env\u00edos de formularios o compras. A diferencia de Universal Analytics, donde la mayor parte del seguimiento se basaba en sesiones y p\u00e1ginas vistas, GA4 se centra en c\u00f3mo los usuarios interact\u00faan con el contenido. <\/span><\/span><\/div><div class=\"w-separator size_small\"><\/div><div class=\"g-cols wpb_row via_grid cols_2 laptops-cols_2 tablets-cols_inherit mobiles-cols_1 valign_top type_default stacking_default\" style=\"--columns-gap:3rem;\"><div class=\"wpb_column vc_column_container\"><div class=\"vc_column-inner\"><div class=\"w-hwrapper valign_top align_none\"><div class=\"wpb_text_column\"><div class=\"wpb_wrapper\"><h3>Componentes clave del GA4<\/h3>\n<ul>\n<li data-start=\"1205\" data-end=\"1380\">Eventos: En lugar de hacer un seguimiento gen\u00e9rico de las p\u00e1ginas vistas, GA4 registra las acciones de los usuarios como eventos, incluidos los desplazamientos, los clics salientes, las descargas de archivos y las interacciones de comercio electr\u00f3nico.<\/li>\n<li data-start=\"1381\" data-end=\"1565\">Propiedades de usuario: GA4 permite a las organizaciones realizar un seguimiento de los atributos personalizados de los usuarios, como la ubicaci\u00f3n, el tipo de dispositivo o el estado del cliente, para analizar el comportamiento de la audiencia con mayor eficacia.<\/li>\n<li data-start=\"1566\" data-end=\"1761\">M\u00e9tricas de compromiso: GA4 mide las acciones basadas en el compromiso, como cu\u00e1nto tiempo permanecen los usuarios en una p\u00e1gina o si interact\u00faan con el contenido, sustituyendo a las m\u00e9tricas tradicionales como la tasa de rebote.<\/li>\n<li data-start=\"1762\" data-end=\"1931\">Seguimiento de conversiones: Las organizaciones pueden definir eventos de conversi\u00f3n espec\u00edficos, como compras o inscripciones, y rastrearlos a trav\u00e9s de m\u00faltiples sesiones y dispositivos.<\/li>\n<\/ul>\n<\/div><\/div><\/div><\/div><\/div><div class=\"wpb_column vc_column_container\"><div class=\"vc_column-inner\"><div class=\"w-hwrapper valign_top align_none\"><div class=\"wpb_text_column\"><div class=\"wpb_wrapper\"><h3>Informes y perspectivas<\/h3>\n<p data-start=\"0\" data-end=\"360\">GA4 ofrece una nueva estructura de informes que prioriza la flexibilidad y la personalizaci\u00f3n, dando a las organizaciones m\u00e1s control sobre c\u00f3mo analizan y visualizan los datos. A diferencia de Universal Analytics, donde los informes estaban en gran medida predefinidos, GA4 permite a los usuarios crear informes personalizados adaptados a sus necesidades espec\u00edficas, haciendo que la exploraci\u00f3n de datos sea mucho m\u00e1s din\u00e1mica. <\/p>\n<p data-start=\"362\" data-end=\"876\">La funci\u00f3n Informes de exploraci\u00f3n permite a los usuarios crear informes personalizados, analizar las rutas de los usuarios y seguir las tendencias, ayudando a las organizaciones a descubrir perspectivas que van m\u00e1s all\u00e1 de los cuadros de mando est\u00e1ndar. Con opciones como el an\u00e1lisis de embudos, la superposici\u00f3n de segmentos y el an\u00e1lisis de cohortes, las empresas pueden profundizar en el comportamiento de los usuarios e identificar patrones que influyen en las conversiones y el compromiso. GA4 tambi\u00e9n ofrece informes mejorados en tiempo real, que permiten a los profesionales del marketing ver c\u00f3mo interact\u00faan los usuarios con su sitio o aplicaci\u00f3n en cada momento.  <\/p>\n<\/div><\/div><\/div><\/div><\/div><div class=\"wpb_column vc_column_container\"><div class=\"vc_column-inner\"><div class=\"w-hwrapper valign_top align_none\"><div class=\"wpb_text_column\"><div class=\"wpb_wrapper\"><h3>Funciones de seguimiento integradas<\/h3>\n<p data-start=\"2452\" data-end=\"2559\">GA4 incluye el seguimiento autom\u00e1tico de eventos comunes, reduciendo la necesidad de configuraci\u00f3n manual. Entre ellos se incluyen: <\/p>\n<ul data-start=\"2561\" data-end=\"2932\">\n<li data-start=\"2561\" data-end=\"2635\">Seguimiento de desplazamiento: detecta cu\u00e1ndo los usuarios se desplazan por la mayor parte de una p\u00e1gina<\/li>\n<li data-start=\"2636\" data-end=\"2705\">Seguimiento de clics salientes: rastrea cu\u00e1ndo los usuarios abandonan el sitio web<\/li>\n<li data-start=\"2706\" data-end=\"2782\">Descargas de archivos: registra cuando los usuarios descargan PDFs, im\u00e1genes o documentos<\/li>\n<li data-start=\"2783\" data-end=\"2857\">Rastreo de b\u00fasquedas en el sitio web: capta lo que los usuarios buscan en un sitio web<\/li>\n<li data-start=\"2858\" data-end=\"2932\">Seguimiento de la participaci\u00f3n en el v\u00eddeo: realiza un seguimiento de la cantidad de v\u00eddeo que ven los usuarios<\/li>\n<\/ul>\n<\/div><\/div><\/div><\/div><\/div><div class=\"wpb_column vc_column_container\"><div class=\"vc_column-inner\"><div class=\"w-hwrapper valign_top align_none\"><div class=\"wpb_text_column\"><div class=\"wpb_wrapper\"><h3>Seguimiento del lado del servidor GA4<\/h3>\n<p data-start=\"0\" data-end=\"296\">GA4 admite el Seguimiento del Lado del Servidor, en el que los datos se procesan en un servidor dedicado en lugar de en el navegador del usuario. Esto mejora la precisi\u00f3n del seguimiento, la privacidad de los datos y la velocidad del sitio web, especialmente cuando los bloqueadores de anuncios, las restricciones de cookies y las limitaciones de los navegadores afectan al seguimiento tradicional. <\/p>\n<p data-start=\"298\" data-end=\"628\">A diferencia del seguimiento del lado del cliente, en el que los datos se env\u00edan directamente desde el navegador, el seguimiento del lado del servidor procesa la informaci\u00f3n primero en un servidor privado antes de reenviarla a GA4 u otras plataformas. Esto garantiza un mejor control de los datos, el cumplimiento de la normativa sobre privacidad (GDPR, CCPA) y un tratamiento seguro de la informaci\u00f3n del usuario. <\/p>\n<p data-start=\"630\" data-end=\"899\">Tambi\u00e9n reduce los tiempos de carga de las p\u00e1ginas, ya que se ejecutan menos scripts en el navegador, lo que mejora la experiencia del usuario y las clasificaciones SEO. Adem\u00e1s, las organizaciones pueden filtrar, limpiar y enriquecer los datos antes de enviarlos a GA4, lo que da lugar a informes m\u00e1s precisos y procesables. <\/p>\n<\/div><\/div><\/div><\/div><\/div><\/div><\/div><\/div><\/div><\/div><\/section><section class=\"l-section wpb_row height_small width_custom\" style=\"--site-content-width:900px;\"><div class=\"l-section-h i-cf\"><div class=\"g-cols vc_row via_grid cols_1 laptops-cols_inherit tablets-cols_inherit mobiles-cols_1 valign_top type_default stacking_default\"><div class=\"wpb_column vc_column_container\"><div class=\"vc_column-inner\"><div class=\"wpb_text_column\"><div class=\"wpb_wrapper\"><h2 style=\"text-align: center;\">\u00bfC\u00f3mo utilizar Google Analytics 4 (GA4) eficazmente?<\/h2>\n<\/div><\/div><div class=\"w-separator size_small\"><\/div><div class=\"wpb_text_column\"><div class=\"wpb_wrapper\"><p data-start=\"3488\" data-end=\"3706\">Para sacar el m\u00e1ximo partido de GA4, es importante definir objetivos de seguimiento claros. Ya sea el seguimiento de las ventas, de los clientes potenciales o de la participaci\u00f3n de los usuarios, las organizaciones deben establecer eventos y conversiones personalizados para controlar las acciones clave. <\/p>\n<p data-start=\"3708\" data-end=\"3968\">Utilizar las funciones de seguimiento integradas en GA4 simplifica la configuraci\u00f3n, mientras que los eventos y par\u00e1metros personalizados permiten obtener informaci\u00f3n m\u00e1s detallada. Las organizaciones tambi\u00e9n pueden utilizar an\u00e1lisis predictivos para identificar posibles tendencias, como qu\u00e9 usuarios tienen m\u00e1s probabilidades de convertirse. <\/p>\n<p data-start=\"3970\" data-end=\"4249\">Una configuraci\u00f3n estructurada es clave. Organizar adecuadamente los nombres de los eventos y los par\u00e1metros de seguimiento garantiza la precisi\u00f3n de los informes y ayuda a evitar incoherencias en los datos. GA4 tambi\u00e9n puede integrarse con Google Ads, Google Tag Manager y BigQuery para obtener una visi\u00f3n m\u00e1s completa del comportamiento de los usuarios.  <\/p>\n<p data-start=\"4251\" data-end=\"4480\">Para las organizaciones que manejan datos sensibles o que luchan contra los bloqueadores de anuncios, el Seguimiento en el Servidor es una opci\u00f3n \u00fatil. Mejora la fiabilidad del seguimiento, la seguridad de los datos y el cumplimiento de normativas como GDPR y CCPA. <\/p>\n<p data-start=\"4482\" data-end=\"4710\" data-is-last-node=\"\" data-is-only-node=\"\">Al utilizar el modelo basado en eventos, los informes personalizados y las perspectivas de aprendizaje autom\u00e1tico de GA4, las organizaciones pueden comprender mejor a su p\u00fablico y tomar decisiones m\u00e1s basadas en datos para mejorar el rendimiento de su sitio web y su marketing.<\/p>\n<\/div><\/div><\/div><\/div><\/div><\/div><\/section><section class=\"l-section wpb_row height_auto\"><div class=\"l-section-h i-cf\"><div class=\"g-cols vc_row via_grid cols_1 laptops-cols_inherit tablets-cols_inherit mobiles-cols_1 valign_top type_default stacking_default\"><div class=\"wpb_column vc_column_container\"><div class=\"vc_column-inner\"><div class=\"w-separator size_medium\"><\/div><\/div><\/div><\/div><\/div><\/section><section class=\"l-section wpb_row height_medium width_custom color_primary\" style=\"--site-content-width:750px;\"><div class=\"l-section-h i-cf\"><div class=\"g-cols vc_row via_grid cols_1 laptops-cols_inherit tablets-cols_inherit mobiles-cols_1 valign_middle type_default stacking_default\"><div class=\"wpb_column vc_column_container\"><div class=\"vc_column-inner\"><h2 class=\"w-text us_custom_8fac178d has_text_color\"><span class=\"w-text-h\"><span class=\"w-text-value\">\u00bfQuieres saber m\u00e1s?<\/span><\/span><\/h2><div class=\"wpb_text_column us_custom_aa7f5b77 has_text_color\"><div class=\"wpb_wrapper\"><p data-start=\"0\" data-end=\"75\">Google Analytics 4 (GA4) es una herramienta con infinitas posibilidades. Si quieres consejo o necesitas ayuda para empezar con Google Analytics 4 (GA4), no dudes en ponerte en contacto con nosotros a trav\u00e9s del formulario que aparece a continuaci\u00f3n<br \/>\no llamando a <i class=\"fas fa-phone\"><\/i> <a href=\"tel:+31651378397\">+31 651378397.<\/a> <\/p>\n<\/div><\/div><div class=\"w-separator size_small\"><\/div>\n<div class=\"wpcf7 no-js us-field-style_1\" id=\"wpcf7-f847-o1\" lang=\"es-ES\" dir=\"ltr\" data-wpcf7-id=\"847\">\n<div class=\"screen-reader-response\"><p role=\"status\" aria-live=\"polite\" aria-atomic=\"true\"><\/p> <ul><\/ul><\/div>\n<form action=\"\/es\/wp-json\/wp\/v2\/pages\/608#wpcf7-f847-o1\" method=\"post\" class=\"wpcf7-form init\" aria-label=\"Formulario de contacto\" novalidate=\"novalidate\" data-status=\"init\">\n<fieldset class=\"hidden-fields-container\"><input type=\"hidden\" name=\"_wpcf7\" value=\"847\" \/><input type=\"hidden\" name=\"_wpcf7_version\" value=\"6.1.5\" \/><input type=\"hidden\" name=\"_wpcf7_locale\" value=\"es_ES\" \/><input type=\"hidden\" name=\"_wpcf7_unit_tag\" value=\"wpcf7-f847-o1\" \/><input type=\"hidden\" name=\"_wpcf7_container_post\" value=\"0\" \/><input type=\"hidden\" name=\"_wpcf7_posted_data_hash\" value=\"\" \/>\n<\/fieldset>\n<p><label> Tu nombre<br \/>\n<span class=\"wpcf7-form-control-wrap\" data-name=\"your-name\"><input size=\"40\" maxlength=\"400\" class=\"wpcf7-form-control wpcf7-text wpcf7-validates-as-required\" autocomplete=\"name\" aria-required=\"true\" aria-invalid=\"false\" value=\"\" type=\"text\" name=\"your-name\" \/><\/span> <\/label>\n<\/p>\n<p><label> N\u00famero de tel\u00e9fono (con el prefijo del pa\u00eds)<br \/>\n<span class=\"wpcf7-form-control-wrap\" data-name=\"your-phone\"><input size=\"40\" maxlength=\"400\" class=\"wpcf7-form-control wpcf7-tel wpcf7-validates-as-required wpcf7-text wpcf7-validates-as-tel\" autocomplete=\"tel\" aria-required=\"true\" aria-invalid=\"false\" value=\"\" type=\"tel\" name=\"your-phone\" \/><\/span> <\/label>\n<\/p>\n<p><label> Correo electr\u00f3nico<br \/>\n<span class=\"wpcf7-form-control-wrap\" data-name=\"your-email\"><input size=\"40\" maxlength=\"400\" class=\"wpcf7-form-control wpcf7-email wpcf7-validates-as-required wpcf7-text wpcf7-validates-as-email\" autocomplete=\"email\" aria-required=\"true\" aria-invalid=\"false\" value=\"\" type=\"email\" name=\"your-email\" \/><\/span> <\/label>\n<\/p>\n<p><label> Tu mensaje<br \/>\n<span class=\"wpcf7-form-control-wrap\" data-name=\"your-message\"><textarea cols=\"40\" rows=\"10\" maxlength=\"2000\" class=\"wpcf7-form-control wpcf7-textarea wpcf7-validates-as-required\" aria-required=\"true\" aria-invalid=\"false\" name=\"your-message\"><\/textarea><\/span> <\/label>\n<\/p>\n<p><input class=\"wpcf7-form-control wpcf7-submit has-spinner\" type=\"submit\" value=\"Env\u00eda\" \/>\n<\/p><div class=\"wpcf7-response-output\" aria-hidden=\"true\"><\/div>\n<\/form>\n<\/div>\n<\/div><\/div><\/div><\/div><\/section>\n","protected":false},"excerpt":{"rendered":"","protected":false},"author":1,"featured_media":0,"parent":518,"menu_order":0,"comment_status":"closed","ping_status":"closed","template":"","meta":{"_themeisle_gutenberg_block_has_review":false,"footnotes":""},"class_list":["post-608","page","type-page","status-publish","hentry"],"_links":{"self":[{"href":"https:\/\/marketing-extender.com\/es\/wp-json\/wp\/v2\/pages\/608","targetHints":{"allow":["GET"]}}],"collection":[{"href":"https:\/\/marketing-extender.com\/es\/wp-json\/wp\/v2\/pages"}],"about":[{"href":"https:\/\/marketing-extender.com\/es\/wp-json\/wp\/v2\/types\/page"}],"author":[{"embeddable":true,"href":"https:\/\/marketing-extender.com\/es\/wp-json\/wp\/v2\/users\/1"}],"replies":[{"embeddable":true,"href":"https:\/\/marketing-extender.com\/es\/wp-json\/wp\/v2\/comments?post=608"}],"version-history":[{"count":10,"href":"https:\/\/marketing-extender.com\/es\/wp-json\/wp\/v2\/pages\/608\/revisions"}],"predecessor-version":[{"id":660,"href":"https:\/\/marketing-extender.com\/es\/wp-json\/wp\/v2\/pages\/608\/revisions\/660"}],"up":[{"embeddable":true,"href":"https:\/\/marketing-extender.com\/es\/wp-json\/wp\/v2\/pages\/518"}],"wp:attachment":[{"href":"https:\/\/marketing-extender.com\/es\/wp-json\/wp\/v2\/media?parent=608"}],"curies":[{"name":"wp","href":"https:\/\/api.w.org\/{rel}","templated":true}]}}