{"id":590,"date":"2025-03-02T10:56:00","date_gmt":"2025-03-02T10:56:00","guid":{"rendered":"https:\/\/marketing-extender.com\/herramientas-de-marketing\/anuncios-google-adwords\/"},"modified":"2025-03-02T15:40:46","modified_gmt":"2025-03-02T15:40:46","slug":"anuncios-google-adwords","status":"publish","type":"page","link":"https:\/\/marketing-extender.com\/es\/herramientas-de-marketing\/anuncios-google-adwords\/","title":{"rendered":"Anuncios Google (Adwords)"},"content":{"rendered":"<section class=\"l-section wpb_row height_auto color_secondary\"><div class=\"l-section-overlay\" style=\"background:#00423C\"><\/div><div class=\"l-section-h i-cf\"><div class=\"g-cols vc_row via_grid cols_1 laptops-cols_inherit tablets-cols_inherit mobiles-cols_1 valign_top type_default stacking_default\"><div class=\"wpb_column vc_column_container\"><div class=\"vc_column-inner\"><div class=\"w-separator size_small\"><\/div><nav class=\"g-breadcrumbs us_custom_107fbc5f has_text_color separator_icon align_left\" itemscope itemtype=\"http:\/\/schema.org\/BreadcrumbList\"><div class=\"g-breadcrumbs-item\" itemscope itemprop=\"itemListElement\" itemtype=\"http:\/\/schema.org\/ListItem\"><a itemprop=\"item\" href=\"https:\/\/marketing-extender.com\/es\/\"><span itemprop=\"name\">Inicio<\/span><\/a><meta itemprop=\"position\" content=\"1\"\/><\/div><div class=\"g-breadcrumbs-separator\"><i class=\"far fa-angle-right\"><\/i><\/div><div class=\"g-breadcrumbs-item\">P\u00e1ginas<\/div><\/nav><div class=\"w-separator size_small\"><\/div><h1 class=\"w-text us_custom_eb849559\"><span class=\"w-text-h\"><span class=\"w-text-value\">Anuncios Google (Adwords)<\/span><\/span><\/h1><div class=\"w-separator size_small\"><\/div><div class=\"w-iconbox us_custom_99682d72 iconpos_top style_default color_custom align_center no_text no_title\"><a href=\"#\" class=\"w-iconbox-link\" aria-label=\"fas|chevron-down\"><div class=\"w-iconbox-icon\" style=\"font-size:4rem;\"><i class=\"fas fa-chevron-down\"><\/i><\/div><\/a><div class=\"w-iconbox-meta\"><\/div><\/div><\/div><\/div><\/div><\/div><\/section><section class=\"l-section wpb_row height_small\"><div class=\"l-section-h i-cf\"><div class=\"g-cols vc_row via_grid cols_2 laptops-cols_inherit tablets-cols_inherit mobiles-cols_1 valign_top type_default stacking_default\" style=\"--columns-gap:4vw;\"><div class=\"wpb_column vc_column_container us_custom_33b9ee00\"><div class=\"vc_column-inner\"><h2 class=\"w-text\"><span class=\"w-text-h\"><span class=\"w-text-value\">\u00bfQu\u00e9 es Anuncios Google (Adwords)?<\/span><\/span><\/h2><\/div><\/div><div class=\"wpb_column vc_column_container\"><div class=\"vc_column-inner\"><div class=\"wpb_text_column\"><div class=\"wpb_wrapper\"><p data-start=\"0\" data-end=\"363\">Google Ads es la plataforma de publicidad online m\u00e1s utilizada, que permite a las empresas promocionar sus productos y servicios en la B\u00fasqueda de Google, sitios web, YouTube y aplicaciones. Admite varios formatos de anuncios, como la publicidad en buscadores (SEA), la publicidad gr\u00e1fica y la publicidad en v\u00eddeo, lo que la convierte en una herramienta flexible para diferentes objetivos de marketing. <\/p>\n<p data-start=\"365\" data-end=\"615\">Los Anuncios de B\u00fasqueda aparecen en la parte superior de los resultados de b\u00fasqueda de Google cuando los usuarios buscan palabras clave relevantes. Los Anuncios de Display se muestran en sitios web y aplicaciones dentro de la Red de Display de Google, mientras que los Anuncios de V\u00eddeo se ejecutan en YouTube y otras plataformas de v\u00eddeo. <\/p>\n<p data-start=\"617\" data-end=\"791\">Muchos profesionales del marketing tambi\u00e9n utilizan el Planificador de palabras clave de Google Ads para encontrar palabras clave relevantes, analizar las tendencias de b\u00fasqueda y estimar la competencia tanto para los anuncios de pago como para las estrategias de SEO.<\/p>\n<\/div><\/div><\/div><\/div><\/div><\/div><\/section><section class=\"l-section wpb_row height_small\"><div class=\"l-section-h i-cf\"><div class=\"g-cols vc_row via_grid cols_1 laptops-cols_inherit tablets-cols_inherit mobiles-cols_1 valign_top type_default stacking_default\"><div class=\"wpb_column vc_column_container\"><div class=\"vc_column-inner\"><h2 class=\"w-text us_custom_b48a3196\"><span class=\"w-text-h\"><span class=\"w-text-value\">\u00bfC\u00f3mo funciona Anuncios Google (Adwords)?<\/span><\/span><\/h2><div class=\"w-text us_custom_eb849559\"><span class=\"w-text-h\"><span class=\"w-text-value\">Google Ads es una plataforma publicitaria basada en subastas que permite a las empresas mostrar anuncios en la B\u00fasqueda de Google, sitios web, YouTube y aplicaciones para m\u00f3viles. Los anunciantes pujan por las ubicaciones de los anuncios utilizando diferentes modelos de precios, en funci\u00f3n del tipo de campa\u00f1a y de sus objetivos. A diferencia de los anuncios de b\u00fasqueda, que suelen utilizar un modelo de pago por clic (PPC), el precio de otros formatos publicitarios, como los anuncios en pantalla y en v\u00eddeo, puede fijarse utilizando modelos de coste por mil impresiones (CPM) o coste por visionado (CPV). Esta flexibilidad permite a los anunciantes optimizar su gasto en funci\u00f3n de los clics, las impresiones, las visualizaciones o las conversiones.   <\/span><\/span><\/div><div class=\"w-separator size_small\"><\/div><div class=\"g-cols wpb_row via_grid cols_2 laptops-cols_2 tablets-cols_inherit mobiles-cols_1 valign_top type_default stacking_default\" style=\"--columns-gap:3rem;\"><div class=\"wpb_column vc_column_container\"><div class=\"vc_column-inner\"><div class=\"w-hwrapper valign_top align_none\"><div class=\"wpb_text_column\"><div class=\"wpb_wrapper\"><h3>Subastas de anuncios y selecci\u00f3n de palabras clave<\/h3>\n<p data-start=\"441\" data-end=\"891\">Para los anuncios de b\u00fasqueda, los anunciantes pujan por las palabras clave que los usuarios escriben en Google. Cuando se produce una b\u00fasqueda, Google ejecuta una subasta de anuncios para determinar qu\u00e9 anuncios aparecen y en qu\u00e9 orden, bas\u00e1ndose en factores como el importe de la puja y la relevancia. <\/p>\n<\/div><\/div><\/div><\/div><\/div><div class=\"wpb_column vc_column_container\"><div class=\"vc_column-inner\"><div class=\"w-hwrapper valign_top align_none\"><div class=\"wpb_text_column\"><div class=\"wpb_wrapper\"><h3>Ranking de anuncios y puntuaci\u00f3n de calidad<\/h3>\n<p data-start=\"441\" data-end=\"891\">Google eval\u00faa los anuncios en funci\u00f3n del importe de la puja, la relevancia del anuncio, la experiencia de la p\u00e1gina de destino y la participaci\u00f3n esperada. Una puntuaci\u00f3n de calidad m\u00e1s alta puede conllevar costes m\u00e1s bajos y mejores ubicaciones. <\/p>\n<\/div><\/div><\/div><\/div><\/div><div class=\"wpb_column vc_column_container\"><div class=\"vc_column-inner\"><div class=\"w-hwrapper valign_top align_none\"><div class=\"wpb_text_column\"><div class=\"wpb_wrapper\"><h3>Segmentaci\u00f3n de la audiencia<\/h3>\n<p data-start=\"30\" data-end=\"194\">Los anuncios de Google permiten a los anunciantes dirigirse a los usuarios en funci\u00f3n de su ubicaci\u00f3n, datos demogr\u00e1ficos, intereses, comportamiento y listas de remarketing para llegar al p\u00fablico m\u00e1s relevante.<\/p>\n<p data-start=\"196\" data-end=\"571\">Con la orientaci\u00f3n por ubicaci\u00f3n, los anuncios pueden mostrarse a usuarios de regiones espec\u00edficas o dentro de un radio determinado. La segmentaci\u00f3n demogr\u00e1fica refina las audiencias en funci\u00f3n de la edad, el sexo o el nivel de ingresos. La segmentaci\u00f3n por intereses y comportamiento ayuda a llegar a los usuarios que participan activamente en temas relacionados, mientras que el remarketing vuelve a captar a los visitantes anteriores que han interactuado con un sitio web, una aplicaci\u00f3n o un v\u00eddeo.  <\/p>\n<p data-start=\"196\" data-end=\"571\">Combinando estas opciones, puedes crear campa\u00f1as precisas y de alto rendimiento que lleguen a los usuarios adecuados en el momento oportuno.<\/p>\n<\/div><\/div><\/div><\/div><\/div><div class=\"wpb_column vc_column_container\"><div class=\"vc_column-inner\"><div class=\"w-hwrapper valign_top align_none\"><div class=\"wpb_text_column\"><div class=\"wpb_wrapper\"><h3>Estrategias de licitaci\u00f3n<\/h3>\n<p data-start=\"30\" data-end=\"294\">Google Ads ofrece opciones de puja manual y automatizada para ayudar a los anunciantes a controlar los costes y optimizar el rendimiento. Con las pujas manuales, los anunciantes fijan sus propias pujas por clics, impresiones o conversiones, lo que les da un control total sobre el gasto. <\/p>\n<p data-start=\"296\" data-end=\"763\">Para un enfoque m\u00e1s basado en datos, las pujas automatizadas ajustan las ofertas en tiempo real en funci\u00f3n de la probabilidad de alcanzar un objetivo. Opciones como Maximizar conversiones aumentan autom\u00e1ticamente las pujas para conseguir m\u00e1s conversiones dentro de un presupuesto establecido, mientras que Objetivo CPA (Coste por adquisici\u00f3n) pretende mantener el coste por conversi\u00f3n en una cantidad predefinida. Objetivo ROAS (Retorno del Gasto Publicitario) se centra en optimizar las pujas para generar los mayores ingresos bas\u00e1ndose en datos hist\u00f3ricos.  <\/p>\n<\/div><\/div><\/div><\/div><\/div><div class=\"wpb_column vc_column_container\"><div class=\"vc_column-inner\"><div class=\"w-hwrapper valign_top align_none\"><div class=\"wpb_text_column\"><div class=\"wpb_wrapper\"><h3>Tipos de campa\u00f1a y modelos de precios<\/h3>\n<p data-start=\"1431\" data-end=\"1639\">Otra opci\u00f3n es cargar una lista personalizada de URLs directamente en Screaming Frog. Esto se puede hacer pegando las URL manualmente o importando una lista desde un archivo (como un CSV). Esto es especialmente \u00fatil cuando:  <\/p>\n<ul data-start=\"1640\" data-end=\"1897\">\n<li data-start=\"1260\" data-end=\"1346\">Los anuncios de b\u00fasqueda (PPC &#8211; pago por clic) aparecen en la B\u00fasqueda de Google y cobran por clic.<\/li>\n<li data-start=\"1349\" data-end=\"1452\">Los anuncios de display (CPM &#8211; coste por mil impresiones) aparecen en los sitios web y cobran por impresi\u00f3n.<\/li>\n<li data-start=\"1455\" data-end=\"1567\">Los anuncios de v\u00eddeo (CPV &#8211; coste por visionado) en YouTube cobran cuando un usuario ve un determinado porcentaje del v\u00eddeo.<\/li>\n<li data-start=\"1570\" data-end=\"1664\">Los anuncios de compra (CPC &#8211; coste por clic) promocionan productos con im\u00e1genes y cobran por clic.<\/li>\n<li data-start=\"1667\" data-end=\"1739\">Los anuncios de aplicaciones (CPI &#8211; coste por instalaci\u00f3n) se centran en impulsar las descargas de aplicaciones.<\/li>\n<li data-start=\"1640\" data-end=\"1722\">\n<\/li>\n<\/ul>\n<\/div><\/div><\/div><\/div><\/div><div class=\"wpb_column vc_column_container\"><div class=\"vc_column-inner\"><div class=\"w-hwrapper valign_top align_none\"><div class=\"wpb_text_column\"><div class=\"wpb_wrapper\"><h3>Seguimiento de resultados<\/h3>\n<p data-start=\"47\" data-end=\"246\">Google Ads proporciona an\u00e1lisis en tiempo real y seguimiento de las conversiones, lo que permite a los anunciantes medir m\u00e9tricas clave como el porcentaje de clics (CTR), el porcentaje de conversiones y el rendimiento del gasto publicitario (ROAS).<\/p>\n<p data-start=\"248\" data-end=\"501\">Con el seguimiento de conversiones, las empresas pueden rastrear acciones como compras, registros o llamadas para ver qu\u00e9 anuncios y palabras clave funcionan mejor. Las pruebas A\/B ayudan a comparar diferentes versiones de anuncios, p\u00e1ginas de destino y estrategias de puja para mejorar los resultados. <\/p>\n<p data-start=\"503\" data-end=\"772\" data-is-last-node=\"\" data-is-only-node=\"\">Las herramientas de optimizaci\u00f3n automatizada de Google, como Puja Inteligente y Rendimiento M\u00e1ximo, ajustan las pujas en tiempo real para maximizar las conversiones. Analizando continuamente el rendimiento y perfeccionando las estrategias, los anunciantes pueden mejorar la eficacia y aumentar el retorno de la inversi\u00f3n. <\/p>\n<\/div><\/div><\/div><\/div><\/div><\/div><\/div><\/div><\/div><\/div><\/section><section class=\"l-section wpb_row height_small width_custom\" style=\"--site-content-width:900px;\"><div class=\"l-section-h i-cf\"><div class=\"g-cols vc_row via_grid cols_1 laptops-cols_inherit tablets-cols_inherit mobiles-cols_1 valign_top type_default stacking_default\"><div class=\"wpb_column vc_column_container\"><div class=\"vc_column-inner\"><div class=\"wpb_text_column\"><div class=\"wpb_wrapper\"><h2 style=\"text-align: center;\">\u00bfC\u00f3mo utilizar Anuncios Google (Adwords) eficazmente?<\/h2>\n<\/div><\/div><div class=\"w-separator size_small\"><\/div><div class=\"wpb_text_column\"><div class=\"wpb_wrapper\"><p data-start=\"56\" data-end=\"375\">Para llevar a cabo una campa\u00f1a de Google Ads con \u00e9xito, las organizaciones deben centrarse en objetivos claros, una orientaci\u00f3n precisa y una optimizaci\u00f3n continua. Los anuncios de b\u00fasqueda se dirigen a los usuarios que buscan activamente productos, mientras que los anuncios de display y v\u00eddeo ayudan a aumentar la notoriedad de la marca. Los Anuncios de Compras son ideales para las empresas de comercio electr\u00f3nico.  <\/p>\n<p data-start=\"377\" data-end=\"647\">Mediante la segmentaci\u00f3n por palabras clave, ubicaci\u00f3n, datos demogr\u00e1ficos e intereses, los anunciantes pueden llegar al p\u00fablico adecuado. El seguimiento de las conversiones ayuda a medir el \u00e9xito, mientras que las estrategias de puja, como la Puja Inteligente, optimizan el gasto publicitario ajustando las pujas para obtener un mejor rendimiento. <\/p>\n<p data-start=\"649\" data-end=\"900\" data-is-last-node=\"\" data-is-only-node=\"\">Las pruebas A\/B y los ajustes regulares de las campa\u00f1as mejoran la eficacia con el tiempo. Al supervisar el rendimiento y perfeccionar las estrategias, las organizaciones pueden utilizar los anuncios de Google para atraer tr\u00e1fico de calidad, aumentar las conversiones y maximizar el retorno de la inversi\u00f3n. <\/p>\n<\/div><\/div><\/div><\/div><\/div><\/div><\/section><section class=\"l-section wpb_row height_auto\"><div class=\"l-section-h i-cf\"><div class=\"g-cols vc_row via_grid cols_1 laptops-cols_inherit tablets-cols_inherit mobiles-cols_1 valign_top type_default stacking_default\"><div class=\"wpb_column vc_column_container\"><div class=\"vc_column-inner\"><div class=\"w-separator size_medium\"><\/div><\/div><\/div><\/div><\/div><\/section><section class=\"l-section wpb_row height_medium width_custom color_primary\" style=\"--site-content-width:750px;\"><div class=\"l-section-h i-cf\"><div class=\"g-cols vc_row via_grid cols_1 laptops-cols_inherit tablets-cols_inherit mobiles-cols_1 valign_middle type_default stacking_default\"><div class=\"wpb_column vc_column_container\"><div class=\"vc_column-inner\"><h2 class=\"w-text us_custom_8fac178d has_text_color\"><span class=\"w-text-h\"><span class=\"w-text-value\">\u00bfQuieres saber m\u00e1s?<\/span><\/span><\/h2><div class=\"wpb_text_column us_custom_aa7f5b77 has_text_color\"><div class=\"wpb_wrapper\"><p data-start=\"0\" data-end=\"75\">Anuncios Google (Adwords) es una herramienta con infinitas posibilidades. Si quieres consejo o necesitas ayuda para empezar con Anuncios Google (Adwords), no dudes en ponerte en contacto con nosotros a trav\u00e9s del formulario que aparece a continuaci\u00f3n<br \/>\no llamando a <i class=\"fas fa-phone\"><\/i> <a href=\"tel:+31651378397\">+31 651378397.<\/a> <\/p>\n<\/div><\/div><div class=\"w-separator size_small\"><\/div>\n<div class=\"wpcf7 no-js us-field-style_1\" id=\"wpcf7-f847-o1\" lang=\"es-ES\" dir=\"ltr\" data-wpcf7-id=\"847\">\n<div class=\"screen-reader-response\"><p role=\"status\" aria-live=\"polite\" aria-atomic=\"true\"><\/p> <ul><\/ul><\/div>\n<form action=\"\/es\/wp-json\/wp\/v2\/pages\/590#wpcf7-f847-o1\" method=\"post\" class=\"wpcf7-form init\" aria-label=\"Formulario de contacto\" novalidate=\"novalidate\" data-status=\"init\">\n<fieldset class=\"hidden-fields-container\"><input type=\"hidden\" name=\"_wpcf7\" value=\"847\" \/><input type=\"hidden\" name=\"_wpcf7_version\" value=\"6.1.5\" \/><input type=\"hidden\" name=\"_wpcf7_locale\" value=\"es_ES\" \/><input type=\"hidden\" name=\"_wpcf7_unit_tag\" value=\"wpcf7-f847-o1\" \/><input type=\"hidden\" name=\"_wpcf7_container_post\" value=\"0\" \/><input type=\"hidden\" name=\"_wpcf7_posted_data_hash\" value=\"\" \/>\n<\/fieldset>\n<p><label> Tu nombre<br \/>\n<span class=\"wpcf7-form-control-wrap\" data-name=\"your-name\"><input size=\"40\" maxlength=\"400\" class=\"wpcf7-form-control wpcf7-text wpcf7-validates-as-required\" autocomplete=\"name\" aria-required=\"true\" aria-invalid=\"false\" value=\"\" type=\"text\" name=\"your-name\" \/><\/span> <\/label>\n<\/p>\n<p><label> N\u00famero de tel\u00e9fono (con el prefijo del pa\u00eds)<br \/>\n<span class=\"wpcf7-form-control-wrap\" data-name=\"your-phone\"><input size=\"40\" maxlength=\"400\" class=\"wpcf7-form-control wpcf7-tel wpcf7-validates-as-required wpcf7-text wpcf7-validates-as-tel\" autocomplete=\"tel\" aria-required=\"true\" aria-invalid=\"false\" value=\"\" type=\"tel\" name=\"your-phone\" \/><\/span> <\/label>\n<\/p>\n<p><label> Correo electr\u00f3nico<br \/>\n<span class=\"wpcf7-form-control-wrap\" data-name=\"your-email\"><input size=\"40\" maxlength=\"400\" class=\"wpcf7-form-control wpcf7-email wpcf7-validates-as-required wpcf7-text wpcf7-validates-as-email\" autocomplete=\"email\" aria-required=\"true\" aria-invalid=\"false\" value=\"\" type=\"email\" name=\"your-email\" \/><\/span> <\/label>\n<\/p>\n<p><label> Tu mensaje<br \/>\n<span class=\"wpcf7-form-control-wrap\" data-name=\"your-message\"><textarea cols=\"40\" rows=\"10\" maxlength=\"2000\" class=\"wpcf7-form-control wpcf7-textarea wpcf7-validates-as-required\" aria-required=\"true\" aria-invalid=\"false\" name=\"your-message\"><\/textarea><\/span> <\/label>\n<\/p>\n<p><input class=\"wpcf7-form-control wpcf7-submit has-spinner\" type=\"submit\" value=\"Env\u00eda\" \/>\n<\/p><div class=\"wpcf7-response-output\" aria-hidden=\"true\"><\/div>\n<\/form>\n<\/div>\n<\/div><\/div><\/div><\/div><\/section>\n","protected":false},"excerpt":{"rendered":"","protected":false},"author":1,"featured_media":0,"parent":518,"menu_order":0,"comment_status":"closed","ping_status":"closed","template":"","meta":{"_themeisle_gutenberg_block_has_review":false,"footnotes":""},"class_list":["post-590","page","type-page","status-publish","hentry"],"_links":{"self":[{"href":"https:\/\/marketing-extender.com\/es\/wp-json\/wp\/v2\/pages\/590","targetHints":{"allow":["GET"]}}],"collection":[{"href":"https:\/\/marketing-extender.com\/es\/wp-json\/wp\/v2\/pages"}],"about":[{"href":"https:\/\/marketing-extender.com\/es\/wp-json\/wp\/v2\/types\/page"}],"author":[{"embeddable":true,"href":"https:\/\/marketing-extender.com\/es\/wp-json\/wp\/v2\/users\/1"}],"replies":[{"embeddable":true,"href":"https:\/\/marketing-extender.com\/es\/wp-json\/wp\/v2\/comments?post=590"}],"version-history":[{"count":1,"href":"https:\/\/marketing-extender.com\/es\/wp-json\/wp\/v2\/pages\/590\/revisions"}],"predecessor-version":[{"id":599,"href":"https:\/\/marketing-extender.com\/es\/wp-json\/wp\/v2\/pages\/590\/revisions\/599"}],"up":[{"embeddable":true,"href":"https:\/\/marketing-extender.com\/es\/wp-json\/wp\/v2\/pages\/518"}],"wp:attachment":[{"href":"https:\/\/marketing-extender.com\/es\/wp-json\/wp\/v2\/media?parent=590"}],"curies":[{"name":"wp","href":"https:\/\/api.w.org\/{rel}","templated":true}]}}