{"id":587,"date":"2025-03-02T09:48:15","date_gmt":"2025-03-02T09:48:15","guid":{"rendered":"https:\/\/marketing-extender.com\/herramientas-de-marketing\/arana-seo-screaming-frog\/"},"modified":"2025-03-03T09:43:08","modified_gmt":"2025-03-03T09:43:08","slug":"arana-seo-screaming-frog","status":"publish","type":"page","link":"https:\/\/marketing-extender.com\/es\/herramientas-de-marketing\/arana-seo-screaming-frog\/","title":{"rendered":"SEO Screaming Frog Spider"},"content":{"rendered":"<section class=\"l-section wpb_row height_auto color_secondary\"><div class=\"l-section-overlay\" style=\"background:#00423C\"><\/div><div class=\"l-section-h i-cf\"><div class=\"g-cols vc_row via_grid cols_1 laptops-cols_inherit tablets-cols_inherit mobiles-cols_1 valign_top type_default stacking_default\"><div class=\"wpb_column vc_column_container\"><div class=\"vc_column-inner\"><div class=\"w-separator size_small\"><\/div><nav class=\"g-breadcrumbs us_custom_107fbc5f has_text_color separator_icon align_left\" itemscope itemtype=\"http:\/\/schema.org\/BreadcrumbList\"><div class=\"g-breadcrumbs-item\" itemscope itemprop=\"itemListElement\" itemtype=\"http:\/\/schema.org\/ListItem\"><a itemprop=\"item\" href=\"https:\/\/marketing-extender.com\/es\/\"><span itemprop=\"name\">Inicio<\/span><\/a><meta itemprop=\"position\" content=\"1\"\/><\/div><div class=\"g-breadcrumbs-separator\"><i class=\"far fa-angle-right\"><\/i><\/div><div class=\"g-breadcrumbs-item\">P\u00e1ginas<\/div><\/nav><div class=\"w-separator size_small\"><\/div><h1 class=\"w-text us_custom_eb849559\"><span class=\"w-text-h\"><span class=\"w-text-value\">SEO Screaming Frog Spider<\/span><\/span><\/h1><div class=\"w-separator size_small\"><\/div><div class=\"w-iconbox us_custom_99682d72 iconpos_top style_default color_custom align_center no_text no_title\"><a href=\"#\" class=\"w-iconbox-link\" aria-label=\"fas|chevron-down\"><div class=\"w-iconbox-icon\" style=\"font-size:4rem;\"><i class=\"fas fa-chevron-down\"><\/i><\/div><\/a><div class=\"w-iconbox-meta\"><\/div><\/div><\/div><\/div><\/div><\/div><\/section><section class=\"l-section wpb_row height_small\"><div class=\"l-section-h i-cf\"><div class=\"g-cols vc_row via_grid cols_2 laptops-cols_inherit tablets-cols_inherit mobiles-cols_1 valign_top type_default stacking_default\" style=\"--columns-gap:4vw;\"><div class=\"wpb_column vc_column_container us_custom_33b9ee00\"><div class=\"vc_column-inner\"><h2 class=\"w-text\"><span class=\"w-text-h\"><span class=\"w-text-value\">\u00bfQu\u00e9 es SEO Screaming Frog Spider?<\/span><\/span><\/h2><div class=\"w-image align_none\"><div class=\"w-image-h\"><img loading=\"lazy\" decoding=\"async\" width=\"1024\" height=\"594\" src=\"https:\/\/marketing-extender.com\/wp-content\/uploads\/2025\/03\/screaming-frog-seo-spider-1024x594.png\" class=\"attachment-large size-large\" alt=\"A screenshot from Screaming Frog SEO Spider\" loading=\"lazy\" srcset=\"https:\/\/marketing-extender.com\/wp-content\/uploads\/2025\/03\/screaming-frog-seo-spider-1024x594.png 1024w, https:\/\/marketing-extender.com\/wp-content\/uploads\/2025\/03\/screaming-frog-seo-spider-300x174.png 300w, https:\/\/marketing-extender.com\/wp-content\/uploads\/2025\/03\/screaming-frog-seo-spider.png 1907w\" sizes=\"auto, (max-width: 1024px) 100vw, 1024px\" title=\"\"><\/div><\/div><div class=\"wpb_text_column\"><div class=\"wpb_wrapper\"><p style=\"text-align: center;\"><a href=\"https:\/\/www.screamingfrog.co.uk\/seo-spider\/\" target=\"_blank\" rel=\"noopener\"><em>screamingfrog.es\/seo-ara\u00f1a<\/em><\/a><\/p>\n<\/div><\/div><\/div><\/div><div class=\"wpb_column vc_column_container\"><div class=\"vc_column-inner\"><div class=\"wpb_text_column\"><div class=\"wpb_wrapper\"><p data-start=\"0\" data-end=\"333\">Screaming Frog SEO Spider es una potente herramienta de rastreo de sitios web que ayuda a analizar y auditar diversos aspectos t\u00e9cnicos de un sitio web. Actuando como un rastreador, permite a los usuarios escanear un sitio web completo o un sitemap XML para identificar posibles problemas de SEO, realizar un seguimiento del rendimiento y garantizar que el sitio est\u00e1 bien optimizado para los motores de b\u00fasqueda. <\/p>\n<p data-start=\"335\" data-end=\"723\">Una de las caracter\u00edsticas clave de Screaming Frog es su capacidad para detectar enlaces rotos (errores 404), encontrar redireccionamientos y resaltar cualquier p\u00e1gina que pueda estar causando problemas tanto a los usuarios como a los rastreadores de los motores de b\u00fasqueda. Adem\u00e1s, puede analizar metadatos, encabezados, contenido duplicado, t\u00edtulos de p\u00e1ginas y c\u00f3digos de respuesta, lo que la convierte en una herramienta esencial para los profesionales del SEO y los desarrolladores web. <\/p>\n<p data-start=\"725\" data-end=\"995\">M\u00e1s all\u00e1 del rastreo b\u00e1sico, Screaming Frog puede utilizarse para buscar fragmentos de texto o c\u00f3digo espec\u00edficos dentro de un sitio web. Esto es especialmente \u00fatil para comprobar si hay informaci\u00f3n obsoleta, si faltan c\u00f3digos de seguimiento o para asegurarse de que determinadas palabras clave est\u00e1n presentes en ciertas p\u00e1ginas. <\/p>\n<p data-start=\"997\" data-end=\"1339\" data-is-last-node=\"\" data-is-only-node=\"\">Actualmente, Screaming Frog ofrece una versi\u00f3n gratuita, pero con un l\u00edmite de 500 p\u00e1ginas por rastreo. Para sitios web m\u00e1s grandes o funciones avanzadas como el renderizado de JavaScript, rastreos programados, integraci\u00f3n de API y extracciones personalizadas, los usuarios pueden pasar a la versi\u00f3n de pago, que ofrece un rastreo ilimitado y un an\u00e1lisis m\u00e1s profundo. <\/p>\n<\/div><\/div><\/div><\/div><\/div><\/div><\/section><section class=\"l-section wpb_row height_small\"><div class=\"l-section-h i-cf\"><div class=\"g-cols vc_row via_grid cols_1 laptops-cols_inherit tablets-cols_inherit mobiles-cols_1 valign_top type_default stacking_default\"><div class=\"wpb_column vc_column_container\"><div class=\"vc_column-inner\"><h2 class=\"w-text us_custom_b48a3196\"><span class=\"w-text-h\"><span class=\"w-text-value\">\u00bfC\u00f3mo funciona SEO Screaming Frog Spider?<\/span><\/span><\/h2><div class=\"w-text us_custom_eb849559\"><span class=\"w-text-h\"><span class=\"w-text-value\">Screaming Frog SEO Spider funciona rastreando un sitio web de forma similar a como los motores de b\u00fasqueda como Google exploran las p\u00e1ginas web. En lugar de comprobar manualmente cada p\u00e1gina, la herramienta automatiza el proceso siguiendo sistem\u00e1ticamente los enlaces y recopilando datos. Hay varias formas de utilizar Screaming Frog para analizar tu sitio, en funci\u00f3n de tus necesidades.  <\/span><\/span><\/div><div class=\"w-separator size_small\"><\/div><div class=\"g-cols wpb_row via_grid cols_2 laptops-cols_2 tablets-cols_inherit mobiles-cols_1 valign_top type_default stacking_default\" style=\"--columns-gap:3rem;\"><div class=\"wpb_column vc_column_container\"><div class=\"vc_column-inner\"><div class=\"w-hwrapper valign_top align_none\"><div class=\"wpb_text_column\"><div class=\"wpb_wrapper\"><h3>Rastrear tu sitio web<\/h3>\n<p data-start=\"441\" data-end=\"891\">Una forma de utilizar Screaming Frog es introducir la URL de tu sitio web y permitir que la herramienta rastree las p\u00e1ginas, como lo har\u00eda un robot de un motor de b\u00fasqueda. Puedes elegir si seguir o no las reglas establecidas en el archivo robots.txt (que determina qu\u00e9 p\u00e1ginas pueden rastrear los motores de b\u00fasqueda). Si desactivas las restricciones de robots.txt, podr\u00e1s comprobar las p\u00e1ginas que normalmente est\u00e1n bloqueadas para los motores de b\u00fasqueda, como las p\u00e1ginas de administraci\u00f3n o el contenido interno.  <\/p>\n<p data-start=\"893\" data-end=\"1071\">Mientras la herramienta rastrea tu sitio, puedes hacer clic manualmente en las p\u00e1ginas de la interfaz para revisar su estructura, metadatos, c\u00f3digos de respuesta y otros aspectos t\u00e9cnicos.<\/p>\n<\/div><\/div><\/div><\/div><\/div><div class=\"wpb_column vc_column_container\"><div class=\"vc_column-inner\"><div class=\"w-hwrapper valign_top align_none\"><div class=\"wpb_text_column\"><div class=\"wpb_wrapper\"><h3>Rastrear tu sitio web<\/h3>\n<p data-start=\"441\" data-end=\"891\">Una forma de utilizar Screaming Frog es introducir la URL de tu sitio web y permitir que la herramienta rastree las p\u00e1ginas, como lo har\u00eda un robot de un motor de b\u00fasqueda. Puedes elegir si seguir o no las reglas establecidas en el archivo robots.txt (que determina qu\u00e9 p\u00e1ginas pueden rastrear los motores de b\u00fasqueda). Si desactivas las restricciones de robots.txt, podr\u00e1s comprobar las p\u00e1ginas que normalmente est\u00e1n bloqueadas para los motores de b\u00fasqueda, como las p\u00e1ginas de administraci\u00f3n o el contenido interno.  <\/p>\n<p data-start=\"893\" data-end=\"1071\">Mientras la herramienta rastrea tu sitio, puedes hacer clic manualmente en las p\u00e1ginas de la interfaz para revisar su estructura, metadatos, c\u00f3digos de respuesta y otros aspectos t\u00e9cnicos.<\/p>\n<\/div><\/div><\/div><\/div><\/div><div class=\"wpb_column vc_column_container\"><div class=\"vc_column-inner\"><div class=\"w-hwrapper valign_top align_none\"><div class=\"wpb_text_column\"><div class=\"wpb_wrapper\"><h3>Rastrear una lista personalizada de URL<\/h3>\n<p data-start=\"1431\" data-end=\"1639\">Otra opci\u00f3n es cargar una lista personalizada de URLs directamente en Screaming Frog. Esto se puede hacer pegando las URL manualmente o importando una lista desde un archivo (como un CSV). Esto es especialmente \u00fatil cuando:  <\/p>\n<ul data-start=\"1640\" data-end=\"1897\">\n<li data-start=\"1640\" data-end=\"1722\">Quieres comprobar s\u00f3lo p\u00e1ginas concretas en lugar de rastrear todo el sitio.<\/li>\n<li data-start=\"1723\" data-end=\"1812\">Necesitas analizar un conjunto de URL de la competencia para comparar la estructura o el rendimiento.<\/li>\n<li data-start=\"1813\" data-end=\"1897\">Quieres auditar p\u00e1ginas de una campa\u00f1a publicitaria de pago o un lote de p\u00e1ginas de destino.<\/li>\n<\/ul>\n<\/div><\/div><\/div><\/div><\/div><div class=\"wpb_column vc_column_container\"><div class=\"vc_column-inner\"><div class=\"w-hwrapper valign_top align_none\"><div class=\"wpb_text_column\"><div class=\"wpb_wrapper\"><h3>Funciones adicionales de rastreo<\/h3>\n<p data-start=\"40\" data-end=\"482\">Screaming Frog ofrece varias funciones avanzadas para refinar el rastreo de tu sitio web<\/p>\n<ul>\n<li data-start=\"40\" data-end=\"482\">Los filtros personalizados te permiten centrarte en puntos de datos concretos, como meta descripciones que faltan, etiquetas de t\u00edtulo duplicadas, enlaces rotos o p\u00e1ginas que contienen determinadas palabras o frases.<\/li>\n<li data-start=\"990\" data-end=\"1568\">Con la funci\u00f3n B\u00fasqueda personalizada, puedes escanear p\u00e1ginas en busca de texto, c\u00f3digo o patrones espec\u00edficos dentro de HTML, CSS o JavaScript. Esto es especialmente \u00fatil para localizar informaci\u00f3n obsoleta, verificar la presencia de scripts de seguimiento o comprobar el marcado de datos estructurados. <\/li>\n<li data-start=\"990\" data-end=\"1568\">La funci\u00f3n Extracci\u00f3n personalizada lleva esto un paso m\u00e1s all\u00e1 al permitirte extraer elementos espec\u00edficos, como encabezados, texto alternativo de im\u00e1genes, datos estructurados, etiquetas can\u00f3nicas o metadatos. Esto facilita el an\u00e1lisis de la coherencia del contenido, los elementos t\u00e9cnicos de SEO y las caracter\u00edsticas de accesibilidad de un sitio web. <\/li>\n<\/ul>\n<\/div><\/div><\/div><\/div><\/div><\/div><\/div><\/div><\/div><\/div><\/section><section class=\"l-section wpb_row height_small width_custom\" style=\"--site-content-width:900px;\"><div class=\"l-section-h i-cf\"><div class=\"g-cols vc_row via_grid cols_1 laptops-cols_inherit tablets-cols_inherit mobiles-cols_1 valign_top type_default stacking_default\"><div class=\"wpb_column vc_column_container\"><div class=\"vc_column-inner\"><div class=\"wpb_text_column\"><div class=\"wpb_wrapper\"><h2 style=\"text-align: center;\">\u00bfC\u00f3mo utilizar SEO Screaming Frog Spider eficazmente?<\/h2>\n<\/div><\/div><div class=\"w-separator size_small\"><\/div><div class=\"wpb_text_column\"><div class=\"wpb_wrapper\"><p data-start=\"95\" data-end=\"361\">Hay muchas herramientas que controlan los errores de los sitios web, pero suelen ser reactivas. Una ventaja de Screaming Frog es que puede rastrear proactivamente no s\u00f3lo un sitio web, sino tambi\u00e9n un entorno de aceptaci\u00f3n o ensayo para detectar y solucionar problemas antes de que salgan a la luz. <\/p>\n<p data-start=\"363\" data-end=\"581\">Si necesitas sustituir el precio de un producto o el n\u00famero de tel\u00e9fono en tu sitio web, puede ser dif\u00edcil encontrar d\u00f3nde aparece. Screaming Frog te permite buscar autom\u00e1ticamente un texto espec\u00edfico en todo tu sitio. <\/p>\n<p data-start=\"583\" data-end=\"782\">Si a\u00fan no est\u00e1s familiarizado con las expresiones regulares (Regex), puede resultarte \u00fatil explorarlas, ya que pueden ayudarte a refinar tus b\u00fasquedas y mejorar la eficacia al utilizar Screaming Frog.<\/p>\n<\/div><\/div><\/div><\/div><\/div><\/div><\/section><section class=\"l-section wpb_row height_auto\"><div class=\"l-section-h i-cf\"><div class=\"g-cols vc_row via_grid cols_1 laptops-cols_inherit tablets-cols_inherit mobiles-cols_1 valign_top type_default stacking_default\"><div class=\"wpb_column vc_column_container\"><div class=\"vc_column-inner\"><div class=\"w-separator size_medium\"><\/div><\/div><\/div><\/div><\/div><\/section><section class=\"l-section wpb_row height_medium width_custom color_primary\" style=\"--site-content-width:750px;\"><div class=\"l-section-h i-cf\"><div class=\"g-cols vc_row via_grid cols_1 laptops-cols_inherit tablets-cols_inherit mobiles-cols_1 valign_middle type_default stacking_default\"><div class=\"wpb_column vc_column_container\"><div class=\"vc_column-inner\"><h2 class=\"w-text us_custom_8fac178d has_text_color\"><span class=\"w-text-h\"><span class=\"w-text-value\">\u00bfQuieres saber m\u00e1s?<\/span><\/span><\/h2><div class=\"wpb_text_column us_custom_aa7f5b77 has_text_color\"><div class=\"wpb_wrapper\"><p data-start=\"0\" data-end=\"75\">SEO Screaming Frog Spider es una herramienta con infinitas posibilidades. Si quieres consejo o necesitas ayuda para empezar con SEO Screaming Frog Spider, no dudes en ponerte en contacto con nosotros a trav\u00e9s del formulario que aparece a continuaci\u00f3n<br \/>\no llamando a <i class=\"fas fa-phone\"><\/i> <a href=\"tel:+31651378397\">+31 651378397.<\/a> <\/p>\n<\/div><\/div><div class=\"w-separator size_small\"><\/div>\n<div class=\"wpcf7 no-js us-field-style_1\" id=\"wpcf7-f847-o1\" lang=\"es-ES\" dir=\"ltr\" data-wpcf7-id=\"847\">\n<div class=\"screen-reader-response\"><p role=\"status\" aria-live=\"polite\" aria-atomic=\"true\"><\/p> <ul><\/ul><\/div>\n<form action=\"\/es\/wp-json\/wp\/v2\/pages\/587#wpcf7-f847-o1\" method=\"post\" class=\"wpcf7-form init\" aria-label=\"Formulario de contacto\" novalidate=\"novalidate\" data-status=\"init\">\n<fieldset class=\"hidden-fields-container\"><input type=\"hidden\" name=\"_wpcf7\" value=\"847\" \/><input type=\"hidden\" name=\"_wpcf7_version\" value=\"6.1.5\" \/><input type=\"hidden\" name=\"_wpcf7_locale\" value=\"es_ES\" \/><input type=\"hidden\" name=\"_wpcf7_unit_tag\" value=\"wpcf7-f847-o1\" \/><input type=\"hidden\" name=\"_wpcf7_container_post\" value=\"0\" \/><input type=\"hidden\" name=\"_wpcf7_posted_data_hash\" value=\"\" \/>\n<\/fieldset>\n<p><label> Tu nombre<br \/>\n<span class=\"wpcf7-form-control-wrap\" data-name=\"your-name\"><input size=\"40\" maxlength=\"400\" class=\"wpcf7-form-control wpcf7-text wpcf7-validates-as-required\" autocomplete=\"name\" aria-required=\"true\" aria-invalid=\"false\" value=\"\" type=\"text\" name=\"your-name\" \/><\/span> <\/label>\n<\/p>\n<p><label> N\u00famero de tel\u00e9fono (con el prefijo del pa\u00eds)<br \/>\n<span class=\"wpcf7-form-control-wrap\" data-name=\"your-phone\"><input size=\"40\" maxlength=\"400\" class=\"wpcf7-form-control wpcf7-tel wpcf7-validates-as-required wpcf7-text wpcf7-validates-as-tel\" autocomplete=\"tel\" aria-required=\"true\" aria-invalid=\"false\" value=\"\" type=\"tel\" name=\"your-phone\" \/><\/span> <\/label>\n<\/p>\n<p><label> Correo electr\u00f3nico<br \/>\n<span class=\"wpcf7-form-control-wrap\" data-name=\"your-email\"><input size=\"40\" maxlength=\"400\" class=\"wpcf7-form-control wpcf7-email wpcf7-validates-as-required wpcf7-text wpcf7-validates-as-email\" autocomplete=\"email\" aria-required=\"true\" aria-invalid=\"false\" value=\"\" type=\"email\" name=\"your-email\" \/><\/span> <\/label>\n<\/p>\n<p><label> Tu mensaje<br \/>\n<span class=\"wpcf7-form-control-wrap\" data-name=\"your-message\"><textarea cols=\"40\" rows=\"10\" maxlength=\"2000\" class=\"wpcf7-form-control wpcf7-textarea wpcf7-validates-as-required\" aria-required=\"true\" aria-invalid=\"false\" name=\"your-message\"><\/textarea><\/span> <\/label>\n<\/p>\n<p><input class=\"wpcf7-form-control wpcf7-submit has-spinner\" type=\"submit\" value=\"Env\u00eda\" \/>\n<\/p><div class=\"wpcf7-response-output\" aria-hidden=\"true\"><\/div>\n<\/form>\n<\/div>\n<\/div><\/div><\/div><\/div><\/section>\n","protected":false},"excerpt":{"rendered":"","protected":false},"author":1,"featured_media":978,"parent":518,"menu_order":0,"comment_status":"closed","ping_status":"closed","template":"","meta":{"_themeisle_gutenberg_block_has_review":false,"footnotes":""},"class_list":["post-587","page","type-page","status-publish","has-post-thumbnail","hentry"],"_links":{"self":[{"href":"https:\/\/marketing-extender.com\/es\/wp-json\/wp\/v2\/pages\/587","targetHints":{"allow":["GET"]}}],"collection":[{"href":"https:\/\/marketing-extender.com\/es\/wp-json\/wp\/v2\/pages"}],"about":[{"href":"https:\/\/marketing-extender.com\/es\/wp-json\/wp\/v2\/types\/page"}],"author":[{"embeddable":true,"href":"https:\/\/marketing-extender.com\/es\/wp-json\/wp\/v2\/users\/1"}],"replies":[{"embeddable":true,"href":"https:\/\/marketing-extender.com\/es\/wp-json\/wp\/v2\/comments?post=587"}],"version-history":[{"count":4,"href":"https:\/\/marketing-extender.com\/es\/wp-json\/wp\/v2\/pages\/587\/revisions"}],"predecessor-version":[{"id":1000,"href":"https:\/\/marketing-extender.com\/es\/wp-json\/wp\/v2\/pages\/587\/revisions\/1000"}],"up":[{"embeddable":true,"href":"https:\/\/marketing-extender.com\/es\/wp-json\/wp\/v2\/pages\/518"}],"wp:featuredmedia":[{"embeddable":true,"href":"https:\/\/marketing-extender.com\/es\/wp-json\/wp\/v2\/media\/978"}],"wp:attachment":[{"href":"https:\/\/marketing-extender.com\/es\/wp-json\/wp\/v2\/media?parent=587"}],"curies":[{"name":"wp","href":"https:\/\/api.w.org\/{rel}","templated":true}]}}