{"id":564,"date":"2025-03-02T09:59:02","date_gmt":"2025-03-02T09:59:02","guid":{"rendered":"https:\/\/marketing-extender.com\/herramientas-de-marketing\/calificador-de-sitios-web\/"},"modified":"2025-03-03T09:59:33","modified_gmt":"2025-03-03T09:59:33","slug":"website-grader","status":"publish","type":"page","link":"https:\/\/marketing-extender.com\/es\/herramientas-de-marketing\/website-grader\/","title":{"rendered":"Website Grader"},"content":{"rendered":"<section class=\"l-section wpb_row height_auto color_secondary\"><div class=\"l-section-overlay\" style=\"background:#00423C\"><\/div><div class=\"l-section-h i-cf\"><div class=\"g-cols vc_row via_grid cols_1 laptops-cols_inherit tablets-cols_inherit mobiles-cols_1 valign_top type_default stacking_default\"><div class=\"wpb_column vc_column_container\"><div class=\"vc_column-inner\"><div class=\"w-separator size_small\"><\/div><nav class=\"g-breadcrumbs us_custom_107fbc5f has_text_color separator_icon align_left\" itemscope itemtype=\"http:\/\/schema.org\/BreadcrumbList\"><div class=\"g-breadcrumbs-item\" itemscope itemprop=\"itemListElement\" itemtype=\"http:\/\/schema.org\/ListItem\"><a itemprop=\"item\" href=\"https:\/\/marketing-extender.com\/es\/\"><span itemprop=\"name\">Inicio<\/span><\/a><meta itemprop=\"position\" content=\"1\"\/><\/div><div class=\"g-breadcrumbs-separator\"><i class=\"far fa-angle-right\"><\/i><\/div><div class=\"g-breadcrumbs-item\">P\u00e1ginas<\/div><\/nav><div class=\"w-separator size_small\"><\/div><h1 class=\"w-text us_custom_eb849559\"><span class=\"w-text-h\"><span class=\"w-text-value\">Website Grader<\/span><\/span><\/h1><div class=\"w-iconbox us_custom_99682d72 iconpos_top style_default color_custom align_center no_text no_title\"><a href=\"#\" class=\"w-iconbox-link\" aria-label=\"fas|chevron-down\"><div class=\"w-iconbox-icon\" style=\"font-size:4rem;\"><i class=\"fas fa-chevron-down\"><\/i><\/div><\/a><div class=\"w-iconbox-meta\"><\/div><\/div><\/div><\/div><\/div><\/div><\/section><section class=\"l-section wpb_row height_small\"><div class=\"l-section-h i-cf\"><div class=\"g-cols vc_row via_grid cols_2 laptops-cols_inherit tablets-cols_inherit mobiles-cols_1 valign_top type_default stacking_default\" style=\"--columns-gap:4vw;\"><div class=\"wpb_column vc_column_container us_custom_33b9ee00\"><div class=\"vc_column-inner\"><h2 class=\"w-text\"><span class=\"w-text-h\"><span class=\"w-text-value\">\u00bfQu\u00e9 es Website Grader?<\/span><\/span><\/h2><div class=\"w-image align_none\"><div class=\"w-image-h\"><img loading=\"lazy\" decoding=\"async\" width=\"1024\" height=\"523\" src=\"https:\/\/marketing-extender.com\/wp-content\/uploads\/2025\/03\/website-grader-report-1024x523.png\" class=\"attachment-large size-large\" alt=\"Screenshot from a Website Grader report\" loading=\"lazy\" srcset=\"https:\/\/marketing-extender.com\/wp-content\/uploads\/2025\/03\/website-grader-report-1024x523.png 1024w, https:\/\/marketing-extender.com\/wp-content\/uploads\/2025\/03\/website-grader-report-300x153.png 300w, https:\/\/marketing-extender.com\/wp-content\/uploads\/2025\/03\/website-grader-report.png 1908w\" sizes=\"auto, (max-width: 1024px) 100vw, 1024px\" title=\"\"><\/div><\/div><div class=\"wpb_text_column\"><div class=\"wpb_wrapper\"><p style=\"text-align: center;\"><em><a href=\"https:\/\/website.grader.com\/\" target=\"_blank\" rel=\"noopener\">website.grader.com<\/a><\/em><\/p>\n<\/div><\/div><\/div><\/div><div class=\"wpb_column vc_column_container\"><div class=\"vc_column-inner\"><div class=\"wpb_text_column\"><div class=\"wpb_wrapper\"><p data-start=\"35\" data-end=\"533\">Website Grader es una herramienta de an\u00e1lisis en l\u00ednea desarrollada por HubSpot que escanea un sitio web para identificar \u00e1reas de mejora. Eval\u00faa factores de rendimiento clave como el SEO, la seguridad, la facilidad de uso para m\u00f3viles y la velocidad de la p\u00e1gina, y proporciona un informe detallado sobre el grado de optimizaci\u00f3n de un sitio web. La herramienta es especialmente \u00fatil para propietarios de empresas, vendedores y desarrolladores web que quieran evaluar r\u00e1pidamente los puntos fuertes y d\u00e9biles de su sitio web sin necesidad de tener conocimientos t\u00e9cnicos profundos.<\/p>\n<p data-start=\"535\" data-end=\"841\">Una de las mayores ventajas de Website Grader es su interfaz f\u00e1cil de usar. A diferencia de las complejas herramientas de auditor\u00eda SEO que requieren conocimientos avanzados, Website Grader simplifica el proceso otorgando una puntuaci\u00f3n a cada categor\u00eda y ofreciendo recomendaciones claras y procesables para mejorar el rendimiento del sitio web.<\/p>\n<\/div><\/div><\/div><\/div><\/div><\/div><\/section><section class=\"l-section wpb_row height_small\"><div class=\"l-section-h i-cf\"><div class=\"g-cols vc_row via_grid cols_1 laptops-cols_inherit tablets-cols_inherit mobiles-cols_1 valign_top type_default stacking_default\"><div class=\"wpb_column vc_column_container\"><div class=\"vc_column-inner\"><h2 class=\"w-text us_custom_b48a3196\"><span class=\"w-text-h\"><span class=\"w-text-value\">\u00bfC\u00f3mo funciona Website Grader?<\/span><\/span><\/h2><div class=\"w-text us_custom_eb849559\"><span class=\"w-text-h\"><span class=\"w-text-value\">Website Grader funciona escaneando la p\u00e1gina espec\u00edfica (URL) que introduces, en lugar de analizar todo el sitio web. Eval\u00faa el rendimiento, el SEO, la facilidad de uso para m\u00f3viles y la seguridad de esa p\u00e1gina concreta y asigna una puntuaci\u00f3n a cada categor\u00eda. <\/span><\/span><\/div><div class=\"w-separator size_small\"><\/div><div class=\"g-cols wpb_row via_grid cols_2 laptops-cols_2 tablets-cols_inherit mobiles-cols_1 valign_top type_default stacking_default\" style=\"--columns-gap:3rem;\"><div class=\"wpb_column vc_column_container\"><div class=\"vc_column-inner\"><div class=\"w-hwrapper valign_top align_none\"><div class=\"wpb_text_column\"><div class=\"wpb_wrapper\"><h3>Informe detallado<\/h3>\n<p data-start=\"441\" data-end=\"891\">Una vez finalizado el escaneado, Website Grader proporciona un informe detallado con una puntuaci\u00f3n global y puntuaciones individuales basadas en distintos factores. El informe destaca los puntos fuertes y d\u00e9biles, d\u00e1ndote una idea clara del rendimiento de la p\u00e1gina escaneada. Adem\u00e1s, ofrece recomendaciones pr\u00e1cticas sobre c\u00f3mo mejorar aspectos concretos, como optimizar las im\u00e1genes, mejorar la usabilidad m\u00f3vil o mejorar la velocidad de carga de la p\u00e1gina.<\/p>\n<\/div><\/div><\/div><\/div><\/div><div class=\"wpb_column vc_column_container\"><div class=\"vc_column-inner\"><div class=\"w-hwrapper valign_top align_none\"><div class=\"wpb_text_column\"><div class=\"wpb_wrapper\"><h3>Escanea s\u00f3lo 1 p\u00e1gina<\/h3>\n<p data-start=\"441\" data-end=\"891\">Como la herramienta s\u00f3lo analiza la URL introducida, es \u00fatil para comprobar p\u00e1ginas de destino espec\u00edficas, entradas de blog o secciones clave de un sitio web, en lugar de todo un dominio. Al utilizar Website Grader, obtienes una instant\u00e1nea r\u00e1pida y f\u00e1cil de entender del rendimiento de una p\u00e1gina, junto con informaci\u00f3n procesable para mejorar su eficacia.<\/p>\n<\/div><\/div><\/div><\/div><\/div><\/div><\/div><\/div><div class=\"wpb_column vc_column_container\"><div class=\"vc_column-inner\"><h2 class=\"w-text us_custom_b48a3196\"><span class=\"w-text-h\"><span class=\"w-text-value\">\u00bfEs Website Grader libre?<\/span><\/span><\/h2><div class=\"wpb_text_column us_custom_1f257949\"><div class=\"wpb_wrapper\"><p>S\u00ed, el uso de Website Grader es completamente gratuito. Cualquiera puede introducir una URL y recibir un informe detallado sobre el rendimiento, el SEO, la compatibilidad con dispositivos m\u00f3viles y la seguridad de esa p\u00e1gina concreta sin coste alguno. No es necesario suscribirse ni pagar nada para acceder a la informaci\u00f3n b\u00e1sica que proporciona la herramienta.<\/p>\n<p>Aunque la herramienta en s\u00ed es gratuita, sirve como herramienta de generaci\u00f3n de leads para HubSpot. Tras realizar un an\u00e1lisis, ver\u00e1s recomendaciones para mejorar tu sitio web, junto con una sugerencia para utilizar HubSpot CMS Hub, que es una plataforma de creaci\u00f3n de sitios web de pago. Website Grader est\u00e1 dise\u00f1ado para atraer a propietarios de empresas, profesionales del marketing y desarrolladores web que m\u00e1s adelante podr\u00edan plantearse utilizar las herramientas premium de HubSpot.<\/p>\n<\/div><\/div><div class=\"w-separator size_small\"><\/div><\/div><\/div><\/div><\/div><\/section><section class=\"l-section wpb_row height_small width_custom\" style=\"--site-content-width:900px;\"><div class=\"l-section-h i-cf\"><div class=\"g-cols vc_row via_grid cols_1 laptops-cols_inherit tablets-cols_inherit mobiles-cols_1 valign_top type_default stacking_default\"><div class=\"wpb_column vc_column_container\"><div class=\"vc_column-inner\"><div class=\"wpb_text_column\"><div class=\"wpb_wrapper\"><h2 style=\"text-align: center;\">\u00bfC\u00f3mo utilizar Website Grader eficazmente?<\/h2>\n<\/div><\/div><div class=\"w-separator size_small\"><\/div><div class=\"wpb_text_column\"><div class=\"wpb_wrapper\"><p data-start=\"95\" data-end=\"361\">Hay muchas herramientas que controlan los errores de los sitios web, pero suelen ser reactivas. Una ventaja de Screaming Frog es que puede rastrear proactivamente no s\u00f3lo un sitio web, sino tambi\u00e9n un entorno de aceptaci\u00f3n o ensayo para detectar y solucionar problemas antes de que salgan a la luz.<\/p>\n<p data-start=\"363\" data-end=\"581\">Si necesitas sustituir el precio de un producto o el n\u00famero de tel\u00e9fono en tu sitio web, puede ser dif\u00edcil encontrar d\u00f3nde aparece. Screaming Frog te permite buscar autom\u00e1ticamente un texto espec\u00edfico en todo tu sitio.<\/p>\n<p data-start=\"583\" data-end=\"782\">Si a\u00fan no est\u00e1s familiarizado con las expresiones regulares (Regex), puede resultarte \u00fatil explorarlas, ya que pueden ayudarte a refinar tus b\u00fasquedas y mejorar la eficacia al utilizar Screaming Frog.<\/p>\n<\/div><\/div><\/div><\/div><\/div><\/div><\/section><section class=\"l-section wpb_row height_auto\"><div class=\"l-section-h i-cf\"><div class=\"g-cols vc_row via_grid cols_1 laptops-cols_inherit tablets-cols_inherit mobiles-cols_1 valign_top type_default stacking_default\"><div class=\"wpb_column vc_column_container\"><div class=\"vc_column-inner\"><div class=\"w-separator size_medium\"><\/div><\/div><\/div><\/div><\/div><\/section><section class=\"l-section wpb_row height_medium width_custom color_primary\" style=\"--site-content-width:750px;\"><div class=\"l-section-h i-cf\"><div class=\"g-cols vc_row via_grid cols_1 laptops-cols_inherit tablets-cols_inherit mobiles-cols_1 valign_middle type_default stacking_default\"><div class=\"wpb_column vc_column_container\"><div class=\"vc_column-inner\"><h2 class=\"w-text us_custom_8fac178d has_text_color\"><span class=\"w-text-h\"><span class=\"w-text-value\">\u00bfQuieres saber m\u00e1s?<\/span><\/span><\/h2><div class=\"wpb_text_column us_custom_aa7f5b77 has_text_color\"><div class=\"wpb_wrapper\"><p data-start=\"0\" data-end=\"75\">Website Grader es una herramienta con infinitas posibilidades. Si quieres consejo o necesitas ayuda para empezar con Website Grader, no dudes en ponerte en contacto con nosotros a trav\u00e9s del formulario que aparece a continuaci\u00f3n<br \/>\no llamando a <i class=\"fas fa-phone\"><\/i> <a href=\"tel:+31651378397\">+31 651378397.<\/a><\/p>\n<\/div><\/div><div class=\"w-separator size_small\"><\/div>\n<div class=\"wpcf7 no-js us-field-style_1\" id=\"wpcf7-f847-o1\" lang=\"es-ES\" dir=\"ltr\" data-wpcf7-id=\"847\">\n<div class=\"screen-reader-response\"><p role=\"status\" aria-live=\"polite\" aria-atomic=\"true\"><\/p> <ul><\/ul><\/div>\n<form action=\"\/es\/wp-json\/wp\/v2\/pages\/564#wpcf7-f847-o1\" method=\"post\" class=\"wpcf7-form init\" aria-label=\"Formulario de contacto\" novalidate=\"novalidate\" data-status=\"init\">\n<fieldset class=\"hidden-fields-container\"><input type=\"hidden\" name=\"_wpcf7\" value=\"847\" \/><input type=\"hidden\" name=\"_wpcf7_version\" value=\"6.1.5\" \/><input type=\"hidden\" name=\"_wpcf7_locale\" value=\"es_ES\" \/><input type=\"hidden\" name=\"_wpcf7_unit_tag\" value=\"wpcf7-f847-o1\" \/><input type=\"hidden\" name=\"_wpcf7_container_post\" value=\"0\" \/><input type=\"hidden\" name=\"_wpcf7_posted_data_hash\" value=\"\" \/>\n<\/fieldset>\n<p><label> Tu nombre<br \/>\n<span class=\"wpcf7-form-control-wrap\" data-name=\"your-name\"><input size=\"40\" maxlength=\"400\" class=\"wpcf7-form-control wpcf7-text wpcf7-validates-as-required\" autocomplete=\"name\" aria-required=\"true\" aria-invalid=\"false\" value=\"\" type=\"text\" name=\"your-name\" \/><\/span> <\/label>\n<\/p>\n<p><label> N\u00famero de tel\u00e9fono (con el prefijo del pa\u00eds)<br \/>\n<span class=\"wpcf7-form-control-wrap\" data-name=\"your-phone\"><input size=\"40\" maxlength=\"400\" class=\"wpcf7-form-control wpcf7-tel wpcf7-validates-as-required wpcf7-text wpcf7-validates-as-tel\" autocomplete=\"tel\" aria-required=\"true\" aria-invalid=\"false\" value=\"\" type=\"tel\" name=\"your-phone\" \/><\/span> <\/label>\n<\/p>\n<p><label> Correo electr\u00f3nico<br \/>\n<span class=\"wpcf7-form-control-wrap\" data-name=\"your-email\"><input size=\"40\" maxlength=\"400\" class=\"wpcf7-form-control wpcf7-email wpcf7-validates-as-required wpcf7-text wpcf7-validates-as-email\" autocomplete=\"email\" aria-required=\"true\" aria-invalid=\"false\" value=\"\" type=\"email\" name=\"your-email\" \/><\/span> <\/label>\n<\/p>\n<p><label> Tu mensaje<br \/>\n<span class=\"wpcf7-form-control-wrap\" data-name=\"your-message\"><textarea cols=\"40\" rows=\"10\" maxlength=\"2000\" class=\"wpcf7-form-control wpcf7-textarea wpcf7-validates-as-required\" aria-required=\"true\" aria-invalid=\"false\" name=\"your-message\"><\/textarea><\/span> <\/label>\n<\/p>\n<p><input class=\"wpcf7-form-control wpcf7-submit has-spinner\" type=\"submit\" value=\"Env\u00eda\" \/>\n<\/p><div class=\"wpcf7-response-output\" aria-hidden=\"true\"><\/div>\n<\/form>\n<\/div>\n<\/div><\/div><\/div><\/div><\/section>\n","protected":false},"excerpt":{"rendered":"","protected":false},"author":1,"featured_media":0,"parent":518,"menu_order":0,"comment_status":"closed","ping_status":"closed","template":"","meta":{"_themeisle_gutenberg_block_has_review":false,"footnotes":""},"class_list":["post-564","page","type-page","status-publish","hentry"],"_links":{"self":[{"href":"https:\/\/marketing-extender.com\/es\/wp-json\/wp\/v2\/pages\/564","targetHints":{"allow":["GET"]}}],"collection":[{"href":"https:\/\/marketing-extender.com\/es\/wp-json\/wp\/v2\/pages"}],"about":[{"href":"https:\/\/marketing-extender.com\/es\/wp-json\/wp\/v2\/types\/page"}],"author":[{"embeddable":true,"href":"https:\/\/marketing-extender.com\/es\/wp-json\/wp\/v2\/users\/1"}],"replies":[{"embeddable":true,"href":"https:\/\/marketing-extender.com\/es\/wp-json\/wp\/v2\/comments?post=564"}],"version-history":[{"count":5,"href":"https:\/\/marketing-extender.com\/es\/wp-json\/wp\/v2\/pages\/564\/revisions"}],"predecessor-version":[{"id":1030,"href":"https:\/\/marketing-extender.com\/es\/wp-json\/wp\/v2\/pages\/564\/revisions\/1030"}],"up":[{"embeddable":true,"href":"https:\/\/marketing-extender.com\/es\/wp-json\/wp\/v2\/pages\/518"}],"wp:attachment":[{"href":"https:\/\/marketing-extender.com\/es\/wp-json\/wp\/v2\/media?parent=564"}],"curies":[{"name":"wp","href":"https:\/\/api.w.org\/{rel}","templated":true}]}}