{"id":559,"date":"2025-03-02T09:30:42","date_gmt":"2025-03-02T09:30:42","guid":{"rendered":"https:\/\/marketing-extender.com\/publicidad-en-video\/"},"modified":"2025-03-02T15:43:30","modified_gmt":"2025-03-02T15:43:30","slug":"publicidad-en-video","status":"publish","type":"page","link":"https:\/\/marketing-extender.com\/es\/disciplinas\/publicidad-en-video\/","title":{"rendered":"Publicidad en v\u00eddeo"},"content":{"rendered":"<section class=\"l-section wpb_row height_auto color_secondary\"><div class=\"l-section-overlay\" style=\"background:#00423C\"><\/div><div class=\"l-section-h i-cf\"><div class=\"g-cols vc_row via_grid cols_1 laptops-cols_inherit tablets-cols_inherit mobiles-cols_1 valign_top type_default stacking_default\"><div class=\"wpb_column vc_column_container\"><div class=\"vc_column-inner\"><div class=\"w-separator size_small\"><\/div><nav class=\"g-breadcrumbs us_custom_107fbc5f has_text_color separator_icon align_left\" itemscope itemtype=\"http:\/\/schema.org\/BreadcrumbList\"><div class=\"g-breadcrumbs-item\" itemscope itemprop=\"itemListElement\" itemtype=\"http:\/\/schema.org\/ListItem\"><a itemprop=\"item\" href=\"https:\/\/marketing-extender.com\/es\/\"><span itemprop=\"name\">Inicio<\/span><\/a><meta itemprop=\"position\" content=\"1\"\/><\/div><div class=\"g-breadcrumbs-separator\"><i class=\"far fa-angle-right\"><\/i><\/div><div class=\"g-breadcrumbs-item\">P\u00e1ginas<\/div><\/nav><div class=\"w-separator size_small\"><\/div><h1 class=\"w-text us_custom_eb849559\"><span class=\"w-text-h\"><span class=\"w-text-value\">Publicidad en v\u00eddeo<\/span><\/span><\/h1><div class=\"w-separator size_small\"><\/div><div class=\"w-iconbox us_custom_99682d72 iconpos_top style_default color_custom align_center no_text no_title\"><a href=\"#\" class=\"w-iconbox-link\" aria-label=\"fas|chevron-down\"><div class=\"w-iconbox-icon\" style=\"font-size:4rem;\"><i class=\"fas fa-chevron-down\"><\/i><\/div><\/a><div class=\"w-iconbox-meta\"><\/div><\/div><\/div><\/div><\/div><\/div><\/section><section class=\"l-section wpb_row height_small\"><div class=\"l-section-h i-cf\"><div class=\"g-cols vc_row via_grid cols_2 laptops-cols_inherit tablets-cols_inherit mobiles-cols_1 valign_top type_default stacking_default\" style=\"--columns-gap:4vw;\"><div class=\"wpb_column vc_column_container us_custom_33b9ee00\"><div class=\"vc_column-inner\"><h2 class=\"w-text\"><span class=\"w-text-h\"><span class=\"w-text-value\">\u00bfQu\u00e9 es Publicidad en v\u00eddeo?<\/span><\/span><\/h2><\/div><\/div><div class=\"wpb_column vc_column_container\"><div class=\"vc_column-inner\"><div class=\"wpb_text_column\"><div class=\"wpb_wrapper\"><p data-start=\"0\" data-end=\"470\">La publicidad con v\u00eddeo ha evolucionado mucho a lo largo de los a\u00f1os. En el pasado, se refer\u00eda principalmente a anuncios de televisi\u00f3n que se emit\u00edan a una amplia audiencia durante la programaci\u00f3n programada. Estos anuncios eran a menudo costosos de producir y requer\u00edan grandes presupuestos para el tiempo de emisi\u00f3n. Sin embargo, con el auge de las plataformas digitales y los servicios de streaming, la publicidad con v\u00eddeo se ha desplazado principalmente a los canales online, ofreciendo m\u00e1s flexibilidad, mejor segmentaci\u00f3n y resultados medibles.   <\/p>\n<p data-start=\"472\" data-end=\"919\">Hoy en d\u00eda, los anuncios de v\u00eddeo online pueden aparecer en varios formatos y ubicaciones, lo que los convierte en una herramienta esencial para las empresas que quieren llegar a su p\u00fablico de forma eficaz. Los anuncios en v\u00eddeo pueden mostrarse dentro de un banner, donde se incrusta un v\u00eddeo corto para captar la atenci\u00f3n del espectador. Tambi\u00e9n pueden colocarse dentro de un flujo de v\u00eddeo, como antes, durante o despu\u00e9s de un v\u00eddeo en plataformas como YouTube, redes sociales o servicios de v\u00eddeo a la carta.  <\/p>\n<p data-start=\"921\" data-end=\"1246\">Adem\u00e1s, los anuncios en v\u00eddeo se utilizan habitualmente en los feeds de las redes sociales, donde se reproducen autom\u00e1ticamente cuando los usuarios se desplazan por sus timelines. Las marcas tambi\u00e9n colaboran con personas influyentes y creadores de contenido, integrando sus anuncios de v\u00eddeo de forma natural en el contenido patrocinado para llegar a p\u00fablicos espec\u00edficos de una forma m\u00e1s aut\u00e9ntica. <\/p>\n<\/div><\/div><\/div><\/div><\/div><\/div><\/section><section class=\"l-section wpb_row height_small\"><div class=\"l-section-h i-cf\"><div class=\"g-cols vc_row via_grid cols_1 laptops-cols_inherit tablets-cols_inherit mobiles-cols_1 valign_top type_default stacking_default\"><div class=\"wpb_column vc_column_container\"><div class=\"vc_column-inner\"><h2 class=\"w-text us_custom_b48a3196\"><span class=\"w-text-h\"><span class=\"w-text-value\">\u00bfC\u00f3mo funciona Publicidad en v\u00eddeo?<\/span><\/span><\/h2><div class=\"w-text us_custom_eb849559\"><span class=\"w-text-h\"><span class=\"w-text-value\">Hay muchos aspectos que Publicidad en v\u00eddeo cubre. He aqu\u00ed algunos ejemplos: <\/span><\/span><\/div><div class=\"w-separator size_small\"><\/div><div class=\"g-cols wpb_row via_grid cols_2 laptops-cols_2 tablets-cols_inherit mobiles-cols_1 valign_top type_default stacking_default\" style=\"--columns-gap:3rem;\"><div class=\"wpb_column vc_column_container\"><div class=\"vc_column-inner\"><div class=\"w-hwrapper valign_top align_none\"><div class=\"wpb_text_column\"><div class=\"wpb_wrapper\"><h3>Ofertas y tratos<\/h3>\n<p data-start=\"29\" data-end=\"420\">En el pasado, los anunciantes llegaban a acuerdos directos con los editores o las plataformas de v\u00eddeo y proporcionaban un anuncio en v\u00eddeo para que se reprodujera antes, durante o despu\u00e9s del contenido. Con el tiempo, el proceso de compra de espacio publicitario para anuncios en v\u00eddeo se ha automatizado a trav\u00e9s de diversas herramientas de publicidad digital. Esto tambi\u00e9n se aplica a los acuerdos directos que se siguen realizando entre anunciantes y proveedores de contenidos de v\u00eddeo.  <\/p>\n<p data-start=\"422\" data-end=\"1104\">La mayor\u00eda de los anunciantes utilizan herramientas como Google Ads para anunciarse en YouTube, Facebook Ads para anunciarse en Facebook e Instagram o plataformas de publicidad program\u00e1tica para gestionar la colocaci\u00f3n de anuncios en v\u00eddeo en m\u00faltiples sitios web, aplicaciones y servicios de streaming. Estas herramientas permiten a los anunciantes establecer una estructura con campa\u00f1as y grupos de anuncios, donde pueden definir opciones de segmentaci\u00f3n, como el tipo de contenido en el que debe aparecer su anuncio en v\u00eddeo o el tipo de usuarios que deben ver su anuncio. Los anunciantes tambi\u00e9n pueden establecer estrategias de puja para controlar su presupuesto y maximizar el rendimiento en funci\u00f3n de la participaci\u00f3n, las visualizaciones o las conversiones.  <\/p>\n<p data-start=\"1106\" data-end=\"1268\" data-is-last-node=\"\" data-is-only-node=\"\">Al aprovechar estas herramientas, los anunciantes obtienen m\u00e1s flexibilidad, mejores opciones de segmentaci\u00f3n y mayor eficacia para llegar a la audiencia deseada con anuncios en v\u00eddeo.<\/p>\n<\/div><\/div><\/div><\/div><\/div><div class=\"wpb_column vc_column_container\"><div class=\"vc_column-inner\"><div class=\"w-hwrapper valign_top align_none\"><div class=\"wpb_text_column\"><div class=\"wpb_wrapper\"><h3>Diferentes modelos de fijaci\u00f3n de precios<\/h3>\n<p>Existen diferentes modelos de precios para la publicidad en v\u00eddeo. Los m\u00e1s comunes son: <\/p>\n<ul>\n<li>Coste por visionado (CPV): Pagas cuando un usuario ve una determinada parte de tu anuncio en v\u00eddeo. En plataformas como YouTube, normalmente pagas cuando un usuario ve al menos 30 segundos de un anuncio saltable o interact\u00faa con \u00e9l. Sin embargo, si tu anuncio en v\u00eddeo dura menos de 30 segundos, s\u00f3lo se te cobrar\u00e1 cuando un usuario vea al menos el 75% del anuncio. Por ejemplo, si tu anuncio dura 20 segundos, s\u00f3lo pagar\u00edas cuando un espectador viera al menos 15 segundos del mismo.   <\/li>\n<li>Coste por 1000 impresiones (CPM): Pagas por cada 1000 impresiones de tu anuncio en v\u00eddeo, independientemente de si alguien ve el v\u00eddeo entero o interact\u00faa con \u00e9l. La abreviatura significa \u00abCoste por Mil\u00bb. <\/li>\n<li>Coste por visionado completo (CPCV): S\u00f3lo pagas cuando un usuario ve el anuncio de v\u00eddeo completo, lo que resulta especialmente \u00fatil para garantizar un compromiso total con tu contenido.<\/li>\n<li>Coste por clic (CPC): Pagas cuando un usuario hace clic en tu anuncio en v\u00eddeo, llev\u00e1ndole a tu sitio web o p\u00e1gina de destino.<\/li>\n<\/ul>\n<\/div><\/div><\/div><\/div><\/div><div class=\"wpb_column vc_column_container\"><div class=\"vc_column-inner\"><div class=\"w-hwrapper valign_top align_none\"><div class=\"wpb_text_column\"><div class=\"wpb_wrapper\"><h3>Segmentaci\u00f3n en la publicidad en v\u00eddeo<\/h3>\n<p data-start=\"42\" data-end=\"342\">Uno de los aspectos m\u00e1s potentes de la publicidad en v\u00eddeo es la capacidad de llegar al p\u00fablico adecuado en el momento oportuno. A diferencia de los anuncios de TV tradicionales, que se difunden a una amplia audiencia, los anuncios de v\u00eddeo online permiten a los anunciantes afinar su segmentaci\u00f3n y enviar mensajes a grupos de usuarios espec\u00edficos. Algunos ejemplos para dirigirse eficazmente a los espectadores:  <\/p>\n<ul data-start=\"401\" data-end=\"1696\">\n<li data-start=\"401\" data-end=\"562\">Segmentaci\u00f3n demogr\u00e1fica: Llega a los usuarios en funci\u00f3n de su edad, sexo, ingresos, nivel educativo o etapa vital, asegur\u00e1ndote de que tu anuncio en v\u00eddeo es relevante para su perfil.<\/li>\n<li data-start=\"563\" data-end=\"751\">Segmentaci\u00f3n basada en intereses: Mostrar anuncios a usuarios que han demostrado inter\u00e9s en determinados temas a trav\u00e9s de su historial de visitas, comportamiento de navegaci\u00f3n o participaci\u00f3n en contenidos relacionados.<\/li>\n<li data-start=\"752\" data-end=\"978\">Orientaci\u00f3n contextual: Coloca anuncios junto a contenidos de v\u00eddeo relevantes, asegur\u00e1ndote de que tu mensaje se ajusta a los temas o palabras clave del v\u00eddeo que se est\u00e1 viendo. Por ejemplo, un anuncio de viajes que aparezca antes de un vlog de vacaciones. <\/li>\n<li data-start=\"979\" data-end=\"1191\">Orientaci\u00f3n geogr\u00e1fica: Env\u00eda anuncios en v\u00eddeo a usuarios de ubicaciones espec\u00edficas, ya sea un pa\u00eds, una ciudad o incluso una peque\u00f1a \u00e1rea local. Esto es especialmente \u00fatil para empresas locales o campa\u00f1as espec\u00edficas de una regi\u00f3n. <\/li>\n<li data-start=\"1192\" data-end=\"1343\">Remarketing: Vuelve a captar a los usuarios que han interactuado previamente con tu sitio web, aplicaci\u00f3n o contenido de v\u00eddeo, aumentando las posibilidades de conversi\u00f3n.<\/li>\n<li data-start=\"1344\" data-end=\"1515\">Segmentaci\u00f3n por dispositivos: Optimiza las campa\u00f1as eligiendo d\u00f3nde aparece el anuncio, ya sea en tel\u00e9fonos inteligentes, tabletas, ordenadores de sobremesa o incluso televisores inteligentes, para que coincida con el comportamiento de visualizaci\u00f3n.<\/li>\n<li data-start=\"1516\" data-end=\"1696\">Segmentaci\u00f3n por comportamiento: Utiliza datos sobre las interacciones previas de los usuarios, como b\u00fasquedas, visionados de v\u00eddeos o compras online, para mostrar anuncios a aquellos que tienen m\u00e1s probabilidades de participar.<\/li>\n<\/ul>\n<p data-start=\"1698\" data-end=\"1873\" data-is-last-node=\"\" data-is-only-node=\"\">Combinando estas estrategias de segmentaci\u00f3n, los anunciantes pueden asegurarse de que sus anuncios de v\u00eddeo llegan al p\u00fablico m\u00e1s relevante, mejorando la participaci\u00f3n y el rendimiento de la campa\u00f1a.<\/p>\n<\/div><\/div><\/div><\/div><\/div><div class=\"wpb_column vc_column_container\"><div class=\"vc_column-inner\"><div class=\"w-hwrapper valign_top align_none\"><div class=\"wpb_text_column\"><div class=\"wpb_wrapper\"><h3>Optimizaci\u00f3n de la IA<\/h3>\n<p data-start=\"35\" data-end=\"317\">La Inteligencia Artificial est\u00e1 transformando la publicidad en v\u00eddeo, haciendo que las campa\u00f1as sean m\u00e1s eficaces, personalizadas y basadas en datos. Con las herramientas potenciadas por la IA, los anunciantes pueden optimizar los anuncios de v\u00eddeo en tiempo real, asegur\u00e1ndose de que el mensaje correcto llegue al p\u00fablico adecuado en el momento perfecto. <\/p>\n<p data-start=\"319\" data-end=\"366\">He aqu\u00ed c\u00f3mo la IA est\u00e1 mejorando la publicidad en v\u00eddeo:<\/p>\n<ul data-start=\"368\" data-end=\"1400\">\n<li data-start=\"368\" data-end=\"509\">Puja inteligente: La IA ajusta autom\u00e1ticamente las pujas de los anuncios en v\u00eddeo para maximizar las visualizaciones, la participaci\u00f3n o las conversiones, sin salirse del presupuesto.<\/li>\n<li data-start=\"510\" data-end=\"700\">Predicci\u00f3n de la audiencia: Analizando el comportamiento de los usuarios, la IA puede predecir qu\u00e9 espectadores tienen m\u00e1s probabilidades de ver el anuncio completo, hacer clic o realizar una acci\u00f3n, lo que permite una segmentaci\u00f3n m\u00e1s inteligente.<\/li>\n<li data-start=\"701\" data-end=\"872\">Personalizaci\u00f3n de anuncios: La IA ajusta din\u00e1micamente el contenido del v\u00eddeo en funci\u00f3n de los intereses, la ubicaci\u00f3n o las interacciones anteriores del usuario, haciendo que los anuncios resulten m\u00e1s relevantes y atractivos.<\/li>\n<li data-start=\"873\" data-end=\"1061\">Edici\u00f3n basada en el rendimiento: La IA prueba diferentes versiones de un anuncio en v\u00eddeo, como variaciones en la voz en off, superposiciones de texto o llamadas a la acci\u00f3n, y da prioridad a las de mejor rendimiento.<\/li>\n<li data-start=\"1062\" data-end=\"1218\">Prevenci\u00f3n del fraude: La IA detecta y evita las visualizaciones fraudulentas de anuncios o el tr\u00e1fico de bots, garantizando que los anunciantes s\u00f3lo paguen por impresiones reales y valiosas.<\/li>\n<li data-start=\"1219\" data-end=\"1400\">Subt\u00edtulos autom\u00e1ticos y optimizaci\u00f3n: Dado que muchos usuarios ven los v\u00eddeos en modo silencio, la IA puede generar subt\u00edtulos autom\u00e1ticos, asegurando que el mensaje se sigue entendiendo sin sonido.<\/li>\n<\/ul>\n<p data-start=\"1402\" data-end=\"1598\" data-is-last-node=\"\" data-is-only-node=\"\">Al integrar la IA en la publicidad en v\u00eddeo, las marcas pueden reducir el gasto publicitario desperdiciado, mejorar la precisi\u00f3n de la segmentaci\u00f3n y aumentar la participaci\u00f3n de los espectadores, lo que conduce a campa\u00f1as m\u00e1s exitosas y rentables.<\/p>\n<\/div><\/div><\/div><\/div><\/div><\/div><\/div><\/div><\/div><\/div><\/section><section class=\"l-section wpb_row height_small width_custom\" style=\"--site-content-width:900px;\"><div class=\"l-section-h i-cf\"><div class=\"g-cols vc_row via_grid cols_1 laptops-cols_inherit tablets-cols_inherit mobiles-cols_1 valign_top type_default stacking_default\"><div class=\"wpb_column vc_column_container\"><div class=\"vc_column-inner\"><div class=\"wpb_text_column\"><div class=\"wpb_wrapper\"><h2 style=\"text-align: center;\">\u00bfC\u00f3mo utilizar Publicidad en v\u00eddeo eficazmente?<\/h2>\n<\/div><\/div><\/div><\/div><\/div><\/div><\/section><section class=\"l-section wpb_row height_auto\"><div class=\"l-section-h i-cf\"><div class=\"g-cols vc_row via_grid cols_1 laptops-cols_inherit tablets-cols_inherit mobiles-cols_1 valign_top type_default stacking_default\"><div class=\"wpb_column vc_column_container\"><div class=\"vc_column-inner\"><div class=\"wpb_text_column\"><div class=\"wpb_wrapper\"><p data-start=\"794\" data-end=\"1267\">Antes de crear o encargar un v\u00eddeo, determina el objetivo de tu campa\u00f1a publicitaria en v\u00eddeo. Si est\u00e1s planeando una campa\u00f1a a gran escala para aumentar la notoriedad de la marca, puede merecer la pena invertir m\u00e1s tiempo y dinero en un v\u00eddeo de alta calidad. Sin embargo, si el v\u00eddeo est\u00e1 destinado al remarketing, puede ser m\u00e1s eficaz crear una versi\u00f3n de menor coste con variaciones adaptadas a diferentes segmentos de audiencia y etapas del embudo.  <\/p>\n<p data-start=\"1269\" data-end=\"1429\">Para sacar el m\u00e1ximo partido de la Publicidad en V\u00eddeo, es una buena idea probar m\u00faltiples variaciones. Aqu\u00ed es donde entra en juego <a href=\"https:\/\/marketingextender.com\/es\/disciplinas\/cro-optimizacion-de-la-tasa-de-conversion\/\" target=\"_blank\" rel=\"noopener\">la Optimizaci\u00f3n de la Tasa de Conversi\u00f3n (CRO)<\/a>. <\/p>\n<p data-start=\"1431\" data-end=\"1659\" data-is-last-node=\"\" data-is-only-node=\"\">Cada vez m\u00e1s anuncios en v\u00eddeo empiezan con el sonido desactivado por defecto. Tenlo en cuenta al crear tu anuncio. Puedes hacer que el v\u00eddeo sea lo suficientemente claro como para que se entienda sin sonido o a\u00f1adir subt\u00edtulos para los usuarios que lo vean sin audio.  <\/p>\n<\/div><\/div><div class=\"g-cols wpb_row via_grid cols_1 laptops-cols_inherit tablets-cols_inherit mobiles-cols_1 valign_top type_default stacking_default\" style=\"--columns-gap:3rem;\"><div class=\"wpb_column vc_column_container\"><div class=\"vc_column-inner\"><\/div><\/div><\/div><h2 class=\"w-text us_custom_eb849559\"><span class=\"w-text-h\"><span class=\"w-text-value\">\u00bfQu\u00e9 tipos de formatos de anuncios en v\u00eddeo hay disponibles?<\/span><\/span><\/h2><div class=\"wpb_text_column\"><div class=\"wpb_wrapper\"><p data-start=\"503\" data-end=\"635\">Al anunciarte en Youtube a trav\u00e9s de Google Ads, est\u00e1n disponibles los siguientes formatos de anuncios en v\u00eddeo:<\/p>\n<ul data-start=\"637\" data-end=\"792\">\n<li data-start=\"637\" data-end=\"671\">Anuncios InStream no saltables<\/li>\n<li data-start=\"672\" data-end=\"702\">Anuncios InStream omitibles<\/li>\n<li data-start=\"703\" data-end=\"730\">Anuncios de descubrimiento de v\u00eddeos<\/li>\n<li data-start=\"731\" data-end=\"749\">Anuncios en cortinillas<\/li>\n<li data-start=\"750\" data-end=\"771\">Anuncios externos<\/li>\n<li data-start=\"772\" data-end=\"792\">Anuncios de cabecera<\/li>\n<\/ul>\n<\/div><\/div><div class=\"w-separator size_medium\"><\/div><\/div><\/div><\/div><\/div><\/section><section class=\"l-section wpb_row height_medium width_custom color_primary\" style=\"--site-content-width:750px;\"><div class=\"l-section-h i-cf\"><div class=\"g-cols vc_row via_grid cols_1 laptops-cols_inherit tablets-cols_inherit mobiles-cols_1 valign_middle type_default stacking_default\"><div class=\"wpb_column vc_column_container\"><div class=\"vc_column-inner\"><h2 class=\"w-text us_custom_8fac178d has_text_color\"><span class=\"w-text-h\"><span class=\"w-text-value\">\u00bfQuieres saber m\u00e1s?<\/span><\/span><\/h2><div class=\"wpb_text_column us_custom_aa7f5b77 has_text_color\"><div class=\"wpb_wrapper\"><p data-start=\"0\" data-end=\"75\">Publicidad en v\u00eddeo es un tema amplio con infinitas posibilidades. Si deseas asesoramiento o necesitas ayuda para implantarlo en tu organizaci\u00f3n, no dudes en ponerte en contacto con nosotros a trav\u00e9s del siguiente formulario <br \/>o llamando al tel\u00e9fono   <i class=\"fas fa-phone\"><\/i><a href=\"tel:+31651378397\">+31 651378397.<\/a><\/p>\n<\/div><\/div><div class=\"w-separator size_small\"><\/div>\n<div class=\"wpcf7 no-js us-field-style_1\" id=\"wpcf7-f847-o1\" lang=\"es-ES\" dir=\"ltr\" data-wpcf7-id=\"847\">\n<div class=\"screen-reader-response\"><p role=\"status\" aria-live=\"polite\" aria-atomic=\"true\"><\/p> <ul><\/ul><\/div>\n<form action=\"\/es\/wp-json\/wp\/v2\/pages\/559#wpcf7-f847-o1\" method=\"post\" class=\"wpcf7-form init\" aria-label=\"Formulario de contacto\" novalidate=\"novalidate\" data-status=\"init\">\n<fieldset class=\"hidden-fields-container\"><input type=\"hidden\" name=\"_wpcf7\" value=\"847\" \/><input type=\"hidden\" name=\"_wpcf7_version\" value=\"6.1.5\" \/><input type=\"hidden\" name=\"_wpcf7_locale\" value=\"es_ES\" \/><input type=\"hidden\" name=\"_wpcf7_unit_tag\" value=\"wpcf7-f847-o1\" \/><input type=\"hidden\" name=\"_wpcf7_container_post\" value=\"0\" \/><input type=\"hidden\" name=\"_wpcf7_posted_data_hash\" value=\"\" \/>\n<\/fieldset>\n<p><label> Tu nombre<br \/>\n<span class=\"wpcf7-form-control-wrap\" data-name=\"your-name\"><input size=\"40\" maxlength=\"400\" class=\"wpcf7-form-control wpcf7-text wpcf7-validates-as-required\" autocomplete=\"name\" aria-required=\"true\" aria-invalid=\"false\" value=\"\" type=\"text\" name=\"your-name\" \/><\/span> <\/label>\n<\/p>\n<p><label> N\u00famero de tel\u00e9fono (con el prefijo del pa\u00eds)<br \/>\n<span class=\"wpcf7-form-control-wrap\" data-name=\"your-phone\"><input size=\"40\" maxlength=\"400\" class=\"wpcf7-form-control wpcf7-tel wpcf7-validates-as-required wpcf7-text wpcf7-validates-as-tel\" autocomplete=\"tel\" aria-required=\"true\" aria-invalid=\"false\" value=\"\" type=\"tel\" name=\"your-phone\" \/><\/span> <\/label>\n<\/p>\n<p><label> Correo electr\u00f3nico<br \/>\n<span class=\"wpcf7-form-control-wrap\" data-name=\"your-email\"><input size=\"40\" maxlength=\"400\" class=\"wpcf7-form-control wpcf7-email wpcf7-validates-as-required wpcf7-text wpcf7-validates-as-email\" autocomplete=\"email\" aria-required=\"true\" aria-invalid=\"false\" value=\"\" type=\"email\" name=\"your-email\" \/><\/span> <\/label>\n<\/p>\n<p><label> Tu mensaje<br \/>\n<span class=\"wpcf7-form-control-wrap\" data-name=\"your-message\"><textarea cols=\"40\" rows=\"10\" maxlength=\"2000\" class=\"wpcf7-form-control wpcf7-textarea wpcf7-validates-as-required\" aria-required=\"true\" aria-invalid=\"false\" name=\"your-message\"><\/textarea><\/span> <\/label>\n<\/p>\n<p><input class=\"wpcf7-form-control wpcf7-submit has-spinner\" type=\"submit\" value=\"Env\u00eda\" \/>\n<\/p><div class=\"wpcf7-response-output\" aria-hidden=\"true\"><\/div>\n<\/form>\n<\/div>\n<\/div><\/div><\/div><\/div><\/section>\n","protected":false},"excerpt":{"rendered":"","protected":false},"author":1,"featured_media":0,"parent":861,"menu_order":0,"comment_status":"closed","ping_status":"closed","template":"","meta":{"_themeisle_gutenberg_block_has_review":false,"footnotes":""},"class_list":["post-559","page","type-page","status-publish","hentry"],"_links":{"self":[{"href":"https:\/\/marketing-extender.com\/es\/wp-json\/wp\/v2\/pages\/559","targetHints":{"allow":["GET"]}}],"collection":[{"href":"https:\/\/marketing-extender.com\/es\/wp-json\/wp\/v2\/pages"}],"about":[{"href":"https:\/\/marketing-extender.com\/es\/wp-json\/wp\/v2\/types\/page"}],"author":[{"embeddable":true,"href":"https:\/\/marketing-extender.com\/es\/wp-json\/wp\/v2\/users\/1"}],"replies":[{"embeddable":true,"href":"https:\/\/marketing-extender.com\/es\/wp-json\/wp\/v2\/comments?post=559"}],"version-history":[{"count":10,"href":"https:\/\/marketing-extender.com\/es\/wp-json\/wp\/v2\/pages\/559\/revisions"}],"predecessor-version":[{"id":604,"href":"https:\/\/marketing-extender.com\/es\/wp-json\/wp\/v2\/pages\/559\/revisions\/604"}],"up":[{"embeddable":true,"href":"https:\/\/marketing-extender.com\/es\/wp-json\/wp\/v2\/pages\/861"}],"wp:attachment":[{"href":"https:\/\/marketing-extender.com\/es\/wp-json\/wp\/v2\/media?parent=559"}],"curies":[{"name":"wp","href":"https:\/\/api.w.org\/{rel}","templated":true}]}}