{"id":547,"date":"2025-03-01T19:50:35","date_gmt":"2025-03-01T19:50:35","guid":{"rendered":"https:\/\/marketing-extender.com\/herramientas-de-marketing\/chatgpt\/"},"modified":"2025-03-03T09:41:10","modified_gmt":"2025-03-03T09:41:10","slug":"chatgpt","status":"publish","type":"page","link":"https:\/\/marketing-extender.com\/es\/herramientas-de-marketing\/chatgpt\/","title":{"rendered":"ChatGPT"},"content":{"rendered":"<section class=\"l-section wpb_row height_auto color_secondary\"><div class=\"l-section-overlay\" style=\"background:#00423C\"><\/div><div class=\"l-section-h i-cf\"><div class=\"g-cols vc_row via_grid cols_1 laptops-cols_inherit tablets-cols_inherit mobiles-cols_1 valign_top type_default stacking_default\"><div class=\"wpb_column vc_column_container\"><div class=\"vc_column-inner\"><div class=\"w-separator size_small\"><\/div><nav class=\"g-breadcrumbs us_custom_107fbc5f has_text_color separator_icon align_left\" itemscope itemtype=\"http:\/\/schema.org\/BreadcrumbList\"><div class=\"g-breadcrumbs-item\" itemscope itemprop=\"itemListElement\" itemtype=\"http:\/\/schema.org\/ListItem\"><a itemprop=\"item\" href=\"https:\/\/marketing-extender.com\/es\/\"><span itemprop=\"name\">Inicio<\/span><\/a><meta itemprop=\"position\" content=\"1\"\/><\/div><div class=\"g-breadcrumbs-separator\"><i class=\"far fa-angle-right\"><\/i><\/div><div class=\"g-breadcrumbs-item\">P\u00e1ginas<\/div><\/nav><div class=\"w-separator size_small\"><\/div><h1 class=\"w-text us_custom_eb849559\"><span class=\"w-text-h\"><span class=\"w-text-value\">ChatGPT<\/span><\/span><\/h1><div class=\"w-separator size_small\"><\/div><div class=\"w-iconbox us_custom_99682d72 iconpos_top style_default color_custom align_center no_text no_title\"><a href=\"#\" class=\"w-iconbox-link\" aria-label=\"fas|chevron-down\"><div class=\"w-iconbox-icon\" style=\"font-size:4rem;\"><i class=\"fas fa-chevron-down\"><\/i><\/div><\/a><div class=\"w-iconbox-meta\"><\/div><\/div><\/div><\/div><\/div><\/div><\/section><section class=\"l-section wpb_row height_small\"><div class=\"l-section-h i-cf\"><div class=\"g-cols vc_row via_grid cols_2 laptops-cols_inherit tablets-cols_inherit mobiles-cols_1 valign_top type_default stacking_default\" style=\"--columns-gap:4vw;\"><div class=\"wpb_column vc_column_container us_custom_33b9ee00\"><div class=\"vc_column-inner\"><h2 class=\"w-text\"><span class=\"w-text-h\"><span class=\"w-text-value\">\u00bfQu\u00e9 es ChatGPT?<\/span><\/span><\/h2><div class=\"w-image align_center\"><div class=\"w-image-h\"><img loading=\"lazy\" decoding=\"async\" width=\"300\" height=\"199\" src=\"https:\/\/marketing-extender.com\/wp-content\/uploads\/2025\/03\/chat-gpt-team-plus-300x199.png\" class=\"attachment-medium size-medium\" alt=\"Screenshot from ChatGPT Plus and Teams\" loading=\"lazy\" srcset=\"https:\/\/marketing-extender.com\/wp-content\/uploads\/2025\/03\/chat-gpt-team-plus-300x199.png 300w, https:\/\/marketing-extender.com\/wp-content\/uploads\/2025\/03\/chat-gpt-team-plus-1024x678.png 1024w, https:\/\/marketing-extender.com\/wp-content\/uploads\/2025\/03\/chat-gpt-team-plus.png 1491w\" sizes=\"auto, (max-width: 300px) 100vw, 300px\" title=\"\"><\/div><\/div><div class=\"wpb_text_column\"><div class=\"wpb_wrapper\"><p style=\"text-align: center;\"><em><a href=\"https:\/\/chatgpt.com\/\" target=\"_blank\" rel=\"noopener\">chatgpt.com<\/a><\/em><\/p>\n<\/div><\/div><\/div><\/div><div class=\"wpb_column vc_column_container\"><div class=\"vc_column-inner\"><div class=\"wpb_text_column\"><div class=\"wpb_wrapper\"><p data-start=\"85\" data-end=\"312\">A finales de 2022, OpenAI lanz\u00f3 ChatGPT, un chatbot que r\u00e1pidamente atrajo la atenci\u00f3n mundial. Los medios de comunicaci\u00f3n destacaron tanto su potencial como sus riesgos, suscitando debates sobre c\u00f3mo el contenido generado por IA podr\u00eda remodelar las industrias. <\/p>\n<p data-start=\"314\" data-end=\"620\">ChatGPT es un chatbot potenciado por IA que genera respuestas basadas en el Aprendizaje Autom\u00e1tico y en vastos conjuntos de datos. Cuando haces una pregunta, te da una respuesta en cuesti\u00f3n de segundos. <\/p>\n<\/div><\/div><\/div><\/div><\/div><\/div><\/section><section class=\"l-section wpb_row height_small\"><div class=\"l-section-h i-cf\"><div class=\"g-cols vc_row via_grid cols_1 laptops-cols_inherit tablets-cols_inherit mobiles-cols_1 valign_top type_default stacking_default\"><div class=\"wpb_column vc_column_container\"><div class=\"vc_column-inner\"><h2 class=\"w-text us_custom_b48a3196\"><span class=\"w-text-h\"><span class=\"w-text-value\">\u00bfC\u00f3mo funciona ChatGPT?<\/span><\/span><\/h2><div class=\"w-text us_custom_eb849559\"><span class=\"w-text-h\"><span class=\"w-text-value\">ChatGPT funciona con Transformadores Generativos Preentrenados (GPT), un tipo de inteligencia artificial que procesa y genera texto. Se ha entrenado con grandes cantidades de datos, lo que le permite reconocer patrones en el lenguaje y proporcionar respuestas similares a las humanas. <\/span><\/span><\/div><div class=\"w-separator size_small\"><\/div><div class=\"g-cols wpb_row via_grid cols_2 laptops-cols_2 tablets-cols_inherit mobiles-cols_1 valign_top type_default stacking_default\" style=\"--columns-gap:3rem;\"><div class=\"wpb_column vc_column_container\"><div class=\"vc_column-inner\"><div class=\"w-hwrapper valign_top align_none\"><div class=\"wpb_text_column\"><div class=\"wpb_wrapper\"><h3>Cuando haces una pregunta&#8230;<\/h3>\n<p data-pm-slice=\"1 1 &#091;&#093;\">ChatGPT analiza el contexto y la intenci\u00f3n de tu pregunta. Utilizando la predicci\u00f3n de texto basada en probabilidades, forma una respuesta l\u00f3gica. Estructura las respuestas bas\u00e1ndose en patrones aprendidos, haci\u00e9ndolas coherentes y relevantes.  <\/p>\n<\/div><\/div><\/div><\/div><\/div><div class=\"wpb_column vc_column_container\"><div class=\"vc_column-inner\"><div class=\"w-hwrapper valign_top align_none\"><div class=\"wpb_text_column\"><div class=\"wpb_wrapper\"><h3>Utiliza datos entrenados<\/h3>\n<p>A menos que se active la navegaci\u00f3n, ChatGPT utiliza la informaci\u00f3n con la que fue entrenado. Las versiones m\u00e1s recientes del modelo son m\u00e1s eficientes, precisas y conscientes del contexto, pero siguen centr\u00e1ndose principalmente en el conocimiento general. Cuando trabaja con archivos cargados de gran tama\u00f1o, ChatGPT puede tener dificultades para extraer detalles precisos o analizar documentos complejos en profundidad, lo que lo hace menos fiable para encontrar informaci\u00f3n espec\u00edfica en archivos adjuntos extensos.<\/p>\n<\/div><\/div><\/div><\/div><\/div><\/div><\/div><\/div><\/div><\/div><\/section><section class=\"l-section wpb_row height_small width_custom\" style=\"--site-content-width:900px;\"><div class=\"l-section-h i-cf\"><div class=\"g-cols vc_row via_grid cols_1 laptops-cols_inherit tablets-cols_inherit mobiles-cols_1 valign_top type_default stacking_default\"><div class=\"wpb_column vc_column_container\"><div class=\"vc_column-inner\"><div class=\"wpb_text_column\"><div class=\"wpb_wrapper\"><h2 style=\"text-align: center;\">\u00bfC\u00f3mo utilizar ChatGPT eficazmente?<\/h2>\n<\/div><\/div><div class=\"w-separator size_small\"><\/div><div class=\"w-text\"><span class=\"w-text-h\"><span class=\"w-text-value\">ChatGPT es una herramienta poderosa, pero utilizarla eficazmente requiere comprender sus puntos fuertes y sus limitaciones. Ya sea para la investigaci\u00f3n, la creaci\u00f3n de contenidos, la lluvia de ideas o la automatizaci\u00f3n, un enfoque estructurado garantiza mejores resultados. <\/span><\/span><\/div><\/div><\/div><\/div><\/div><\/section><section class=\"l-section wpb_row height_auto\"><div class=\"l-section-h i-cf\"><div class=\"g-cols vc_row via_grid cols_1 laptops-cols_inherit tablets-cols_inherit mobiles-cols_1 valign_top type_default stacking_default\"><div class=\"wpb_column vc_column_container\"><div class=\"vc_column-inner\"><div class=\"w-separator size_small\"><\/div><div class=\"g-cols wpb_row via_grid cols_2 laptops-cols_inherit tablets-cols_1 mobiles-cols_1 valign_top type_default stacking_default\" style=\"--columns-gap:2.5rem;\"><div class=\"wpb_column vc_column_container us_custom_6f96f96d\"><div class=\"vc_column-inner\"><div class=\"w-hwrapper valign_baseline align_none\" style=\"--hwrapper-gap:1.5rem\"><div class=\"w-text us_custom_bf3b962c has_text_color\"><span class=\"w-text-h\"><span class=\"w-text-value\">01<\/span><\/span><\/div><h4 class=\"w-text\"><span class=\"w-text-h\"><span class=\"w-text-value\">Aviso detallado y preciso<\/span><\/span><\/h4><\/div><div class=\"w-separator size_small\"><\/div><div class=\"wpb_text_column\"><div class=\"wpb_wrapper\"><p>Cuanto m\u00e1s detallada y precisa sea tu pregunta, mejor ser\u00e1 la respuesta. En lugar de una pregunta amplia, proporcionar un contexto claro, instrucciones espec\u00edficas y el formato de salida deseado ayuda a ChatGPT a generar respuestas m\u00e1s precisas y relevantes.<\/p>\n<\/div><\/div><\/div><\/div><div class=\"wpb_column vc_column_container us_custom_6f96f96d\"><div class=\"vc_column-inner\"><div class=\"w-hwrapper valign_baseline align_none\" style=\"--hwrapper-gap:1.5rem\"><div class=\"w-text us_custom_bf3b962c has_text_color\"><span class=\"w-text-h\"><span class=\"w-text-value\">02<\/span><\/span><\/div><h4 class=\"w-text\"><span class=\"w-text-h\"><span class=\"w-text-value\">Afinar las respuestas<\/span><\/span><\/h4><\/div><div class=\"w-separator size_small\"><\/div><div class=\"wpb_text_column\"><div class=\"wpb_wrapper\"><p>ChatGPT puede refinar y ajustar sus respuestas bas\u00e1ndose en tus comentarios. Si una respuesta inicial es demasiado general o vaga, puedes guiar a la IA para que proporcione informaci\u00f3n m\u00e1s detallada, espec\u00edfica o estructurada. Pedir aclaraciones, ejemplos o perspectivas alternativas ayuda a adaptar la respuesta para satisfacer mejor tus necesidades.<\/p>\n<\/div><\/div><\/div><\/div><div class=\"wpb_column vc_column_container us_custom_6f96f96d\"><div class=\"vc_column-inner\"><div class=\"w-hwrapper valign_baseline align_none\" style=\"--hwrapper-gap:1.5rem\"><div class=\"w-text us_custom_bf3b962c has_text_color\"><span class=\"w-text-h\"><span class=\"w-text-value\">03<\/span><\/span><\/div><h4 class=\"w-text\"><span class=\"w-text-h\"><span class=\"w-text-value\">Sube tus propios archivos<\/span><\/span><\/h4><\/div><div class=\"w-separator size_small\"><\/div><div class=\"wpb_text_column\"><div class=\"wpb_wrapper\"><p data-start=\"0\" data-end=\"454\">Si subes tu propio documento, como un PDF, un archivo de Word o incluso una foto de un texto, ChatGPT puede procesar el contenido y proporcionar res\u00famenes, ideas o explicaciones. Sin embargo, la IA no funciona como un motor de b\u00fasqueda tradicional, es decir, no escanea y recupera autom\u00e1ticamente detalles espec\u00edficos de archivos grandes. Para obtener los mejores resultados, a menudo es mejor extraer y subir s\u00f3lo las secciones m\u00e1s relevantes en lugar de un documento entero.  <\/p>\n<p data-start=\"456\" data-end=\"862\">Por el momento, ChatGPT y herramientas similares tienen dificultades para procesar eficazmente archivos Excel. Aunque puede reconocer estructuras b\u00e1sicas de tablas cuando se pegan como texto, las hojas de c\u00e1lculo complejas con f\u00f3rmulas, m\u00faltiples hojas o datos estructurados suelen dar lugar a errores o an\u00e1lisis incompletos. Si necesitas ayuda de la IA con los datos, considera la posibilidad de convertirlos a formato CSV o de resumir los resultados clave antes de cargarlos.  <\/p>\n<\/div><\/div><\/div><\/div><div class=\"wpb_column vc_column_container us_custom_6f96f96d\"><div class=\"vc_column-inner\"><div class=\"w-hwrapper valign_baseline align_none\" style=\"--hwrapper-gap:1.5rem\"><div class=\"w-text us_custom_bf3b962c has_text_color\"><span class=\"w-text-h\"><span class=\"w-text-value\">04<\/span><\/span><\/div><h4 class=\"w-text\"><span class=\"w-text-h\"><span class=\"w-text-value\">Aprovecha las instrucciones personalizadas<\/span><\/span><\/h4><\/div><div class=\"w-separator size_small\"><\/div><div class=\"wpb_text_column\"><div class=\"wpb_wrapper\"><p data-start=\"0\" data-end=\"292\">ChatGPT permite a los usuarios personalizar las respuestas en funci\u00f3n de sus preferencias, lo que la convierte en una herramienta de IA m\u00e1s flexible y personalizada. Ajustando la configuraci\u00f3n y proporcionando instrucciones claras, puedes influir en la forma en que ChatGPT estructura sus respuestas, el nivel de detalle que incluye y el tono que utiliza. <\/p>\n<p data-start=\"294\" data-end=\"744\" data-is-last-node=\"\" data-is-only-node=\"\">Si tienes una versi\u00f3n de pago de ChatGPT, puedes incluso crear tu propio chatbot personalizado (Custom GPT) con un enlace que puedes guardar y compartir. Esto te permite entrenar a un chatbot ChatGPT con instrucciones, preferencias y conocimientos espec\u00edficos, para que no tengas que repetir las instrucciones cada vez. Tu chatbot siempre responder\u00e1 de acuerdo con tu configuraci\u00f3n predefinida, haci\u00e9ndolo m\u00e1s eficiente para tareas empresariales, atenci\u00f3n al cliente o consultas especializadas.  <\/p>\n<\/div><\/div><\/div><\/div><\/div><div class=\"w-separator size_medium\"><\/div><\/div><\/div><\/div><\/div><\/section><section class=\"l-section wpb_row height_medium width_custom color_primary\" style=\"--site-content-width:750px;\"><div class=\"l-section-h i-cf\"><div class=\"g-cols vc_row via_grid cols_1 laptops-cols_inherit tablets-cols_inherit mobiles-cols_1 valign_middle type_default stacking_default\"><div class=\"wpb_column vc_column_container\"><div class=\"vc_column-inner\"><h2 class=\"w-text us_custom_8fac178d has_text_color\"><span class=\"w-text-h\"><span class=\"w-text-value\">\u00bfQuieres saber m\u00e1s?<\/span><\/span><\/h2><div class=\"wpb_text_column us_custom_aa7f5b77 has_text_color\"><div class=\"wpb_wrapper\"><p data-start=\"0\" data-end=\"75\">ChatGPT es una herramienta con infinitas posibilidades. Si quieres consejo o necesitas ayuda para empezar con ChatGPT, no dudes en ponerte en contacto con nosotros a trav\u00e9s del formulario que aparece a continuaci\u00f3n<br \/>\no llamando a <i class=\"fas fa-phone\"><\/i> <a href=\"tel:+31651378397\">+31 651378397.<\/a> <\/p>\n<\/div><\/div><div class=\"w-separator size_small\"><\/div>\n<div class=\"wpcf7 no-js us-field-style_1\" id=\"wpcf7-f847-o1\" lang=\"es-ES\" dir=\"ltr\" data-wpcf7-id=\"847\">\n<div class=\"screen-reader-response\"><p role=\"status\" aria-live=\"polite\" aria-atomic=\"true\"><\/p> <ul><\/ul><\/div>\n<form action=\"\/es\/wp-json\/wp\/v2\/pages\/547#wpcf7-f847-o1\" method=\"post\" class=\"wpcf7-form init\" aria-label=\"Formulario de contacto\" novalidate=\"novalidate\" data-status=\"init\">\n<fieldset class=\"hidden-fields-container\"><input type=\"hidden\" name=\"_wpcf7\" value=\"847\" \/><input type=\"hidden\" name=\"_wpcf7_version\" value=\"6.1.5\" \/><input type=\"hidden\" name=\"_wpcf7_locale\" value=\"es_ES\" \/><input type=\"hidden\" name=\"_wpcf7_unit_tag\" value=\"wpcf7-f847-o1\" \/><input type=\"hidden\" name=\"_wpcf7_container_post\" value=\"0\" \/><input type=\"hidden\" name=\"_wpcf7_posted_data_hash\" value=\"\" \/>\n<\/fieldset>\n<p><label> Tu nombre<br \/>\n<span class=\"wpcf7-form-control-wrap\" data-name=\"your-name\"><input size=\"40\" maxlength=\"400\" class=\"wpcf7-form-control wpcf7-text wpcf7-validates-as-required\" autocomplete=\"name\" aria-required=\"true\" aria-invalid=\"false\" value=\"\" type=\"text\" name=\"your-name\" \/><\/span> <\/label>\n<\/p>\n<p><label> N\u00famero de tel\u00e9fono (con el prefijo del pa\u00eds)<br \/>\n<span class=\"wpcf7-form-control-wrap\" data-name=\"your-phone\"><input size=\"40\" maxlength=\"400\" class=\"wpcf7-form-control wpcf7-tel wpcf7-validates-as-required wpcf7-text wpcf7-validates-as-tel\" autocomplete=\"tel\" aria-required=\"true\" aria-invalid=\"false\" value=\"\" type=\"tel\" name=\"your-phone\" \/><\/span> <\/label>\n<\/p>\n<p><label> Correo electr\u00f3nico<br \/>\n<span class=\"wpcf7-form-control-wrap\" data-name=\"your-email\"><input size=\"40\" maxlength=\"400\" class=\"wpcf7-form-control wpcf7-email wpcf7-validates-as-required wpcf7-text wpcf7-validates-as-email\" autocomplete=\"email\" aria-required=\"true\" aria-invalid=\"false\" value=\"\" type=\"email\" name=\"your-email\" \/><\/span> <\/label>\n<\/p>\n<p><label> Tu mensaje<br \/>\n<span class=\"wpcf7-form-control-wrap\" data-name=\"your-message\"><textarea cols=\"40\" rows=\"10\" maxlength=\"2000\" class=\"wpcf7-form-control wpcf7-textarea wpcf7-validates-as-required\" aria-required=\"true\" aria-invalid=\"false\" name=\"your-message\"><\/textarea><\/span> <\/label>\n<\/p>\n<p><input class=\"wpcf7-form-control wpcf7-submit has-spinner\" type=\"submit\" value=\"Env\u00eda\" \/>\n<\/p><div class=\"wpcf7-response-output\" aria-hidden=\"true\"><\/div>\n<\/form>\n<\/div>\n<\/div><\/div><\/div><\/div><\/section>\n","protected":false},"excerpt":{"rendered":"","protected":false},"author":1,"featured_media":984,"parent":518,"menu_order":0,"comment_status":"closed","ping_status":"closed","template":"","meta":{"_themeisle_gutenberg_block_has_review":false,"footnotes":""},"class_list":["post-547","page","type-page","status-publish","has-post-thumbnail","hentry"],"_links":{"self":[{"href":"https:\/\/marketing-extender.com\/es\/wp-json\/wp\/v2\/pages\/547","targetHints":{"allow":["GET"]}}],"collection":[{"href":"https:\/\/marketing-extender.com\/es\/wp-json\/wp\/v2\/pages"}],"about":[{"href":"https:\/\/marketing-extender.com\/es\/wp-json\/wp\/v2\/types\/page"}],"author":[{"embeddable":true,"href":"https:\/\/marketing-extender.com\/es\/wp-json\/wp\/v2\/users\/1"}],"replies":[{"embeddable":true,"href":"https:\/\/marketing-extender.com\/es\/wp-json\/wp\/v2\/comments?post=547"}],"version-history":[{"count":3,"href":"https:\/\/marketing-extender.com\/es\/wp-json\/wp\/v2\/pages\/547\/revisions"}],"predecessor-version":[{"id":995,"href":"https:\/\/marketing-extender.com\/es\/wp-json\/wp\/v2\/pages\/547\/revisions\/995"}],"up":[{"embeddable":true,"href":"https:\/\/marketing-extender.com\/es\/wp-json\/wp\/v2\/pages\/518"}],"wp:featuredmedia":[{"embeddable":true,"href":"https:\/\/marketing-extender.com\/es\/wp-json\/wp\/v2\/media\/984"}],"wp:attachment":[{"href":"https:\/\/marketing-extender.com\/es\/wp-json\/wp\/v2\/media?parent=547"}],"curies":[{"name":"wp","href":"https:\/\/api.w.org\/{rel}","templated":true}]}}